{"id":8607,"date":"2020-10-19T09:41:59","date_gmt":"2020-10-19T07:41:59","guid":{"rendered":"https:\/\/www.fairsquared.com\/partner-brands\/"},"modified":"2025-11-15T19:31:05","modified_gmt":"2025-11-15T18:31:05","slug":"partner-brands","status":"publish","type":"page","link":"https:\/\/www.fairsquared.com\/fr\/partenaires\/partner-brands\/","title":{"rendered":"Partner Brands"},"content":{"rendered":"\n<div class=\"wp-block-columns is-layout-flex wp-container-core-columns-is-layout-9d6595d7 wp-block-columns-is-layout-flex\">\n<div class=\"wp-block-column is-layout-flow wp-block-column-is-layout-flow\" style=\"flex-basis:33.33%\">\n<figure class=\"wp-block-image size-large\"><img loading=\"lazy\" decoding=\"async\" width=\"384\" height=\"270\" src=\"https:\/\/www.fairsquared.com\/wp-content\/uploads\/2020\/01\/breit_Fair-Zone-logo.jpg\" alt=\"Fair Zone\" class=\"wp-image-2007\"\/><\/figure>\n<\/div>\n\n\n\n<div class=\"wp-block-column is-layout-flow wp-block-column-is-layout-flow\" style=\"flex-basis:66.66%\">\n<h2 class=\"wp-block-heading\">FAIR ZONE: \u00e9quitable dans le m\u00e9nage et le jardin<\/h2>\n\n\n\n<p>Avec <a href=\"https:\/\/www.fair.zone\/\">FAIR ZONE<\/a>, l&rsquo;id\u00e9e est n\u00e9e de se positionner dans le domaine des articles m\u00e9nagers, de jardinage et de loisirs. L&rsquo;objectif \u00e9tait de proposer une alternative aux produits conventionnels, souvent fabriqu\u00e9s en plastique. La mati\u00e8re premi\u00e8re de la premi\u00e8re heure : le caoutchouc naturel issu du commerce \u00e9quitable, qui est \u00e9galement utilis\u00e9 dans les produits FAIR SQUARED tels que les pr\u00e9servatifs ou les coupes menstruelles. Outre les gants m\u00e9nagers et les bandes de fitness, des ballons et des bacs \u00e0 semis ont \u00e9t\u00e9 d\u00e9velopp\u00e9s. Peu \u00e0 peu, d&rsquo;autres articles ont \u00e9t\u00e9 ajout\u00e9s, tous r\u00e9pondant \u00e0 l&rsquo;exigence d&rsquo;\u00eatre \u00e9quitables envers l&rsquo;environnement et les producteurs.<\/p>\n<\/div>\n<\/div>\n\n\n\n<div class=\"wp-block-columns is-layout-flex wp-container-core-columns-is-layout-9d6595d7 wp-block-columns-is-layout-flex\">\n<div class=\"wp-block-column is-layout-flow wp-block-column-is-layout-flow\" style=\"flex-basis:33.33%\">\n<figure class=\"wp-block-image size-large\"><img loading=\"lazy\" decoding=\"async\" width=\"384\" height=\"270\" src=\"https:\/\/www.fairsquared.com\/wp-content\/uploads\/2020\/01\/breit_Fairmove-logo.jpg\" alt=\"Fairmove\" class=\"wp-image-2013\"\/><\/figure>\n<\/div>\n\n\n\n<div class=\"wp-block-column is-layout-flow wp-block-column-is-layout-flow\" style=\"flex-basis:66.66%\">\n<h2 class=\"wp-block-heading\">FAIRMOVE: articles de loisirs tendance issus du commerce \u00e9quitable<\/h2>\n\n\n\n<p> Loisirs, sport et bien-\u00eatre mental : la marque <a href=\"http:\/\/www.fair.move\/\">FAIRMOVE<\/a> r\u00e9unit tous ces aspects dans ses produits. Un peu spirituelle, un peu \u00ab retour aux sources \u00bb et r\u00e9solument \u00e9quitable envers les producteurs. La nouvelle marque lifestyle s&rsquo;adresse \u00e0 tous ceux qui, entre randonn\u00e9es, surf et exercices de pleine conscience, cherchent \u00e0 prendre un moment pour eux.<\/p>\n<\/div>\n<\/div>\n\n\n\n<div class=\"wp-block-columns is-layout-flex wp-container-core-columns-is-layout-9d6595d7 wp-block-columns-is-layout-flex\">\n<div class=\"wp-block-column is-layout-flow wp-block-column-is-layout-flow\" style=\"flex-basis:33.33%\">\n<figure class=\"wp-block-image size-large\"><img loading=\"lazy\" decoding=\"async\" width=\"384\" height=\"270\" src=\"https:\/\/www.fairsquared.com\/wp-content\/uploads\/2020\/01\/breit_RiceCarry-logo.jpg\" alt=\"Rice &amp; Carry\" class=\"wp-image-2058\"\/><\/figure>\n<\/div>\n\n\n\n<div class=\"wp-block-column is-layout-flow wp-block-column-is-layout-flow\" style=\"flex-basis:66.66%\">\n<h2 class=\"wp-block-heading\">Rice &amp; Carry: Coop\u00e9ration durable avec le Sri Lanka<\/h2>\n\n\n\n<p>Une merveilleuse coop\u00e9ration pour une cause commune. C&rsquo;est ainsi que l&rsquo;on pourrait d\u00e9crire au mieux ce qui se cache derri\u00e8re FAIR SQUARED et <a aria-label=\"Rice &amp; Carry (opens in a new tab)\" href=\"http:\/\/riceandcarry.eu\" target=\"_blank\" rel=\"noreferrer noopener\">Rice &amp; Carry<\/a> &lsquo;histoire commence au printemps 2019, lorsque deux personnes de FAIR SQUARED et FAIR ZONE \u00e9taient en voyage d&rsquo;affaires au Sri Lanka. Il est rapidement apparu qu&rsquo;il y avait l\u00e0 un potentiel pour une cause commune. Le r\u00e9sultat : de nombreux produits cr\u00e9\u00e9s en coop\u00e9ration et mettant l&rsquo;accent sur le th\u00e8me de l&rsquo;upcycling.<\/p>\n<\/div>\n<\/div>\n\n\n\n<div class=\"wp-block-columns is-layout-flex wp-container-core-columns-is-layout-9d6595d7 wp-block-columns-is-layout-flex\">\n<div class=\"wp-block-column is-layout-flow wp-block-column-is-layout-flow\" style=\"flex-basis:33.33%\">\n<figure class=\"wp-block-image size-full\"><img loading=\"lazy\" decoding=\"async\" width=\"384\" height=\"384\" src=\"https:\/\/www.fairsquared.com\/wp-content\/uploads\/2023\/12\/waves_Schuh.jpg\" alt=\"\" class=\"wp-image-16693\" srcset=\"https:\/\/www.fairsquared.com\/wp-content\/uploads\/2023\/12\/waves_Schuh.jpg 384w, https:\/\/www.fairsquared.com\/wp-content\/uploads\/2023\/12\/waves_Schuh-150x150.jpg 150w\" sizes=\"(max-width: 384px) 100vw, 384px\" \/><\/figure>\n<\/div>\n\n\n\n<div class=\"wp-block-column is-layout-flow wp-block-column-is-layout-flow\" style=\"flex-basis:66.66%\">\n<h2 class=\"wp-block-heading\"><strong>WAVES : tongs fabriqu\u00e9es au Sri Lanka<\/strong><\/h2>\n\n\n\n<p>Entre d\u00e9tente parfaite sur les plages pittoresques du Sri Lanka et vie luxueuse en ville, c&rsquo;est exactement l\u00e0 que se positionne la marque \u00a0<a href=\"https:\/\/www.waves.fashion\/\" target=\"_blank\" rel=\"noreferrer noopener\">WAVES<\/a>.<\/p>\n\n\n\n<h3 class=\"wp-block-heading\">Let\u2019s do it in fair!<\/h3>\n\n\n\n<p>Comme ces sandales classiques au design color\u00e9 s&rsquo;int\u00e8grent parfaitement dans notre gamme, nous les avons fait fabriquer \u00e0 partir de caoutchouc naturel issu du commerce \u00e9quitable. Le r\u00e9sultat : une vari\u00e9t\u00e9 de mod\u00e8les color\u00e9s que nous aimerions vous proposer.<\/p>\n<\/div>\n<\/div>\n","protected":false},"excerpt":{"rendered":"<p>FAIR ZONE: \u00e9quitable dans le m\u00e9nage et le jardin Avec FAIR ZONE, l&rsquo;id\u00e9e est n\u00e9e de se positionner dans le domaine des articles m\u00e9nagers, de jardinage et de loisirs. L&rsquo;objectif \u00e9tait de proposer une alternative aux produits conventionnels, souvent fabriqu\u00e9s en plastique. La mati\u00e8re premi\u00e8re de la premi\u00e8re [&hellip;]<\/p>\n","protected":false},"author":8,"featured_media":0,"parent":1156,"menu_order":2,"comment_status":"closed","ping_status":"closed","template":"","meta":{"_acf_changed":false,"footnotes":""},"class_list":["post-8607","page","type-page","status-publish","hentry"],"acf":[],"_links":{"self":[{"href":"https:\/\/www.fairsquared.com\/fr\/wp-json\/wp\/v2\/pages\/8607","targetHints":{"allow":["GET"]}}],"collection":[{"href":"https:\/\/www.fairsquared.com\/fr\/wp-json\/wp\/v2\/pages"}],"about":[{"href":"https:\/\/www.fairsquared.com\/fr\/wp-json\/wp\/v2\/types\/page"}],"author":[{"embeddable":true,"href":"https:\/\/www.fairsquared.com\/fr\/wp-json\/wp\/v2\/users\/8"}],"replies":[{"embeddable":true,"href":"https:\/\/www.fairsquared.com\/fr\/wp-json\/wp\/v2\/comments?post=8607"}],"version-history":[{"count":1,"href":"https:\/\/www.fairsquared.com\/fr\/wp-json\/wp\/v2\/pages\/8607\/revisions"}],"predecessor-version":[{"id":19121,"href":"https:\/\/www.fairsquared.com\/fr\/wp-json\/wp\/v2\/pages\/8607\/revisions\/19121"}],"up":[{"embeddable":true,"href":"https:\/\/www.fairsquared.com\/fr\/wp-json\/wp\/v2\/pages\/1156"}],"wp:attachment":[{"href":"https:\/\/www.fairsquared.com\/fr\/wp-json\/wp\/v2\/media?parent=8607"}],"curies":[{"name":"wp","href":"https:\/\/api.w.org\/{rel}","templated":true}]}}