{"id":8597,"date":"2020-02-06T19:37:14","date_gmt":"2020-02-06T18:37:14","guid":{"rendered":"https:\/\/www.fairsquared.com\/fair-squared\/faq\/vegan\/"},"modified":"2025-05-23T06:18:41","modified_gmt":"2025-05-23T04:18:41","slug":"vegan","status":"publish","type":"page","link":"https:\/\/www.fairsquared.com\/fr\/fair-squared\/faq\/vegan\/","title":{"rendered":"V\u00e9gane"},"content":{"rendered":"\n<h1 class=\"wp-block-heading\">FAQ sur le th\u00e8me du V\u00e9gane <\/h1>\n\n\n\n<h3 class=\"wp-block-heading\"><strong>Comment un cosm\u00e9tique ne peut-il ne pas \u00eatre v\u00e9gane et qu\u2019est-ce que cela veut dire? <\/strong><\/h3>\n\n\n\n<p>Un cosm\u00e9tique v\u00e9gane ne contient pas d&rsquo;ingr\u00e9dient d&rsquo;origine animale ou produit par un animal. Dans beaucoup d&rsquo;articles cosm\u00e9tiques, le colorant rouge par exemple est obtenu avec un extrait de carmin, pour lequel des poux f\u00e9cond\u00e9s sont tu\u00e9s. M\u00eame les mati\u00e8res premi\u00e8res issues d&rsquo;animaux vert\u00e9br\u00e9s morts, comme l&rsquo;huile d&rsquo;\u00e9meu, l&rsquo;huile de vison ou le collag\u00e8ne sont souvent utilis\u00e9es dans les cosm\u00e9tiques, en partie aussi dans les cosm\u00e9tiques naturels. Le terme v\u00e9gane n&rsquo;est pas prot\u00e9g\u00e9 et peut \u00eatre en principe utilis\u00e9 par n&rsquo;importe quel producteur. C&rsquo;est pour cela que nous avons fait certifier nos produits par la Vegan Society, afin de garantir qu&rsquo;ils sont bien v\u00e9ganes.<\/p>\n\n\n\n<hr class=\"wp-block-separator\"\/>\n\n\n\n<h3 class=\"wp-block-heading\"><strong>Pour les produits FAIR SQUARED ne contiennent ni lait, ni miel?<\/strong><\/h3>\n\n\n\n<p>Chez FAIR SQUARED, nous ne voulons pas seulement \u00eatre \u00e9quitables envers les Hommes et prot\u00e9ger l&rsquo;environnement, nous voulons aussi prot\u00e9ger les animaux qui vivent avec nous sur cette plan\u00e8te. Pour nous, cela implique de ne pas les consid\u00e9rer comme \u00ab\u00a0ingr\u00e9dients\u00a0\u00bb et de ne pas les utiliser comme tels. C&rsquo;est pour cela que nous renon\u00e7ons \u00e0 l&rsquo;utilisation du miel et du lait dans nos produits, m\u00eame s&rsquo;ils sont consid\u00e9r\u00e9s par certains producteurs de cosm\u00e9tiques, comme \u00ab\u00a0ingr\u00e9dients\u00a0\u00bb riches. Pour le lait, les vaches doivent v\u00e9ler r\u00e9guli\u00e8rement, pour assurer la production de lait maternel comme c&rsquo;est le cas pour tous les mamif\u00e8res. En plus ces veaux sont souvent arrach\u00e9s \u00e0 leurs m\u00e8res directement apr\u00e8s leur naissance et pour l&rsquo;industrie laiti\u00e8re, ils sont consid\u00e9r\u00e9s comme \u00ab\u00a0produit r\u00e9siduaire\u00a0\u00bb. Nous nous positionnons clairement contre ce genre de chose. M\u00eame le miel a sa probl\u00e9matique, car il est en fait consid\u00e9r\u00e9 comme nourriture pour les larves d&rsquo;abeilles. Le pr\u00e9l\u00e8vement du miel requi\u00e8re d&rsquo;alimenter les abeilles avec un substitut de sucre, qui les rend particuli\u00e8rement vuln\u00e9rables aux maladies. Souvent, on coupe les ailes des reines des abeilles pour \u00e9viter la fuite de son peuple. En plus de cela, beaucoup d&rsquo;abeilles perdent la vie \u00e0 chaque r\u00e9colte de miel, car elles sont \u00e9cras\u00e9es par le processus m\u00e9chanique de la r\u00e9colte. <\/p>\n\n\n\n<hr class=\"wp-block-separator\"\/>\n\n\n\n<h3 class=\"wp-block-heading\"><strong>V\u00e9gane veut dire sans tests sur les animaux?<\/strong><\/h3>\n\n\n\n<p>En soit non. Dans l\u2019UE, les tests sur les animaux sont interdits officiellement depuis 2013 dans le domaine cosm\u00e9tique, mais il existe malheureusement aujourd\u2019hui encore des lacunes r\u00e8glementaires qui permettent quand m\u00eame que des tests soient faits sur les animaux. Chez FAIR SQUARED, nous renon\u00e7ons clairement aux tests sur les animaux et n\u2019en faisons pas effectuer non plus par des tiers, ce qui est d\u2019ailleurs contr\u00f4l\u00e9 et v\u00e9rifi\u00e9 pour la certification NATRUE. <\/p>\n","protected":false},"excerpt":{"rendered":"<p>FAQ sur le th\u00e8me du V\u00e9gane Comment un cosm\u00e9tique ne peut-il ne pas \u00eatre v\u00e9gane et qu\u2019est-ce que cela veut dire? Un cosm\u00e9tique v\u00e9gane ne contient pas d&rsquo;ingr\u00e9dient d&rsquo;origine animale ou produit par un animal. Dans beaucoup d&rsquo;articles cosm\u00e9tiques, le colorant rouge par exemple est obtenu avec un [&hellip;]<\/p>\n","protected":false},"author":5,"featured_media":0,"parent":1035,"menu_order":0,"comment_status":"closed","ping_status":"closed","template":"","meta":{"_acf_changed":false,"footnotes":""},"class_list":["post-8597","page","type-page","status-publish","hentry"],"acf":[],"_links":{"self":[{"href":"https:\/\/www.fairsquared.com\/fr\/wp-json\/wp\/v2\/pages\/8597","targetHints":{"allow":["GET"]}}],"collection":[{"href":"https:\/\/www.fairsquared.com\/fr\/wp-json\/wp\/v2\/pages"}],"about":[{"href":"https:\/\/www.fairsquared.com\/fr\/wp-json\/wp\/v2\/types\/page"}],"author":[{"embeddable":true,"href":"https:\/\/www.fairsquared.com\/fr\/wp-json\/wp\/v2\/users\/5"}],"replies":[{"embeddable":true,"href":"https:\/\/www.fairsquared.com\/fr\/wp-json\/wp\/v2\/comments?post=8597"}],"version-history":[{"count":0,"href":"https:\/\/www.fairsquared.com\/fr\/wp-json\/wp\/v2\/pages\/8597\/revisions"}],"up":[{"embeddable":true,"href":"https:\/\/www.fairsquared.com\/fr\/wp-json\/wp\/v2\/pages\/1035"}],"wp:attachment":[{"href":"https:\/\/www.fairsquared.com\/fr\/wp-json\/wp\/v2\/media?parent=8597"}],"curies":[{"name":"wp","href":"https:\/\/api.w.org\/{rel}","templated":true}]}}