{"id":8594,"date":"2020-02-06T19:36:39","date_gmt":"2020-02-06T18:36:39","guid":{"rendered":"https:\/\/www.fairsquared.com\/fair-squared\/faq\/unsere-produkte\/"},"modified":"2025-11-28T18:44:23","modified_gmt":"2025-11-28T17:44:23","slug":"unsere-produkte","status":"publish","type":"page","link":"https:\/\/www.fairsquared.com\/fr\/fair-squared\/faq\/unsere-produkte\/","title":{"rendered":"Nos produits"},"content":{"rendered":"\n<h1 class=\"wp-block-heading\">FAQ sur nos produits<\/h1>\n\n\n\n<h3 class=\"wp-block-heading\"><strong>O\u00f9 sont fabriqu\u00e9s les produits FAIR SQUARED?<\/strong><\/h3>\n\n\n\n<p>Nos produits sont fabriqu\u00e9s en Allemagne. Sauf nos produits en caoutchouc naturel du commerce \u00e9quitable, eux sont fabriqu\u00e9s directement sur place au Sri Lanka et en Tha\u00eflande (par ex. les pr\u00e9servatifs ou les coupes menstruelles).<\/p>\n\n\n\n<hr class=\"wp-block-separator has-css-opacity\"\/>\n\n\n\n<h3 class=\"wp-block-heading\"><strong>Comment utiliser correctement vos produits? O\u00f9 trouver des astuces utiles?<\/strong><\/h3>\n\n\n\n<p>La plupart des produits sont intuitifs, d\u2019autres ont des guides d\u2019utilisation sur leur emballage. Pour les cat\u00e9gories et les produits sp\u00e9ciaux, nous avons d\u00e9velopp\u00e9 des guides d\u2019utilisation, que vous pouvez t\u00e9l\u00e9charger en PDF <a href=\"https:\/\/www.fairsquared.com\/fr\/fair-squared\/notice-fair-squared\/\">ici<\/a>. Ils contiennent toutes les informations utiles. <\/p>\n\n\n\n<hr class=\"wp-block-separator has-css-opacity\"\/>\n\n\n\n<h3 class=\"wp-block-heading\"><strong>Les produits FAIR SQUARED contiennent-ils de l\u2019huile de palme ou des microplastiques?<\/strong><\/h3>\n\n\n\n<p>Nous n&rsquo;utilisons pas d&rsquo;huile de palme dans aucun de nos produits. Nous demandons \u00e9galement express\u00e9ment \u00e0 nos fournisseurs de ne pas utiliser ni acheter d&rsquo;huile de palme ou de d\u00e9riv\u00e9s de l&rsquo;huile de palme pour nos produits. Cela inclut \u00e9galement un volet li\u00e9 \u00e0 la durabilit\u00e9, tout comme pour la <a href=\"https:\/\/www.fairtrade-deutschland.de\/was-ist-fairtrade\/fairtrade-standards\">certification Fairtrade<\/a>. FAIR SQUARED renonce compl\u00e8tement \u00e0 l&rsquo;utilisation de microplastiques dans tous ses produits.<\/p>\n\n\n\n<hr class=\"wp-block-separator has-css-opacity\"\/>\n\n\n\n<h3 class=\"wp-block-heading\"><strong>Pourquoi les produits n\u2019ont jamais une part 100 % Fairtrade?<\/strong><\/h3>\n\n\n\n<p>Sur le dos de nos emballages, nous vous donnons la part d\u2019ingr\u00e9dients d\u2019origine Fairtrade et cette part n\u2019atteint jamais les 100 %. Nous aimerions attirer votre attention sur le fait que lorsque nous utilisons un ingr\u00e9dient et qu\u2019il est recens\u00e9 Fairtrade, alors nous l\u2019utilisons en qualit\u00e9 Fairtrade pour notre produit. Mais tous les ingr\u00e9dients que nous utilisons ne sont pas recens\u00e9s Fairtrade. Un bon exemple&nbsp;est l\u2019eau: elle n\u2019est pas recens\u00e9e par Fairtrade International dans sa liste des mati\u00e8res premi\u00e8res et ne peut donc pas \u00eatre certifi\u00e9e. <\/p>\n\n\n\n<hr class=\"wp-block-separator has-css-opacity\"\/>\n\n\n\n<h3 class=\"wp-block-heading\"><strong>Certains de vos prix me semblent bien \u00e9lev\u00e9s compar\u00e9s aux cosm\u00e9tiques conventionnels, pourquoi c\u2019est comme \u00e7a?<\/strong><\/h3>\n\n\n\n<p>Une grande partie de nos produits sont fabriqu\u00e9s \u00e0 la main et en quantit\u00e9s relativement faibles, cela a donc son impact sur le prix du produit. En plus, nous garantissons un salaire \u00e9quitable \u00e0 tous ceux avec qui nous travaillons et nous positionnons clairement contre le dumping de prix. En raison de la haute qualit\u00e9 de nos produits, ces derniers sont donc souvent plus riches que les cosm\u00e9tiques classiques, moins dilu\u00e9s et ne doivent pas \u00eatre rachet\u00e9s aussi r\u00e9guli\u00e8rement que leurs \u00e9quivalents conventionnels.<br> \u00c0 propos: chaque ann\u00e9e, nous r\u00e9\u00e9valuons notre liste de prix et quand c\u2019est possible, nous donnons des r\u00e9ductions directement \u00e0 nos clients, afin que notre gamme soit toujours \u00e0 prix \u00e9quitable.  <\/p>\n","protected":false},"excerpt":{"rendered":"<p>FAQ sur nos produits O\u00f9 sont fabriqu\u00e9s les produits FAIR SQUARED? Nos produits sont fabriqu\u00e9s en Allemagne. Sauf nos produits en caoutchouc naturel du commerce \u00e9quitable, eux sont fabriqu\u00e9s directement sur place au Sri Lanka et en Tha\u00eflande (par ex. les pr\u00e9servatifs ou les coupes menstruelles). Comment utiliser [&hellip;]<\/p>\n","protected":false},"author":5,"featured_media":0,"parent":1035,"menu_order":0,"comment_status":"closed","ping_status":"closed","template":"","meta":{"_acf_changed":false,"footnotes":""},"class_list":["post-8594","page","type-page","status-publish","hentry"],"acf":[],"_links":{"self":[{"href":"https:\/\/www.fairsquared.com\/fr\/wp-json\/wp\/v2\/pages\/8594","targetHints":{"allow":["GET"]}}],"collection":[{"href":"https:\/\/www.fairsquared.com\/fr\/wp-json\/wp\/v2\/pages"}],"about":[{"href":"https:\/\/www.fairsquared.com\/fr\/wp-json\/wp\/v2\/types\/page"}],"author":[{"embeddable":true,"href":"https:\/\/www.fairsquared.com\/fr\/wp-json\/wp\/v2\/users\/5"}],"replies":[{"embeddable":true,"href":"https:\/\/www.fairsquared.com\/fr\/wp-json\/wp\/v2\/comments?post=8594"}],"version-history":[{"count":1,"href":"https:\/\/www.fairsquared.com\/fr\/wp-json\/wp\/v2\/pages\/8594\/revisions"}],"predecessor-version":[{"id":19299,"href":"https:\/\/www.fairsquared.com\/fr\/wp-json\/wp\/v2\/pages\/8594\/revisions\/19299"}],"up":[{"embeddable":true,"href":"https:\/\/www.fairsquared.com\/fr\/wp-json\/wp\/v2\/pages\/1035"}],"wp:attachment":[{"href":"https:\/\/www.fairsquared.com\/fr\/wp-json\/wp\/v2\/media?parent=8594"}],"curies":[{"name":"wp","href":"https:\/\/api.w.org\/{rel}","templated":true}]}}