{"id":8590,"date":"2020-02-06T19:36:03","date_gmt":"2020-02-06T18:36:03","guid":{"rendered":"https:\/\/www.fairsquared.com\/fair-squared\/faq\/naturkosmetik\/"},"modified":"2025-11-28T18:39:31","modified_gmt":"2025-11-28T17:39:31","slug":"cosmetiques-naturels","status":"publish","type":"page","link":"https:\/\/www.fairsquared.com\/fr\/fair-squared\/faq\/cosmetiques-naturels\/","title":{"rendered":"Cosm\u00e9tiques naturels"},"content":{"rendered":"\n<h1 class=\"wp-block-heading\">FAQ sur le th\u00e8me du cosm\u00e9tiques naturels <\/h1>\n\n\n\n<h3 class=\"wp-block-heading\"><strong>Qu\u2019est-ce qui rend un cosm\u00e9tique, cosm\u00e9tique naturel?<\/strong><\/h3>\n\n\n\n<p>Ce qui veut dire que les produits sont 100 % compos\u00e9s d\u2019ingr\u00e9dients naturels, semi- naturels et identiques aux ingr\u00e9dients naturels (pigments, min\u00e9raux et quand c\u2019est n\u00e9cessaire, agents de protection naturels). Tous les produits sont sans ingr\u00e9dients g\u00e9n\u00e9tiquement modifi\u00e9s, tels que le p\u00e9trole, les ingr\u00e9dients p\u00e9trochimiques, les parfums synth\u00e9tiques et les conservateurs artificiels. <\/p>\n\n\n\n<hr class=\"wp-block-separator has-css-opacity\"\/>\n\n\n\n<h3 class=\"wp-block-heading\"><strong>Cosm\u00e9tique naturel veut dire cosm\u00e9tique bio?<\/strong><\/h3>\n\n\n\n<p>En soit non. Nos cosm\u00e9tiques contiennent tout de m\u00eame tr\u00e8s peu d\u2019ingr\u00e9dients isol\u00e9s, qui ne sont pas certifi\u00e9s bio. <\/p>\n\n\n\n<p><\/p>\n","protected":false},"excerpt":{"rendered":"<p>FAQ sur le th\u00e8me du cosm\u00e9tiques naturels Qu\u2019est-ce qui rend un cosm\u00e9tique, cosm\u00e9tique naturel? Ce qui veut dire que les produits sont 100 % compos\u00e9s d\u2019ingr\u00e9dients naturels, semi- naturels et identiques aux ingr\u00e9dients naturels (pigments, min\u00e9raux et quand c\u2019est n\u00e9cessaire, agents de protection naturels). Tous les produits sont [&hellip;]<\/p>\n","protected":false},"author":5,"featured_media":0,"parent":1035,"menu_order":0,"comment_status":"closed","ping_status":"closed","template":"","meta":{"_acf_changed":false,"footnotes":""},"class_list":["post-8590","page","type-page","status-publish","hentry"],"acf":[],"_links":{"self":[{"href":"https:\/\/www.fairsquared.com\/fr\/wp-json\/wp\/v2\/pages\/8590","targetHints":{"allow":["GET"]}}],"collection":[{"href":"https:\/\/www.fairsquared.com\/fr\/wp-json\/wp\/v2\/pages"}],"about":[{"href":"https:\/\/www.fairsquared.com\/fr\/wp-json\/wp\/v2\/types\/page"}],"author":[{"embeddable":true,"href":"https:\/\/www.fairsquared.com\/fr\/wp-json\/wp\/v2\/users\/5"}],"replies":[{"embeddable":true,"href":"https:\/\/www.fairsquared.com\/fr\/wp-json\/wp\/v2\/comments?post=8590"}],"version-history":[{"count":1,"href":"https:\/\/www.fairsquared.com\/fr\/wp-json\/wp\/v2\/pages\/8590\/revisions"}],"predecessor-version":[{"id":19295,"href":"https:\/\/www.fairsquared.com\/fr\/wp-json\/wp\/v2\/pages\/8590\/revisions\/19295"}],"up":[{"embeddable":true,"href":"https:\/\/www.fairsquared.com\/fr\/wp-json\/wp\/v2\/pages\/1035"}],"wp:attachment":[{"href":"https:\/\/www.fairsquared.com\/fr\/wp-json\/wp\/v2\/media?parent=8590"}],"curies":[{"name":"wp","href":"https:\/\/api.w.org\/{rel}","templated":true}]}}