{"id":6487,"date":"2020-02-06T19:37:40","date_gmt":"2020-02-06T18:37:40","guid":{"rendered":"https:\/\/www.fairsquared.com\/fair-squared\/faq\/zero-waste\/"},"modified":"2025-11-28T18:48:44","modified_gmt":"2025-11-28T17:48:44","slug":"zero-dechet","status":"publish","type":"page","link":"https:\/\/www.fairsquared.com\/fr\/fair-squared\/faq\/zero-dechet\/","title":{"rendered":"Z\u00e9ro d\u00e9chet"},"content":{"rendered":"\n<h1 class=\"wp-block-heading\"><strong>FAQ sur le z\u00e9ro d\u00e9chet<\/strong> <\/h1>\n\n\n\n<h2 class=\"wp-block-heading\"><strong>Comment renvoyer les pots et flacons en verre vides ? <\/strong><\/h2>\n\n\n\n<p> Quand vous rassemblez vos contenants en verre, v\u00e9rifiez qu&rsquo;ils soient lav\u00e9s avant de nous les renvoyer et qu&rsquo;ils ne vont pas souffrir du transport. Vous pouvez les emballer dans du papier journal avant de les mettre dans le carton afin de les prot\u00e9ger des chocs. <\/p>\n\n\n\n<p> Envoyez votre paquet \u00e0 l&rsquo;adresse suivante&nbsp;:  <\/p>\n\n\n\n<p><em>\u200bFAIR SQUARED GmbH<br>Hermann-Heinrich-Gossen-Str. 4 <br>50858 K\u00f6ln<\/em> &#8211; <em>ALLEMAGNE <\/em><\/p>\n\n\n\n<h2 class=\"wp-block-heading\"><strong>Les frais d&rsquo;envoi sont rembours\u00e9s ?<\/strong><\/h2>\n\n\n\n<p> Non, mais nous avons trouv\u00e9 une autre solution&nbsp;: pour d\u00e9dommager le retour, nous vous offrons un bon de 10 \u20ac \u00e0 utiliser sur votre prochain achat dans nos boutique en ligne fair2.me. Quand vous nous aurez renvoy\u00e9 au moins 10 pots ou flacons en verre ou bo\u00eetes en m\u00e9tal (en tout), nous vous enverrons un bon d&rsquo;achat. Pour cela, laissez absolument votre adresse e-mail dans le paquet. <\/p>\n\n\n\n<h2 class=\"wp-block-heading\"><strong>Vous reprenez les pots et flacons en verre endommag\u00e9s ?<\/strong> <\/h2>\n\n\n\n<p> Vu que nous ne pouvons pas r\u00e9utiliser les contenants cass\u00e9s, nous vous prions de ne pas nous retourner les contenants endommag\u00e9s. Jettez-les tout simplement dans le conteneur pour verre.  <\/p>\n\n\n\n<h2 class=\"wp-block-heading\"> <strong>Renvoyer les pots et flacons en verre avec leurs \u00e9tiquettes ?<\/strong><\/h2>\n\n\n\n<p> Vous n&rsquo;avez pas besoin de d\u00e9coller les \u00e9tiquettes avant de renvoyer les contenants. Au contraire, laissez-les dessus, car nous allons les faire recycler. <\/p>\n\n\n\n<h2 class=\"wp-block-heading\"> <strong>Renvoyer les contenants z\u00e9ro d\u00e9chet. Comment recevoir le bon ?<\/strong><\/h2>\n\n\n\n<p> En remerciement pour avoir rassembl\u00e9, lav\u00e9 et renvoy\u00e9 les 10 contenants au moins, nous aimerions vous offrir un bon de 10 \u20ac \u00e0 utiliser dans notre boutique en ligne fair2.me. Pour cela, il vous suffit de laisser votre adresse e-mail dans le paquet pour que nous puissions vous y envoyer le bon d&rsquo;achat.  <\/p>\n\n\n\n<h2 class=\"wp-block-heading\"> <strong>Que faire de la pastille dans le couvercle ?<\/strong><\/h2>\n\n\n\n<p>Pour des raisons d&rsquo;hygi\u00e8ne, nous utilisons encore une pastille en PEE dans nos couvercles. Vu que nous ne pouvons pas utiliser de papier \u00e0 cet usage, nous sommes oblig\u00e9s de recourir \u00e0 cette option. Mais au reremplissage, celles-ci sont remplac\u00e9es par un mat\u00e9riau \u00e9cologique. Nous r\u00e9cup\u00e9rons toutes les pastilles en PEE et leur trouvons un nouvel emploi. Et\u00a0: Depuis l&rsquo;automne 2019, les couvercles sont \u00e9galement \u00e9quip\u00e9s d&rsquo;inserts en caoutchouc sans plastique, que nous achetons via des circuits commerciaux \u00e9quitables.<\/p>\n\n\n\n<h2 class=\"wp-block-heading\"> <strong>Les pots et flacons en verre r\u00e9utilis\u00e9s sont-ils parfaitement hygi\u00e9niques ?<\/strong><\/h2>\n\n\n\n<p> Bien-s\u00fbr&nbsp;! Nous avons un partenaire exp\u00e9riment\u00e9 qui nettoie les contenants de mani\u00e8re parfaitement hygi\u00e9nique avant de les re-remplir. Les normes sont aussi strictes que pour le remplissage des bouteilles recycl\u00e9es pour les boissons.  <\/p>\n\n\n\n<h2 class=\"wp-block-heading\"> <strong>Est-ce que je peux faire don du montant du bon pour une \u0153uvre caritative ?<\/strong><\/h2>\n\n\n\n<p> Oui, vous pouvez. \u00c0 la place de recevoir votre bon d&rsquo;achat, nous pouvons donner la somme de 10 \u20ac en votre nom au projet Fairtrade \u00e0 Raichur en Inde. Depuis des ann\u00e9es, Fairtrade et ClimatePartner y financent des cuiseurs vapeur propres et efficaces. Si vous voulez faire don du montant de votre bon, laissez-le nous savoir sur un papier que vous glisserez dans le paquet.<strong> <\/strong><\/p>\n\n\n\n<h2 class=\"wp-block-heading\"> <strong>C&rsquo;est vraiment cens\u00e9 d&rsquo;utiliser du verre, alors que sa production est bien plus \u00e9nergivore ?<\/strong><\/h2>\n\n\n\n<p> C&rsquo;est une bonne question. Heureusement, il y a de nombreuses \u00e9tudes qui ont \u00e9t\u00e9 men\u00e9es pour \u00e9valuer le r\u00e9sultat du rapport de la production d&rsquo;\u00e9nergie pour la fabrication de contenants en verre en relation avec le fait qu&rsquo;ils sont r\u00e9utilisables. Le bureau f\u00e9d\u00e9ral de l&rsquo;environnement c&rsquo;est aussi pench\u00e9 sur la question (publication, \u00e9valuation et actualisation du bilan \u00e9cologique pour les emballages de boissons de f\u00e9vrier 2016). En 2019, le r\u00e9sultat de ClimatePartner est tomb\u00e9&nbsp;: si le circuit de recyclage est respect\u00e9, les contenants en verre retourn\u00e9s et r\u00e9utilis\u00e9s \u00e9conomisent plus de la moiti\u00e9 des \u00e9missions de gaz \u00e0 effet de serre que les contenants en verre jetables. Conclusion : l&rsquo;utilisation du verre pour faire des \u00e9conomies d&rsquo;\u00e9nergie n&rsquo;est vraiment cens\u00e9e que si le circuit du recyclage est respect\u00e9 et c&rsquo;est bien l\u00e0 notre intention.  <\/p>\n","protected":false},"excerpt":{"rendered":"<p>FAQ sur le z\u00e9ro d\u00e9chet Comment renvoyer les pots et flacons en verre vides ? Quand vous rassemblez vos contenants en verre, v\u00e9rifiez qu&rsquo;ils soient lav\u00e9s avant de nous les renvoyer et qu&rsquo;ils ne vont pas souffrir du transport. Vous pouvez les emballer dans du papier journal avant [&hellip;]<\/p>\n","protected":false},"author":5,"featured_media":0,"parent":1035,"menu_order":0,"comment_status":"closed","ping_status":"closed","template":"","meta":{"_acf_changed":false,"footnotes":""},"class_list":["post-6487","page","type-page","status-publish","hentry"],"acf":[],"_links":{"self":[{"href":"https:\/\/www.fairsquared.com\/fr\/wp-json\/wp\/v2\/pages\/6487","targetHints":{"allow":["GET"]}}],"collection":[{"href":"https:\/\/www.fairsquared.com\/fr\/wp-json\/wp\/v2\/pages"}],"about":[{"href":"https:\/\/www.fairsquared.com\/fr\/wp-json\/wp\/v2\/types\/page"}],"author":[{"embeddable":true,"href":"https:\/\/www.fairsquared.com\/fr\/wp-json\/wp\/v2\/users\/5"}],"replies":[{"embeddable":true,"href":"https:\/\/www.fairsquared.com\/fr\/wp-json\/wp\/v2\/comments?post=6487"}],"version-history":[{"count":1,"href":"https:\/\/www.fairsquared.com\/fr\/wp-json\/wp\/v2\/pages\/6487\/revisions"}],"predecessor-version":[{"id":19301,"href":"https:\/\/www.fairsquared.com\/fr\/wp-json\/wp\/v2\/pages\/6487\/revisions\/19301"}],"up":[{"embeddable":true,"href":"https:\/\/www.fairsquared.com\/fr\/wp-json\/wp\/v2\/pages\/1035"}],"wp:attachment":[{"href":"https:\/\/www.fairsquared.com\/fr\/wp-json\/wp\/v2\/media?parent=6487"}],"curies":[{"name":"wp","href":"https:\/\/api.w.org\/{rel}","templated":true}]}}