{"id":6474,"date":"2020-02-06T19:19:15","date_gmt":"2020-02-06T18:19:15","guid":{"rendered":"https:\/\/www.fairsquared.com\/fair-squared\/faq\/fairer-handel\/"},"modified":"2026-04-20T19:23:16","modified_gmt":"2026-04-20T17:23:16","slug":"commerce-equitable","status":"publish","type":"page","link":"https:\/\/www.fairsquared.com\/fr\/fair-squared\/faq\/commerce-equitable\/","title":{"rendered":"Commerce \u00c9quitable"},"content":{"rendered":"\n<h1 class=\"wp-block-heading\">FAQ <strong>sur le th\u00e8me<\/strong> Commerce \u00c9quitable  <\/h1>\n\n\n\n<h2 class=\"wp-block-heading\"> \u201e\u00c9quitable\u201c \u2013 un mot aux sens multiples <\/h2>\n\n\n\n<p>  En rapport avec le Commerce \u00c9quitable, plusieurs termes diff\u00e9rents se sont d\u00e9velopp\u00e9s :<\/p>\n\n\n\n<p>\u00ab commerce \u00e9quitable \u00bb : par commerce \u00e9quitable, on entend g\u00e9n\u00e9ralement un \u00e9change juste des marchandises. Ici sont reli\u00e9s les th\u00e8mes des droits du travail, des douanes, des subventions et avant tout l\u2019\u00e9change juste avec les partenaires d\u2019\u00e9change et les producteurs. <\/p>\n\n\n\n<p> \u00ab Commerce \u00c9quitable \u00bb : ici on parle de tout le mouvement du Commerce \u00c9quitable, ainsi que des organisations et des entreprises qui ont le label \u00e9quitable (\u00e0 part FLO il y a encore d\u2019autres certifications) et aussi celles qui n\u2019ont certes pas de certification, mais qui s\u2019en tiennent aux principes du commerce \u00e9quitable. L\u2019important \u00e9tant que les crit\u00e8res essentiels du commerce \u00e9quitable soient remplis, par exemple la diff\u00e9rence avec le march\u00e9 mondial conventionnel et la protection des producteurs. <\/p>\n\n\n\n<p> \u00ab Fairtrade \u00bb : est le terme pour l\u2019activit\u00e9 de l\u2019organisation Fairtrade International (FLO), les organisations Fairtrade nationales, les organisations de gestion Fairtrade et les r\u00e9seaux de producteurs Fairtrade. Fairtrade est un mouvement qui identifie et certifie les produits et les commer\u00e7ants qui remplissent les standards du commerce \u00e9quitable de FLO (Fairtrade International).<\/p>\n\n\n\n<h2 class=\"wp-block-heading\"> <strong>Qu\u2019est-ce que veut dire Fairtrade ?<\/strong> <\/h2>\n\n\n\n<p> Au centre de Fairtrade se trouvent les gens des pays du Sud. Les petits producteurs et travailleurs des pays en voie de d\u00e9veloppement sont encourag\u00e9s et leur position sur le march\u00e9 mondial est am\u00e9lior\u00e9e. Seuls les produits qui remplissent les crit\u00e8res internationaux de Fairtrade peuvent avoir le label. Quelques crit\u00e8res importants des standards sont par exemple : <\/p>\n\n\n\n<ul class=\"wp-block-list\">\n<li> Les travailleurs, cueilleurs et producteurs re\u00e7oivent un salaire minimum garanti. De plus, de l\u2019aide sera apport\u00e9e pour am\u00e9liorer durablement leurs conditions de vie et de travail.   <\/li>\n\n\n\n<li> Les producteurs et productrices ont la garantie que leurs produits seront vendus \u00e0 un prix \u00e9quitable. <\/li>\n\n\n\n<li> Les prix Fairtrade doivent au moins couvrir les co\u00fbts de production et le minimum vital. <\/li>\n\n\n\n<li> Les pratiques dangereuses pour la sant\u00e9, le travail forc\u00e9, la discrimination et le travail infantile sont interdits. <\/li>\n\n\n\n<li> Les groupes de producteurs re\u00e7oivent une prime Fairtrade gr\u00e2ce \u00e0 laquelle ils peuvent entreprendre et financer des projets sociaux tels que la construction d\u2019un puits, la formation scolaire, la dispense de soins m\u00e9dicaux, etc.  <\/li>\n\n\n\n<li> Gr\u00e2ce \u00e0 des relations commerciales de longue dur\u00e9e, les producteurs sont assur\u00e9s pour l\u2019avenir. <\/li>\n\n\n\n<li> Les producteurs Fairtrade sont aid\u00e9s pour la conversion \u00e0 l\u2019agriculture biologique et un suppl\u00e9ment est pay\u00e9 pour leurs produits bios. Les standards environnementaux restreignent l\u2019usage de pesticides et de produits chimiques et interdit les organismes g\u00e9n\u00e9tiquement modifi\u00e9es. <\/li>\n\n\n\n<li> Gr\u00e2ce au dialogue, \u00e0 la transparence et au respect mutuel, le Commerce \u00c9quitable pr\u00f4ne l\u2019\u00e9galit\u00e9 dans le commerce international. <\/li>\n\n\n\n<li>Les consommateurs portent leur contribution au d\u00e9veloppement de l\u2019aide avec leur achat, pour lutter contre la pauvret\u00e9. <\/li>\n<\/ul>\n\n\n\n<p> Le but \u00e9tant que les consommateurs se responsabilisent afin d\u2019abolir la pauvret\u00e9 dans les pays du Sud.  Fairtrade veut dire commerce \u00e9thique, durabilit\u00e9 et transparence et construit ainsi un pont entre producteurs et consommateurs. Les personnes qui ach\u00e8tent les produits Fairtrade portent une r\u00e9elle contribution \u00e0 travers leur achat pour am\u00e9liorer durablement la vie des familles de producteurs. Aujourd\u2019hui, 1,3 millions de petits producteurs et travailleurs dans plus de 70 pays profitent du Commerce \u00c9quitable. <\/p>\n\n\n\n<h2 class=\"wp-block-heading\"> <strong>Pourquoi certains produits indiquent \u00eatre du \u00ab commerce \u00e9quitable \u00bb, mais ne portent pas le label Fairtrade ?<\/strong><\/h2>\n\n\n\n<p> Quelques organisations s\u2019engagent depuis des ann\u00e9es pour le commerce \u00e9quitable. Beaucoup d\u2019entre-elles ont \u00e9t\u00e9 fond\u00e9es bien avant que la certification Fairtrade n\u2019apparaisse. En parties, ces entreprises ou organisations proposent des produits pour lesquels aucun standard Fairtrade n\u2019existe, par exemple dans l\u2019artisanat d\u2019art.  <\/p>\n\n\n\n<p> Le Commerce \u00c9quitable ou \u00ab commerce \u00e9quitable \u00bb est un terme prot\u00e9g\u00e9. Chez les producteurs qui font la demande de la certification du commerce \u00e9quitable, il est important de demander exactement, sur quoi cette demande se base. <\/p>\n\n\n\n<h2 class=\"wp-block-heading\"> <strong>Fairtrade<\/strong> <\/h2>\n\n\n\n<p>L\u2019organisation internationale Fairtrade est la conf\u00e9d\u00e9ration des organisations nationales Fairtrade. L\u2019organisation a \u00e9t\u00e9 fond\u00e9e en 1997 \u00e0 Bonn dans le but d\u2019unifier les multiples labels du Commerce \u00c9quitable sous un standard. Le syst\u00e8me Fairtrade est compos\u00e9 de deux branches : <\/p>\n\n\n\n<ul class=\"wp-block-list\">\n<li>Fairtrade International.V. d\u00e9veloppe les conditions et principes qui doivent \u00eatres remplis afin d\u2019obtenir la certification Fairtrade.<\/li>\n\n\n\n<li> FLOCERT contr\u00f4le le respect de ces principes. C\u2019est important afin de pouvoir garantir qu\u2019il y a de l\u2019 \u00ab \u00e9quitable \u00bb o\u00f9 il y a la mention \u00ab \u00e9quitable \u00bb. <\/li>\n<\/ul>\n\n\n\n<p>Le syst\u00e8me international Fairtrade est compos\u00e9 aujourd\u2019hui de trois r\u00e9seaux de producteurs, de 25 organisations nationales, Fairtrade International  e.V. et de FLOCERT. Les organisations Fairtrade distribuent les labels Fairtrade dans les pays correspondant. En Allemagne il y a par exemple Fairtrade Deutschland e.V., en Suisse la fondation Max Havelaar et en Autriche, Fairtrade Autriche. Les r\u00e9seaux de producteurs repr\u00e9sentent les multiples groupes de producteurs en Am\u00e9rique Latine, en Afrique et en Asie (CLAC : Coordinadora Latinoamericana y del Caribe de Comercio Justo, AFN : African Fairtrade Network et NAP : Network of Asian Producers). <\/p>\n\n\n\n<p>Le label Fairtade est selon les estimations du Forum du Commerce \u00c9quitable le label de qualit\u00e9 le plus connu du Commerce \u00c9quitable et m\u00eame l&rsquo;un des plus stricts. Certifi\u00e9s seront les produits fabriqu\u00e9s de mani\u00e8re \u00e9quitable ou les produits avec des ingr\u00e9dients issus du commerce \u00e9quitable, comme le caf\u00e9, les bananes, le coton, les cosm\u00e9tiques, les bijoux, mais aussi le bois et l\u2019or. <\/p>\n\n\n\n<h2 class=\"wp-block-heading\"> <strong>Que fait Fairtrade exactement ?<\/strong> <\/h2>\n\n\n\n<p> Fairtrade International est une organisation non gouvernementale. Elle est responsable du d\u00e9veloppement des standards Fairtrade et de la prise en charge des groupes de producteurs. Fairtrade International est la conf\u00e9d\u00e9ration des organisations nationales Fairtrade (entre autres TransFair) et des r\u00e9seaux de producteurs. Les standards Fairtrade sont en vigueur pour les producteurs et travailleurs Fairtrade.  <\/p>\n\n\n\n<p> Aussi les commer\u00e7ants et les entreprises dont les produits portent le label Fairtrade, doivent s\u2019en tenir aux standards Fairtrade. Il en va de m\u00eame pour les autres acteurs de la cha\u00eene de livraison : par exemple les importateurs, exportateurs et partenaires de licence.  <\/p>\n\n\n\n<p> Fairtrade International soutient les producteurs \u00e0 remplir les crit\u00e8res pour obtenir la certification Fairtrade et donne de nouvelles chances de march\u00e9 aux coop\u00e9ratives d\u2019agriculteurs. Pour se faire, Fairtrade International travaille avec ce que l\u2019on appelle des \u00ab Liaison Officer \u00bb, qui si\u00e8gent sur place chez les producteurs. Ils soutiennent les producteurs avec des formations, des conseils sur la certification et des contacts avec les commer\u00e7ants. <\/p>\n\n\n\n<h2 class=\"wp-block-heading\"> <strong>Quels sont les standards Fairtrade ?<\/strong> <\/h2>\n\n\n\n<p> L\u2019\u00e9conomie, l\u2019\u00e9cologie et le social sont les trois piliers des standards Fairtrade. Ils d\u00e9finissent les r\u00e8gles du jeux du Commerce \u00c9quitable. Tous les producteurs et commer\u00e7ants doivent s\u2019en tenir aux standards Fairtrade, c\u2019est seulement sous cette condition que leurs produits peuvent porter le label Fairtrade. <\/p>\n\n\n\n<p> Les standards sont d\u00e9velopp\u00e9s pour am\u00e9liorer durablement la vie des petits producteurs comme celles des travailleurs des plantations dans les pays les plus pauvres du globe. Le d\u00e9veloppement des standards se fait dans le d\u00e9partement pour les standards de Fairtrade International. Ils sont d\u00e9velopp\u00e9s en collaboration avec les producteurs, commer\u00e7ants et experts. Les standards Fairtrade sont construits autour d\u2019un noyau central (\u00ab Core indicators \u00bb) et de ce que l\u2019on appelle les indicateurs de d\u00e9veloppement (\u00ab Development indicators \u00bb). Les exigences du noyau central doivent \u00eatre remplies par chaque groupe de producteurs afin d\u2019obtenir la certification Fairtrade. Apr\u00e8s la premi\u00e8re certification, les producteurs doivent remplir les exigences des indicateurs de d\u00e9veloppement. Ces derniers sont plus pouss\u00e9s et ont, entre-autre, pour but d\u2019am\u00e9liorer l\u2019organisation et les conditions de travail des producteurs, mais aussi de prendre des mesures durables et efficaces pour la protection de l\u2019environnement. <\/p>\n\n\n\n<h2 class=\"wp-block-heading\"> <strong>Combien de Fairtrade il y a dans les produits FAIR SQUARED ? <\/strong><\/h2>\n\n\n\n<p> Tous les ingr\u00e9dients d\u2019un produit, qui existent en qualit\u00e9 Fairtrade, doivent \u00eatre certifi\u00e9s Fairtrade dans le produit. Prenons l&rsquo;exemple d&rsquo;un cosm\u00e9tique qui contiendrait de l\u2019huile de noyau d\u2019abricot : s&rsquo;il existe de l&rsquo;huile de noyau d&rsquo;abricot en qualit\u00e9 Fairtrade quelque part sur Terre, m\u00eame si elle n&rsquo;est pas r\u00e9pertori\u00e9e par le syst\u00e8me FLO, alors elle doit entrer dans la composition du produit pour que celui-ci soit certifi\u00e9. Car de l&rsquo;huile de noyau d&rsquo;abricot qui n&rsquo;est pas certifi\u00e9e, ne veut pas dire qu\u2019elle ne peut pas \u00eatre produite de mani\u00e8re \u00e9quitable. Il existe toutefois des ingr\u00e9dients cosm\u00e9tiques qui ne peuvent pas \u00eatre fabriqu\u00e9s de mani\u00e8re \u00e9quitable et qui du coup ne se retrouvent pas dans le pourcentage de la part Fairtrade, d\u00e9clar\u00e9e sur chaque produit. <br> <\/p>\n\n\n\n<p> Pour les produits absorb\u00e9s par la peau, les produits \u00ab Leave On \u00bb, le pourcentage minimum de la part d\u2019ingr\u00e9dients Fairtrade est de 5 %. Pour les produits rin\u00e7ables (par exemple les savons, un produit \u00ab Rinse-Off \u00bb), le pourcentage minimum est de 2 %. Au premier coup d\u2019\u0153il, cela n\u2019a pas l\u2019air franchement \u00ab \u00e9quitable \u00bb.  <\/p>\n\n\n\n<p> MAIS : par ex. l\u2019ingr\u00e9dient eau, ne sera jamais certifi\u00e9 du commerce \u00e9quitable et pourtant il entre dans la composition des cosm\u00e9tiques \u00e0 un pourcentage de 90 %. Sur tous les cosm\u00e9tiques Fairtrade, c\u2019est principalement le pourcentage avec eau (poids humide) qui est affich\u00e9. Si on devait le supprimer du calcul, alors le pourcentage de la part s\u00e8che serait bien-s\u00fbr bien plus \u00e9lev\u00e9e. C\u2019est dommage, mais ainsi sont faites les r\u00e8gles Fairtrade. Sans eau, les cosm\u00e9tiques FAIR SQUARED ont une part moyenne de plus de 35 %. Les autres pourcentages sont ceux d\u2019ingr\u00e9dients naturels n\u00e9cessaires \u00e0 un cosm\u00e9tique, dont les mati\u00e8res premi\u00e8res ne sont (pas encore) certifi\u00e9es Fairtrade. Nous restons aux aguets, car notre but est d\u2019atteindre le plus haut pourcentage Fairtrade possible, sans perte de qualit\u00e9. <\/p>\n\n\n\n<h2 class=\"wp-block-heading\"> <strong>Comment sont contr\u00f4l\u00e9s les producteurs et les commer\u00e7ants Fairtrade ?<\/strong> <\/h2>\n\n\n\n<p> Les organisations de producteurs qui ont la certification Fairtrade sont contr\u00f4l\u00e9s annuellement. Et tous les trois ans, le certificat Fairtrade doit \u00eatre renouvel\u00e9, ce qui est associ\u00e9 \u00e0 beaucoup de contr\u00f4les.  <\/p>\n\n\n\n<p> La soci\u00e9t\u00e9 de certification FLO-CERT contr\u00f4le sur place si les producteurs et les commer\u00e7ants s\u2019en tiennent aux standards Fairtrade et si les standards sociaux, \u00e9conomiques et \u00e9cologiques sont respect\u00e9s. Ils contr\u00f4lent aussi que les organisations de producteurs re\u00e7oivent le prix minimum fix\u00e9 et la prime Fairtrade. <\/p>\n\n\n\n<p>FLO-CERT est une entreprise de certification ind\u00e9pendante de Fairtrade International. L\u2019entreprise certifie les producteurs et les commer\u00e7ants dans plus de 115 pays du monde selon les standards Fairtrade. Il y a des inspecteurs sur place, \u00e0 distances r\u00e9guli\u00e8res, qui contr\u00f4lent si les standards Fairtrade sont respect\u00e9s. <\/p>\n\n\n\n<h2 class=\"wp-block-heading\"> Est-ce que l\u2019argent arrive bien chez les producteurs ? <\/h2>\n\n\n\n<p> Tout d\u2019abord, FAIR SQUARED couvre tous les ingr\u00e9dients disponibles du commerce \u00e9quitable de producteurs Fairtrade, r\u00e9guli\u00e8rement contr\u00f4l\u00e9s par la Fair Label Organisation (FLO). Non seulement un prix minimum sera vers\u00e9, mais aussi des primes Fairtrade suppl\u00e9mentaires, qui aident les travailleurs et leurs familles \u00e0 am\u00e9liorer leurs conditions de vie.  <\/p>\n\n\n\n<p> Le contr\u00f4le externe de Fairtrade (FLO) est important pour tous les acteurs de la cha\u00eene, afin que les consommateurs puissent \u00eatre s\u00fbrs que l\u2019argent Fairtrade arrive entier aux int\u00e9ress\u00e9s. Mais il existe toujours des profiteurs (aussi appel\u00e9s les \u00ab Fairwasher \u00bb), qui se disent du \u00ab commerce \u00e9quitable \u00bb ou du \u00ab Commerce \u00c9quitable \u00bb et n\u2019ont malheureusement pas de Fairtrade tra\u00e7able dans leurs produits. La confiance est la base de ce label. <\/p>\n\n\n\n<p> De plus, nous rendons visite \u00e0 nos producteurs partenaires personnellement et apr\u00e8s chaque voyage, nous sommes impressionn\u00e9s de constater \u00e0 quel point Fairtrade am\u00e9liore leurs conditions de vie. <\/p>\n\n\n\n<h2 class=\"wp-block-heading\"> Le commerce \u00e9quitable est-il vraiment \u00e9quitable&nbsp;? <\/h2>\n\n\n\n<p> Du fait qu\u2019il y a plusieurs organisations de label Fairtrade et que le commerce \u00e9quitable est en sorte constamment influenc\u00e9 par les dynamiques de la politique mondiale, il n\u2019est pas exclu que le consommateur se demande si le commerce \u00e9quitable est vraiment \u00e9quitable. Ici un recueil actuel des pens\u00e9es \/ critiques les plus courantes. \u00c0 ces questions n\u2019en r\u00e9sultent pas moins de r\u00e9ponses. Voici une petite liste de questions\/r\u00e9ponses courantes ou de critiques \u00e0 propos du commerce \u00e9quitable. Nous vous redirigeons avec plaisir sur le site internet de FLO \/Max Havelaar pour plus d\u2019informations : <\/p>\n\n\n\n<ul class=\"wp-block-list\">\n<li> Les co\u00fbts li\u00e9s \u00e0 la certification sont trop importants pour les producteurs et ils doivent \u00eatre pay\u00e9s avant qu&rsquo;il n&rsquo;y ait d\u2019acheteur. Le profiteur est le certifi\u00e9 qui la plupart du temps invente un nouveau label.  Notre r\u00e9ponse : dans le syst\u00e8me de Fairtrade, il y a un fond pour les producteurs\/coop\u00e9ratives financi\u00e8rement faibles, qui peut remplir ce gouffre financier et rendre la certification possible. <\/li>\n\n\n\n<li>  La taxe de droit de licence Fairtrade est calcul\u00e9e en pourcentage sur le prix final du produit (pour les cosm\u00e9tiques par exemple 3 %) sans que la part Fairtrade ne soit prise en compte.  Notre r\u00e9ponse : c\u2019est vrai, mais pour le cas des cosm\u00e9tique, l\u2019avantage va au droit de licence, car la plupart des cosm\u00e9tiques sont compos\u00e9s d\u2019environ 80 % d\u2019eau, qui ne peut pas \u00eatre certifi\u00e9e Fairtrade. <\/li>\n\n\n\n<li> Les agriculteurs recoivent seulement une mis\u00e8re du suppl\u00e9ment Fairtrade. Notre r\u00e9ponse : bien s\u00fbr, on peut se plaindre du fait que le commerce en Europe exige une marge nette \u00e9lev\u00e9e pour sa fonction distributive. Pour l\u2019agriculteur Fairtrade ce n\u2019est pas relevant, car ce qui lui importe c\u2019est d\u2019\u00e9couler le plus possible de sa mati\u00e8re premi\u00e8re. Et pour cela, il a besoin de beaucoup de commer\u00e7ants en Europe. Le commer\u00e7ant en Europe, n\u2019a pas la t\u00e2che facile non plus, car si on compte ses d\u00e9penses, alors il ne reste pas beaucoup de chiffre d\u2019affaire. <\/li>\n\n\n\n<li> Les profiteurs, ou \u00ab Fairwasher \u00bb peuvent faire certifier seulement un produit au lieu de toute une production ou d\u2019une gamme.  Notre r\u00e9ponse : c\u2019est vrai, mais eu final c\u2019est le consommateur qui choisit lui-m\u00eame s\u2019il fait confiance \u00e0 tel ou tel fournisseur. <\/li>\n\n\n\n<li> Il y a aussi des ouvriers migrateurs qui ne peuvent profiter aucunement du salaire minimum Fairtrade.  Notre r\u00e9ponse : Oui, c\u2019est un trou dans le syst\u00e8me Fairtrade sur lequel il faut travailler. Chez FAIR SQUARED et ses entreprises partenaires ce n\u2019est pas le cas actuellement.  <\/li>\n<\/ul>\n\n\n\n<p><\/p>\n","protected":false},"excerpt":{"rendered":"<p>FAQ sur le th\u00e8me Commerce \u00c9quitable \u201e\u00c9quitable\u201c \u2013 un mot aux sens multiples En rapport avec le Commerce \u00c9quitable, plusieurs termes diff\u00e9rents se sont d\u00e9velopp\u00e9s : \u00ab commerce \u00e9quitable \u00bb : par commerce \u00e9quitable, on entend g\u00e9n\u00e9ralement un \u00e9change juste des marchandises. Ici sont reli\u00e9s les th\u00e8mes des [&hellip;]<\/p>\n","protected":false},"author":5,"featured_media":0,"parent":1035,"menu_order":0,"comment_status":"closed","ping_status":"closed","template":"","meta":{"_acf_changed":false,"footnotes":""},"class_list":["post-6474","page","type-page","status-publish","hentry"],"acf":[],"_links":{"self":[{"href":"https:\/\/www.fairsquared.com\/fr\/wp-json\/wp\/v2\/pages\/6474","targetHints":{"allow":["GET"]}}],"collection":[{"href":"https:\/\/www.fairsquared.com\/fr\/wp-json\/wp\/v2\/pages"}],"about":[{"href":"https:\/\/www.fairsquared.com\/fr\/wp-json\/wp\/v2\/types\/page"}],"author":[{"embeddable":true,"href":"https:\/\/www.fairsquared.com\/fr\/wp-json\/wp\/v2\/users\/5"}],"replies":[{"embeddable":true,"href":"https:\/\/www.fairsquared.com\/fr\/wp-json\/wp\/v2\/comments?post=6474"}],"version-history":[{"count":2,"href":"https:\/\/www.fairsquared.com\/fr\/wp-json\/wp\/v2\/pages\/6474\/revisions"}],"predecessor-version":[{"id":19868,"href":"https:\/\/www.fairsquared.com\/fr\/wp-json\/wp\/v2\/pages\/6474\/revisions\/19868"}],"up":[{"embeddable":true,"href":"https:\/\/www.fairsquared.com\/fr\/wp-json\/wp\/v2\/pages\/1035"}],"wp:attachment":[{"href":"https:\/\/www.fairsquared.com\/fr\/wp-json\/wp\/v2\/media?parent=6474"}],"curies":[{"name":"wp","href":"https:\/\/api.w.org\/{rel}","templated":true}]}}