{"id":6377,"date":"2020-02-05T17:17:38","date_gmt":"2020-02-05T16:17:38","guid":{"rendered":"https:\/\/www.fairsquared.com\/fair-squared-ratgeber\/"},"modified":"2025-12-09T23:44:00","modified_gmt":"2025-12-09T22:44:00","slug":"notice-fair-squared","status":"publish","type":"page","link":"https:\/\/www.fairsquared.com\/fr\/fair-squared\/notice-fair-squared\/","title":{"rendered":"Notice FAIR SQUARED"},"content":{"rendered":"\n<div style=\"height:50px\" aria-hidden=\"true\" class=\"wp-block-spacer\"><\/div>\n\n\n\n<h1 class=\"wp-block-heading\"> <strong>Notice FAIR SQUARED<\/strong> <\/h1>\n\n\n\n<p> Pour le rasage intime, les coupes menstruelles ou les pr\u00e9servatifs, voici nos petits guides \u00e0 feuilleter. T\u00e9l\u00e9chargez-les et conservez-les pour plus tard. <\/p>\n\n\n              \n                <div class=\"cards-1 v2\">\n                  <div class=\"row\">\n\n                    \n                      <div class=\"col-12 col-sm-6 col-md-3\">\n\n                        \n                        <a href=\"https:\/\/www.fairsquared.com\/wp-content\/uploads\/2025\/12\/2026-Ratgeber-Zero-Waste-FR-1.pdf\" class=\"item\" target=\"_blank\">\n                          <div class=\"image\">\n                            <img decoding=\"async\" src=\"https:\/\/www.fairsquared.com\/wp-content\/uploads\/2025\/12\/Muell-Deckblatt-FR.jpg\" alt=\"\" \/>\n                          <\/div>\n                          <div class=\"text\">\n                            <h2>Nous re\u0301volutionnons les cosme\u0301tiques, pensez e\u0301quitable<\/h2>\n                            <p>En savoir plus sur notre gamme z\u00e9ro d\u00e9chet.<\/p>\n                          <\/div>\n                          <div class=\"link\">\n                            <p>T\u00e9l\u00e9charger<\/p>\n                          <\/div>\n                        <\/a>\n\n                        \n                      <\/div>\n\n                    \n                      <div class=\"col-12 col-sm-6 col-md-3\">\n\n                        \n                        <a href=\"https:\/\/www.fairsquared.com\/wp-content\/uploads\/2025\/12\/FSQ-Facial-MASK-DEFREN.pdf\" class=\"item\" target=\"_blank\">\n                          <div class=\"image\">\n                            <img decoding=\"async\" src=\"https:\/\/www.fairsquared.com\/wp-content\/uploads\/2025\/12\/Cotton-Mask_Flyer_11_2020.jpg\" alt=\"\" \/>\n                          <\/div>\n                          <div class=\"text\">\n                            <h2>Masques en coton pour le visage : astuces<\/h2>\n                            <p>Un masque en coton r\u00e9utilisable<\/p>\n                          <\/div>\n                          <div class=\"link\">\n                            <p>T\u00e9l\u00e9charger<\/p>\n                          <\/div>\n                        <\/a>\n\n                        \n                      <\/div>\n\n                    \n                      <div class=\"col-12 col-sm-6 col-md-3\">\n\n                        \n                        <a href=\"https:\/\/www.fairsquared.com\/wp-content\/uploads\/2025\/12\/Gebrauchsanweisung-Cup-FR-062024.pdf\" class=\"item\" target=\"_blank\">\n                          <div class=\"image\">\n                            <img decoding=\"async\" src=\"https:\/\/www.fairsquared.com\/wp-content\/uploads\/2020\/05\/Front_PCup_FR.jpg\" alt=\"\" \/>\n                          <\/div>\n                          <div class=\"text\">\n                            <h2>Coupe menstruelle : astuces<\/h2>\n                            <p>Pliage | insertion | utilisation | bien-\u00eatre<\/p>\n                          <\/div>\n                          <div class=\"link\">\n                            <p>T\u00e9l\u00e9charger<\/p>\n                          <\/div>\n                        <\/a>\n\n                        \n                      <\/div>\n\n                    \n                      <div class=\"col-12 col-sm-6 col-md-3\">\n\n                        \n                        <a href=\"https:\/\/www.fairsquared.com\/wp-content\/uploads\/2025\/02\/Ratgeber-Kondom-FR-20250218.pdf\" class=\"item\" target=\"_blank\">\n                          <div class=\"image\">\n                            <img decoding=\"async\" src=\"https:\/\/www.fairsquared.com\/wp-content\/uploads\/2020\/05\/Front_Kondome_FR.jpg\" alt=\"\" \/>\n                          <\/div>\n                          <div class=\"text\">\n                            <h2>Pr\u00e9servatifs : Infos<\/h2>\n                            <p>Notre savoir-faire pour une contraception \u00e9quitable<\/p>\n                          <\/div>\n                          <div class=\"link\">\n                            <p>T\u00e9l\u00e9charger<\/p>\n                          <\/div>\n                        <\/a>\n\n                        \n                      <\/div>\n\n                    \n                      <div class=\"col-12 col-sm-6 col-md-3\">\n\n                        \n                        <a href=\"https:\/\/www.fairsquared.com\/wp-content\/uploads\/2025\/12\/Ratgeber-Haarseife-FR-20200506.pdf\" class=\"item\" target=\"_blank\">\n                          <div class=\"image\">\n                            <img decoding=\"async\" src=\"https:\/\/www.fairsquared.com\/wp-content\/uploads\/2020\/05\/Front_Haarseifen-Umstieg_FR.jpg\" alt=\"\" \/>\n                          <\/div>\n                          <div class=\"text\">\n                            <h2>Du shampooing au savon solide : les notices<\/h2>\n                            <p>Rapide introduction pour se laver les cheveux au savon<\/p>\n                          <\/div>\n                          <div class=\"link\">\n                            <p>T\u00e9l\u00e9charger<\/p>\n                          <\/div>\n                        <\/a>\n\n                        \n                      <\/div>\n\n                    \n                  <\/div>\n                <\/div>\n\n              \n\n              ","protected":false},"excerpt":{"rendered":"<p>Notice FAIR SQUARED Pour le rasage intime, les coupes menstruelles ou les pr\u00e9servatifs, voici nos petits guides \u00e0 feuilleter. T\u00e9l\u00e9chargez-les et conservez-les pour plus tard.<\/p>\n","protected":false},"author":5,"featured_media":0,"parent":1004,"menu_order":4,"comment_status":"closed","ping_status":"closed","template":"","meta":{"_acf_changed":false,"footnotes":""},"class_list":["post-6377","page","type-page","status-publish","hentry"],"acf":[],"_links":{"self":[{"href":"https:\/\/www.fairsquared.com\/fr\/wp-json\/wp\/v2\/pages\/6377","targetHints":{"allow":["GET"]}}],"collection":[{"href":"https:\/\/www.fairsquared.com\/fr\/wp-json\/wp\/v2\/pages"}],"about":[{"href":"https:\/\/www.fairsquared.com\/fr\/wp-json\/wp\/v2\/types\/page"}],"author":[{"embeddable":true,"href":"https:\/\/www.fairsquared.com\/fr\/wp-json\/wp\/v2\/users\/5"}],"replies":[{"embeddable":true,"href":"https:\/\/www.fairsquared.com\/fr\/wp-json\/wp\/v2\/comments?post=6377"}],"version-history":[{"count":5,"href":"https:\/\/www.fairsquared.com\/fr\/wp-json\/wp\/v2\/pages\/6377\/revisions"}],"predecessor-version":[{"id":19786,"href":"https:\/\/www.fairsquared.com\/fr\/wp-json\/wp\/v2\/pages\/6377\/revisions\/19786"}],"up":[{"embeddable":true,"href":"https:\/\/www.fairsquared.com\/fr\/wp-json\/wp\/v2\/pages\/1004"}],"wp:attachment":[{"href":"https:\/\/www.fairsquared.com\/fr\/wp-json\/wp\/v2\/media?parent=6377"}],"curies":[{"name":"wp","href":"https:\/\/api.w.org\/{rel}","templated":true}]}}