{"id":5998,"date":"2020-02-18T18:20:04","date_gmt":"2020-02-18T17:20:04","guid":{"rendered":"https:\/\/www.fairsquared.com\/fair-squared-entdecken\/"},"modified":"2025-12-01T18:25:12","modified_gmt":"2025-12-01T17:25:12","slug":"start","status":"publish","type":"page","link":"https:\/\/www.fairsquared.com\/fr\/","title":{"rendered":"Start"},"content":{"rendered":"\n<h1 class=\"wp-block-heading\">Durable et plein de fra\u00eecheur &#8211; d\u00e9couvrez FAIR SQUARED<\/h1>\n\n\n              \n\n                \n                  <div class=\"cards-1\">\n                    <div class=\"row\">\n\n                    \n                      <div class=\"col-12 col-sm-6 col-md-4\">\n                        <a href=\"https:\/\/www.fairsquared.com\/fr\/fair-squared\/production-de-savon\/\" class=\"item\">\n                          <div class=\"image\">\n                            <img decoding=\"async\" src=\"https:\/\/www.fairsquared.com\/wp-content\/uploads\/2025\/12\/Seife-1.jpg\" alt=\"\" \/>\n                          <\/div>\n                          <div class=\"text\">\n                            <h2>Notre ma\u00eetre savonnier d&rsquo;Alep<\/h2>\n                            <p>Mohamad donne une nouvelle dimension \u00e0 FAIR SQUARED<\/p>\n                          <\/div>\n                          <div class=\"link\">\n                            <p>Plus d&rsquo;informations<\/p>\n                          <\/div>\n                        <\/a>\n                      <\/div>\n\n                    \n                      <div class=\"col-12 col-sm-6 col-md-4\">\n                        <a href=\"https:\/\/www.fairsquared.com\/fr\/produits\/diy-soins-de-beaute\/\" class=\"item\">\n                          <div class=\"image\">\n                            <img decoding=\"async\" src=\"https:\/\/www.fairsquared.com\/wp-content\/uploads\/2021\/09\/Shave.jpg\" alt=\"\" \/>\n                          <\/div>\n                          <div class=\"text\">\n                            <h2>NOUVEAU : Avec de l&rsquo;huile de noix de coco, du beurre de karit\u00e9 et de l&rsquo;huile d&rsquo;olive<\/h2>\n                            <p>Le savon de rasage solide sp\u00e9cialement con\u00e7u pour votre visage<\/p>\n                          <\/div>\n                          <div class=\"link\">\n                            <p>Plus d&rsquo;informations<\/p>\n                          <\/div>\n                        <\/a>\n                      <\/div>\n\n                    \n                      <div class=\"col-12 col-sm-6 col-md-4\">\n                        <a href=\"https:\/\/www.fairsquared.com\/fr\/fair-squared\/faq\/zero-dechet\/\" class=\"item\">\n                          <div class=\"image\">\n                            <img decoding=\"async\" src=\"https:\/\/www.fairsquared.com\/wp-content\/uploads\/2020\/02\/start-zero-waste-kreislauf.jpg\" alt=\"Zero Waste Kreislauf\" \/>\n                          <\/div>\n                          <div class=\"text\">\n                            <h2>Cosm\u00e9tiques naturels z\u00e9ro d\u00e9chet<\/h2>\n                            <p>R\u00e9duisons nos d\u00e9chets<\/p>\n                          <\/div>\n                          <div class=\"link\">\n                            <p>Plus d&rsquo;informations<\/p>\n                          <\/div>\n                        <\/a>\n                      <\/div>\n\n                    \n                    <\/div>\n                  <\/div>\n\n                \n\n\n<h2 class=\"wp-block-heading\">JUSTE POUR L&rsquo;HOMME, L&rsquo;ENVIRONNEMENT ET LA NATURE<\/h2>\n\n\n\n<p>Unis par notre passion pour le commerce \u00e9quitable et la durabilit\u00e9, nous nous orientons vers les 17 objectifs de d\u00e9veloppement durable, appel\u00e9s Sustainable Development Goals (SDG), d\u00e9finis par les Nations Unies en 2015. Nous accordons une importance particuli\u00e8re \u00e0 l&rsquo;\u00e9radication de la pauvret\u00e9 et de la faim, \u00e0 l&rsquo;acc\u00e8s \u00e0 l&rsquo;eau potable et \u00e0 l&rsquo;assainissement, \u00e0 des soins de sant\u00e9 de qualit\u00e9 et \u00e0 une \u00e9ducation de qualit\u00e9, \u00e0 l&rsquo;\u00e9galit\u00e9 des sexes, \u00e0 la promotion des \u00e9nergies renouvelables, au d\u00e9veloppement d&rsquo;une consommation responsable, \u00e0 la protection du climat et \u00e0 la pr\u00e9servation de la vie sous l&rsquo;eau et sur terre. Nous mettons cela en \u0153uvre gr\u00e2ce \u00e0 la collaboration avec nos partenaires certifi\u00e9s et au contr\u00f4le ind\u00e9pendant continu de nos normes qui en d\u00e9coule : Le label Fairtrade garantit un prix \u00e9quitable \u00e0 nos producteurs ainsi qu&rsquo;une prime qui doit \u00eatre utilis\u00e9e pour l&rsquo;aide au d\u00e9veloppement, c&rsquo;est-\u00e0-dire pour l&rsquo;am\u00e9lioration des conditions de vie. Cependant, comme le caoutchouc naturel ne fait pas partie des mati\u00e8res premi\u00e8res Fairtrade, nous sommes \u00e9galement membre fondateur de Fair Rubber e.V., qui applique les principes du commerce \u00e9quitable au \u00ab caoutchouc \u00bb. Nos pr\u00e9servatifs et nos coupes menstruelles sont donc \u00e9galement certifi\u00e9s issus du commerce \u00e9quitable. Le label The Vegan Society garantit que nos produits sont exempts de tout ingr\u00e9dient d&rsquo;origine animale. FAIR SQUARED est un choix s\u00fbr pour les personnes v\u00e9g\u00e9taliennes et, comme la plupart de nos produits sont \u00e9galement certifi\u00e9s halal, pour les personnes musulmanes.<\/p>\n\n\n\n<h2 class=\"wp-block-heading\">Nous misons sur la force de la nature<\/h2>\n\n\n\n<p>Nous misons sur la force de la nature. Tous nos produits cosm\u00e9tiques FAIR SQUARED sont fabriqu\u00e9s selon les principes de la cosm\u00e9tique naturelle. Cela signifie que nos produits sont fabriqu\u00e9s exclusivement \u00e0 partir d&rsquo;ingr\u00e9dients naturels. Tous les produits sont exempts d&rsquo;OGM, de microplastiques, d&rsquo;huile de palme, d&rsquo;huiles min\u00e9rales, de produits p\u00e9trochimiques, de parfums synth\u00e9tiques et de conservateurs artificiels. Les formules des produits FAIR SQUARED sont d\u00e9velopp\u00e9es en interne et contr\u00f4l\u00e9es en permanence.<\/p>\n\n\n\n<h2 class=\"wp-block-heading\">ADIEU LE PLASTIQUE \u2013 L&rsquo;AVENIR EST Z\u00c9RO D\u00c9CHET<\/h2>\n\n\n\n<p>Conform\u00e9ment aux ODD relatifs \u00e0 la protection du climat, nous avons \u00e9galement pris conscience du probl\u00e8me majeur que repr\u00e9sentent les emballages plastiques et avons agi en cons\u00e9quence. Seuls 9 % des d\u00e9chets plastiques produits dans le monde sont recycl\u00e9s, 12 % sont incin\u00e9r\u00e9s et la grande majorit\u00e9, soit 79 %, est mise en d\u00e9charge ou jet\u00e9e dans la nature. En 2050, il pourrait donc y avoir plus de plastique que de poissons dans les oc\u00e9ans. Nous voulons absolument contrer cette \u00e9volution et avons donc supprim\u00e9 tout plastique inutile de notre gamme et sommes pass\u00e9s au verre depuis avril 2020. Avec l&rsquo;introduction de notre syst\u00e8me r\u00e9utilisable z\u00e9ro d\u00e9chet, nous apportons une contribution suppl\u00e9mentaire et prolongeons la dur\u00e9e de vie des emballages de 6 mois en moyenne \u00e0 plusieurs ann\u00e9es !<\/p>\n\n\n\n<p>Des relations commerciales \u00e9quitables, la responsabilit\u00e9 \u00e9cologique et un refus cat\u00e9gorique du travail des enfants et de l&rsquo;exp\u00e9rimentation animale font bien s\u00fbr \u00e9galement partie de nos principes. Qu&rsquo;est-ce qui fait encore partie de FAIR SQUARED pour nous ? Une \u00e9quipe multiculturelle et engag\u00e9e qui aspire \u00e0 rendre le monde un peu meilleur. La discrimination \u00e0 tous les niveaux (notamment le sexisme, le racisme, l&rsquo;homophobie, le capacitisme) n&rsquo;a pas sa place chez nous et nous nous y opposons clairement.<\/p>\n\n\n\n<p><\/p>\n","protected":false},"excerpt":{"rendered":"<p>Durable et plein de fra\u00eecheur &#8211; d\u00e9couvrez FAIR SQUARED JUSTE POUR L&rsquo;HOMME, L&rsquo;ENVIRONNEMENT ET LA NATURE Unis par notre passion pour le commerce \u00e9quitable et la durabilit\u00e9, nous nous orientons vers les 17 objectifs de d\u00e9veloppement durable, appel\u00e9s Sustainable Development Goals (SDG), d\u00e9finis par les Nations Unies en [&hellip;]<\/p>\n","protected":false},"author":2,"featured_media":0,"parent":0,"menu_order":1,"comment_status":"closed","ping_status":"closed","template":"","meta":{"_acf_changed":false,"footnotes":""},"class_list":["post-5998","page","type-page","status-publish","hentry"],"acf":[],"_links":{"self":[{"href":"https:\/\/www.fairsquared.com\/fr\/wp-json\/wp\/v2\/pages\/5998","targetHints":{"allow":["GET"]}}],"collection":[{"href":"https:\/\/www.fairsquared.com\/fr\/wp-json\/wp\/v2\/pages"}],"about":[{"href":"https:\/\/www.fairsquared.com\/fr\/wp-json\/wp\/v2\/types\/page"}],"author":[{"embeddable":true,"href":"https:\/\/www.fairsquared.com\/fr\/wp-json\/wp\/v2\/users\/2"}],"replies":[{"embeddable":true,"href":"https:\/\/www.fairsquared.com\/fr\/wp-json\/wp\/v2\/comments?post=5998"}],"version-history":[{"count":6,"href":"https:\/\/www.fairsquared.com\/fr\/wp-json\/wp\/v2\/pages\/5998\/revisions"}],"predecessor-version":[{"id":19606,"href":"https:\/\/www.fairsquared.com\/fr\/wp-json\/wp\/v2\/pages\/5998\/revisions\/19606"}],"wp:attachment":[{"href":"https:\/\/www.fairsquared.com\/fr\/wp-json\/wp\/v2\/media?parent=5998"}],"curies":[{"name":"wp","href":"https:\/\/api.w.org\/{rel}","templated":true}]}}