{"id":18829,"date":"2021-09-03T17:09:41","date_gmt":"2021-09-03T15:09:41","guid":{"rendered":"https:\/\/www.fairsquared.com\/boutique\/shop-locator\/"},"modified":"2025-06-17T11:49:11","modified_gmt":"2025-06-17T09:49:11","slug":"shop-locator","status":"publish","type":"page","link":"https:\/\/www.fairsquared.com\/fr\/boutique\/shop-locator\/","title":{"rendered":"Shop Locator"},"content":{"rendered":"\n<h2 class=\"wp-block-heading\">FAIR SQUARED Shop Locator<\/h2>\n\n\n\n<p>Trouvez un Beauty Bar FAIR SQUARED pr\u00e8s de chez vous.<\/p>\n\n\n <div class=\"brlbs-cmpnt-container brlbs-cmpnt-content-blocker brlbs-cmpnt-with-individual-styles\" data-borlabs-cookie-content-blocker-id=\"google-maps-wpsl\" data-borlabs-cookie-content=\"PHN0eWxlPg0KCSN3cHNsLXN0b3JlcyAud3BzbC1zdG9yZS10aHVtYiB7aGVpZ2h0OjQ1cHggIWltcG9ydGFudDsgd2lkdGg6NDVweCAhaW1wb3J0YW50O30NCgkjd3BzbC1zdG9yZXMsICN3cHNsLWRpcmVjdGlvbi1kZXRhaWxzLCAjd3BzbC1nbWFwIHtoZWlnaHQ6MzUwcHggIWltcG9ydGFudDt9DQoJI3dwc2wtZ21hcCAud3BzbC1pbmZvLXdpbmRvdyB7bWF4LXdpZHRoOjIyNXB4ICFpbXBvcnRhbnQ7fQ0KCS53cHNsLWlucHV0IGxhYmVsLCAjd3BzbC1yYWRpdXMgbGFiZWwsICN3cHNsLWNhdGVnb3J5IGxhYmVsIHt3aWR0aDo5NXB4O30NCgkjd3BzbC1zZWFyY2gtaW5wdXQgIHt3aWR0aDoxNzlweDt9DQo8L3N0eWxlPg0KPGRpdiBpZD0id3BzbC13cmFwIj4NCgk8ZGl2IGNsYXNzPSJ3cHNsLXNlYXJjaCB3cHNsLWNsZWFyZml4ICI+DQoJCTxkaXYgaWQ9Indwc2wtc2VhcmNoLXdyYXAiPg0KCQkJPGZvcm0gYXV0b2NvbXBsZXRlPSJvZmYiPg0KCQkJPGRpdiBjbGFzcz0id3BzbC1pbnB1dCI+DQoJCQkJPGRpdj48bGFiZWwgZm9yPSJ3cHNsLXNlYXJjaC1pbnB1dCI+WW91ciBsb2NhdGlvbjwvbGFiZWw+PC9kaXY+DQoJCQkJPGlucHV0IGlkPSJ3cHNsLXNlYXJjaC1pbnB1dCIgdHlwZT0idGV4dCIgdmFsdWU9IiIgbmFtZT0id3BzbC1zZWFyY2gtaW5wdXQiIHBsYWNlaG9sZGVyPSIiIGFyaWEtcmVxdWlyZWQ9InRydWUiIC8+DQoJCQk8L2Rpdj4NCgkJCTxkaXYgY2xhc3M9Indwc2wtc2VsZWN0LXdyYXAiPg0KCQkJCTxkaXYgaWQ9Indwc2wtcmFkaXVzIj4NCgkJCQkJPGxhYmVsIGZvcj0id3BzbC1yYWRpdXMtZHJvcGRvd24iPlNlYXJjaCByYWRpdXM8L2xhYmVsPg0KCQkJCQk8c2VsZWN0IGlkPSJ3cHNsLXJhZGl1cy1kcm9wZG93biIgY2xhc3M9Indwc2wtZHJvcGRvd24iIG5hbWU9Indwc2wtcmFkaXVzIj4NCgkJCQkJCTxvcHRpb24gdmFsdWU9IjEwIj4xMCBrbTwvb3B0aW9uPjxvcHRpb24gdmFsdWU9IjI1Ij4yNSBrbTwvb3B0aW9uPjxvcHRpb24gc2VsZWN0ZWQ9InNlbGVjdGVkIiB2YWx1ZT0iNTAiPjUwIGttPC9vcHRpb24+PG9wdGlvbiB2YWx1ZT0iMTAwIj4xMDAga208L29wdGlvbj48b3B0aW9uIHZhbHVlPSIyMDAiPjIwMCBrbTwvb3B0aW9uPjxvcHRpb24gdmFsdWU9IjUwMCI+NTAwIGttPC9vcHRpb24+PG9wdGlvbiB2YWx1ZT0iMTAwMCI+MTAwMCBrbTwvb3B0aW9uPg0KCQkJCQk8L3NlbGVjdD4NCgkJCQk8L2Rpdj4NCgkJCQk8ZGl2IGlkPSJ3cHNsLXJlc3VsdHMiPg0KCQkJCQk8bGFiZWwgZm9yPSJ3cHNsLXJlc3VsdHMtZHJvcGRvd24iPlJlc3VsdHM8L2xhYmVsPg0KCQkJCQk8c2VsZWN0IGlkPSJ3cHNsLXJlc3VsdHMtZHJvcGRvd24iIGNsYXNzPSJ3cHNsLWRyb3Bkb3duIiBuYW1lPSJ3cHNsLXJlc3VsdHMiPg0KCQkJCQkJPG9wdGlvbiBzZWxlY3RlZD0ic2VsZWN0ZWQiIHZhbHVlPSIyNSI+MjU8L29wdGlvbj48b3B0aW9uIHZhbHVlPSI1MCI+NTA8L29wdGlvbj48b3B0aW9uIHZhbHVlPSI3NSI+NzU8L29wdGlvbj48b3B0aW9uIHZhbHVlPSIxMDAiPjEwMDwvb3B0aW9uPjxvcHRpb24gdmFsdWU9IjIwMCI+MjAwPC9vcHRpb24+DQoJCQkJCTwvc2VsZWN0Pg0KCQkJCTwvZGl2Pg0KCQkJPC9kaXY+DQoJCQkJPGRpdiBjbGFzcz0id3BzbC1zZWFyY2gtYnRuLXdyYXAiPjxpbnB1dCBpZD0id3BzbC1zZWFyY2gtYnRuIiB0eXBlPSJzdWJtaXQiIHZhbHVlPSJTZWFyY2giPjwvZGl2Pg0KCQk8L2Zvcm0+DQoJCTwvZGl2Pg0KCTwvZGl2Pg0KCTxkaXYgaWQ9Indwc2wtZ21hcCIgY2xhc3M9Indwc2wtZ21hcC1jYW52YXMiPjwvZGl2Pg0KCTxkaXYgaWQ9Indwc2wtcmVzdWx0LWxpc3QiPg0KCQk8ZGl2IGlkPSJ3cHNsLXN0b3JlcyIgPg0KCQkJPHVsPjwvdWw+DQoJCTwvZGl2Pg0KCQk8ZGl2IGlkPSJ3cHNsLWRpcmVjdGlvbi1kZXRhaWxzIj4NCgkJCTx1bD48L3VsPg0KCQk8L2Rpdj4NCgk8L2Rpdj4NCjwvZGl2Pg0K\"><div class=\"brlbs-cmpnt-cb-preset-b brlbs-cmpnt-cb-google-maps-wpsl\"> <div class=\"brlbs-cmpnt-cb-thumbnail\" style=\"background-image: url('https:\/\/www.fairsquared.com\/wp-content\/uploads\/borlabs-cookie\/1\/brlbs-cb-google-maps-main.png')\"><\/div> <div class=\"brlbs-cmpnt-cb-main\"> <div class=\"brlbs-cmpnt-cb-content\"> <p class=\"brlbs-cmpnt-cb-description\">Vous \u00eates actuellement en train de consulter le contenu d'un espace r\u00e9serv\u00e9 de <strong>Google Maps<\/strong>. Pour acc\u00e9der au contenu r\u00e9el, cliquez sur le bouton ci-dessous. Veuillez noter que ce faisant, des donn\u00e9es seront partag\u00e9es avec des providers tiers.<\/p> <a class=\"brlbs-cmpnt-cb-provider-toggle\" href=\"#\" data-borlabs-cookie-show-provider-information role=\"button\">Plus d'informations<\/a> <\/div> <div class=\"brlbs-cmpnt-cb-buttons\"> <a class=\"brlbs-cmpnt-cb-btn\" href=\"#\" data-borlabs-cookie-unblock role=\"button\">D\u00e9bloquer le contenu<\/a> <a class=\"brlbs-cmpnt-cb-btn\" href=\"#\" data-borlabs-cookie-accept-service role=\"button\" style=\"display: inherit\">Accepter le service requis et d\u00e9bloquer les contenus<\/a> <\/div> <\/div> <\/div><\/div>\n","protected":false},"excerpt":{"rendered":"<p>FAIR SQUARED Shop Locator Trouvez un Beauty Bar FAIR SQUARED pr\u00e8s de chez vous.<\/p>\n","protected":false},"author":2,"featured_media":0,"parent":1186,"menu_order":0,"comment_status":"closed","ping_status":"closed","template":"","meta":{"_acf_changed":false,"footnotes":""},"class_list":["post-18829","page","type-page","status-publish","hentry"],"acf":[],"_links":{"self":[{"href":"https:\/\/www.fairsquared.com\/fr\/wp-json\/wp\/v2\/pages\/18829","targetHints":{"allow":["GET"]}}],"collection":[{"href":"https:\/\/www.fairsquared.com\/fr\/wp-json\/wp\/v2\/pages"}],"about":[{"href":"https:\/\/www.fairsquared.com\/fr\/wp-json\/wp\/v2\/types\/page"}],"author":[{"embeddable":true,"href":"https:\/\/www.fairsquared.com\/fr\/wp-json\/wp\/v2\/users\/2"}],"replies":[{"embeddable":true,"href":"https:\/\/www.fairsquared.com\/fr\/wp-json\/wp\/v2\/comments?post=18829"}],"version-history":[{"count":1,"href":"https:\/\/www.fairsquared.com\/fr\/wp-json\/wp\/v2\/pages\/18829\/revisions"}],"predecessor-version":[{"id":18830,"href":"https:\/\/www.fairsquared.com\/fr\/wp-json\/wp\/v2\/pages\/18829\/revisions\/18830"}],"up":[{"embeddable":true,"href":"https:\/\/www.fairsquared.com\/fr\/wp-json\/wp\/v2\/pages\/1186"}],"wp:attachment":[{"href":"https:\/\/www.fairsquared.com\/fr\/wp-json\/wp\/v2\/media?parent=18829"}],"curies":[{"name":"wp","href":"https:\/\/api.w.org\/{rel}","templated":true}]}}