{"id":18756,"date":"2025-06-06T23:02:13","date_gmt":"2025-06-06T21:02:13","guid":{"rendered":"https:\/\/www.fairsquared.com\/?page_id=18756"},"modified":"2025-06-06T23:08:34","modified_gmt":"2025-06-06T21:08:34","slug":"programme-daffiliation-fair-squared","status":"publish","type":"page","link":"https:\/\/www.fairsquared.com\/fr\/partenaires\/programme-daffiliation-fair-squared\/","title":{"rendered":"Programme d&rsquo;affiliation Fair Squared"},"content":{"rendered":"\n<p>En tant que <strong>partenaire affili\u00e9<\/strong>, vous recevez votre propre <strong>code promo<\/strong> personnel que vous pouvez partager avec votre communaut\u00e9. Vos followers b\u00e9n\u00e9ficient d&rsquo;une <strong>r\u00e9duction exclusive <\/strong>sur tous leurs achats dans notre boutique en ligne et vous recevez en contrepartie une <strong>commission pour chaque commande valid\u00e9e<\/strong>.<\/p>\n\n\n\n<p><strong>Vos avantages en tant que partenaire :<\/strong><\/p>\n\n\n\n<ul class=\"wp-block-list\">\n<li><strong>Une commission attractive<\/strong> pour chaque commande pass\u00e9e avec ton code ( % du chiffre d&rsquo;affaires, selon accord)<\/li>\n\n\n\n<li><strong>Un suivi simple<\/strong> : chaque commande pass\u00e9e avec ton code promo t&rsquo;est attribu\u00e9e de mani\u00e8re unique<\/li>\n\n\n\n<li><strong>Aucun obstacle technique<\/strong> : il te suffit de partager le code<\/li>\n\n\n\n<li><strong>Paiement flexible<\/strong> : mensuel ou selon accord<\/li>\n<\/ul>\n\n\n\n<p><strong>Facturation et transparence<\/strong><\/p>\n\n\n\n<p>Nous \u00e9valuons chaque mois la fr\u00e9quence d&rsquo;utilisation de ton code et le chiffre d&rsquo;affaires qu&rsquo;il a g\u00e9n\u00e9r\u00e9. Tu re\u00e7ois un r\u00e9capitulatif et ta commission est vers\u00e9e dans les d\u00e9lais convenus.<\/p>\n\n\n\n<p>Si tu as des questions ou si tu souhaites te lancer directement, n&rsquo;h\u00e9site pas \u00e0 nous contacter \u00e0 l&rsquo;adresse i&#110;&#102;&#111;&#x40;&#x66;&#x61;ir&#115;&#113;&#x75;&#x61;&#x72;&#x65;d&#46;&#99;&#111;&#x6d;. Nous nous r\u00e9jouissons de collaborer avec toi !<\/p>\n","protected":false},"excerpt":{"rendered":"<p>En tant que partenaire affili\u00e9, vous recevez votre propre code promo personnel que vous pouvez partager avec votre communaut\u00e9. Vos followers b\u00e9n\u00e9ficient d&rsquo;une r\u00e9duction exclusive sur tous leurs achats dans notre boutique en ligne et vous recevez en contrepartie une commission pour chaque commande valid\u00e9e. Vos avantages en [&hellip;]<\/p>\n","protected":false},"author":8,"featured_media":0,"parent":1156,"menu_order":4,"comment_status":"closed","ping_status":"closed","template":"","meta":{"_acf_changed":false,"footnotes":""},"class_list":["post-18756","page","type-page","status-publish","hentry"],"acf":[],"_links":{"self":[{"href":"https:\/\/www.fairsquared.com\/fr\/wp-json\/wp\/v2\/pages\/18756","targetHints":{"allow":["GET"]}}],"collection":[{"href":"https:\/\/www.fairsquared.com\/fr\/wp-json\/wp\/v2\/pages"}],"about":[{"href":"https:\/\/www.fairsquared.com\/fr\/wp-json\/wp\/v2\/types\/page"}],"author":[{"embeddable":true,"href":"https:\/\/www.fairsquared.com\/fr\/wp-json\/wp\/v2\/users\/8"}],"replies":[{"embeddable":true,"href":"https:\/\/www.fairsquared.com\/fr\/wp-json\/wp\/v2\/comments?post=18756"}],"version-history":[{"count":0,"href":"https:\/\/www.fairsquared.com\/fr\/wp-json\/wp\/v2\/pages\/18756\/revisions"}],"up":[{"embeddable":true,"href":"https:\/\/www.fairsquared.com\/fr\/wp-json\/wp\/v2\/pages\/1156"}],"wp:attachment":[{"href":"https:\/\/www.fairsquared.com\/fr\/wp-json\/wp\/v2\/media?parent=18756"}],"curies":[{"name":"wp","href":"https:\/\/api.w.org\/{rel}","templated":true}]}}