{"id":18639,"date":"2025-05-12T17:52:52","date_gmt":"2025-05-12T15:52:52","guid":{"rendered":"https:\/\/www.fairsquared.com\/beauty-bar\/"},"modified":"2025-05-23T06:15:20","modified_gmt":"2025-05-23T04:15:20","slug":"beauty-bar","status":"publish","type":"page","link":"https:\/\/www.fairsquared.com\/fr\/beauty-bar\/","title":{"rendered":"Beauty Bar"},"content":{"rendered":"\n<div style=\"height:60px\" aria-hidden=\"true\" class=\"wp-block-spacer\"><\/div>\n\n\n\n<div class=\"wp-block-columns is-layout-flex wp-container-core-columns-is-layout-9d6595d7 wp-block-columns-is-layout-flex\">\n<div class=\"wp-block-column is-layout-flow wp-block-column-is-layout-flow\" style=\"flex-basis:33.33%\">\n<figure class=\"wp-block-image size-full\"><img loading=\"lazy\" decoding=\"async\" width=\"800\" height=\"800\" src=\"https:\/\/www.fairsquared.com\/wp-content\/uploads\/2025\/05\/fair_squared_beautybar.jpg\" alt=\"FAIR SQUARED Beautybar\" class=\"wp-image-18653\" srcset=\"https:\/\/www.fairsquared.com\/wp-content\/uploads\/2025\/05\/fair_squared_beautybar.jpg 800w, https:\/\/www.fairsquared.com\/wp-content\/uploads\/2025\/05\/fair_squared_beautybar-768x768.jpg 768w, https:\/\/www.fairsquared.com\/wp-content\/uploads\/2025\/05\/fair_squared_beautybar-150x150.jpg 150w\" sizes=\"(max-width: 800px) 100vw, 800px\" \/><\/figure>\n<\/div>\n\n\n\n<div class=\"wp-block-column is-layout-flow wp-block-column-is-layout-flow\" style=\"flex-basis:66.66%\">\n<h1 class=\"wp-block-heading\">Bienvenue dans la section T\u00e9l\u00e9chargements du FAIR SQUARED BEAUTY BAR.<\/h1>\n\n\n\n<div style=\"height:40px\" aria-hidden=\"true\" class=\"wp-block-spacer\"><\/div>\n\n\n\n<p class=\"has-medium-font-size\"><strong>Cette offre s&rsquo;adresse exclusivement aux revendeurs de notre syst\u00e8me en boucle ferm\u00e9e pour produits cosm\u00e9tiques.<\/strong><\/p>\n\n\n\n<p class=\"has-medium-font-size\"><strong>Vous trouverez ci-dessous des t\u00e9l\u00e9chargements pour les \u00e9l\u00e9ments de notre syst\u00e8me.<\/strong><\/p>\n\n\n\n<hr class=\"wp-block-separator has-css-opacity\"\/>\n\n\n\n<h2 class=\"wp-block-heading has-text-align-center\">MANUEL<\/h2>\n\n\n\n<p class=\"has-text-align-center\">Veuillez d&rsquo;abord vous familiariser avec le manuel, dans lequel vous trouverez \u00e9galement une formation sur le produit.<\/p>\n\n\n\n<div data-wp-interactive=\"core\/file\" class=\"wp-block-file\"><object data-wp-bind--hidden=\"!state.hasPdfPreview\" hidden class=\"wp-block-file__embed\" data=\"https:\/\/www.fairsquared.com\/wp-content\/uploads\/2025\/05\/2025-FSQ-BEAUTYBAR-Schulung-FR-2.pdf\" type=\"application\/pdf\" style=\"width:100%;height:600px\" aria-label=\"Contenu embarqu\u00e9 2025-FSQ-BEAUTYBAR-Schulung-FR.\"><\/object><a id=\"wp-block-file--media-b5d864ee-c437-4e4e-9ac1-6ed69731a755\" href=\"https:\/\/www.fairsquared.com\/wp-content\/uploads\/2025\/05\/2025-FSQ-BEAUTYBAR-Schulung-FR-2.pdf\">2025-FSQ-BEAUTYBAR-Schulung-FR<\/a><a href=\"https:\/\/www.fairsquared.com\/wp-content\/uploads\/2025\/05\/2025-FSQ-BEAUTYBAR-Schulung-FR-2.pdf\" class=\"wp-block-file__button wp-element-button\" download aria-describedby=\"wp-block-file--media-b5d864ee-c437-4e4e-9ac1-6ed69731a755\">Herunterladen<\/a><\/div>\n\n\n\n<div style=\"height:30px\" aria-hidden=\"true\" class=\"wp-block-spacer\"><\/div>\n\n\n\n<p class=\"has-text-align-center has-small-font-size\">(Download FSQ manuel \/ formation sur les produits)<\/p>\n\n\n\n<hr class=\"wp-block-separator has-css-opacity\"\/>\n\n\n\n<h2 class=\"wp-block-heading has-text-align-center\">\u00c9TIQUETTE DU PRODUIT<\/h2>\n\n\n\n<p class=\"has-text-align-center\">Pour un \u00e9tiquetage correct des cosm\u00e9tiques \u00e0 remplir soi-m\u00eame, veuillez utiliser l&rsquo;\u00e9tiquette produit \u00ab\u00a0FSQ BEAUTY BAR\u00a0\u00bb. Vous pouvez l&rsquo;imprimer vous-m\u00eame sur des \u00e9tiquettes de format 105 x 35 mm, en quantit\u00e9 illimit\u00e9e. Des \u00e9tiquettes vierges sont disponibles aupr\u00e8s d&rsquo;Avery Zweckform 3423.<\/p>\n\n\n\n<div style=\"height:30px\" aria-hidden=\"true\" class=\"wp-block-spacer\"><\/div>\n\n\n\n<div data-wp-interactive=\"core\/file\" class=\"wp-block-file aligncenter\"><object data-wp-bind--hidden=\"!state.hasPdfPreview\" hidden class=\"wp-block-file__embed\" data=\"https:\/\/www.fairsquared.com\/wp-content\/uploads\/2025\/05\/2025-FSQ-BEAUTY-BAR-Produktlabel-FR-10535-A4Bogen.pdf\" type=\"application\/pdf\" style=\"width:100%;height:600px\" aria-label=\"Contenu embarqu\u00e9 2025-FSQ-BEAUTY-BAR-Produktlabel-FR-10535-A4Bogen.\"><\/object><a id=\"wp-block-file--media-e48f0854-07cd-4559-91f2-224e63f0e485\" href=\"https:\/\/www.fairsquared.com\/wp-content\/uploads\/2025\/05\/2025-FSQ-BEAUTY-BAR-Produktlabel-FR-10535-A4Bogen.pdf\">2025-FSQ-BEAUTY-BAR-Produktlabel-FR-10535-A4Bogen<\/a><a href=\"https:\/\/www.fairsquared.com\/wp-content\/uploads\/2025\/05\/2025-FSQ-BEAUTY-BAR-Produktlabel-FR-10535-A4Bogen.pdf\" class=\"wp-block-file__button wp-element-button\" download aria-describedby=\"wp-block-file--media-e48f0854-07cd-4559-91f2-224e63f0e485\">Download<\/a><\/div>\n\n\n\n<p class=\"has-text-align-center has-small-font-size\">FSQ BEAUTY BAR \u00c9TIQUETTE DU PRODUIT<\/p>\n\n\n\n<hr class=\"wp-block-separator has-css-opacity\"\/>\n\n\n\n<h2 class=\"wp-block-heading has-text-align-center\">INCIS<\/h2>\n\n\n\n<p class=\"has-text-align-center\">Vous \u00eates tenu de montrer aux clients l&rsquo;INCIS des produits respectifs (et de prendre des photos sans papier) ou de leur remettre une impression.<\/p>\n\n\n\n<div class=\"wp-block-file\"><a id=\"wp-block-file--media-4692e186-c97a-41fd-84ea-89d323bff5e9\" href=\"https:\/\/www.fairsquared.com\/wp-content\/uploads\/2025\/02\/2025-FSQ-INCI-A4.zip\">2025-FSQ INCI A4<\/a><a href=\"https:\/\/www.fairsquared.com\/wp-content\/uploads\/2025\/02\/2025-FSQ-INCI-A4.zip\" class=\"wp-block-file__button wp-element-button\" download aria-describedby=\"wp-block-file--media-4692e186-c97a-41fd-84ea-89d323bff5e9\">Download<\/a><\/div>\n\n\n\n<div style=\"height:30px\" aria-hidden=\"true\" class=\"wp-block-spacer\"><\/div>\n\n\n\n<p class=\"has-text-align-center has-small-font-size\">INCIS<\/p>\n\n\n\n<hr class=\"wp-block-separator has-css-opacity\"\/>\n\n\n\n<h2 class=\"wp-block-heading has-text-align-center\">FORMULAIRE DE RETOUR<\/h2>\n\n\n\n<p class=\"has-text-align-center\">Si vous nous retournez les Beauty Bars vides (contenants en verre de 2,5 litres avec pompe), veuillez joindre notre formulaire de retour \u00e0 votre envoi.<\/p>\n\n\n\n<div style=\"height:30px\" aria-hidden=\"true\" class=\"wp-block-spacer\"><\/div>\n\n\n\n<div data-wp-interactive=\"core\/file\" class=\"wp-block-file aligncenter\"><object data-wp-bind--hidden=\"!state.hasPdfPreview\" hidden class=\"wp-block-file__embed\" data=\"https:\/\/www.fairsquared.com\/wp-content\/uploads\/2025\/05\/2025-FSQ-BEAUTYBAR-Ruecknahmeschein-FR-1.pdf\" type=\"application\/pdf\" style=\"width:100%;height:600px\" aria-label=\"Contenu embarqu\u00e9 2025-FSQ-BEAUTYBAR-Ru\u0308cknahmeschein-FR.\"><\/object><a id=\"wp-block-file--media-2c1260ae-d8b0-44d9-806a-5857f20a49eb\" href=\"https:\/\/www.fairsquared.com\/wp-content\/uploads\/2025\/05\/2025-FSQ-BEAUTYBAR-Ruecknahmeschein-FR-1.pdf\">2025-FSQ-BEAUTYBAR-Ru\u0308cknahmeschein-FR<\/a><a href=\"https:\/\/www.fairsquared.com\/wp-content\/uploads\/2025\/05\/2025-FSQ-BEAUTYBAR-Ruecknahmeschein-FR-1.pdf\" class=\"wp-block-file__button wp-element-button\" download aria-describedby=\"wp-block-file--media-2c1260ae-d8b0-44d9-806a-5857f20a49eb\">Download<\/a><\/div>\n\n\n\n<p class=\"has-text-align-center has-small-font-size\">(Download FSQ-BEAUTY BAR Formulaire de retour)<\/p>\n\n\n\n<hr class=\"wp-block-separator has-css-opacity\"\/>\n\n\n\n<p><strong>Merci de votre int\u00e9r\u00eat et notre \u00e9quipe vous souhaite beaucoup de succ\u00e8s avec le FAIR SQUARED BEAUTY BAR.<\/strong><\/p>\n\n\n\n<p><strong>Nous serons ravis de r\u00e9pondre \u00e0 vos questions imm\u00e9diatement \u00e0 l&rsquo;adresse suivante <a href=\"&#x6d;&#97;&#x69;&#108;t&#x6f;&#58;i&#x6e;&#102;&#x6f;&#x40;f&#x61;&#105;r&#x73;&#113;&#x75;&#x61;r&#x65;&#100;&#46;&#x63;&#111;m\" target=\"_blank\" rel=\"noreferrer noopener\">&#105;&#x6e;&#102;&#x6f;&#64;&#x66;a&#x69;r&#115;&#x71;&#117;&#x61;&#114;&#x65;d&#x2e;c&#111;&#x6d;<\/a>&nbsp;<\/strong><\/p>\n<\/div>\n<\/div>\n\n\n\n<div class=\"wp-block-columns is-layout-flex wp-container-core-columns-is-layout-9d6595d7 wp-block-columns-is-layout-flex\">\n<div class=\"wp-block-column is-layout-flow wp-block-column-is-layout-flow\"><\/div>\n<\/div>\n","protected":false},"excerpt":{"rendered":"<p>Bienvenue dans la section T\u00e9l\u00e9chargements du FAIR SQUARED BEAUTY BAR. Cette offre s&rsquo;adresse exclusivement aux revendeurs de notre syst\u00e8me en boucle ferm\u00e9e pour produits cosm\u00e9tiques. Vous trouverez ci-dessous des t\u00e9l\u00e9chargements pour les \u00e9l\u00e9ments de notre syst\u00e8me. MANUEL Veuillez d&rsquo;abord vous familiariser avec le manuel, dans lequel vous trouverez [&hellip;]<\/p>\n","protected":false},"author":5,"featured_media":0,"parent":0,"menu_order":0,"comment_status":"closed","ping_status":"closed","template":"","meta":{"_acf_changed":false,"footnotes":""},"class_list":["post-18639","page","type-page","status-publish","hentry"],"acf":[],"_links":{"self":[{"href":"https:\/\/www.fairsquared.com\/fr\/wp-json\/wp\/v2\/pages\/18639","targetHints":{"allow":["GET"]}}],"collection":[{"href":"https:\/\/www.fairsquared.com\/fr\/wp-json\/wp\/v2\/pages"}],"about":[{"href":"https:\/\/www.fairsquared.com\/fr\/wp-json\/wp\/v2\/types\/page"}],"author":[{"embeddable":true,"href":"https:\/\/www.fairsquared.com\/fr\/wp-json\/wp\/v2\/users\/5"}],"replies":[{"embeddable":true,"href":"https:\/\/www.fairsquared.com\/fr\/wp-json\/wp\/v2\/comments?post=18639"}],"version-history":[{"count":0,"href":"https:\/\/www.fairsquared.com\/fr\/wp-json\/wp\/v2\/pages\/18639\/revisions"}],"wp:attachment":[{"href":"https:\/\/www.fairsquared.com\/fr\/wp-json\/wp\/v2\/media?parent=18639"}],"curies":[{"name":"wp","href":"https:\/\/api.w.org\/{rel}","templated":true}]}}