{"id":1356,"date":"2020-01-28T12:37:30","date_gmt":"2020-01-28T11:37:30","guid":{"rendered":"https:\/\/www.fairsquared.com\/?page_id=1356"},"modified":"2020-12-22T11:51:53","modified_gmt":"2020-12-22T10:51:53","slug":"parametres-des-cookies","status":"publish","type":"page","link":"https:\/\/www.fairsquared.com\/fr\/parametres-des-cookies\/","title":{"rendered":"Param\u00e8tres des cookies"},"content":{"rendered":"\n<div class=\"wp-block-columns is-layout-flex wp-container-core-columns-is-layout-9d6595d7 wp-block-columns-is-layout-flex\">\n<div class=\"wp-block-column is-layout-flow wp-block-column-is-layout-flow\" style=\"flex-basis:33.33%\">\n<figure class=\"wp-block-image size-large\"><img loading=\"lazy\" decoding=\"async\" width=\"384\" height=\"384\" src=\"https:\/\/www.fairsquared.com\/wp-content\/uploads\/2020\/02\/coo.jpg\" alt=\"\" class=\"wp-image-4251\" srcset=\"https:\/\/www.fairsquared.com\/wp-content\/uploads\/2020\/02\/coo.jpg 384w, https:\/\/www.fairsquared.com\/wp-content\/uploads\/2020\/02\/coo-150x150.jpg 150w\" sizes=\"(max-width: 384px) 100vw, 384px\" \/><\/figure>\n<\/div>\n\n\n\n<div class=\"wp-block-column is-layout-flow wp-block-column-is-layout-flow\" style=\"flex-basis:66.66%\">\n<h1 class=\"wp-block-heading\">Param\u00e8tres des cookies<\/h1>\n\n\n\n<p>Ce site web utilise le Borlabs Cookie, qui d\u00e9finit les cookies techniquement n\u00e9cessaires <em>(borlabs-cookie)<\/em> pour stocker vos consentements aux cookies. Borlabs-cookie ne traite aucune donn\u00e9e personnelle.<\/p>\n\n\n\n<p>Le cookie <em>borlabs-cookie<\/em> enregistre le consentement que vous avez donn\u00e9 lorsque vous \u00eates entr\u00e9 sur le site web. Vous pouvez r\u00e9gler vos param\u00e8tres de cookies ici :<\/p>\n\n\n<span class=\"borlabs-cookie-open-dialog-preferences brlbs-cmpnt-container\" data-borlabs-cookie-title=\"Modifier les param\u00e8tres des cookies\" data-borlabs-cookie-type=\"button\" ><\/span>\n\n\n\n<h2 class=\"wp-block-heading\">Cookie Historique de s\u00e9lection<\/h2>\n\n\n<div class=\"brlbs-cmpnt-container\" data-borlabs-cookie-consent-history><\/div>\n<\/div>\n<\/div>\n","protected":false},"excerpt":{"rendered":"<p>Param\u00e8tres des cookies Ce site web utilise le Borlabs Cookie, qui d\u00e9finit les cookies techniquement n\u00e9cessaires (borlabs-cookie) pour stocker vos consentements aux cookies. Borlabs-cookie ne traite aucune donn\u00e9e personnelle. Le cookie borlabs-cookie enregistre le consentement que vous avez donn\u00e9 lorsque vous \u00eates entr\u00e9 sur le site web. Vous [&hellip;]<\/p>\n","protected":false},"author":5,"featured_media":0,"parent":0,"menu_order":102,"comment_status":"closed","ping_status":"closed","template":"page-noheroimage.php","meta":{"_acf_changed":false,"footnotes":""},"class_list":["post-1356","page","type-page","status-publish","hentry"],"acf":[],"_links":{"self":[{"href":"https:\/\/www.fairsquared.com\/fr\/wp-json\/wp\/v2\/pages\/1356","targetHints":{"allow":["GET"]}}],"collection":[{"href":"https:\/\/www.fairsquared.com\/fr\/wp-json\/wp\/v2\/pages"}],"about":[{"href":"https:\/\/www.fairsquared.com\/fr\/wp-json\/wp\/v2\/types\/page"}],"author":[{"embeddable":true,"href":"https:\/\/www.fairsquared.com\/fr\/wp-json\/wp\/v2\/users\/5"}],"replies":[{"embeddable":true,"href":"https:\/\/www.fairsquared.com\/fr\/wp-json\/wp\/v2\/comments?post=1356"}],"version-history":[{"count":0,"href":"https:\/\/www.fairsquared.com\/fr\/wp-json\/wp\/v2\/pages\/1356\/revisions"}],"wp:attachment":[{"href":"https:\/\/www.fairsquared.com\/fr\/wp-json\/wp\/v2\/media?parent=1356"}],"curies":[{"name":"wp","href":"https:\/\/api.w.org\/{rel}","templated":true}]}}