{"id":1215,"date":"2020-01-20T08:57:11","date_gmt":"2020-01-20T07:57:11","guid":{"rendered":"https:\/\/www.fairsquared.com\/kontakt\/"},"modified":"2025-03-07T19:37:10","modified_gmt":"2025-03-07T18:37:10","slug":"contact","status":"publish","type":"page","link":"https:\/\/www.fairsquared.com\/fr\/contact\/","title":{"rendered":"Contact"},"content":{"rendered":"\n<div class=\"wp-block-columns is-layout-flex wp-container-core-columns-is-layout-9d6595d7 wp-block-columns-is-layout-flex\">\n<div class=\"wp-block-column is-layout-flow wp-block-column-is-layout-flow\" style=\"flex-basis:33.33%\"><\/div>\n\n\n\n<div class=\"wp-block-column is-layout-flow wp-block-column-is-layout-flow\" style=\"flex-basis:66.66%\">\n<h1 class=\"wp-block-heading\">Nous sommes \u00e0 votre disposition si vous avez encore des questions.<\/h1>\n\n\n\n<p>Vous \u00eates repr\u00e9sentant de presse et souhaitez des informations sur nos produits ? Vous \u00eates commer\u00e7ant et voulez int\u00e9grer la gamme FAIR SQUARED \u00e0 votre boutique ? Ou vous avez tout simplement des questions ?<\/p>\n\n\n\n<div class=\"wp-block-buttons is-layout-flex wp-block-buttons-is-layout-flex\">\n<div class=\"wp-block-button\"><a class=\"wp-block-button__link wp-element-button\" href=\"mailto:info&#64;fairsquared&#46;&#99;&#111;&#109;\">Contactez-nous<\/a><\/div>\n<\/div>\n\n\n\n<div style=\"height:40px\" aria-hidden=\"true\" class=\"wp-block-spacer\"><\/div>\n\n\n\n<p>E-Mail: <a href=\"m&#97;&#105;&#x6c;&#x74;&#x6f;:i&#110;&#102;&#x6f;&#x40;&#x66;a&#105;&#114;&#115;&#x71;&#x75;&#x61;r&#101;&#100;&#x2e;&#x63;&#x6f;m\">&#105;&#x6e;f&#x6f;&#64;&#102;&#x61;&#105;&#x72;s&#113;&#x75;&#97;&#x72;e&#x64;&#x2e;&#99;&#x6f;m<\/a><br>T\u00e9l\u00e9phone: <a href=\"tel:+4922349296600\">+49 (0) 2234 \u2013 9296600<\/a><br>Fax: +49 (0) 2234 \u2013 9296690<\/p>\n\n\n\n<p><strong>Nous avons h\u00e2te de vous entendre !<\/strong><\/p>\n<\/div>\n<\/div>\n","protected":false},"excerpt":{"rendered":"<p>Nous sommes \u00e0 votre disposition si vous avez encore des questions. Vous \u00eates repr\u00e9sentant de presse et souhaitez des informations sur nos produits ? Vous \u00eates commer\u00e7ant et voulez int\u00e9grer la gamme FAIR SQUARED \u00e0 votre boutique ? Ou vous avez tout simplement des questions ? E-Mail: &#x69;&#x6e;&#x66;&#x6f;&#64;&#102;&#97;ir&#x73;&#x71;&#x75;&#x61;&#x72;&#101;&#100;&#46;co&#x6d;T\u00e9l\u00e9phone: [&hellip;]<\/p>\n","protected":false},"author":5,"featured_media":0,"parent":0,"menu_order":12,"comment_status":"closed","ping_status":"closed","template":"","meta":{"_acf_changed":false,"footnotes":""},"class_list":["post-1215","page","type-page","status-publish","hentry"],"acf":[],"_links":{"self":[{"href":"https:\/\/www.fairsquared.com\/fr\/wp-json\/wp\/v2\/pages\/1215","targetHints":{"allow":["GET"]}}],"collection":[{"href":"https:\/\/www.fairsquared.com\/fr\/wp-json\/wp\/v2\/pages"}],"about":[{"href":"https:\/\/www.fairsquared.com\/fr\/wp-json\/wp\/v2\/types\/page"}],"author":[{"embeddable":true,"href":"https:\/\/www.fairsquared.com\/fr\/wp-json\/wp\/v2\/users\/5"}],"replies":[{"embeddable":true,"href":"https:\/\/www.fairsquared.com\/fr\/wp-json\/wp\/v2\/comments?post=1215"}],"version-history":[{"count":0,"href":"https:\/\/www.fairsquared.com\/fr\/wp-json\/wp\/v2\/pages\/1215\/revisions"}],"wp:attachment":[{"href":"https:\/\/www.fairsquared.com\/fr\/wp-json\/wp\/v2\/media?parent=1215"}],"curies":[{"name":"wp","href":"https:\/\/api.w.org\/{rel}","templated":true}]}}