{"id":1186,"date":"2020-01-20T08:56:16","date_gmt":"2020-01-20T07:56:16","guid":{"rendered":"https:\/\/www.fairsquared.com\/shop\/"},"modified":"2025-11-21T17:40:32","modified_gmt":"2025-11-21T16:40:32","slug":"boutique","status":"publish","type":"page","link":"https:\/\/www.fairsquared.com\/fr\/boutique\/","title":{"rendered":"Boutique"},"content":{"rendered":"\n<div style=\"height:50px\" aria-hidden=\"true\" class=\"wp-block-spacer\"><\/div>\n\n\n\n<p class=\"has-medium-font-size\"><strong>Yes, we are open!<\/strong><\/p>\n\n\n\n<div style=\"height:50px\" aria-hidden=\"true\" class=\"wp-block-spacer\"><\/div>\n\n\n\n<div class=\"wp-block-columns is-layout-flex wp-container-core-columns-is-layout-9d6595d7 wp-block-columns-is-layout-flex\">\n<div class=\"wp-block-column is-layout-flow wp-block-column-is-layout-flow\" style=\"flex-basis:33.33%\">\n<figure class=\"wp-block-image size-large\"><img loading=\"lazy\" decoding=\"async\" width=\"384\" height=\"497\" src=\"https:\/\/www.fairsquared.com\/wp-content\/uploads\/2020\/02\/open.jpg\" alt=\"yes, we are open\" class=\"wp-image-3711\"\/><\/figure>\n<\/div>\n\n\n\n<div class=\"wp-block-column is-layout-flow wp-block-column-is-layout-flow\" style=\"flex-basis:66.66%\">\n<h1 class=\"wp-block-heading\"><strong>Nos boutiques FAIR SQUARED pour passer votre commande<\/strong> <\/h1>\n\n\n\n<p>C&rsquo;est ici que nous aimerions vous donner la chance de pouvoir acheter directement nos produits FAIR SQUARED, que vous soyez commer\u00e7ant ou tout simplement particulier. Dans les deux cas nous mettons une boutique en ligne \u00e0 votre disposition, un tas de produits \u00e9cologiques et un service client bien pens\u00e9. Pour nos clients B2B, nous avons en plus des <a href=\"https:\/\/www.fairsquared.com\/fr\/commerce\/\">informations pour les commer\u00e7ants<\/a>. <\/p>\n\n\n\n<div style=\"height:30px\" aria-hidden=\"true\" class=\"wp-block-spacer\"><\/div>\n\n\n\n<p><strong>Rendez-vous tout de suite sur notre boutique pour passer votre commande&nbsp;: <\/strong><\/p>\n\n\n\n<div style=\"height:15px\" aria-hidden=\"true\" class=\"wp-block-spacer\"><\/div>\n\n\n\n<h2 class=\"wp-block-heading\">Si vous \u00eates consommateur final<\/h2>\n\n\n\n<div class=\"wp-block-buttons is-layout-flex wp-block-buttons-is-layout-flex\">\n<div class=\"wp-block-button\"><a class=\"wp-block-button__link wp-element-button\" href=\"https:\/\/fair2.me\/en\" target=\"_blank\" rel=\"noreferrer noopener\">Shop fair2.me<\/a><\/div>\n<\/div>\n\n\n\n<div style=\"height:45px\" aria-hidden=\"true\" class=\"wp-block-spacer\"><\/div>\n\n\n\n<h2 class=\"wp-block-heading\">Si vous \u00eates commer\u00e7ant<\/h2>\n\n\n\n<div class=\"wp-block-buttons is-layout-flex wp-block-buttons-is-layout-flex\">\n<div class=\"wp-block-button\"><a class=\"wp-block-button__link wp-element-button\" href=\"https:\/\/shop.fairsquared.info\/en\" target=\"_blank\" rel=\"noreferrer noopener\">Shop fairsquared.info<\/a><\/div>\n<\/div>\n\n\n\n<div style=\"height:60px\" aria-hidden=\"true\" class=\"wp-block-spacer\"><\/div>\n<\/div>\n<\/div>\n\n\n\n<p> Si vous avez des questions, \u00e9crivez-nous via notre <a href=\"https:\/\/www.fairsquared.com\/fr\/contact\/\" data-type=\"page\" data-id=\"1215\">formulaire de contact<\/a>, nous vous aiderons avec plaisir&nbsp;! <\/p>\n\n\n\n<div style=\"height:50px\" aria-hidden=\"true\" class=\"wp-block-spacer\"><\/div>\n\n\n\n<h2 class=\"wp-block-heading\"> <strong>FAIR SQUARED Infos commer\u00e7ants<\/strong> <\/h2>\n\n\n\n<div style=\"height:50px\" aria-hidden=\"true\" class=\"wp-block-spacer\"><\/div>\n\n\n\n<div class=\"wp-block-columns is-layout-flex wp-container-core-columns-is-layout-9d6595d7 wp-block-columns-is-layout-flex\">\n<div class=\"wp-block-column is-layout-flow wp-block-column-is-layout-flow\" style=\"flex-basis:33.33%\">\n<figure class=\"wp-block-image size-large\"><img loading=\"lazy\" decoding=\"async\" width=\"384\" height=\"497\" src=\"https:\/\/www.fairsquared.com\/wp-content\/uploads\/2020\/02\/B2B-1.jpg\" alt=\"Handel - B2B\" class=\"wp-image-3708\"\/><\/figure>\n<\/div>\n\n\n\n<div class=\"wp-block-column is-layout-flow wp-block-column-is-layout-flow\" style=\"flex-basis:66.66%\">\n<h2 class=\"wp-block-heading\"> <strong>FAIR SQUARED dans votre boutique&nbsp;?<\/strong> <\/h2>\n\n\n\n<p> Vous \u00eates int\u00e9ress\u00e9 par les produits FAIR SQUARED et voulez les proposer \u00e0 vos clients ? Le plus simple est de passer commande sur notre boutique en ligne B2B. Pour vous, nous y avons laiss\u00e9 toutes les nouveaut\u00e9s, les conditions d\u2019achat, le mat\u00e9riel P.O.S. et notre banque d\u2019image. <\/p>\n\n\n\n<div style=\"height:50px\" aria-hidden=\"true\" class=\"wp-block-spacer\"><\/div>\n\n\n\n<h2 class=\"wp-block-heading\"> <strong>Notre B2B-Shop en ligne <\/strong><\/h2>\n\n\n\n<p> Pour cela, veuillez vous rendre sur shop.fairsquared.info et enregistrez-vous une seule fois sous \u00ab connexion \u00bb en haut \u00e0 droite. Dans les prochaines 24 heures, nous activerons votre compte et vous enverrons un e-mail de confirmation.<\/p>\n\n\n\n<p>Si vous voulez demander le catalogue, \u00e9crivez-nous via le formulaire de contact. Si vous souhaitez la version num\u00e9rique, vous pouvez m\u00eame la t\u00e9l\u00e9charger directement. <\/p>\n\n\n\n<div class=\"wp-block-button is-style-outline aligncenter is-style-outline--1\"><a class=\"wp-block-button__link wp-element-button\" href=\"https:\/\/shop.fairsquared.info\/fr?coID=5\"> FAIR SQUARED B2B-SHOP <\/a><\/div>\n\n\n\n<div style=\"height:20px\" aria-hidden=\"true\" class=\"wp-block-spacer\"><\/div>\n\n\n\n<div class=\"wp-block-button is-style-outline aligncenter is-style-outline--2\"><a class=\"wp-block-button__link wp-element-button\" href=\"https:\/\/www.fairsquared.com\/fr\/catalogue\/\"> POUR LE CATALOGUE CLIQUEZ ICI&nbsp; <\/a><\/div>\n\n\n\n<div style=\"height:80px\" aria-hidden=\"true\" class=\"wp-block-spacer\"><\/div>\n\n\n\n<h2 class=\"wp-block-heading\"> <strong>FAIR SQUARED international<\/strong> <\/h2>\n\n\n\n<p> Nous avons des partenaires commerciaux exclusifs dans beaucoup de pays europ\u00e9ens. Nous enverrons volontiers votre demande \u00e0 nos partenaires et \u00e9tablirons le contact entre vous. Nos partenaires stockent la gamme compl\u00e8te FAIR SQUARED en quantit\u00e9s suffisantes et vous \u00e9conomiserez les frais de port. Nos partenaires locaux vous int\u00e9greront dans nos mesures de marketing et vous dispenserons aussi volontiers des formations.<\/p>\n\n\n\n<p>Nous nous r\u00e9jouirions si vous nous choisissez en tant que fournisseur et distribuez les produits FAIR SQUARED \u00e0 vos clients. <\/p>\n\n\n\n<div style=\"height:50px\" aria-hidden=\"true\" class=\"wp-block-spacer\"><\/div>\n\n\n\n<h2 class=\"wp-block-heading\"> <strong>Pensons z\u00e9ro d\u00e9chet&nbsp;!<\/strong> <\/h2>\n\n\n\n<p>Vous \u00eates d\u00e9j\u00e0 un client satisfait et faites partie du syst\u00e8me z\u00e9ro d\u00e9chet, mais avez encore des questions&nbsp;? Nous r\u00e9pondons aux questions les plus courantes dans notre <a rel=\"noreferrer noopener\" aria-label=\"onglet FAQ (opens in a new tab)\" href=\"https:\/\/www.fairsquared.com\/de\/fair-squared\/faq\/zero-waste\/https:\/\/www.fairsquared.com\/de\/fair-squared\/faq\/zero-waste\/\" target=\"_blank\">onglet FAQ<\/a>. Si vous n&rsquo;y trouvez pas la r\u00e9ponse que vous cherchez, envoyez-nous un e-mail ou t\u00e9l\u00e9phonez-nous.  <\/p>\n\n\n\n<div style=\"height:50px\" aria-hidden=\"true\" class=\"wp-block-spacer\"><\/div>\n\n\n\n<h2 class=\"wp-block-heading\"> <strong>\u00c9tiquettes de retour FAIR SQUARED \u00e0 t\u00e9l\u00e9charger<\/strong> <\/h2>\n\n\n\n<p> Si vous voulez nous renvoyer vos pots vides, mettez le formulaire de retour duement compl\u00e9t\u00e9 dans votre paquet avec vos contenants en verre vides. Toute l&rsquo;\u00e9quipe FAIR SQUARED vous remercie&nbsp;!  <\/p>\n\n\n\n<div class=\"wp-block-button is-style-outline aligncenter is-style-outline--3\"><a class=\"wp-block-button__link wp-element-button\" href=\"https:\/\/www.fairsquared.com\/wp-content\/uploads\/2025\/05\/2025-FSQ-BEAUTYBAR-Ruecknahmeschein-FR.pdf\"> FORMULAIRE DE RETOUR <\/a><\/div>\n<\/div>\n<\/div>\n","protected":false},"excerpt":{"rendered":"<p>Yes, we are open! Nos boutiques FAIR SQUARED pour passer votre commande C&rsquo;est ici que nous aimerions vous donner la chance de pouvoir acheter directement nos produits FAIR SQUARED, que vous soyez commer\u00e7ant ou tout simplement particulier. Dans les deux cas nous mettons une boutique en ligne \u00e0 [&hellip;]<\/p>\n","protected":false},"author":5,"featured_media":0,"parent":0,"menu_order":6,"comment_status":"closed","ping_status":"closed","template":"page-noheroimage.php","meta":{"_acf_changed":false,"footnotes":""},"class_list":["post-1186","page","type-page","status-publish","hentry"],"acf":[],"_links":{"self":[{"href":"https:\/\/www.fairsquared.com\/fr\/wp-json\/wp\/v2\/pages\/1186","targetHints":{"allow":["GET"]}}],"collection":[{"href":"https:\/\/www.fairsquared.com\/fr\/wp-json\/wp\/v2\/pages"}],"about":[{"href":"https:\/\/www.fairsquared.com\/fr\/wp-json\/wp\/v2\/types\/page"}],"author":[{"embeddable":true,"href":"https:\/\/www.fairsquared.com\/fr\/wp-json\/wp\/v2\/users\/5"}],"replies":[{"embeddable":true,"href":"https:\/\/www.fairsquared.com\/fr\/wp-json\/wp\/v2\/comments?post=1186"}],"version-history":[{"count":1,"href":"https:\/\/www.fairsquared.com\/fr\/wp-json\/wp\/v2\/pages\/1186\/revisions"}],"predecessor-version":[{"id":19214,"href":"https:\/\/www.fairsquared.com\/fr\/wp-json\/wp\/v2\/pages\/1186\/revisions\/19214"}],"wp:attachment":[{"href":"https:\/\/www.fairsquared.com\/fr\/wp-json\/wp\/v2\/media?parent=1186"}],"curies":[{"name":"wp","href":"https:\/\/api.w.org\/{rel}","templated":true}]}}