{"id":1180,"date":"2020-01-20T09:02:22","date_gmt":"2020-01-20T08:02:22","guid":{"rendered":"https:\/\/www.fairsquared.com\/partenaires\/friends\/"},"modified":"2025-11-28T18:59:43","modified_gmt":"2025-11-28T17:59:43","slug":"amis","status":"publish","type":"page","link":"https:\/\/www.fairsquared.com\/fr\/partenaires\/amis\/","title":{"rendered":"Amis"},"content":{"rendered":"\n<div style=\"height:50px\" aria-hidden=\"true\" class=\"wp-block-spacer\"><\/div>\n\n\n\n<h1 class=\"wp-block-heading\"> <strong>Ensemble pour le changement : Nos amis<\/strong> <\/h1>\n\n\n\n<div style=\"height:50px\" aria-hidden=\"true\" class=\"wp-block-spacer\"><\/div>\n\n\n              \n\n\n<div class=\"wp-block-columns is-layout-flex wp-container-core-columns-is-layout-9d6595d7 wp-block-columns-is-layout-flex\">\n<div class=\"wp-block-column is-layout-flow wp-block-column-is-layout-flow\" style=\"flex-basis:33.33%\">\n<figure class=\"wp-block-image size-full\"><img loading=\"lazy\" decoding=\"async\" width=\"384\" height=\"270\" src=\"https:\/\/www.fairsquared.com\/wp-content\/uploads\/2021\/02\/fair2me.jpg\" alt=\"\" class=\"wp-image-13215\"\/><\/figure>\n<\/div>\n\n\n\n<div class=\"wp-block-column is-layout-flow wp-block-column-is-layout-flow\" style=\"flex-basis:66.66%\">\n<h2 class=\"wp-block-heading\"><strong><strong>fair2.me : la boutique en ligne \u00e9quitable<\/strong><\/strong><\/h2>\n\n\n\n<p>Ici, vous trouverez tout ce qui est \u00e9colo, durable et \u00e9quitable. Pour tout ce qui est du quotidien. Pour les producteurs et pour vous. Pour que vous puissiez bient\u00f4t n&rsquo;utiliser que des produits \u00e9quitables, nous n&rsquo;\u00e9pargnons ni nos forces, ni nos moyens dans notre processus de r\u00e9flexion et de cr\u00e9ation de nouveaux produits. Vous trouverez le r\u00e9sultat de notre travail dans notre boutique en ligne du commerce \u00e9quitable <a href=\"https:\/\/www.fair2.me\/fr?coID=5\"> fair2.me<\/a>\u00a0!<\/p>\n<\/div>\n<\/div>\n\n\n\n<div class=\"wp-block-columns is-layout-flex wp-container-core-columns-is-layout-9d6595d7 wp-block-columns-is-layout-flex\">\n<div class=\"wp-block-column is-layout-flow wp-block-column-is-layout-flow\" style=\"flex-basis:33.33%\">\n<figure class=\"wp-block-image size-full\"><img loading=\"lazy\" decoding=\"async\" width=\"384\" height=\"270\" src=\"https:\/\/www.fairsquared.com\/wp-content\/uploads\/2020\/11\/amnesty.jpg\" alt=\"\" class=\"wp-image-8739\"\/><\/figure>\n<\/div>\n\n\n\n<div class=\"wp-block-column is-layout-flow wp-block-column-is-layout-flow\" style=\"flex-basis:66.66%\">\n<h2 class=\"wp-block-heading\"><strong>Amnesty International<\/strong><\/h2>\n\n\n\n<p><a href=\"https:\/\/www.amnesty.de\/\">Amnesty International<\/a> est le plus grand mouvement mondial de d\u00e9fense des droits humains. Amnesty est ind\u00e9pendante des gouvernements, des partis politiques, des id\u00e9ologies, des int\u00e9r\u00eats \u00e9conomiques et des religions. Les personnes qui d\u00e9fendent leurs droits, telles que les avocats, les journalistes, les militants \u00e9cologistes et autres voix critiques, sont particuli\u00e8rement menac\u00e9es. Cette amiti\u00e9 existe depuis les d\u00e9buts de l&rsquo;<a href=\"https:\/\/www.fairsquared.com\/fr\/fair-squared\/histoire\/\">histoire de FAIR SQUARED<\/a> et, aujourd&rsquo;hui encore, FAIR SQUARED produit des supports publicitaires pour l&rsquo;organisation.<\/p>\n<\/div>\n<\/div>\n\n\n\n<div class=\"wp-block-columns is-layout-flex wp-container-core-columns-is-layout-9d6595d7 wp-block-columns-is-layout-flex\">\n<div class=\"wp-block-column is-layout-flow wp-block-column-is-layout-flow\" style=\"flex-basis:33.33%\">\n<figure class=\"wp-block-image size-full\"><img loading=\"lazy\" decoding=\"async\" width=\"384\" height=\"270\" src=\"https:\/\/www.fairsquared.com\/wp-content\/uploads\/2020\/11\/aidshilfe.jpg\" alt=\"\" class=\"wp-image-8810\"\/><\/figure>\n<\/div>\n\n\n\n<div class=\"wp-block-column is-layout-flow wp-block-column-is-layout-flow\" style=\"flex-basis:66.66%\">\n<h2 class=\"wp-block-heading\"><strong>Deutsche AIDShilfe e.V<\/strong><\/h2>\n\n\n\n<p>La <a href=\"https:\/\/www.aidshilfe.de\/\">Deutsche Aidshilfe<\/a> d\u00e9fend les int\u00e9r\u00eats des personnes atteintes du VIH\/SIDA aupr\u00e8s du grand public, des milieux politiques, scientifiques et de la recherche m\u00e9dicale, et informe sur le VIH\/SIDA et les autres infections sexuellement transmissibles. FAIR SQUARED fait r\u00e9guli\u00e8rement don de pr\u00e9servatifs vegan en caoutchouc naturel issu du commerce \u00e9quitable \u00e0 cette organisation afin de soutenir son important travail.<\/p>\n<\/div>\n<\/div>\n\n\n\n<div class=\"wp-block-columns is-layout-flex wp-container-core-columns-is-layout-9d6595d7 wp-block-columns-is-layout-flex\">\n<div class=\"wp-block-column is-layout-flow wp-block-column-is-layout-flow\" style=\"flex-basis:33.33%\"><\/div>\n<\/div>\n\n\n\n<div class=\"wp-block-columns is-layout-flex wp-container-core-columns-is-layout-9d6595d7 wp-block-columns-is-layout-flex\">\n<div class=\"wp-block-column is-layout-flow wp-block-column-is-layout-flow\" style=\"flex-basis:33.33%\">\n<figure class=\"wp-block-image size-large\"><img loading=\"lazy\" decoding=\"async\" width=\"384\" height=\"270\" src=\"https:\/\/www.fairsquared.com\/wp-content\/uploads\/2020\/01\/breit_WLAB-logo.jpg\" alt=\"WLAB Logo\" class=\"wp-image-2070\"\/><\/figure>\n<\/div>\n\n\n\n<div class=\"wp-block-column is-layout-flow wp-block-column-is-layout-flow\" style=\"flex-basis:66.66%\">\n<h2 class=\"wp-block-heading\"> <strong>WLAB \u2013 Le recyclage, c&rsquo;est l\u00e0 que \u00e7a se passe !<\/strong><\/h2>\n\n\n\n<p>Ce que Rice &amp; Carry fait de sacs de riz, <a href=\"https:\/\/www.wastelessabay.com\/\">WLAB (Waste Less Arugam Bay)<\/a> le fait en bouchons de bouteilles en PET r\u00e9cup\u00e9r\u00e9es. De ce travail fait main en r\u00e9sulte de petites \u0153uvres d&rsquo;art du recyclage, qui annoncent le combat contre les mati\u00e8res plastiques jetables. Pour la collection de Rice &amp; Carry, les bouchons WLAB sont transform\u00e9s en boucles et porte-clefs. <\/p>\n<\/div>\n<\/div>\n\n\n\n<p><\/p>\n","protected":false},"excerpt":{"rendered":"<p>Ensemble pour le changement : Nos amis fair2.me : la boutique en ligne \u00e9quitable Ici, vous trouverez tout ce qui est \u00e9colo, durable et \u00e9quitable. Pour tout ce qui est du quotidien. Pour les producteurs et pour vous. Pour que vous puissiez bient\u00f4t n&rsquo;utiliser que des produits \u00e9quitables, [&hellip;]<\/p>\n","protected":false},"author":5,"featured_media":0,"parent":1156,"menu_order":3,"comment_status":"closed","ping_status":"closed","template":"page-noheroimage.php","meta":{"_acf_changed":false,"footnotes":""},"class_list":["post-1180","page","type-page","status-publish","hentry"],"acf":[],"_links":{"self":[{"href":"https:\/\/www.fairsquared.com\/fr\/wp-json\/wp\/v2\/pages\/1180","targetHints":{"allow":["GET"]}}],"collection":[{"href":"https:\/\/www.fairsquared.com\/fr\/wp-json\/wp\/v2\/pages"}],"about":[{"href":"https:\/\/www.fairsquared.com\/fr\/wp-json\/wp\/v2\/types\/page"}],"author":[{"embeddable":true,"href":"https:\/\/www.fairsquared.com\/fr\/wp-json\/wp\/v2\/users\/5"}],"replies":[{"embeddable":true,"href":"https:\/\/www.fairsquared.com\/fr\/wp-json\/wp\/v2\/comments?post=1180"}],"version-history":[{"count":5,"href":"https:\/\/www.fairsquared.com\/fr\/wp-json\/wp\/v2\/pages\/1180\/revisions"}],"predecessor-version":[{"id":19311,"href":"https:\/\/www.fairsquared.com\/fr\/wp-json\/wp\/v2\/pages\/1180\/revisions\/19311"}],"up":[{"embeddable":true,"href":"https:\/\/www.fairsquared.com\/fr\/wp-json\/wp\/v2\/pages\/1156"}],"wp:attachment":[{"href":"https:\/\/www.fairsquared.com\/fr\/wp-json\/wp\/v2\/media?parent=1180"}],"curies":[{"name":"wp","href":"https:\/\/api.w.org\/{rel}","templated":true}]}}