{"id":1172,"date":"2020-01-20T09:02:06","date_gmt":"2020-01-20T08:02:06","guid":{"rendered":"https:\/\/www.fairsquared.com\/partenaires\/zertifikate\/"},"modified":"2026-04-20T19:32:03","modified_gmt":"2026-04-20T17:32:03","slug":"certificats","status":"publish","type":"page","link":"https:\/\/www.fairsquared.com\/fr\/partenaires\/certificats\/","title":{"rendered":"Certificats"},"content":{"rendered":"\n<div style=\"height:50px\" aria-hidden=\"true\" class=\"wp-block-spacer\"><\/div>\n\n\n\n<h1 class=\"wp-block-heading has-text-align-left\"> Nos certificats et labels partenaires <\/h1>\n\n\n\n<div style=\"height:50px\" aria-hidden=\"true\" class=\"wp-block-spacer\"><\/div>\n\n\n\n<div class=\"wp-block-columns is-layout-flex wp-container-core-columns-is-layout-9d6595d7 wp-block-columns-is-layout-flex\">\n<div class=\"wp-block-column is-layout-flow wp-block-column-is-layout-flow\" style=\"flex-basis:33.33%\">\n<figure class=\"wp-block-image size-large\"><img loading=\"lazy\" decoding=\"async\" width=\"384\" height=\"270\" src=\"https:\/\/www.fairsquared.com\/wp-content\/uploads\/2020\/02\/Flo-Jogo-kl.jpg\" alt=\"\" class=\"wp-image-2210\"\/><\/figure>\n<\/div>\n\n\n\n<div class=\"wp-block-column is-layout-flow wp-block-column-is-layout-flow\" style=\"flex-basis:66.66%\">\n<h2 class=\"wp-block-heading\">Fairtrade <\/h2>\n\n\n\n<p>L\u2019organisation internationale Fairtrade est la conf\u00e9d\u00e9ration des organisations nationales Fairtrade. L\u2019organisation a \u00e9t\u00e9 fond\u00e9e en 1997 \u00e0 Bonn dans le but d\u2019unifier les multiples labels du Commerce \u00c9quitable sous un standard. Le syst\u00e8me Fairtrade est compos\u00e9 de deux branches :<\/p>\n\n\n\n<ul class=\"wp-block-list\">\n<li>Fairtrade International.V. d\u00e9veloppe les conditions et principes qui doivent \u00eatres remplis afin d\u2019obtenir la certification Fairtrade.<\/li>\n\n\n\n<li>FLOCERT contr\u00f4le le respect de ces principes. C\u2019est important afin de pouvoir garantir qu\u2019il y a de l\u2019 \u00ab \u00e9quitable \u00bb o\u00f9 il y a la mention \u00ab \u00e9quitable \u00bb.<\/li>\n<\/ul>\n\n\n\n<p>Le syst\u00e8me international Fairtrade est compos\u00e9 aujourd\u2019hui de trois r\u00e9seaux de producteurs, de 25 organisations nationales, Fairtrade International e.V. et de FLOCERT. Les organisations Fairtrade distribuent les labels Fairtrade dans les pays correspondant. En Allemagne il y a par exemple Fairtrade Deutschland e.V., en Suisse la fondation Max Havelaar et en Autriche, Fairtrade Autriche. Les r\u00e9seaux de producteurs repr\u00e9sentent les multiples groupes de producteurs en Am\u00e9rique Latine, en Afrique et en Asie (CLAC : Coordinadora Latinoamericana y del Caribe de Comercio Justo, AFN : African Fairtrade Network et NAP : Network of Asian Producers).<\/p>\n\n\n\n<p>Le label Fairtade est selon les estimations du Forum du Commerce \u00c9quitable le label de qualit\u00e9 le plus connu du Commerce \u00c9quitable et m\u00eame l&rsquo;un des plus stricts. Certifi\u00e9s seront les produits fabriqu\u00e9s de mani\u00e8re \u00e9quitable ou les produits avec des ingr\u00e9dients issus du commerce \u00e9quitable, comme le caf\u00e9, les bananes, le coton, les cosm\u00e9tiques, les bijoux, mais aussi le bois et l\u2019or.e caf\u00e9, les bananes, le coton, les cosm\u00e9tiques, les bijoux, mais aussi l&rsquo;or. <\/p>\n\n\n\n<h3 class=\"wp-block-heading\"> <strong>Haut degr\u00e9 de notori\u00e9t\u00e9<\/strong> <\/h3>\n\n\n\n<p> En Europe, le label Fairtrade est connu de pr\u00e8s de 90 % de la population. Et parmi eux, 95 % consid\u00e8rent le label cr\u00e9dible. <\/p>\n<\/div>\n<\/div>\n\n\n\n<div class=\"wp-block-columns is-layout-flex wp-container-core-columns-is-layout-9d6595d7 wp-block-columns-is-layout-flex\">\n<div class=\"wp-block-column is-layout-flow wp-block-column-is-layout-flow\" style=\"flex-basis:33.33%\">\n<figure class=\"wp-block-image size-large\"><img loading=\"lazy\" decoding=\"async\" width=\"384\" height=\"270\" src=\"https:\/\/www.fairsquared.com\/wp-content\/uploads\/2020\/02\/veganl_logo_kl.jpg\" alt=\"\" class=\"wp-image-2222\"\/><\/figure>\n<\/div>\n\n\n\n<div class=\"wp-block-column is-layout-flow wp-block-column-is-layout-flow\" style=\"flex-basis:66.66%\">\n<h2 class=\"wp-block-heading\">The Vegan Society<\/h2>\n\n\n\n<p>On ne trouve pas seulement le label de l\u2019organisation internationale \u00ab The Vegan Society \u00bb, dont le si\u00e8ge se trouve \u00e0 Birmingham, sur les cosm\u00e9tiques, mais aussi<br> sur les aliments, les v\u00eatements, les produits d\u2019entretien et d\u2019autres produits. Les produits FAIR SQUARED sont certifi\u00e9s de la Vegan Society anglaise et sont conformes<br> \u00e0 ses standards. Ici un extrait des standards :<\/p>\n\n\n\n<ul class=\"wp-block-list\">\n<li><strong> Substances d\u2019origine animale :<\/strong> il est interdit pour le producteur et \/ ou le fabriquant du produit certifi\u00e9 d\u2019utiliser des produits animaux ou des d\u00e9riv\u00e9s dans le produit ou lors de la production du produit.<\/li>\n\n\n\n<li><strong> Tests sur les animaux :<\/strong> lors du d\u00e9veloppement et \/ ou de la fabrication du produit, il est interdit de proc\u00e9der \u00e0 des tests sur les animaux ou d\u2019y avoir proc\u00e9d\u00e9. Ni au nom de l\u2019entreprise, ni au nom d\u2019un tiers que l\u2019entreprise contr\u00f4le.<\/li>\n\n\n\n<li> <strong>Organismes g\u00e9n\u00e9tiquement modifi\u00e9s :<\/strong> lors du d\u00e9veloppement et \/ ou de la fabrication d\u2019organismes g\u00e9n\u00e9tiquement modifi\u00e9s, il est interdit d\u2019introduire ou d\u2019avoir introduit des g\u00eanes animaux ou des substances d\u2019origine animale. Les produits dont les g\u00eanes ont \u00e9t\u00e9 modifi\u00e9s doivent \u00eatre indiqu\u00e9s comme tels.<\/li>\n<\/ul>\n<\/div>\n<\/div>\n\n\n\n<div class=\"wp-block-columns is-layout-flex wp-container-core-columns-is-layout-9d6595d7 wp-block-columns-is-layout-flex\">\n<div class=\"wp-block-column is-layout-flow wp-block-column-is-layout-flow\" style=\"flex-basis:33.33%\">\n<figure class=\"wp-block-image size-large\"><img loading=\"lazy\" decoding=\"async\" width=\"384\" height=\"270\" src=\"https:\/\/www.fairsquared.com\/wp-content\/uploads\/2020\/02\/fair-rubber.jpg\" alt=\"\" class=\"wp-image-2207\"\/><\/figure>\n<\/div>\n\n\n\n<div class=\"wp-block-column is-layout-flow wp-block-column-is-layout-flow\" style=\"flex-basis:66.66%\">\n<h2 class=\"wp-block-heading\">Fair Rubber e. V.<\/h2>\n\n\n\n<p>Toutes les mati\u00e8res premi\u00e8res que travaille FAIR SQUARED ne sont pas recens\u00e9es par la Fair Label Organisation e.V. (FLO). Pour cela il existe bien trop de mati\u00e8res premi\u00e8res naturelles. Une de ces mati\u00e8res premi\u00e8res est le caoutchouc naturel (liquide : latex), plus connu sous le nom de gomme. Il est fabriqu\u00e9 \u00e0 base de la s\u00e8ve de l\u2019arbre tropical \u00ab Hevea Brasiliensis \u00bb.<\/p>\n\n\n\n<p>L\u2019organisation Fair Rubber e.v. a pour but d\u2019 \u00ab apporter sa contribution \u00e0 l\u2019am\u00e9lioration des conditions de vie et de travail des producteurs primaires de gomme, dans<br> la mesure o\u00f9 les principes du commerce \u00e9quitable sont appliqu\u00e9s aux producteurs de gomme \u00bb. C\u2019est ce qu\u2019il y a dans les statuts. Mais qu\u2019est-ce que \u00e7a veut dire ?<br> Fair Rubber est bon pour les Hommes. Aujourd\u2019hui, les producteurs primaires de caoutchouc naturel, les travailleurs des plantations et les petits agriculteurs ont la possibilit\u00e9 de prendre part au commerce \u00e9quitable.<\/p>\n\n\n\n<p>Mais les prix faibles les mettent dans l\u2019impossibilit\u00e9 de subvenir aux besoins vitaux de leur famille avec leur travail. C\u2019est ici que Fair Rubber intervient :<br> par le paiement d\u2019une prime du commerce \u00e9quitable de 0,50 \u20ac par kg de caoutchouc (masse s\u00e8che \u2013 Dry Rubber Content, DRC), on peut assurer dans la mesure du possible, que m\u00eame les prix du march\u00e9 mondial les plus bas couvrent leurs co\u00fbts de production. En dehors de cela, gr\u00e2ce aux primes du commerce \u00e9quitable, il reste une petite marge de manoeuvre pour prendre des mesures visant \u00e0 am\u00e9liorer leurs conditions de vie et de travail.<\/p>\n\n\n\n<p>Ce sont les producteurs, eux-m\u00eames, qui d\u00e9cident de l\u2019utilisation de cette prime : par le comit\u00e9 directeur de l\u2019organisation de petits producteurs, ou, pour les plantations, par la commission, compos\u00e9\/e de d\u00e9l\u00e9gu\u00e9s de gestion et de repr\u00e9sentants du personnel.<\/p>\n<\/div>\n<\/div>\n\n\n\n<div class=\"wp-block-columns is-layout-flex wp-container-core-columns-is-layout-9d6595d7 wp-block-columns-is-layout-flex\">\n<div class=\"wp-block-column is-layout-flow wp-block-column-is-layout-flow\" style=\"flex-basis:33.33%\">\n<figure class=\"wp-block-image size-large\"><img loading=\"lazy\" decoding=\"async\" width=\"384\" height=\"270\" src=\"https:\/\/www.fairsquared.com\/wp-content\/uploads\/2020\/02\/frc-logo.jpg\" alt=\"\" class=\"wp-image-2213\"\/><\/figure>\n<\/div>\n\n\n\n<div class=\"wp-block-column is-layout-flow wp-block-column-is-layout-flow\" style=\"flex-basis:66.66%\">\n<h2 class=\"wp-block-heading\">FSC\u00ae (Forest Stewardship Council\u00ae) <\/h2>\n\n\n\n<p>Le FSC\u00ae (Forest Stewardship Council\u00ae) soutient une gestion des for\u00eats respectueuse de l\u2019environnement, profitable sur le plan social et \u00e9conomique. Ainsi, le plan appliqu\u00e9<br> correspond aux besoins des g\u00e9n\u00e9rations actuelles et futures en terme social, \u00e9conomique et \u00e9cologique, et peut \u00eatre maintenu \u00e0 long terme. Le label certifie que tout au long de la cha\u00eene de cr\u00e9ation de valeur, seuls les mat\u00e9riaux contr\u00f4l\u00e9s et certifi\u00e9s FSC\u00ae seront utilis\u00e9s. <\/p>\n\n\n\n<h3 class=\"wp-block-heading\">Pour la fabrication de produits certifi\u00e9s FSC\u00ae, les mat\u00e9riaux suivant peuvent \u00eatre utilis\u00e9s : <\/h3>\n\n\n\n<p>Quantit\u00e9s certifi\u00e9es FSC\u00ae, bois \u00e0 origine contr\u00f4l\u00e9e ou mat\u00e9riel de recyclage. Pour chaque type de label FSC\u00ae, on peut reconna\u00eetre si le produit provient exclusivement d\u2019une gestion foresti\u00e8re contr\u00f4l\u00e9e par FSC\u00ae (FSC\u00ae 100 %), s\u2019il s\u2019agit exclusivement de mat\u00e9riaux de recyclage (FSC\u00ae recycled) ou s\u2019il s\u2019agit d\u2019un m\u00e9lange de mat\u00e9riaux contr\u00f4l\u00e9s et certifi\u00e9s (FSC\u00ae Mix).<\/p>\n\n\n\n<p><\/p>\n<\/div>\n<\/div>\n\n\n\n<div class=\"wp-block-columns is-layout-flex wp-container-core-columns-is-layout-9d6595d7 wp-block-columns-is-layout-flex\">\n<div class=\"wp-block-column is-layout-flow wp-block-column-is-layout-flow\" style=\"flex-basis:33.33%\">\n<figure class=\"wp-block-image size-large\"><img loading=\"lazy\" decoding=\"async\" width=\"384\" height=\"270\" src=\"https:\/\/www.fairsquared.com\/wp-content\/uploads\/2020\/02\/halal.jpg\" alt=\"\" class=\"wp-image-3090\"\/><\/figure>\n<\/div>\n\n\n\n<div class=\"wp-block-column is-layout-flow wp-block-column-is-layout-flow\" style=\"flex-basis:66.66%\">\n<h2 class=\"wp-block-heading\">Halal<\/h2>\n\n\n\n<p>Halal est traduit de l\u2019Arabe par \u00ab autoris\u00e9 \u00bb ou \u00ab approuv\u00e9 \u00bb. Pour les musulmans, il est interdit de consommer du porc et ses sous-produits, du sang et des produits enivrants (alcool). Aussi, les animaux qui n\u2019ont pas \u00e9t\u00e9 abattus selon les r\u00e8gles ne sont pas comestibles pour les musulmans. Halal signifie que ces produits sont autoris\u00e9s aux musulmans.<\/p>\n\n\n\n<p>On n\u2019absorbe pas seulement les nutriments par la bouche, mais aussi par la peau sous forme de cosm\u00e9tiques. Pour les musulmans, il est par cons\u00e9quent n\u00e9cessaire que la production de cosm\u00e9tiques soit effectu\u00e9e sans ces mati\u00e8res premi\u00e8res \u00ab interdites \u00bb et que les lieux de production et les machines n\u2019en aient pas \u00e9t\u00e9 contamin\u00e9es. <\/p>\n\n\n\n<p><strong>FAIR SQUARED est l&rsquo;un des rares producteurs en Europe \u00e0 fabriquer des cosm\u00e9tiques Halal. <\/strong><\/p>\n\n\n\n<p><strong>Qu\u2019est-ce que cela veut dire concr\u00e8tement ?<\/strong><\/p>\n\n\n\n<ul class=\"wp-block-list\">\n<li>Les produits certifi\u00e9s ne doivent contenir que des ingr\u00e9dients prouv\u00e9s certifi\u00e9s aux normes Halal.<\/li>\n\n\n\n<li>Les mati\u00e8res premi\u00e8res certifi\u00e9es Halal ne doivent en aucun cas entrer en contact avec les mati\u00e8res premi\u00e8res non certifi\u00e9es.<\/li>\n\n\n\n<li>Les produits semi-finis certifi\u00e9s Halal ne doivent pas entrer en contact avec les produits semi-finis non certifi\u00e9s.<\/li>\n\n\n\n<li>Il ne doit pas y avoir de contamination crois\u00e9e ni dans le d\u00e9p\u00f4t de mati\u00e8res premi\u00e8res, ni lors de la fabrication.<\/li>\n\n\n\n<li>Les produits finis conformes Halal ne doivent pas entrer en contact avec les produits finis non conformes.<\/li>\n\n\n\n<li>Les produits d\u00e9tergents et autres aides m\u00e9nag\u00e8res utilis\u00e9s pour nettoyer le lieu de production ne doivent pas remettre en question le statut Halal.<\/li>\n\n\n\n<li>Tous les produits doivent \u00eatre tra\u00e7ables.<\/li>\n<\/ul>\n<\/div>\n<\/div>\n\n\n\n<div class=\"wp-block-columns is-layout-flex wp-container-core-columns-is-layout-9d6595d7 wp-block-columns-is-layout-flex\">\n<div class=\"wp-block-column is-layout-flow wp-block-column-is-layout-flow\" style=\"flex-basis:33.33%\">\n<figure class=\"wp-block-image size-large\"><img loading=\"lazy\" decoding=\"async\" width=\"384\" height=\"270\" src=\"https:\/\/www.fairsquared.com\/wp-content\/uploads\/2020\/02\/PeTA.jpg\" alt=\"PeTA Zertifikat\" class=\"wp-image-3327\"\/><\/figure>\n<\/div>\n\n\n\n<div class=\"wp-block-column is-layout-flow wp-block-column-is-layout-flow\" style=\"flex-basis:66.66%\">\n<h2 class=\"wp-block-heading\">PeTA Cruelty-free<\/h2>\n\n\n\n<p>PeTA (People for the ethical Treatment of Animals) est la plus grande organisation au monde a lutter pour les droits des animaux et \u00e0 se battre aujourd\u2019hui entre autres contre l\u2019\u00e9levage en batterie, les tests sur les animaux ou l\u2019\u00e9levage des animaux \u00e0 fourrure. Elle liste toutes les marques qui ont affirm\u00e9 par \u00e9crit ne pas proc\u00e9der \u00e0 des tests sur les animaux ou en commander par un tiers.<\/p>\n\n\n\n<p>PeTA prend exclusivement les entreprises sur sa liste verte, qui ont les meilleures directives contre les tests sur les animaux. Il s\u2019agit d&rsquo;entreprises dont la politique<br>adopte une position claire contre les tests sur les animaux et qui aident \u00e0 \u00e9viter ces tests et \u00e0 l\u2019avenir \u00e0 les abolir compl\u00e8tement.<\/p>\n\n\n\n<p>Pour FAIR SQUARED, les crit\u00e8res n\u2019\u00e9taient pas difficiles \u00e0 compl\u00e9ter, car nous nous engageons activement depuis le d\u00e9but pour la protection des animaux. FAIR SQUARED<br> a expliqu\u00e9 \u00e0 PeTA ne proc\u00e9der \u00e0 aucun test sur les animaux, ni maintenant, ni \u00e0 l\u2019avenir et que nous n\u2019engageons et n\u2019engagerons pas de tiers pour y proc\u00e9der pour nous. Les produits FAIR SQUARED ne contiennent aucune trace de substances d\u2019origine animales, comme la peau animale, la fourrure, la chaire, les parties du corps, le miel, la cire d\u2019abeille, la soie, ainsi que leurs d\u00e9riv\u00e9s.<\/p>\n\n\n\n<p><strong>L\u2019entreprise FAIR SQUARED GmbH et ses produits ont \u00e9t\u00e9 contr\u00f4l\u00e9s par PeTA et ont obtenu la certification.<\/strong><\/p>\n<\/div>\n<\/div>\n","protected":false},"excerpt":{"rendered":"<p>Nos certificats et labels partenaires Fairtrade L\u2019organisation internationale Fairtrade est la conf\u00e9d\u00e9ration des organisations nationales Fairtrade. L\u2019organisation a \u00e9t\u00e9 fond\u00e9e en 1997 \u00e0 Bonn dans le but d\u2019unifier les multiples labels du Commerce \u00c9quitable sous un standard. Le syst\u00e8me Fairtrade est compos\u00e9 de deux branches : Le syst\u00e8me [&hellip;]<\/p>\n","protected":false},"author":5,"featured_media":0,"parent":1156,"menu_order":1,"comment_status":"closed","ping_status":"closed","template":"page-noheroimage.php","meta":{"_acf_changed":false,"footnotes":""},"class_list":["post-1172","page","type-page","status-publish","hentry"],"acf":[],"_links":{"self":[{"href":"https:\/\/www.fairsquared.com\/fr\/wp-json\/wp\/v2\/pages\/1172","targetHints":{"allow":["GET"]}}],"collection":[{"href":"https:\/\/www.fairsquared.com\/fr\/wp-json\/wp\/v2\/pages"}],"about":[{"href":"https:\/\/www.fairsquared.com\/fr\/wp-json\/wp\/v2\/types\/page"}],"author":[{"embeddable":true,"href":"https:\/\/www.fairsquared.com\/fr\/wp-json\/wp\/v2\/users\/5"}],"replies":[{"embeddable":true,"href":"https:\/\/www.fairsquared.com\/fr\/wp-json\/wp\/v2\/comments?post=1172"}],"version-history":[{"count":2,"href":"https:\/\/www.fairsquared.com\/fr\/wp-json\/wp\/v2\/pages\/1172\/revisions"}],"predecessor-version":[{"id":19875,"href":"https:\/\/www.fairsquared.com\/fr\/wp-json\/wp\/v2\/pages\/1172\/revisions\/19875"}],"up":[{"embeddable":true,"href":"https:\/\/www.fairsquared.com\/fr\/wp-json\/wp\/v2\/pages\/1156"}],"wp:attachment":[{"href":"https:\/\/www.fairsquared.com\/fr\/wp-json\/wp\/v2\/media?parent=1172"}],"curies":[{"name":"wp","href":"https:\/\/api.w.org\/{rel}","templated":true}]}}