{"id":1156,"date":"2020-01-20T08:56:04","date_gmt":"2020-01-20T07:56:04","guid":{"rendered":"https:\/\/www.fairsquared.com\/partner\/"},"modified":"2025-11-21T18:12:10","modified_gmt":"2025-11-21T17:12:10","slug":"partenaires","status":"publish","type":"page","link":"https:\/\/www.fairsquared.com\/fr\/partenaires\/","title":{"rendered":"Partenaires"},"content":{"rendered":"\n<div style=\"height:50px\" aria-hidden=\"true\" class=\"wp-block-spacer\"><\/div>\n\n\n\n<h1 class=\"wp-block-heading\"> <strong>Changeons les choses ensemble : nos partenaires<\/strong> <\/h1>\n\n\n\n<p> Tout ce qui aujourd&rsquo;hui repr\u00e9sente FAIR SQUARED est fond\u00e9 sur des relations commerciales solides et durables avec nos partenaires. Qu&rsquo;il s&rsquo;agisse de nos labels partenaires, de nos livreurs de mati\u00e8res premi\u00e8res aux quatre coins du globe ou des projets que nous soutenons, FAIR SQUARED est fond\u00e9e sur la coop\u00e9ration durable. Nous aimerions t&rsquo;en raconter plus \u00e0 ce propos et te remercier chaleureusement pour ton engagement.<strong> <\/strong><br> <\/p>\n\n\n\n<div style=\"height:50px\" aria-hidden=\"true\" class=\"wp-block-spacer\"><\/div>\n\n\n              \n                <div class=\"cards-2\">\n                  <div class=\"row\">\n\n                    \n                      <div class=\"col-12 col-sm-6 col-md-4\">\n                        <a href=\"https:\/\/www.fairsquared.com\/fr\/partenaires\/certificats\/\" class=\"item\">\n                          <div class=\"image\">\n                            <img decoding=\"async\" src=\"https:\/\/www.fairsquared.com\/wp-content\/uploads\/2020\/01\/breit_FLO-logo.jpg\" alt=\"\" \/>\n                          <\/div>\n                          <div class=\"text\">\n                            <h2>Certificats<\/h2>\n                            <p>Attestations de notre travail\r\n<\/p>\n                          <\/div>\n                          <div class=\"link\">\n                            <p class=\"btn btn-primary\">D\u00e9couvrir<\/p>\n                          <\/div>\n                        <\/a>\n                      <\/div>\n\n                    \n                      <div class=\"col-12 col-sm-6 col-md-4\">\n                        <a href=\"https:\/\/www.fairsquared.com\/fr\/partenaires\/partner-brands\/\" class=\"item\">\n                          <div class=\"image\">\n                            <img decoding=\"async\" src=\"https:\/\/www.fairsquared.com\/wp-content\/uploads\/2020\/01\/breit_Fairmove-logo.jpg\" alt=\"\" \/>\n                          <\/div>\n                          <div class=\"text\">\n                            <h2>Partenaires<\/h2>\n                            <p>\u00c0 ne pas manquer<\/p>\n                          <\/div>\n                          <div class=\"link\">\n                            <p class=\"btn btn-primary\">D\u00e9couvrir<\/p>\n                          <\/div>\n                        <\/a>\n                      <\/div>\n\n                    \n                      <div class=\"col-12 col-sm-6 col-md-4\">\n                        <a href=\"https:\/\/www.fairsquared.com\/fr\/partenaires\/amis\/\" class=\"item\">\n                          <div class=\"image\">\n                            <img decoding=\"async\" src=\"https:\/\/www.fairsquared.com\/wp-content\/uploads\/2020\/11\/herz.jpg\" alt=\"\" \/>\n                          <\/div>\n                          <div class=\"text\">\n                            <h2>Amis<\/h2>\n                            <p><\/p>\n                          <\/div>\n                          <div class=\"link\">\n                            <p class=\"btn btn-primary\">D\u00e9couvrir<\/p>\n                          <\/div>\n                        <\/a>\n                      <\/div>\n\n                    \n                      <div class=\"col-12 col-sm-6 col-md-4\">\n                        <a href=\"https:\/\/www.fairsquared.com\/fr\/partenaires\/programme-daffiliation-fair-squared\/\" class=\"item\">\n                          <div class=\"image\">\n                            <img decoding=\"async\" src=\"https:\/\/www.fairsquared.com\/wp-content\/uploads\/2025\/06\/FSQ-Affiliate-Partnership-3.png\" alt=\"\" \/>\n                          <\/div>\n                          <div class=\"text\">\n                            <h2>Programme d\u2019affiliation Fair Squared<\/h2>\n                            <p><\/p>\n                          <\/div>\n                          <div class=\"link\">\n                            <p class=\"btn btn-primary\">D\u00e9couvrir<\/p>\n                          <\/div>\n                        <\/a>\n                      <\/div>\n\n                    \n                  <\/div>\n                <\/div>\n\n              ","protected":false},"excerpt":{"rendered":"<p>Changeons les choses ensemble : nos partenaires Tout ce qui aujourd&rsquo;hui repr\u00e9sente FAIR SQUARED est fond\u00e9 sur des relations commerciales solides et durables avec nos partenaires. Qu&rsquo;il s&rsquo;agisse de nos labels partenaires, de nos livreurs de mati\u00e8res premi\u00e8res aux quatre coins du globe ou des projets que nous [&hellip;]<\/p>\n","protected":false},"author":5,"featured_media":0,"parent":0,"menu_order":5,"comment_status":"closed","ping_status":"closed","template":"","meta":{"_acf_changed":false,"footnotes":""},"class_list":["post-1156","page","type-page","status-publish","hentry"],"acf":[],"_links":{"self":[{"href":"https:\/\/www.fairsquared.com\/fr\/wp-json\/wp\/v2\/pages\/1156","targetHints":{"allow":["GET"]}}],"collection":[{"href":"https:\/\/www.fairsquared.com\/fr\/wp-json\/wp\/v2\/pages"}],"about":[{"href":"https:\/\/www.fairsquared.com\/fr\/wp-json\/wp\/v2\/types\/page"}],"author":[{"embeddable":true,"href":"https:\/\/www.fairsquared.com\/fr\/wp-json\/wp\/v2\/users\/5"}],"replies":[{"embeddable":true,"href":"https:\/\/www.fairsquared.com\/fr\/wp-json\/wp\/v2\/comments?post=1156"}],"version-history":[{"count":1,"href":"https:\/\/www.fairsquared.com\/fr\/wp-json\/wp\/v2\/pages\/1156\/revisions"}],"predecessor-version":[{"id":19229,"href":"https:\/\/www.fairsquared.com\/fr\/wp-json\/wp\/v2\/pages\/1156\/revisions\/19229"}],"wp:attachment":[{"href":"https:\/\/www.fairsquared.com\/fr\/wp-json\/wp\/v2\/media?parent=1156"}],"curies":[{"name":"wp","href":"https:\/\/api.w.org\/{rel}","templated":true}]}}