{"id":1149,"date":"2020-01-20T08:55:55","date_gmt":"2020-01-20T07:55:55","guid":{"rendered":"https:\/\/www.fairsquared.com\/zero-waste\/"},"modified":"2020-03-26T13:54:54","modified_gmt":"2020-03-26T12:54:54","slug":"zero-dechet","status":"publish","type":"page","link":"https:\/\/www.fairsquared.com\/fr\/fair-squared\/zero-dechet\/","title":{"rendered":"Z\u00e9ro d\u00e9chet"},"content":{"rendered":"\n<p>  <\/p>\n\n\n\n<div class=\"wp-block-columns is-layout-flex wp-container-core-columns-is-layout-9d6595d7 wp-block-columns-is-layout-flex\">\n<div class=\"wp-block-column is-layout-flow wp-block-column-is-layout-flow\" style=\"flex-basis:33.33%\">\n<figure class=\"wp-block-image size-large\"><img loading=\"lazy\" decoding=\"async\" width=\"384\" height=\"384\" src=\"https:\/\/www.fairsquared.com\/wp-content\/uploads\/2020\/02\/Kreislauf___.jpg\" alt=\"Zero-Waste-Kreislaof\" class=\"wp-image-2453\" srcset=\"https:\/\/www.fairsquared.com\/wp-content\/uploads\/2020\/02\/Kreislauf___.jpg 384w, https:\/\/www.fairsquared.com\/wp-content\/uploads\/2020\/02\/Kreislauf___-150x150.jpg 150w\" sizes=\"(max-width: 384px) 100vw, 384px\" \/><\/figure>\n<\/div>\n\n\n\n<div class=\"wp-block-column is-layout-flow wp-block-column-is-layout-flow\" style=\"flex-basis:66.66%\">\n<h1 class=\"wp-block-heading\"> <strong>Z\u00e9ro d\u00e9chet dans les cosm\u00e9tiques naturels<\/strong><\/h1>\n\n\n\n<p>Le z\u00e9ro d\u00e9chet et les cosm\u00e9tiques naturels \u2013 \u00e7a peut vraiment aller de paire&nbsp;? Et que se cache-t-il vraiment derri\u00e8re ce mouvement&nbsp;? Dans notre <a href=\"https:\/\/www.fairsquared.com\/fr\/fair-squared-et-zero-dechet\/\">journal<\/a>, nous expliquons, qu&rsquo;en tant que producteur de cosm\u00e9tiques, nous nous devons d&rsquo;entreprendre quelque chose afin de r\u00e9duire les d\u00e9chets et que c&rsquo;est possible d&rsquo;\u00e9laborer un syst\u00e8me sens\u00e9 en travaillant avec des emballages en verre. Nous aimerions vous prouvez que c&rsquo;est m\u00eame facile de faire partie du mouvement z\u00e9ro d\u00e9chet. Optez pour les cosm\u00e9tiques naturels aux emballages r\u00e9utilisables&nbsp;! <\/p>\n\n\n\n<h2 class=\"wp-block-heading\"> <strong>Le circuit z\u00e9ro d\u00e9chet \u2013 \u00e7a fonctionne comme \u00e7a !<\/strong><\/h2>\n\n\n\n<p> \u00c0 partir de maintenant, nos cosm\u00e9tiques FAIR SQUARED ne sont plus que dans des pots et bouteilles en verre r\u00e9utilisables pour plus de durabilit\u00e9 dans la salle de bain. Mais comment fonctionne ce syst\u00e8me&nbsp;?  <\/p>\n<\/div>\n<\/div>\n\n\n\n<ol class=\"wp-block-list\"><li> <strong>Nous remplissons les verres et les mettons dans le commerce.<\/strong> Vous trouverez les diff\u00e9rents produits de soin dans les magasins bio, par exemple , les Reformh\u00e4usern, les Magasins du Monde et les pharmacies, mais aussi dans de plus en plus de magasins de vrac. Si vous n&rsquo;y trouvez pas ce que vous cherchez, vous pouvez aussi faire vos achats en ligne&nbsp;: dans notre <a href=\"http:\/\/www.fair2.me\/\">boutique en ligne<\/a>&nbsp;!<\/li><li> <strong>Une fois les verres vides, nous les r\u00e9cup\u00e9rons. <\/strong>Pour cela, vous pouvez les renvoyer au magasin ou directement \u00e0 notre adresse, si vous avez minimum 10 contenants (qu&rsquo;il s&rsquo;agisse de nos pots, de nos bouteilles ou de nos bo\u00eetes en m\u00e9tal). Nous aimerions juste vous demander de bien vouloir les laver avant de nous les retourner. Pour vous remercier, nous vous enverrons un bon de 10 \u20ac \u00e0 utiliser sur votre prochain achat dans notre boutique en ligne fair2.me. Pour les comer\u00e7ants qui prennent par au syst\u00e8me z\u00e9ro d\u00e9chet, nous avons pens\u00e9 \u00e0 autre chose, nous vous indiquerons aussi les <a href=\"https:\/\/shop.fairsquared.info\/de\/infos\/zero-waste\">informations<\/a>.<\/li><li> <strong>Les contenants vides sont envoy\u00e9s au nettoyage.<\/strong> Pour cela, nous avons un partenaire qui nettoie m\u00e9ticuleusement les pots des derniers restes de cr\u00e8me et de fa\u00e7on parfaitement hygi\u00e9nique. <\/li><li><strong>C&rsquo;est apr\u00e8s cette \u00e9tape, qu&rsquo;ils peuvent \u00eatre re-remplis avec les produits FAIR SQUARED.<\/strong>  C&rsquo;est parce que nous avons pris le parti d&rsquo;un syst\u00e8me de recyclage que les pots nettoy\u00e9s peuvent \u00eatre re-remplis. Si les couvercles et leur pastille en caoutchouc ne sont pas endommag\u00e9s, ils peuvent \u00eatre r\u00e9utilis\u00e9s. Cela \u00e9conomise pas mal de ressources naturelles.   <\/li><li> <strong>Les produits z\u00e9ro d\u00e9chet retournent ainsi dans le circuit.<\/strong>  Lorsque nous avons re-remplis chaque contenant avec le produit correspondant, ils retrouvent leur chemin vers le commer\u00e7ant et peuvent faire le bonheur d&rsquo;un nouveau client. <\/li><\/ol>\n\n\n              \n\n\n<p>Tu as encore de questions \u00e0 ce sujet\u00a0? Nous avons mis \u00e0 ta disposition les r\u00e9ponses aux questions les plus pos\u00e9es sur le syst\u00e8me z\u00e9ro d\u00e9chet dans nos<a href=\"https:\/\/www.fairsquared.com\/fr\/fair-squared\/faq\/zero-dechet\/\"> FAQ<\/a>. <\/p>\n\n\n\n<p><\/p>\n\n\n\n<p><\/p>\n","protected":false},"excerpt":{"rendered":"<p>Z\u00e9ro d\u00e9chet dans les cosm\u00e9tiques naturels Le z\u00e9ro d\u00e9chet et les cosm\u00e9tiques naturels \u2013 \u00e7a peut vraiment aller de paire&nbsp;? Et que se cache-t-il vraiment derri\u00e8re ce mouvement&nbsp;? Dans notre journal, nous expliquons, qu&rsquo;en tant que producteur de cosm\u00e9tiques, nous nous devons d&rsquo;entreprendre quelque chose afin de r\u00e9duire [&hellip;]<\/p>\n","protected":false},"author":5,"featured_media":0,"parent":1004,"menu_order":3,"comment_status":"closed","ping_status":"closed","template":"","meta":{"_acf_changed":false,"footnotes":""},"class_list":["post-1149","page","type-page","status-publish","hentry"],"acf":[],"_links":{"self":[{"href":"https:\/\/www.fairsquared.com\/fr\/wp-json\/wp\/v2\/pages\/1149","targetHints":{"allow":["GET"]}}],"collection":[{"href":"https:\/\/www.fairsquared.com\/fr\/wp-json\/wp\/v2\/pages"}],"about":[{"href":"https:\/\/www.fairsquared.com\/fr\/wp-json\/wp\/v2\/types\/page"}],"author":[{"embeddable":true,"href":"https:\/\/www.fairsquared.com\/fr\/wp-json\/wp\/v2\/users\/5"}],"replies":[{"embeddable":true,"href":"https:\/\/www.fairsquared.com\/fr\/wp-json\/wp\/v2\/comments?post=1149"}],"version-history":[{"count":0,"href":"https:\/\/www.fairsquared.com\/fr\/wp-json\/wp\/v2\/pages\/1149\/revisions"}],"up":[{"embeddable":true,"href":"https:\/\/www.fairsquared.com\/fr\/wp-json\/wp\/v2\/pages\/1004"}],"wp:attachment":[{"href":"https:\/\/www.fairsquared.com\/fr\/wp-json\/wp\/v2\/media?parent=1149"}],"curies":[{"name":"wp","href":"https:\/\/api.w.org\/{rel}","templated":true}]}}