{"id":1046,"date":"2020-01-20T08:55:30","date_gmt":"2020-01-20T07:55:30","guid":{"rendered":"https:\/\/www.fairsquared.com\/?page_id=1046"},"modified":"2025-12-01T17:45:18","modified_gmt":"2025-12-01T16:45:18","slug":"produits","status":"publish","type":"page","link":"https:\/\/www.fairsquared.com\/fr\/produits\/","title":{"rendered":"Produits"},"content":{"rendered":"\n<h1 class=\"wp-block-heading\">Produits FAIR SQUARED <\/h1>\n\n\n\n<p><\/p>\n\n\n              \n                <div class=\"cards-2\">\n                  <div class=\"row\">\n\n                    \n                      <div class=\"col-12 col-sm-6 col-md-4\">\n                        <a href=\"https:\/\/www.fairsquared.com\/fr\/produits\/preservatifs\/\" class=\"item\">\n                          <div class=\"image\">\n                            <img decoding=\"async\" src=\"https:\/\/www.fairsquared.com\/wp-content\/uploads\/2020\/01\/Fairsquared_Kondom_Original.jpg\" alt=\"\" \/>\n                          <\/div>\n                          <div class=\"text\">\n                            <h2>Pr\u00e9servatifs<\/h2>\n                            <p>Se prot\u00e9ger \u00e9quitablement<\/p>\n                          <\/div>\n                          <div class=\"link\">\n                            <p class=\"btn btn-primary\">D\u00e9couvrir<\/p>\n                          <\/div>\n                        <\/a>\n                      <\/div>\n\n                    \n                      <div class=\"col-12 col-sm-6 col-md-4\">\n                        <a href=\"https:\/\/www.fairsquared.com\/fr\/produits\/menstruation\/\" class=\"item\">\n                          <div class=\"image\">\n                            <img decoding=\"async\" src=\"https:\/\/www.fairsquared.com\/wp-content\/uploads\/2021\/08\/periodcup_m.jpg\" alt=\"\" \/>\n                          <\/div>\n                          <div class=\"text\">\n                            <h2>Bien-\u00eatre intime<\/h2>\n                            <p>Coupe menstruelle<\/p>\n                          <\/div>\n                          <div class=\"link\">\n                            <p class=\"btn btn-primary\">D\u00e9couvrir<\/p>\n                          <\/div>\n                        <\/a>\n                      <\/div>\n\n                    \n                      <div class=\"col-12 col-sm-6 col-md-4\">\n                        <a href=\"https:\/\/www.fairsquared.com\/fr\/produits\/beauty-bar\/\" class=\"item\">\n                          <div class=\"image\">\n                            <img decoding=\"async\" src=\"https:\/\/www.fairsquared.com\/wp-content\/uploads\/2025\/11\/2026-Shea-BB-2.5L-scaled.jpg\" alt=\"\" \/>\n                          <\/div>\n                          <div class=\"text\">\n                            <h2>Beauty Bar<\/h2>\n                            <p>Produits cosm\u00e9tiques en grands conditionnements r\u00e9utilisables.<\/p>\n                          <\/div>\n                          <div class=\"link\">\n                            <p class=\"btn btn-primary\">D\u00e9couvrir<\/p>\n                          <\/div>\n                        <\/a>\n                      <\/div>\n\n                    \n                      <div class=\"col-12 col-sm-6 col-md-4\">\n                        <a href=\"https:\/\/www.fairsquared.com\/fr\/produits\/mains\/\" class=\"item\">\n                          <div class=\"image\">\n                            <img decoding=\"async\" src=\"https:\/\/www.fairsquared.com\/wp-content\/uploads\/2025\/12\/Hand-Creme-Almond-mit-Rand.jpg\" alt=\"\" \/>\n                          <\/div>\n                          <div class=\"text\">\n                            <h2>Soin des mains<\/h2>\n                            <p>Cr\u00e8mes pour les mains aux huiles pr\u00e9cieuses issues du commerce \u00e9quitable pour les mains soumises \u00e0 diff\u00e9rentes sollicitations<\/p>\n                          <\/div>\n                          <div class=\"link\">\n                            <p class=\"btn btn-primary\">D\u00e9couvrir<\/p>\n                          <\/div>\n                        <\/a>\n                      <\/div>\n\n                    \n                      <div class=\"col-12 col-sm-6 col-md-4\">\n                        <a href=\"https:\/\/www.fairsquared.com\/fr\/produits\/corps\/\" class=\"item\">\n                          <div class=\"image\">\n                            <img decoding=\"async\" src=\"https:\/\/www.fairsquared.com\/wp-content\/uploads\/2025\/12\/Shea-Butter-mit-Rand.jpg\" alt=\"\" \/>\n                          <\/div>\n                          <div class=\"text\">\n                            <h2>Corps<\/h2>\n                            <p>Lavage | Soin | D\u00e9o | D\u00e9pilation<\/p>\n                          <\/div>\n                          <div class=\"link\">\n                            <p class=\"btn btn-primary\">D\u00e9couvrir<\/p>\n                          <\/div>\n                        <\/a>\n                      <\/div>\n\n                    \n                      <div class=\"col-12 col-sm-6 col-md-4\">\n                        <a href=\"https:\/\/www.fairsquared.com\/fr\/produits\/visage\/\" class=\"item\">\n                          <div class=\"image\">\n                            <img decoding=\"async\" src=\"https:\/\/www.fairsquared.com\/wp-content\/uploads\/2025\/12\/Facial-Scrub-mit-Rand.jpg\" alt=\"\" \/>\n                          <\/div>\n                          <div class=\"text\">\n                            <h2>Visage<\/h2>\n                            <p>Nettoyage | Soin | Barbe &#038; rasage<\/p>\n                          <\/div>\n                          <div class=\"link\">\n                            <p class=\"btn btn-primary\">D\u00e9couvrir<\/p>\n                          <\/div>\n                        <\/a>\n                      <\/div>\n\n                    \n                  <\/div>\n                <\/div>\n\n              ","protected":false},"excerpt":{"rendered":"<p>Produits FAIR SQUARED<\/p>\n","protected":false},"author":5,"featured_media":0,"parent":0,"menu_order":3,"comment_status":"closed","ping_status":"closed","template":"","meta":{"_acf_changed":false,"footnotes":""},"class_list":["post-1046","page","type-page","status-publish","hentry"],"acf":[],"_links":{"self":[{"href":"https:\/\/www.fairsquared.com\/fr\/wp-json\/wp\/v2\/pages\/1046","targetHints":{"allow":["GET"]}}],"collection":[{"href":"https:\/\/www.fairsquared.com\/fr\/wp-json\/wp\/v2\/pages"}],"about":[{"href":"https:\/\/www.fairsquared.com\/fr\/wp-json\/wp\/v2\/types\/page"}],"author":[{"embeddable":true,"href":"https:\/\/www.fairsquared.com\/fr\/wp-json\/wp\/v2\/users\/5"}],"replies":[{"embeddable":true,"href":"https:\/\/www.fairsquared.com\/fr\/wp-json\/wp\/v2\/comments?post=1046"}],"version-history":[{"count":4,"href":"https:\/\/www.fairsquared.com\/fr\/wp-json\/wp\/v2\/pages\/1046\/revisions"}],"predecessor-version":[{"id":19589,"href":"https:\/\/www.fairsquared.com\/fr\/wp-json\/wp\/v2\/pages\/1046\/revisions\/19589"}],"wp:attachment":[{"href":"https:\/\/www.fairsquared.com\/fr\/wp-json\/wp\/v2\/media?parent=1046"}],"curies":[{"name":"wp","href":"https:\/\/api.w.org\/{rel}","templated":true}]}}