{"id":1035,"date":"2020-01-20T09:01:09","date_gmt":"2020-01-20T08:01:09","guid":{"rendered":"https:\/\/www.fairsquared.com\/fair-squared\/faq\/"},"modified":"2025-11-28T18:37:03","modified_gmt":"2025-11-28T17:37:03","slug":"faq","status":"publish","type":"page","link":"https:\/\/www.fairsquared.com\/fr\/fair-squared\/faq\/","title":{"rendered":"FAQ"},"content":{"rendered":"\n<div style=\"height:100px\" aria-hidden=\"true\" class=\"wp-block-spacer\"><\/div>\n\n\n\n<h1 class=\"wp-block-heading\">FAQ<\/h1>\n\n\n\n<p> Vous vous posez des questions sur le commerce \u00e9quitable en g\u00e9n\u00e9ral et vous demandez ce que nos produits du commerce \u00e9quitable ont de si sp\u00e9cial&nbsp;? Peut-\u00eatre que vous vous demandez aussi comment fonctionne le syst\u00e8me z\u00e9ro d\u00e9chet&nbsp;? Nous avons r\u00e9pondu ici aux questions les plus fr\u00e9quemment pos\u00e9es. Jetez un \u0153il \u00e0 notre FAQ, vous trouverez certainement vos r\u00e9ponses. Si non \u00e9crivez-nous un mail via notre formulaire de contact. Nous nous faisons un plaisir de vous renseigner ! <\/p>\n\n\n              \n                <div class=\"cards-2\">\n                  <div class=\"row\">\n\n                    \n                      <div class=\"col-12 col-sm-6 col-md-4\">\n                        <a href=\"https:\/\/www.fairsquared.com\/fr\/fair-squared\/faq\/commerce-equitable\/\" class=\"item\">\n                          <div class=\"image\">\n                            <img decoding=\"async\" src=\"https:\/\/www.fairsquared.com\/wp-content\/uploads\/2020\/02\/d.jpg\" alt=\"\" \/>\n                          <\/div>\n                          <div class=\"text\">\n                            <h2>Commerce \u00e9quitable <\/h2>\n                            <p><\/p>\n                          <\/div>\n                          <div class=\"link\">\n                            <p class=\"btn btn-primary\">D\u00e9couvrir<\/p>\n                          <\/div>\n                        <\/a>\n                      <\/div>\n\n                    \n                      <div class=\"col-12 col-sm-6 col-md-4\">\n                        <a href=\"https:\/\/www.fairsquared.com\/fr\/fair-squared\/faq\/cosmetiques-naturels\/\" class=\"item\">\n                          <div class=\"image\">\n                            <img decoding=\"async\" src=\"https:\/\/www.fairsquared.com\/wp-content\/uploads\/2020\/02\/b.jpg\" alt=\"\" \/>\n                          <\/div>\n                          <div class=\"text\">\n                            <h2>Cosm\u00e9tiques naturels<\/h2>\n                            <p><\/p>\n                          <\/div>\n                          <div class=\"link\">\n                            <p class=\"btn btn-primary\">D\u00e9couvrir<\/p>\n                          <\/div>\n                        <\/a>\n                      <\/div>\n\n                    \n                      <div class=\"col-12 col-sm-6 col-md-4\">\n                        <a href=\"https:\/\/www.fairsquared.com\/fr\/fair-squared\/faq\/unsere-produkte\/\" class=\"item\">\n                          <div class=\"image\">\n                            <img decoding=\"async\" src=\"https:\/\/www.fairsquared.com\/wp-content\/uploads\/2020\/02\/c.jpg\" alt=\"\" \/>\n                          <\/div>\n                          <div class=\"text\">\n                            <h2>Nos produits<\/h2>\n                            <p><\/p>\n                          <\/div>\n                          <div class=\"link\">\n                            <p class=\"btn btn-primary\">D\u00e9couvrir<\/p>\n                          <\/div>\n                        <\/a>\n                      <\/div>\n\n                    \n                      <div class=\"col-12 col-sm-6 col-md-4\">\n                        <a href=\"https:\/\/www.fairsquared.com\/fr\/fair-squared\/faq\/vegan\/\" class=\"item\">\n                          <div class=\"image\">\n                            <img decoding=\"async\" src=\"https:\/\/www.fairsquared.com\/wp-content\/uploads\/2020\/02\/e.jpg\" alt=\"\" \/>\n                          <\/div>\n                          <div class=\"text\">\n                            <h2>V\u00e9gane<\/h2>\n                            <p><\/p>\n                          <\/div>\n                          <div class=\"link\">\n                            <p class=\"btn btn-primary\">D\u00e9couvrir<\/p>\n                          <\/div>\n                        <\/a>\n                      <\/div>\n\n                    \n                      <div class=\"col-12 col-sm-6 col-md-4\">\n                        <a href=\"https:\/\/www.fairsquared.com\/fr\/fair-squared\/faq\/zero-dechet\/\" class=\"item\">\n                          <div class=\"image\">\n                            <img decoding=\"async\" src=\"https:\/\/www.fairsquared.com\/wp-content\/uploads\/2020\/02\/g.jpg\" alt=\"\" \/>\n                          <\/div>\n                          <div class=\"text\">\n                            <h2>Z\u00e9ro d\u00e9chet<\/h2>\n                            <p><\/p>\n                          <\/div>\n                          <div class=\"link\">\n                            <p class=\"btn btn-primary\">D\u00e9couvrir<\/p>\n                          <\/div>\n                        <\/a>\n                      <\/div>\n\n                    \n                  <\/div>\n                <\/div>\n\n              ","protected":false},"excerpt":{"rendered":"<p>FAQ Vous vous posez des questions sur le commerce \u00e9quitable en g\u00e9n\u00e9ral et vous demandez ce que nos produits du commerce \u00e9quitable ont de si sp\u00e9cial&nbsp;? Peut-\u00eatre que vous vous demandez aussi comment fonctionne le syst\u00e8me z\u00e9ro d\u00e9chet&nbsp;? Nous avons r\u00e9pondu ici aux questions les plus fr\u00e9quemment pos\u00e9es. [&hellip;]<\/p>\n","protected":false},"author":5,"featured_media":0,"parent":1004,"menu_order":5,"comment_status":"closed","ping_status":"closed","template":"","meta":{"_acf_changed":false,"footnotes":""},"class_list":["post-1035","page","type-page","status-publish","hentry"],"acf":[],"_links":{"self":[{"href":"https:\/\/www.fairsquared.com\/fr\/wp-json\/wp\/v2\/pages\/1035","targetHints":{"allow":["GET"]}}],"collection":[{"href":"https:\/\/www.fairsquared.com\/fr\/wp-json\/wp\/v2\/pages"}],"about":[{"href":"https:\/\/www.fairsquared.com\/fr\/wp-json\/wp\/v2\/types\/page"}],"author":[{"embeddable":true,"href":"https:\/\/www.fairsquared.com\/fr\/wp-json\/wp\/v2\/users\/5"}],"replies":[{"embeddable":true,"href":"https:\/\/www.fairsquared.com\/fr\/wp-json\/wp\/v2\/comments?post=1035"}],"version-history":[{"count":1,"href":"https:\/\/www.fairsquared.com\/fr\/wp-json\/wp\/v2\/pages\/1035\/revisions"}],"predecessor-version":[{"id":19292,"href":"https:\/\/www.fairsquared.com\/fr\/wp-json\/wp\/v2\/pages\/1035\/revisions\/19292"}],"up":[{"embeddable":true,"href":"https:\/\/www.fairsquared.com\/fr\/wp-json\/wp\/v2\/pages\/1004"}],"wp:attachment":[{"href":"https:\/\/www.fairsquared.com\/fr\/wp-json\/wp\/v2\/media?parent=1035"}],"curies":[{"name":"wp","href":"https:\/\/api.w.org\/{rel}","templated":true}]}}