{"id":1020,"date":"2020-01-20T09:00:29","date_gmt":"2020-01-20T08:00:29","guid":{"rendered":"https:\/\/www.fairsquared.com\/fair-squared\/prinzipien\/"},"modified":"2020-03-26T12:23:38","modified_gmt":"2020-03-26T11:23:38","slug":"principes","status":"publish","type":"page","link":"https:\/\/www.fairsquared.com\/fr\/fair-squared\/principes\/","title":{"rendered":"Principes"},"content":{"rendered":"\n<div class=\"wp-block-columns is-layout-flex wp-container-core-columns-is-layout-9d6595d7 wp-block-columns-is-layout-flex\">\n<div class=\"wp-block-column is-layout-flow wp-block-column-is-layout-flow\" style=\"flex-basis:33.33%\">\n<figure class=\"wp-block-image size-large\"><img loading=\"lazy\" decoding=\"async\" width=\"384\" height=\"270\" src=\"https:\/\/www.fairsquared.com\/wp-content\/uploads\/2020\/02\/FSQ_claim.jpg\" alt=\"FAIR SQUARED It's in your hands\" class=\"wp-image-2393\"\/><\/figure>\n<\/div>\n\n\n\n<div class=\"wp-block-column is-layout-flow wp-block-column-is-layout-flow\" style=\"flex-basis:66.66%\">\n<h1 class=\"wp-block-heading\"><strong>Ce que d\u00e9fend FAIR SQUARED <\/strong> <\/h1>\n\n\n\n<p> FAIR SQUARED est une entreprise enregistr\u00e9e S.a.r.l (GmbH) en Allemagne dont le si\u00e8ge se trouve \u00e0 Cologne. Les parts de l\u2019entreprise sont une propri\u00e9t\u00e9 familiale et ni un groupe, ni un investisseur financier n\u2019est impliqu\u00e9 de fa\u00e7on directe ou indirecte chez FAIR SQUARED. Notre administration et notre d\u00e9p\u00f4t se trouvent \u00e0 Cologne-Marsdorf sur une surface lou\u00e9e de 700 m\u00b2. D\u2019autres possibilit\u00e9s externes de d\u00e9p\u00f4t sont mises \u00e0 notre disposition de mani\u00e8re flexible par notre prestataire de services financier.  <\/p>\n\n\n\n<h2 class=\"wp-block-heading\"> <strong>Transparence, hauts standards sociaux et environnementaux<\/strong><\/h2>\n\n\n\n<p>Nos principes d\u2019affaire sont bas\u00e9s sur la transparence, sur le respect social et de l\u2019environnement, sur la protection des animaux et sur la solidarit\u00e9 avec les Hommes des r\u00e9gions les plus d\u00e9favoris\u00e9es du globe. Pour que chaque chose que nous faisons se fassent de mani\u00e8re transparente, nous avons pris contact tr\u00e8s t\u00f4t avec des organisations label connues mondialement, qui contr\u00f4lent r\u00e9guli\u00e8rement les \u00e9tapes de notre travail et notre cha\u00eene logistique. Cliquez ici pour voir les <a href=\"https:\/\/www.fairsquared.com\/fr\/partenaires\/zertifikate\/\">organisations label<\/a> qui travaillent avec FAIR SQUARED.  <\/p>\n\n\n\n<h2 class=\"wp-block-heading\"> <strong>Partenaires \u00e9gaux, contrats \u00e0 long terme<\/strong> <\/h2>\n\n\n\n<p> Les partenaires exclusifs internationaux de FAIR SQUARED sont aussi des entreprises familiales autonomes, qui font commerce avec les aliments naturels, les cosm\u00e9tiques naturels ou les produits \u00e9cologiques de grande qualit\u00e9. Les partenaires de production de FAIR SQUARED sont ind\u00e9pendants \u00e9conomiquement de FAIR SQUARED GmbH. Nous n\u00e9gocions avec nos partenaires d\u2019\u00e9gal \u00e0 \u00e9gal, les traitons avec respect et sommes en dialogue honn\u00eate avec eux. De tout cela il en r\u00e9sulte des contrats longue dur\u00e9e bas\u00e9s sur plus de justice dans le commerce international. <\/p>\n\n\n\n<h2 class=\"wp-block-heading\"> <strong>Recettes maison et haute cr\u00e9ativit\u00e9<\/strong><\/h2>\n\n\n\n<p> Les recettes de nos produits sont en possession priv\u00e9e de l\u2019entreprise. Tous les 6 mois, FAIR SQUARED d\u00e9veloppe 5 \u00e0 8 nouveaut\u00e9s qui sont pr\u00e9sent\u00e9es en f\u00e9vrier et en septembre de chaque ann\u00e9e. La marque FAIR SQUARED est inscrite dans beaucoup de pays du monde. <\/p>\n\n\n\n<p><\/p>\n<\/div>\n<\/div>\n","protected":false},"excerpt":{"rendered":"<p>Ce que d\u00e9fend FAIR SQUARED FAIR SQUARED est une entreprise enregistr\u00e9e S.a.r.l (GmbH) en Allemagne dont le si\u00e8ge se trouve \u00e0 Cologne. Les parts de l\u2019entreprise sont une propri\u00e9t\u00e9 familiale et ni un groupe, ni un investisseur financier n\u2019est impliqu\u00e9 de fa\u00e7on directe ou indirecte chez FAIR SQUARED. [&hellip;]<\/p>\n","protected":false},"author":5,"featured_media":0,"parent":1004,"menu_order":10,"comment_status":"closed","ping_status":"closed","template":"","meta":{"_acf_changed":false,"footnotes":""},"class_list":["post-1020","page","type-page","status-publish","hentry"],"acf":[],"_links":{"self":[{"href":"https:\/\/www.fairsquared.com\/fr\/wp-json\/wp\/v2\/pages\/1020","targetHints":{"allow":["GET"]}}],"collection":[{"href":"https:\/\/www.fairsquared.com\/fr\/wp-json\/wp\/v2\/pages"}],"about":[{"href":"https:\/\/www.fairsquared.com\/fr\/wp-json\/wp\/v2\/types\/page"}],"author":[{"embeddable":true,"href":"https:\/\/www.fairsquared.com\/fr\/wp-json\/wp\/v2\/users\/5"}],"replies":[{"embeddable":true,"href":"https:\/\/www.fairsquared.com\/fr\/wp-json\/wp\/v2\/comments?post=1020"}],"version-history":[{"count":0,"href":"https:\/\/www.fairsquared.com\/fr\/wp-json\/wp\/v2\/pages\/1020\/revisions"}],"up":[{"embeddable":true,"href":"https:\/\/www.fairsquared.com\/fr\/wp-json\/wp\/v2\/pages\/1004"}],"wp:attachment":[{"href":"https:\/\/www.fairsquared.com\/fr\/wp-json\/wp\/v2\/media?parent=1020"}],"curies":[{"name":"wp","href":"https:\/\/api.w.org\/{rel}","templated":true}]}}