{"id":1017,"date":"2020-01-20T09:00:14","date_gmt":"2020-01-20T08:00:14","guid":{"rendered":"https:\/\/www.fairsquared.com\/?page_id=1017"},"modified":"2025-11-28T18:30:33","modified_gmt":"2025-11-28T17:30:33","slug":"histoire","status":"publish","type":"page","link":"https:\/\/www.fairsquared.com\/fr\/fair-squared\/histoire\/","title":{"rendered":"Histoire"},"content":{"rendered":"\n<div style=\"height:100px\" aria-hidden=\"true\" class=\"wp-block-spacer\"><\/div>\n\n\n\n<div class=\"wp-block-columns is-layout-flex wp-container-core-columns-is-layout-9d6595d7 wp-block-columns-is-layout-flex\">\n<div class=\"wp-block-column is-layout-flow wp-block-column-is-layout-flow\" style=\"flex-basis:33.33%\">\n<figure class=\"wp-block-image size-full\"><img loading=\"lazy\" decoding=\"async\" width=\"1652\" height=\"1772\" src=\"https:\/\/www.fairsquared.com\/wp-content\/uploads\/2025\/11\/2026-Olive-Hand-Cream.jpg\" alt=\"\" class=\"wp-image-19074\" srcset=\"https:\/\/www.fairsquared.com\/wp-content\/uploads\/2025\/11\/2026-Olive-Hand-Cream.jpg 1652w, https:\/\/www.fairsquared.com\/wp-content\/uploads\/2025\/11\/2026-Olive-Hand-Cream-716x768.jpg 716w, https:\/\/www.fairsquared.com\/wp-content\/uploads\/2025\/11\/2026-Olive-Hand-Cream-768x824.jpg 768w, https:\/\/www.fairsquared.com\/wp-content\/uploads\/2025\/11\/2026-Olive-Hand-Cream-1432x1536.jpg 1432w\" sizes=\"(max-width: 1652px) 100vw, 1652px\" \/><\/figure>\n\n\n\n<figure class=\"wp-block-image size-large is-style-default\"><img loading=\"lazy\" decoding=\"async\" width=\"2700\" height=\"1800\" src=\"https:\/\/www.fairsquared.com\/wp-content\/uploads\/2020\/09\/Mood_Kondome_FAIRSQUARED-2700x1800.jpg\" alt=\"\" class=\"wp-image-8352\" srcset=\"https:\/\/www.fairsquared.com\/wp-content\/uploads\/2020\/09\/Mood_Kondome_FAIRSQUARED-2700x1800.jpg 2700w, https:\/\/www.fairsquared.com\/wp-content\/uploads\/2020\/09\/Mood_Kondome_FAIRSQUARED-768x512.jpg 768w, https:\/\/www.fairsquared.com\/wp-content\/uploads\/2020\/09\/Mood_Kondome_FAIRSQUARED-1536x1024.jpg 1536w, https:\/\/www.fairsquared.com\/wp-content\/uploads\/2020\/09\/Mood_Kondome_FAIRSQUARED-2048x1365.jpg 2048w\" sizes=\"(max-width: 2700px) 100vw, 2700px\" \/><\/figure>\n<\/div>\n\n\n\n<div class=\"wp-block-column is-layout-flow wp-block-column-is-layout-flow\" style=\"flex-basis:66.66%\">\n<h1 class=\"wp-block-heading\"> Des produits \u00e9quitables de la t\u00eate aux pieds : l&rsquo;id\u00e9e <\/h1>\n\n\n\n<p> FAIR SQUARED est une organisation commerciale alternative qui a pour but de r\u00e9duire les in\u00e9galit\u00e9s commerciales dans le monde. Notre entreprise a \u00e9t\u00e9 fond\u00e9e \u00e0 partir du slogan de la campagne de 2005 d\u2019Oxfam \u201eMake poverty history\u201c. En 2010, les premiers produits FAIR SQUARED ont \u00e9t\u00e9 distribu\u00e9s via Oxfam et Amnesty International. Rapidement, l\u2019id\u00e9e a \u00e9t\u00e9 r\u00e9cup\u00e9r\u00e9e par diff\u00e9rentes organisations \u00e9tudiantes au Royaume Uni et ces derni\u00e8res ont particip\u00e9 activement \u00e0 prolonger la distribution en Angleterre. Nos premiers produits \u00e9taient les pr\u00e9servatifs, les cr\u00e8mes pour les mains et les baumes \u00e0 l\u00e8vres. <\/p>\n\n\n\n<p>La demande a pris de l\u2019ampleur et d\u2019autres partenaires commerciaux ont commenc\u00e9 la distribution des produits FAIR SQUARED en Scandinavie et au Benelux. En 2013, l\u2019entreprise a d\u00e9m\u00e9nag\u00e9 \u00e0 Cologne, s\u2019est \u00e9tablie en tant que FAIR SQUARED GmbH et \u00e0 d\u00e9localis\u00e9 sa production dans le parc naturel de l\u2019Eifel. La gamme est pass\u00e9e de 12 \u00e0 150 articles. Gr\u00e2ce \u00e0 la demande continue de nos clients, le nombre de nos mati\u00e8res premi\u00e8res du commerce \u00e9quitable. Maintenant, les produits FAIR SQUARED sont distribu\u00e9s dans toute l\u2019Europe. <\/p>\n\n\n\n<p><\/p>\n<\/div>\n<\/div>\n","protected":false},"excerpt":{"rendered":"<p>Des produits \u00e9quitables de la t\u00eate aux pieds : l&rsquo;id\u00e9e FAIR SQUARED est une organisation commerciale alternative qui a pour but de r\u00e9duire les in\u00e9galit\u00e9s commerciales dans le monde. Notre entreprise a \u00e9t\u00e9 fond\u00e9e \u00e0 partir du slogan de la campagne de 2005 d\u2019Oxfam \u201eMake poverty history\u201c. En [&hellip;]<\/p>\n","protected":false},"author":5,"featured_media":0,"parent":1004,"menu_order":2,"comment_status":"closed","ping_status":"closed","template":"","meta":{"_acf_changed":false,"footnotes":""},"class_list":["post-1017","page","type-page","status-publish","hentry"],"acf":[],"_links":{"self":[{"href":"https:\/\/www.fairsquared.com\/fr\/wp-json\/wp\/v2\/pages\/1017","targetHints":{"allow":["GET"]}}],"collection":[{"href":"https:\/\/www.fairsquared.com\/fr\/wp-json\/wp\/v2\/pages"}],"about":[{"href":"https:\/\/www.fairsquared.com\/fr\/wp-json\/wp\/v2\/types\/page"}],"author":[{"embeddable":true,"href":"https:\/\/www.fairsquared.com\/fr\/wp-json\/wp\/v2\/users\/5"}],"replies":[{"embeddable":true,"href":"https:\/\/www.fairsquared.com\/fr\/wp-json\/wp\/v2\/comments?post=1017"}],"version-history":[{"count":4,"href":"https:\/\/www.fairsquared.com\/fr\/wp-json\/wp\/v2\/pages\/1017\/revisions"}],"predecessor-version":[{"id":19283,"href":"https:\/\/www.fairsquared.com\/fr\/wp-json\/wp\/v2\/pages\/1017\/revisions\/19283"}],"up":[{"embeddable":true,"href":"https:\/\/www.fairsquared.com\/fr\/wp-json\/wp\/v2\/pages\/1004"}],"wp:attachment":[{"href":"https:\/\/www.fairsquared.com\/fr\/wp-json\/wp\/v2\/media?parent=1017"}],"curies":[{"name":"wp","href":"https:\/\/api.w.org\/{rel}","templated":true}]}}