{"id":1008,"date":"2020-01-20T08:59:55","date_gmt":"2020-01-20T07:59:55","guid":{"rendered":"https:\/\/www.fairsquared.com\/fair-squared\/ueber-uns\/"},"modified":"2024-01-24T19:24:18","modified_gmt":"2024-01-24T18:24:18","slug":"a-propos-de-fair-squared","status":"publish","type":"page","link":"https:\/\/www.fairsquared.com\/fr\/fair-squared\/a-propos-de-fair-squared\/","title":{"rendered":"\u00c0 propos de nous"},"content":{"rendered":"\n<div class=\"wp-block-columns is-layout-flex wp-container-core-columns-is-layout-9d6595d7 wp-block-columns-is-layout-flex\">\n<div class=\"wp-block-column is-layout-flow wp-block-column-is-layout-flow\" style=\"flex-basis:33.33%\">\n<figure class=\"wp-block-image size-large\"><img loading=\"lazy\" decoding=\"async\" width=\"384\" height=\"384\" src=\"https:\/\/www.fairsquared.com\/wp-content\/uploads\/2020\/02\/Oliver_Gothe.jpg\" alt=\"Oliver Gothe\" class=\"wp-image-2387\" srcset=\"https:\/\/www.fairsquared.com\/wp-content\/uploads\/2020\/02\/Oliver_Gothe.jpg 384w, https:\/\/www.fairsquared.com\/wp-content\/uploads\/2020\/02\/Oliver_Gothe-150x150.jpg 150w\" sizes=\"(max-width: 384px) 100vw, 384px\" \/><\/figure>\n<\/div>\n\n\n\n<div class=\"wp-block-column is-layout-flow wp-block-column-is-layout-flow\" style=\"flex-basis:66.66%\">\n<h1 class=\"wp-block-heading\"><strong>Pourquoi le nom FAIR SQUARED ? Qu&rsquo;est ce que \u00e7a veut dire&nbsp;?<\/strong> <\/h1>\n\n\n\n<p> C&rsquo;est une question que l&rsquo;on nous pose souvent. Et souvent, ce nom n&rsquo;est pas tr\u00e8s bien compris. Pourtant, lors de la cr\u00e9ation de l&rsquo;entreprise, nous pensions que c&rsquo;\u00e9tait clair et logique. Traduit mot \u00e0 mot, FAIR SQUARED veut dire \u00ab fair\u00b2&nbsp;\u00bb, donc \u00ab \u00e9quitable au carr\u00e9&nbsp;\u00bb. Toutes les id\u00e9es qui tournent autour du nom de notre entreprise m\u00e8nent au m\u00eame r\u00e9sultat&nbsp;: nous voulons permettre le plus de choses possible \u00e0 nos partenaires partout dans le monde. Et parce que d&rsquo;exp\u00e9rience nous savons que le commerce \u00e9quitable porte ses fruits, nous voulions int\u00e9grer l&rsquo;id\u00e9e avec fi\u00e8ret\u00e9 dans le nom de notre entreprise. Comme depuis le d\u00e9but de la cr\u00e9ation de notre entreprise, nous voulons conserver le degr\u00e9 international de celle-ci et continuer d&rsquo;offrir une transparence totale et des id\u00e9es cr\u00e9atives. <\/p>\n\n\n\n<h2 class=\"wp-block-heading\"> <strong>\u00c9quitables ensemble \u2013 en \u00e9quipe<\/strong> <\/h2>\n\n\n\n<p> Les relations commerciales justes, la responsabilit\u00e9 \u00e9cologique et un \u00ab\u00a0NON\u00a0\u00bb clair au travail infantil et aux tests sur les animaux\u00a0: l&rsquo;\u00e9quit\u00e9 se fait \u00e0 tous les niveaux. \u00c0 part \u00e7a, qu&rsquo;est-ce qui caract\u00e9rise FAIR SQUARED\u00a0? Une \u00e9quipe internationale engag\u00e9e qui milite pour rendre le monde meilleur. Plein d&rsquo;autres qualit\u00e9s nous rassemblent et nous sommes fiers que de si belles personnes comme nos employ\u00e9s s&rsquo;engagent ensemble pour un monde meilleur.  <\/p>\n<\/div>\n<\/div>\n\n\n\n<h2 class=\"wp-block-heading\"><\/h2>\n\n\n\n<p><\/p>\n","protected":false},"excerpt":{"rendered":"<p>Pourquoi le nom FAIR SQUARED ? Qu&rsquo;est ce que \u00e7a veut dire&nbsp;? C&rsquo;est une question que l&rsquo;on nous pose souvent. Et souvent, ce nom n&rsquo;est pas tr\u00e8s bien compris. Pourtant, lors de la cr\u00e9ation de l&rsquo;entreprise, nous pensions que c&rsquo;\u00e9tait clair et logique. Traduit mot \u00e0 mot, FAIR [&hellip;]<\/p>\n","protected":false},"author":5,"featured_media":0,"parent":1004,"menu_order":1,"comment_status":"closed","ping_status":"closed","template":"","meta":{"_acf_changed":false,"footnotes":""},"class_list":["post-1008","page","type-page","status-publish","hentry"],"acf":[],"_links":{"self":[{"href":"https:\/\/www.fairsquared.com\/fr\/wp-json\/wp\/v2\/pages\/1008","targetHints":{"allow":["GET"]}}],"collection":[{"href":"https:\/\/www.fairsquared.com\/fr\/wp-json\/wp\/v2\/pages"}],"about":[{"href":"https:\/\/www.fairsquared.com\/fr\/wp-json\/wp\/v2\/types\/page"}],"author":[{"embeddable":true,"href":"https:\/\/www.fairsquared.com\/fr\/wp-json\/wp\/v2\/users\/5"}],"replies":[{"embeddable":true,"href":"https:\/\/www.fairsquared.com\/fr\/wp-json\/wp\/v2\/comments?post=1008"}],"version-history":[{"count":0,"href":"https:\/\/www.fairsquared.com\/fr\/wp-json\/wp\/v2\/pages\/1008\/revisions"}],"up":[{"embeddable":true,"href":"https:\/\/www.fairsquared.com\/fr\/wp-json\/wp\/v2\/pages\/1004"}],"wp:attachment":[{"href":"https:\/\/www.fairsquared.com\/fr\/wp-json\/wp\/v2\/media?parent=1008"}],"curies":[{"name":"wp","href":"https:\/\/api.w.org\/{rel}","templated":true}]}}