{"id":17103,"date":"2024-06-27T20:40:53","date_gmt":"2024-06-27T18:40:53","guid":{"rendered":"https:\/\/www.fairsquared.com\/?page_id=17103"},"modified":"2024-06-27T20:40:54","modified_gmt":"2024-06-27T18:40:54","slug":"tr-period-cup-kullanim-talimatlari","status":"publish","type":"page","link":"https:\/\/www.fairsquared.com\/en\/periodcupguide\/tr-period-cup-kullanim-talimatlari\/","title":{"rendered":"TR &#8211; Period Cup: Kullan\u0131m Talimatlar\u0131"},"content":{"rendered":"\n<div class=\"wp-block-columns is-layout-flex wp-container-core-columns-is-layout-9d6595d7 wp-block-columns-is-layout-flex\">\n<div class=\"wp-block-column is-layout-flow wp-block-column-is-layout-flow\" style=\"flex-basis:33.33%\">\n<figure class=\"wp-block-image size-full\"><img loading=\"lazy\" decoding=\"async\" width=\"800\" height=\"800\" src=\"https:\/\/www.fairsquared.com\/wp-content\/uploads\/2024\/06\/Periodcup_C_Fold.jpg\" alt=\"Periodcup C Fold\" class=\"wp-image-16974\" srcset=\"https:\/\/www.fairsquared.com\/wp-content\/uploads\/2024\/06\/Periodcup_C_Fold.jpg 800w, https:\/\/www.fairsquared.com\/wp-content\/uploads\/2024\/06\/Periodcup_C_Fold-768x768.jpg 768w, https:\/\/www.fairsquared.com\/wp-content\/uploads\/2024\/06\/Periodcup_C_Fold-150x150.jpg 150w\" sizes=\"(max-width: 800px) 100vw, 800px\" \/><figcaption class=\"wp-element-caption\">C-Fold<\/figcaption><\/figure>\n\n\n\n<figure class=\"wp-block-image size-full\"><img loading=\"lazy\" decoding=\"async\" width=\"400\" height=\"400\" src=\"https:\/\/www.fairsquared.com\/wp-content\/uploads\/2024\/06\/Periodcup_S_Fold.jpg\" alt=\"Periodcup S Fold\" class=\"wp-image-16968\" srcset=\"https:\/\/www.fairsquared.com\/wp-content\/uploads\/2024\/06\/Periodcup_S_Fold.jpg 400w, https:\/\/www.fairsquared.com\/wp-content\/uploads\/2024\/06\/Periodcup_S_Fold-150x150.jpg 150w\" sizes=\"(max-width: 400px) 100vw, 400px\" \/><figcaption class=\"wp-element-caption\">S-Fold<\/figcaption><\/figure>\n\n\n\n<figure class=\"wp-block-image size-full\"><img loading=\"lazy\" decoding=\"async\" width=\"400\" height=\"400\" src=\"https:\/\/www.fairsquared.com\/wp-content\/uploads\/2024\/06\/Periodcup_S_Fold.jpg\" alt=\"Periodcup S Fold\" class=\"wp-image-16968\" srcset=\"https:\/\/www.fairsquared.com\/wp-content\/uploads\/2024\/06\/Periodcup_S_Fold.jpg 400w, https:\/\/www.fairsquared.com\/wp-content\/uploads\/2024\/06\/Periodcup_S_Fold-150x150.jpg 150w\" sizes=\"(max-width: 400px) 100vw, 400px\" \/><figcaption class=\"wp-element-caption\">Punch-Down-Fold<\/figcaption><\/figure>\n<\/div>\n\n\n\n<div class=\"wp-block-column is-layout-flow wp-block-column-is-layout-flow\" style=\"flex-basis:66.66%\">\n<h1 class=\"wp-block-heading\">TR &#8211; Period Cup<\/h1>\n\n\n\n<h2 class=\"wp-block-heading\">Kullan\u0131m Talimatlar\u0131<\/h2>\n\n\n\n<div style=\"height:30px\" aria-hidden=\"true\" class=\"wp-block-spacer\"><\/div>\n\n\n\n<p class=\"has-medium-font-size\">Fair Squared Regl Kaplar\u0131n\u0131 denemeye karar verdi\u011finiz i\u00e7in tebrikler! Bu \u00e7evre dostu adet kaplar\u0131 sadece \u00e7evre i\u00e7in de\u011fil, ayn\u0131 zamanda sa\u011fl\u0131\u011f\u0131n\u0131z ve b\u00fct\u00e7eniz i\u00e7in de iyidir. \u0130\u015fte size Fair Squared Regl Kaplar\u0131n\u0131 kullanmaya ba\u015flaman\u0131za ve kullanman\u0131za yard\u0131mc\u0131 olacak kapsaml\u0131 bir k\u0131lavuz:<\/p>\n\n\n\n<div style=\"height:30px\" aria-hidden=\"true\" class=\"wp-block-spacer\"><\/div>\n\n\n\n<h3 class=\"wp-block-heading\">1. Fair Squared Regl Kab\u0131 nedir?<\/h3>\n\n\n\n<p>Fair Squared, etik ve s\u00fcrd\u00fcr\u00fclebilir \u00fcr\u00fcnler konusunda uzmanla\u015fm\u0131\u015f bir markad\u0131r. Regl bardaklar\u0131 adil ticareti yap\u0131lan do\u011fal kau\u00e7uk lateksten (FSC) \u00fcretilir, zararl\u0131 kimyasallar i\u00e7ermez ve adil \u00e7al\u0131\u015fma ko\u015fullar\u0131 alt\u0131nda \u00fcretilir.<\/p>\n\n\n\n<h3 class=\"wp-block-heading\">2. Do\u011fru bedeni se\u00e7in:<\/h3>\n\n\n\n<p>Fair Squared Regl Bardaklar\u0131 ya\u015f\u0131n\u0131za, do\u011fum ge\u00e7mi\u015finize ve adet ak\u0131\u015f\u0131n\u0131za ba\u011fl\u0131 olarak farkl\u0131 boyutlarda mevcuttur. Genellikle iki boyut vard\u0131r: biri daha hafif d\u00f6nemler i\u00e7in di\u011feri daha a\u011f\u0131r d\u00f6nemler i\u00e7in. Ambalaj \u00fczerindeki veya Fair Squared web sitesindeki boyut \u00f6nerilerini kontrol edebilirsiniz.<\/p>\n\n\n\n<h3 class=\"wp-block-heading\">3. Haz\u0131rl\u0131k:<\/h3>\n\n\n\n<p>\u0130lk kullan\u0131mdan \u00f6nce ve her adet kanamas\u0131ndan sonra Fair Squared Regl Kab\u0131n\u0131z\u0131 iyice temizlemelisiniz. Sadece \u0131l\u0131k su ve yumu\u015fak sabunla y\u0131kay\u0131n.<\/p>\n\n\n\n<h3 class=\"wp-block-heading\">4. Yerle\u015ftirme:<\/h3>\n\n\n\n<p>Regl kab\u0131n\u0131z\u0131 yerle\u015ftirmeden \u00f6nce ellerinizi iyice y\u0131kay\u0131n.<\/p>\n\n\n\n<p>Kab\u0131 daha k\u00fc\u00e7\u00fck hale getirmek i\u00e7in katlay\u0131n. \u00c7e\u015fitli katlama y\u00f6ntemleri vard\u0131r, \u00f6rne\u011fin C katlama veya delme katlama. Hangi y\u00f6ntemin sizin i\u00e7in en uygun oldu\u011funu bulmak i\u00e7in denemeler yap\u0131n. Barda\u011f\u0131 yerle\u015ftirmek i\u00e7in rahat bir pozisyon bulun (ayakta, \u00e7\u00f6melerek, oturarak, vb.). Katlanm\u0131\u015f kab\u0131 tampona benzer \u015fekilde vajinan\u0131za dikkatlice yerle\u015ftirin. G\u00fcvenli bir oturu\u015f sa\u011flamak i\u00e7in tamamen a\u00e7\u0131k oldu\u011fundan emin olun.<\/p>\n\n\n\n<h3 class=\"wp-block-heading\">5. \u00c7\u0131karma:<\/h3>\n\n\n\n<p>Ellerinizi y\u0131kay\u0131n. Kab\u0131 \u00e7\u0131karmak i\u00e7in rahat bir pozisyon bulun. Kab\u0131n taban\u0131n\u0131 (sap) nazik\u00e7e kavray\u0131n ve vakumu serbest b\u0131rakmak i\u00e7in hafif\u00e7e s\u0131k\u0131n. Fincan\u0131 yava\u015f\u00e7a d\u0131\u015far\u0131 \u00e7ekin ve i\u00e7indekileri tuvalete bo\u015falt\u0131n.<\/p>\n\n\n\n<p>Fincan\u0131 \u0131l\u0131k suyla iyice durulay\u0131n.<\/p>\n\n\n\n<h3 class=\"wp-block-heading\">6 Temizlik ve bak\u0131m:<\/h3>\n\n\n\n<p>Her bo\u015faltma i\u015fleminden sonra Fair Squared Regl Kab\u0131n\u0131z\u0131 \u0131l\u0131k su ve yumu\u015fak sabunla iyice temizlemelisiniz.<\/p>\n\n\n\n<p>Regl d\u00f6neminizin sonunda, barda\u011f\u0131 kaynar su dolu bir tencerede 5 dakika kaynatabilirsiniz.<\/p>\n\n\n\n<h3 class=\"wp-block-heading\">7. Saklama:<\/h3>\n\n\n\n<p>Temizlenmi\u015f ve kurutulmu\u015f kab\u0131n\u0131z\u0131 temiz ve kuru bir yerde saklay\u0131n. Do\u011frudan g\u00fcne\u015f \u0131\u015f\u0131\u011f\u0131ndan ka\u00e7\u0131n\u0131n.<\/p>\n\n\n\n<h3 class=\"wp-block-heading\">8. de\u011fi\u0307\u015fti\u0307rme araliklari:<\/h3>\n\n\n\n<p>De\u011fi\u015fim aral\u0131klar\u0131 adet ak\u0131\u015f\u0131n\u0131za ba\u011fl\u0131 olarak de\u011fi\u015fir. Ba\u015flang\u0131\u00e7ta, kab\u0131n dolu olup olmad\u0131\u011f\u0131n\u0131 g\u00f6rmek i\u00e7in her 4-8 saatte bir kontrol etmek yararl\u0131 olabilir. Zamanla bu konuda daha iyi bir his geli\u015ftireceksiniz.<\/p>\n\n\n\n<h3 class=\"wp-block-heading\">9 Konfor ve bak\u0131m:<\/h3>\n\n\n\n<p>Fair Squared Regl Kupan\u0131z\u0131 kullan\u0131rken rahats\u0131zl\u0131k hissederseniz, bunun nedeni kupan\u0131n do\u011fru yerle\u015ftirilmemesi olabilir. Sizin i\u00e7in do\u011fru tekni\u011fi bulana kadar sab\u0131rla pratik yap\u0131n.<\/p>\n\n\n\n<h3 class=\"wp-block-heading\">10. S\u00fcrd\u00fcr\u00fclebilirlik:<\/h3>\n\n\n\n<p>Fair Squared Regl Bardaklar\u0131 yeniden kullan\u0131labildikleri i\u00e7in \u00e7evre dostu bir se\u00e7enektir. Bu da ekolojik ayak izinizi \u00f6nemli \u00f6l\u00e7\u00fcde azalt\u0131r.<\/p>\n\n\n\n<h3 class=\"wp-block-heading\">11. \u00f6nemli\u0307 notlar: <\/h3>\n\n\n\n<p>Adet kaplar\u0131n\u0131n kullan\u0131m\u0131yla ilgili herhangi bir sa\u011fl\u0131k sorununuz veya endi\u015feniz varsa, l\u00fctfen doktorunuza dan\u0131\u015f\u0131n. Fair Squared Regl Kaplar\u0131n\u0131 kullanmak, geleneksel regl \u00fcr\u00fcnlerine s\u00fcrd\u00fcr\u00fclebilir ve sa\u011fl\u0131kl\u0131 bir alternatif olabilir. Pratik yaparak k\u0131sa s\u00fcrede al\u0131\u015facak ve bu \u00e7evre dostu \u00e7\u00f6z\u00fcm\u00fcn faydalar\u0131ndan yararlanacaks\u0131n\u0131z.<\/p>\n\n\n\n<div class=\"wp-block-buttons is-layout-flex wp-block-buttons-is-layout-flex\">\n<div class=\"wp-block-button\"><a class=\"wp-block-button__link wp-element-button\" href=\"https:\/\/www.fairsquared.com\/wp-content\/uploads\/2024\/06\/Gebrauchsanweisung-Cup-TR-062024.pdf\" target=\"_blank\" rel=\"noreferrer noopener\">Download &#8220;Kullan\u0131m Talimatlar\u0131&#8221; (.pdf)<\/a><\/div>\n<\/div>\n<\/div>\n<\/div>\n","protected":false},"excerpt":{"rendered":"<p>TR &#8211; Period Cup Kullan\u0131m Talimatlar\u0131 Fair Squared Regl Kaplar\u0131n\u0131 denemeye karar verdi\u011finiz i\u00e7in tebrikler! Bu \u00e7evre dostu adet kaplar\u0131 sadece \u00e7evre i\u00e7in de\u011fil, ayn\u0131 zamanda sa\u011fl\u0131\u011f\u0131n\u0131z ve b\u00fct\u00e7eniz i\u00e7in de iyidir. \u0130\u015fte size Fair Squared Regl Kaplar\u0131n\u0131 kullanmaya ba\u015flaman\u0131za ve kullanman\u0131za yard\u0131mc\u0131 olacak kapsaml\u0131 bir k\u0131lavuz: 1. [&hellip;]<\/p>\n","protected":false},"author":2,"featured_media":0,"parent":16907,"menu_order":1,"comment_status":"closed","ping_status":"closed","template":"","meta":{"_acf_changed":false,"footnotes":""},"class_list":["post-17103","page","type-page","status-publish","hentry"],"acf":[],"_links":{"self":[{"href":"https:\/\/www.fairsquared.com\/en\/wp-json\/wp\/v2\/pages\/17103","targetHints":{"allow":["GET"]}}],"collection":[{"href":"https:\/\/www.fairsquared.com\/en\/wp-json\/wp\/v2\/pages"}],"about":[{"href":"https:\/\/www.fairsquared.com\/en\/wp-json\/wp\/v2\/types\/page"}],"author":[{"embeddable":true,"href":"https:\/\/www.fairsquared.com\/en\/wp-json\/wp\/v2\/users\/2"}],"replies":[{"embeddable":true,"href":"https:\/\/www.fairsquared.com\/en\/wp-json\/wp\/v2\/comments?post=17103"}],"version-history":[{"count":0,"href":"https:\/\/www.fairsquared.com\/en\/wp-json\/wp\/v2\/pages\/17103\/revisions"}],"up":[{"embeddable":true,"href":"https:\/\/www.fairsquared.com\/en\/wp-json\/wp\/v2\/pages\/16907"}],"wp:attachment":[{"href":"https:\/\/www.fairsquared.com\/en\/wp-json\/wp\/v2\/media?parent=17103"}],"curies":[{"name":"wp","href":"https:\/\/api.w.org\/{rel}","templated":true}]}}