{"id":17101,"date":"2024-06-27T20:38:11","date_gmt":"2024-06-27T18:38:11","guid":{"rendered":"https:\/\/www.fairsquared.com\/?page_id=17101"},"modified":"2024-06-27T20:38:12","modified_gmt":"2024-06-27T18:38:12","slug":"sv-period-cup-bruksanvisning","status":"publish","type":"page","link":"https:\/\/www.fairsquared.com\/en\/periodcupguide\/sv-period-cup-bruksanvisning\/","title":{"rendered":"SV &#8211; Period Cup: Bruksanvisning"},"content":{"rendered":"\n<div class=\"wp-block-columns is-layout-flex wp-container-core-columns-is-layout-9d6595d7 wp-block-columns-is-layout-flex\">\n<div class=\"wp-block-column is-layout-flow wp-block-column-is-layout-flow\" style=\"flex-basis:33.33%\">\n<figure class=\"wp-block-image size-full\"><img loading=\"lazy\" decoding=\"async\" width=\"800\" height=\"800\" src=\"https:\/\/www.fairsquared.com\/wp-content\/uploads\/2024\/06\/Periodcup_C_Fold.jpg\" alt=\"Periodcup C Fold\" class=\"wp-image-16974\" srcset=\"https:\/\/www.fairsquared.com\/wp-content\/uploads\/2024\/06\/Periodcup_C_Fold.jpg 800w, https:\/\/www.fairsquared.com\/wp-content\/uploads\/2024\/06\/Periodcup_C_Fold-768x768.jpg 768w, https:\/\/www.fairsquared.com\/wp-content\/uploads\/2024\/06\/Periodcup_C_Fold-150x150.jpg 150w\" sizes=\"(max-width: 800px) 100vw, 800px\" \/><figcaption class=\"wp-element-caption\">C-Fold<\/figcaption><\/figure>\n\n\n\n<figure class=\"wp-block-image size-full\"><img loading=\"lazy\" decoding=\"async\" width=\"400\" height=\"400\" src=\"https:\/\/www.fairsquared.com\/wp-content\/uploads\/2024\/06\/Periodcup_S_Fold.jpg\" alt=\"Periodcup S Fold\" class=\"wp-image-16968\" srcset=\"https:\/\/www.fairsquared.com\/wp-content\/uploads\/2024\/06\/Periodcup_S_Fold.jpg 400w, https:\/\/www.fairsquared.com\/wp-content\/uploads\/2024\/06\/Periodcup_S_Fold-150x150.jpg 150w\" sizes=\"(max-width: 400px) 100vw, 400px\" \/><figcaption class=\"wp-element-caption\">S-Fold<\/figcaption><\/figure>\n\n\n\n<figure class=\"wp-block-image size-full\"><img loading=\"lazy\" decoding=\"async\" width=\"400\" height=\"400\" src=\"https:\/\/www.fairsquared.com\/wp-content\/uploads\/2024\/06\/Periodcup_S_Fold.jpg\" alt=\"Periodcup S Fold\" class=\"wp-image-16968\" srcset=\"https:\/\/www.fairsquared.com\/wp-content\/uploads\/2024\/06\/Periodcup_S_Fold.jpg 400w, https:\/\/www.fairsquared.com\/wp-content\/uploads\/2024\/06\/Periodcup_S_Fold-150x150.jpg 150w\" sizes=\"(max-width: 400px) 100vw, 400px\" \/><figcaption class=\"wp-element-caption\">Punch-Down-Fold<\/figcaption><\/figure>\n<\/div>\n\n\n\n<div class=\"wp-block-column is-layout-flow wp-block-column-is-layout-flow\" style=\"flex-basis:66.66%\">\n<h1 class=\"wp-block-heading\">SV &#8211; Period Cup<\/h1>\n\n\n\n<h2 class=\"wp-block-heading\">Bruksanvisning<\/h2>\n\n\n\n<div style=\"height:30px\" aria-hidden=\"true\" class=\"wp-block-spacer\"><\/div>\n\n\n\n<p class=\"has-medium-font-size\">Grattis till att du har best\u00e4mt dig f\u00f6r att prova Fair Squared Period Cups! Dessa milj\u00f6v\u00e4nliga menskoppar \u00e4r inte bara bra f\u00f6r milj\u00f6n, utan ocks\u00e5 f\u00f6r din h\u00e4lsa och din budget. H\u00e4r \u00e4r en omfattande guide som hj\u00e4lper dig att komma ig\u00e5ng och anv\u00e4nda Fair Squared menskoppar:<\/p>\n\n\n\n<div style=\"height:30px\" aria-hidden=\"true\" class=\"wp-block-spacer\"><\/div>\n\n\n\n<h3 class=\"wp-block-heading\">1. Vad \u00e4r en Fair Squared menskopp?<\/h3>\n\n\n\n<p>Fair Squared \u00e4r ett varum\u00e4rke som specialiserar sig p\u00e5 etiska och h\u00e5llbara produkter. Deras mensskydd \u00e4r tillverkade av r\u00e4ttvist handlad naturgummilatex (FSC), \u00e4r fria fr\u00e5n skadliga kemikalier och tillverkas under r\u00e4ttvisa arbetsf\u00f6rh\u00e5llanden.<\/p>\n\n\n\n<h3 class=\"wp-block-heading\">2. V\u00e4lj r\u00e4tt storlek:<\/h3>\n\n\n\n<p>Fair Squared Period Cups finns i olika storlekar beroende p\u00e5 din \u00e5lder, din f\u00f6delsehistoria och ditt menstruationsfl\u00f6de. Det finns vanligtvis tv\u00e5 storlekar: en f\u00f6r l\u00e4ttare perioder och en f\u00f6r kraftigare perioder. Du kan kontrollera storleksrekommendationerna p\u00e5 f\u00f6rpackningen eller p\u00e5 Fair Squareds webbplats.<\/p>\n\n\n\n<h3 class=\"wp-block-heading\">3. F\u00f6rberedelser:<\/h3>\n\n\n\n<p>F\u00f6re den f\u00f6rsta anv\u00e4ndningen och efter varje menstruation b\u00f6r du reng\u00f6ra din Fair Squared Period Cup noggrant. Tv\u00e4tta den helt enkelt med varmt vatten och mild tv\u00e5l.<\/p>\n\n\n\n<h3 class=\"wp-block-heading\">4. Ins\u00e4ttning:<\/h3>\n\n\n\n<p>Tv\u00e4tta h\u00e4nderna noga innan du s\u00e4tter in din menskopp.<\/p>\n\n\n\n<p>Vik koppen f\u00f6r att g\u00f6ra den mindre. Det finns olika vikmetoder, t.ex. C-vikning eller h\u00e5lslagsvikning. Prova dig fram f\u00f6r att ta reda p\u00e5 vilken metod som fungerar b\u00e4st f\u00f6r dig. Hitta en bekv\u00e4m st\u00e4llning att f\u00f6ra in koppen i (st\u00e5ende, hukande, sittande etc.). F\u00f6r f\u00f6rsiktigt in den vikta koppen i slidan, p\u00e5 samma s\u00e4tt som en tampong. Se till att den \u00e4r helt \u00f6ppen s\u00e5 att den sitter s\u00e4kert.<\/p>\n\n\n\n<h3 class=\"wp-block-heading\">5. Borttagning:<\/h3>\n\n\n\n<p>Tv\u00e4tta h\u00e4nderna. Hitta en bekv\u00e4m st\u00e4llning f\u00f6r att ta bort koppen. Ta f\u00f6rsiktigt tag i koppens bas (skaftet) och kl\u00e4m f\u00f6rsiktigt f\u00f6r att frig\u00f6ra vakuumet. Dra l\u00e5ngsamt ut koppen och t\u00f6m ut inneh\u00e5llet i toaletten.<\/p>\n\n\n\n<p>Sk\u00f6lj koppen noggrant med varmt vatten.<\/p>\n\n\n\n<h3 class=\"wp-block-heading\">6 Reng\u00f6ring och sk\u00f6tsel:<\/h3>\n\n\n\n<p>Efter varje t\u00f6mning b\u00f6r du reng\u00f6ra din Fair Squared Period Cup noggrant med varmt vatten och mild tv\u00e5l.<\/p>\n\n\n\n<p>I slutet av din period kan du ocks\u00e5 koka koppen i en kastrull med kokande vatten i 5 minuter.<\/p>\n\n\n\n<h3 class=\"wp-block-heading\">7. F\u00f6rvaring:<\/h3>\n\n\n\n<p>F\u00f6rvara den rengjorda och torkade koppen p\u00e5 en ren och torr plats. Undvik direkt solljus.<\/p>\n\n\n\n<h3 class=\"wp-block-heading\">8. Bytesintervall:<\/h3>\n\n\n\n<p>Bytesintervallerna varierar beroende p\u00e5 ditt menstruationsfl\u00f6de. I b\u00f6rjan kan det vara bra att kontrollera var 4:e-8:e timme om koppen \u00e4r full. Med tiden kommer du att utveckla en b\u00e4ttre k\u00e4nsla f\u00f6r detta.<\/p>\n\n\n\n<h3 class=\"wp-block-heading\">9 Komfort och sk\u00f6tsel:<\/h3>\n\n\n\n<p>Om du upplever obehag n\u00e4r du anv\u00e4nder din Fair Squared Period Cup kan det bero p\u00e5 att koppen inte \u00e4r korrekt placerad. \u00d6va t\u00e5lmodigt tills du hittar r\u00e4tt teknik f\u00f6r dig.<\/p>\n\n\n\n<h3 class=\"wp-block-heading\">10. H\u00e5llbarhet:<\/h3>\n\n\n\n<p>Fair Squared Period Cups \u00e4r ett milj\u00f6v\u00e4nligt alternativ eftersom de \u00e4r \u00e5teranv\u00e4ndbara. Detta minskar ditt ekologiska fotavtryck avsev\u00e4rt.<\/p>\n\n\n\n<h3 class=\"wp-block-heading\">11. Viktiga anm\u00e4rkningar: <\/h3>\n\n\n\n<p>Om du har n\u00e5gra h\u00e4lsoproblem eller funderingar kring anv\u00e4ndningen av menskoppar, r\u00e5dg\u00f6r med din l\u00e4kare. Att anv\u00e4nda Fair Squared Period Cups kan vara ett h\u00e5llbart och h\u00e4lsosamt alternativ till konventionella menstruationsprodukter. Med lite \u00f6vning kommer du snabbt att f\u00e5 kl\u00e4m p\u00e5 det och dra nytta av f\u00f6rdelarna med denna milj\u00f6v\u00e4nliga l\u00f6sning.<\/p>\n\n\n\n<div class=\"wp-block-buttons is-layout-flex wp-block-buttons-is-layout-flex\">\n<div class=\"wp-block-button\"><a class=\"wp-block-button__link wp-element-button\" href=\"https:\/\/www.fairsquared.com\/wp-content\/uploads\/2024\/06\/Gebrauchsanweisung-Cup-SV-062024.pdf\" target=\"_blank\" rel=\"noreferrer noopener\">Download &#8220;Bruksanvisning&#8221; (.pdf)<\/a><\/div>\n<\/div>\n<\/div>\n<\/div>\n","protected":false},"excerpt":{"rendered":"<p>SV &#8211; Period Cup Bruksanvisning Grattis till att du har best\u00e4mt dig f\u00f6r att prova Fair Squared Period Cups! Dessa milj\u00f6v\u00e4nliga menskoppar \u00e4r inte bara bra f\u00f6r milj\u00f6n, utan ocks\u00e5 f\u00f6r din h\u00e4lsa och din budget. H\u00e4r \u00e4r en omfattande guide som hj\u00e4lper dig att komma ig\u00e5ng och [&hellip;]<\/p>\n","protected":false},"author":2,"featured_media":0,"parent":16907,"menu_order":1,"comment_status":"closed","ping_status":"closed","template":"","meta":{"_acf_changed":false,"footnotes":""},"class_list":["post-17101","page","type-page","status-publish","hentry"],"acf":[],"_links":{"self":[{"href":"https:\/\/www.fairsquared.com\/en\/wp-json\/wp\/v2\/pages\/17101","targetHints":{"allow":["GET"]}}],"collection":[{"href":"https:\/\/www.fairsquared.com\/en\/wp-json\/wp\/v2\/pages"}],"about":[{"href":"https:\/\/www.fairsquared.com\/en\/wp-json\/wp\/v2\/types\/page"}],"author":[{"embeddable":true,"href":"https:\/\/www.fairsquared.com\/en\/wp-json\/wp\/v2\/users\/2"}],"replies":[{"embeddable":true,"href":"https:\/\/www.fairsquared.com\/en\/wp-json\/wp\/v2\/comments?post=17101"}],"version-history":[{"count":0,"href":"https:\/\/www.fairsquared.com\/en\/wp-json\/wp\/v2\/pages\/17101\/revisions"}],"up":[{"embeddable":true,"href":"https:\/\/www.fairsquared.com\/en\/wp-json\/wp\/v2\/pages\/16907"}],"wp:attachment":[{"href":"https:\/\/www.fairsquared.com\/en\/wp-json\/wp\/v2\/media?parent=17101"}],"curies":[{"name":"wp","href":"https:\/\/api.w.org\/{rel}","templated":true}]}}