{"id":17097,"date":"2024-06-27T20:31:19","date_gmt":"2024-06-27T18:31:19","guid":{"rendered":"https:\/\/www.fairsquared.com\/?page_id=17097"},"modified":"2024-06-27T20:31:20","modified_gmt":"2024-06-27T18:31:20","slug":"pl-period-cup-instrukcje-uzytkowania","status":"publish","type":"page","link":"https:\/\/www.fairsquared.com\/en\/periodcupguide\/pl-period-cup-instrukcje-uzytkowania\/","title":{"rendered":"PL &#8211; Period Cup: Instrukcje u\u017cytkowania"},"content":{"rendered":"\n<div class=\"wp-block-columns is-layout-flex wp-container-core-columns-is-layout-9d6595d7 wp-block-columns-is-layout-flex\">\n<div class=\"wp-block-column is-layout-flow wp-block-column-is-layout-flow\" style=\"flex-basis:33.33%\">\n<figure class=\"wp-block-image size-full\"><img loading=\"lazy\" decoding=\"async\" width=\"800\" height=\"800\" src=\"https:\/\/www.fairsquared.com\/wp-content\/uploads\/2024\/06\/Periodcup_C_Fold.jpg\" alt=\"Periodcup C Fold\" class=\"wp-image-16974\" srcset=\"https:\/\/www.fairsquared.com\/wp-content\/uploads\/2024\/06\/Periodcup_C_Fold.jpg 800w, https:\/\/www.fairsquared.com\/wp-content\/uploads\/2024\/06\/Periodcup_C_Fold-768x768.jpg 768w, https:\/\/www.fairsquared.com\/wp-content\/uploads\/2024\/06\/Periodcup_C_Fold-150x150.jpg 150w\" sizes=\"(max-width: 800px) 100vw, 800px\" \/><figcaption class=\"wp-element-caption\">C-Fold<\/figcaption><\/figure>\n\n\n\n<figure class=\"wp-block-image size-full\"><img loading=\"lazy\" decoding=\"async\" width=\"400\" height=\"400\" src=\"https:\/\/www.fairsquared.com\/wp-content\/uploads\/2024\/06\/Periodcup_S_Fold.jpg\" alt=\"Periodcup S Fold\" class=\"wp-image-16968\" srcset=\"https:\/\/www.fairsquared.com\/wp-content\/uploads\/2024\/06\/Periodcup_S_Fold.jpg 400w, https:\/\/www.fairsquared.com\/wp-content\/uploads\/2024\/06\/Periodcup_S_Fold-150x150.jpg 150w\" sizes=\"(max-width: 400px) 100vw, 400px\" \/><figcaption class=\"wp-element-caption\">S-Fold<\/figcaption><\/figure>\n\n\n\n<figure class=\"wp-block-image size-full\"><img loading=\"lazy\" decoding=\"async\" width=\"400\" height=\"400\" src=\"https:\/\/www.fairsquared.com\/wp-content\/uploads\/2024\/06\/Periodcup_S_Fold.jpg\" alt=\"Periodcup S Fold\" class=\"wp-image-16968\" srcset=\"https:\/\/www.fairsquared.com\/wp-content\/uploads\/2024\/06\/Periodcup_S_Fold.jpg 400w, https:\/\/www.fairsquared.com\/wp-content\/uploads\/2024\/06\/Periodcup_S_Fold-150x150.jpg 150w\" sizes=\"(max-width: 400px) 100vw, 400px\" \/><figcaption class=\"wp-element-caption\">Punch-Down-Fold<\/figcaption><\/figure>\n<\/div>\n\n\n\n<div class=\"wp-block-column is-layout-flow wp-block-column-is-layout-flow\" style=\"flex-basis:66.66%\">\n<h1 class=\"wp-block-heading\">PL &#8211; Period Cup<\/h1>\n\n\n\n<h2 class=\"wp-block-heading\">Instrukcje u\u017cytkowania<\/h2>\n\n\n\n<div style=\"height:30px\" aria-hidden=\"true\" class=\"wp-block-spacer\"><\/div>\n\n\n\n<p class=\"has-medium-font-size\">Gratulujemy decyzji o wypr\u00f3bowaniu kubeczk\u00f3w menstruacyjnych Fair Squared! Te ekologiczne kubeczki menstruacyjne s\u0105 nie tylko przyjazne dla \u015brodowiska, ale tak\u017ce dla zdrowia i bud\u017cetu. Oto kompleksowy przewodnik, kt\u00f3ry pomo\u017ce Ci rozpocz\u0105\u0107 i korzysta\u0107 z kubeczk\u00f3w menstruacyjnych Fair Squared:<\/p>\n\n\n\n<div style=\"height:30px\" aria-hidden=\"true\" class=\"wp-block-spacer\"><\/div>\n\n\n\n<h3 class=\"wp-block-heading\">1. co to jest kubeczek menstruacyjny Fair Squared?<\/h3>\n\n\n\n<p>Fair Squared to marka specjalizuj\u0105ca si\u0119 w etycznych i zr\u00f3wnowa\u017conych produktach. Ich kubeczki menstruacyjne s\u0105 wykonane z lateksu kauczuku naturalnego (FSC), s\u0105 wolne od szkodliwych chemikali\u00f3w i s\u0105 produkowane w uczciwych warunkach pracy.<\/p>\n\n\n\n<h3 class=\"wp-block-heading\">2. Wybierz odpowiedni rozmiar:<\/h3>\n\n\n\n<p>Kubeczki menstruacyjne Fair Squared s\u0105 dost\u0119pne w r\u00f3\u017cnych rozmiarach w zale\u017cno\u015bci od wieku, historii porodu i przebiegu miesi\u0105czki. Zazwyczaj dost\u0119pne s\u0105 dwa rozmiary: jeden dla l\u017cejszych i jeden dla ci\u0119\u017cszych miesi\u0105czek. Zalecany rozmiar mo\u017cna sprawdzi\u0107 na opakowaniu lub na stronie internetowej Fair Squared.<\/p>\n\n\n\n<h3 class=\"wp-block-heading\">3. przygotowanie:<\/h3>\n\n\n\n<p>Przed pierwszym u\u017cyciem i po ka\u017cdej miesi\u0105czce nale\u017cy dok\u0142adnie wyczy\u015bci\u0107 kubeczek menstruacyjny Fair Squared. Wystarczy umy\u0107 go ciep\u0142\u0105 wod\u0105 i \u0142agodnym myd\u0142em.<\/p>\n\n\n\n<h3 class=\"wp-block-heading\">4. wk\u0142adanie:<\/h3>\n\n\n\n<p>Przed w\u0142o\u017ceniem kubeczka nale\u017cy dok\u0142adnie umy\u0107 r\u0119ce.<\/p>\n\n\n\n<p>Z\u0142\u00f3\u017c kubeczek, aby go zmniejszy\u0107. Istniej\u0105 r\u00f3\u017cne metody sk\u0142adania, np. sk\u0142adanie w liter\u0119 C lub sk\u0142adanie z dziurkowaniem. Poeksperymentuj, aby dowiedzie\u0107 si\u0119, kt\u00f3ra metoda jest dla Ciebie najlepsza. Znajd\u017a wygodn\u0105 pozycj\u0119 do w\u0142o\u017cenia kubeczka (stoj\u0105c, kucaj\u0105c, siedz\u0105c itp.). Ostro\u017cnie w\u0142\u00f3\u017c z\u0142o\u017cony kubeczek do pochwy, podobnie jak tampon. Upewnij si\u0119, \u017ce jest ca\u0142kowicie otwarty, aby zapewni\u0107 bezpieczne dopasowanie.<\/p>\n\n\n\n<h3 class=\"wp-block-heading\">5. Wyjmowanie:<\/h3>\n\n\n\n<p>Umyj r\u0119ce. Znajd\u017a wygodn\u0105 pozycj\u0119 do wyj\u0119cia kubeczka. Delikatnie chwy\u0107 podstaw\u0119 kubeczka (\u0142odyg\u0119) i delikatnie \u015bci\u015bnij, aby uwolni\u0107 podci\u015bnienie. Powoli wyci\u0105gnij kubek i opr\u00f3\u017cnij jego zawarto\u015b\u0107 do toalety.<\/p>\n\n\n\n<p>Dok\u0142adnie sp\u0142ucz kubek ciep\u0142\u0105 wod\u0105.<\/p>\n\n\n\n<h3 class=\"wp-block-heading\">6 Czyszczenie i piel\u0119gnacja:<\/h3>\n\n\n\n<p>Po ka\u017cdym opr\u00f3\u017cnieniu nale\u017cy dok\u0142adnie umy\u0107 kubeczek menstruacyjny Fair Squared ciep\u0142\u0105 wod\u0105 i \u0142agodnym myd\u0142em.<\/p>\n\n\n\n<p>Pod koniec okresu mo\u017cna r\u00f3wnie\u017c wygotowa\u0107 kubeczek w garnku z wrz\u0105c\u0105 wod\u0105 przez 5 minut.<\/p>\n\n\n\n<h3 class=\"wp-block-heading\">7. przechowywanie:<\/h3>\n\n\n\n<p>Oczyszczony i wysuszony kubeczek nale\u017cy przechowywa\u0107 w czystym i suchym miejscu. Unikaj bezpo\u015bredniego \u015bwiat\u0142a s\u0142onecznego.<\/p>\n\n\n\n<h3 class=\"wp-block-heading\">8. cz\u0119stotliwo\u015b\u0107 wymiany:<\/h3>\n\n\n\n<p>Interwa\u0142y wymiany r\u00f3\u017cni\u0105 si\u0119 w zale\u017cno\u015bci od przebiegu miesi\u0105czki. Pocz\u0105tkowo pomocne mo\u017ce by\u0107 sprawdzanie co 4-8 godzin, czy kubeczek jest pe\u0142ny. Z czasem b\u0119dziesz w stanie lepiej to wyczu\u0107.<\/p>\n\n\n\n<h3 class=\"wp-block-heading\">9 Komfort i piel\u0119gnacja:<\/h3>\n\n\n\n<p>Je\u015bli odczuwasz dyskomfort podczas korzystania z kubeczka menstruacyjnego Fair Squared, mo\u017ce to by\u0107 spowodowane nieprawid\u0142owym umieszczeniem kubeczka. \u0106wicz cierpliwie, a\u017c znajdziesz odpowiedni\u0105 dla siebie technik\u0119.<\/p>\n\n\n\n<h3 class=\"wp-block-heading\">10. trwa\u0142o\u015b\u0107:<\/h3>\n\n\n\n<p>Kubeczki menstruacyjne Fair Squared s\u0105 przyjazne dla \u015brodowiska, poniewa\u017c s\u0105 wielokrotnego u\u017cytku. Znacz\u0105co zmniejsza to \u015blad ekologiczny u\u017cytkownika.<\/p>\n\n\n\n<h3 class=\"wp-block-heading\">11. wa\u017cne uwagi: <\/h3>\n\n\n\n<p>Je\u015bli masz jakiekolwiek problemy zdrowotne lub obawy zwi\u0105zane ze stosowaniem kubeczk\u00f3w menstruacyjnych, skonsultuj si\u0119 z lekarzem. Stosowanie kubeczk\u00f3w menstruacyjnych Fair Squared mo\u017ce by\u0107 zr\u00f3wnowa\u017con\u0105 i zdrow\u0105 alternatyw\u0105 dla konwencjonalnych produkt\u00f3w menstruacyjnych. Wraz z praktyk\u0105 szybko nabierzesz wprawy i zaczniesz czerpa\u0107 korzy\u015bci z tego ekologicznego rozwi\u0105zania.<\/p>\n\n\n\n<div class=\"wp-block-buttons is-layout-flex wp-block-buttons-is-layout-flex\">\n<div class=\"wp-block-button\"><a class=\"wp-block-button__link wp-element-button\" href=\"https:\/\/www.fairsquared.com\/wp-content\/uploads\/2024\/06\/Gebrauchsanweisung-Cup-PL-062024.pdf\" target=\"_blank\" rel=\"noreferrer noopener\">Download &#8220;Instrukcje u\u017cytkowania&#8221; (.pdf)<\/a><\/div>\n<\/div>\n<\/div>\n<\/div>\n","protected":false},"excerpt":{"rendered":"<p>PL &#8211; Period Cup Instrukcje u\u017cytkowania Gratulujemy decyzji o wypr\u00f3bowaniu kubeczk\u00f3w menstruacyjnych Fair Squared! Te ekologiczne kubeczki menstruacyjne s\u0105 nie tylko przyjazne dla \u015brodowiska, ale tak\u017ce dla zdrowia i bud\u017cetu. Oto kompleksowy przewodnik, kt\u00f3ry pomo\u017ce Ci rozpocz\u0105\u0107 i korzysta\u0107 z kubeczk\u00f3w menstruacyjnych Fair Squared: 1. co to jest [&hellip;]<\/p>\n","protected":false},"author":2,"featured_media":0,"parent":16907,"menu_order":1,"comment_status":"closed","ping_status":"closed","template":"","meta":{"_acf_changed":false,"footnotes":""},"class_list":["post-17097","page","type-page","status-publish","hentry"],"acf":[],"_links":{"self":[{"href":"https:\/\/www.fairsquared.com\/en\/wp-json\/wp\/v2\/pages\/17097","targetHints":{"allow":["GET"]}}],"collection":[{"href":"https:\/\/www.fairsquared.com\/en\/wp-json\/wp\/v2\/pages"}],"about":[{"href":"https:\/\/www.fairsquared.com\/en\/wp-json\/wp\/v2\/types\/page"}],"author":[{"embeddable":true,"href":"https:\/\/www.fairsquared.com\/en\/wp-json\/wp\/v2\/users\/2"}],"replies":[{"embeddable":true,"href":"https:\/\/www.fairsquared.com\/en\/wp-json\/wp\/v2\/comments?post=17097"}],"version-history":[{"count":0,"href":"https:\/\/www.fairsquared.com\/en\/wp-json\/wp\/v2\/pages\/17097\/revisions"}],"up":[{"embeddable":true,"href":"https:\/\/www.fairsquared.com\/en\/wp-json\/wp\/v2\/pages\/16907"}],"wp:attachment":[{"href":"https:\/\/www.fairsquared.com\/en\/wp-json\/wp\/v2\/media?parent=17097"}],"curies":[{"name":"wp","href":"https:\/\/api.w.org\/{rel}","templated":true}]}}