{"id":17095,"date":"2024-06-27T20:28:24","date_gmt":"2024-06-27T18:28:24","guid":{"rendered":"https:\/\/www.fairsquared.com\/?page_id=17095"},"modified":"2024-06-27T20:28:24","modified_gmt":"2024-06-27T18:28:24","slug":"no-period-cup-bruksanvisning","status":"publish","type":"page","link":"https:\/\/www.fairsquared.com\/en\/periodcupguide\/no-period-cup-bruksanvisning\/","title":{"rendered":"NO &#8211; Period Cup: Bruksanvisning"},"content":{"rendered":"\n<div class=\"wp-block-columns is-layout-flex wp-container-core-columns-is-layout-9d6595d7 wp-block-columns-is-layout-flex\">\n<div class=\"wp-block-column is-layout-flow wp-block-column-is-layout-flow\" style=\"flex-basis:33.33%\">\n<figure class=\"wp-block-image size-full\"><img loading=\"lazy\" decoding=\"async\" width=\"800\" height=\"800\" src=\"https:\/\/www.fairsquared.com\/wp-content\/uploads\/2024\/06\/Periodcup_C_Fold.jpg\" alt=\"Periodcup C Fold\" class=\"wp-image-16974\" srcset=\"https:\/\/www.fairsquared.com\/wp-content\/uploads\/2024\/06\/Periodcup_C_Fold.jpg 800w, https:\/\/www.fairsquared.com\/wp-content\/uploads\/2024\/06\/Periodcup_C_Fold-768x768.jpg 768w, https:\/\/www.fairsquared.com\/wp-content\/uploads\/2024\/06\/Periodcup_C_Fold-150x150.jpg 150w\" sizes=\"(max-width: 800px) 100vw, 800px\" \/><figcaption class=\"wp-element-caption\">C-Fold<\/figcaption><\/figure>\n\n\n\n<figure class=\"wp-block-image size-full\"><img loading=\"lazy\" decoding=\"async\" width=\"400\" height=\"400\" src=\"https:\/\/www.fairsquared.com\/wp-content\/uploads\/2024\/06\/Periodcup_S_Fold.jpg\" alt=\"Periodcup S Fold\" class=\"wp-image-16968\" srcset=\"https:\/\/www.fairsquared.com\/wp-content\/uploads\/2024\/06\/Periodcup_S_Fold.jpg 400w, https:\/\/www.fairsquared.com\/wp-content\/uploads\/2024\/06\/Periodcup_S_Fold-150x150.jpg 150w\" sizes=\"(max-width: 400px) 100vw, 400px\" \/><figcaption class=\"wp-element-caption\">S-Fold<\/figcaption><\/figure>\n\n\n\n<figure class=\"wp-block-image size-full\"><img loading=\"lazy\" decoding=\"async\" width=\"400\" height=\"400\" src=\"https:\/\/www.fairsquared.com\/wp-content\/uploads\/2024\/06\/Periodcup_S_Fold.jpg\" alt=\"Periodcup S Fold\" class=\"wp-image-16968\" srcset=\"https:\/\/www.fairsquared.com\/wp-content\/uploads\/2024\/06\/Periodcup_S_Fold.jpg 400w, https:\/\/www.fairsquared.com\/wp-content\/uploads\/2024\/06\/Periodcup_S_Fold-150x150.jpg 150w\" sizes=\"(max-width: 400px) 100vw, 400px\" \/><figcaption class=\"wp-element-caption\">Punch-Down-Fold<\/figcaption><\/figure>\n<\/div>\n\n\n\n<div class=\"wp-block-column is-layout-flow wp-block-column-is-layout-flow\" style=\"flex-basis:66.66%\">\n<h1 class=\"wp-block-heading\">NO &#8211; Period Cup<\/h1>\n\n\n\n<h2 class=\"wp-block-heading\">Bruksanvisning<\/h2>\n\n\n\n<div style=\"height:30px\" aria-hidden=\"true\" class=\"wp-block-spacer\"><\/div>\n\n\n\n<p class=\"has-medium-font-size\">Gratulerer med at du har bestemt deg for \u00e5 pr\u00f8ve Fair Squared Menskopper! Disse milj\u00f8vennlige menskoppene er ikke bare bra for milj\u00f8et, men ogs\u00e5 for helsen din og budsjettet ditt. Her er en omfattende guide som hjelper deg med \u00e5 komme i gang og bruke Fair Squared Menskopper:<\/p>\n\n\n\n<div style=\"height:30px\" aria-hidden=\"true\" class=\"wp-block-spacer\"><\/div>\n\n\n\n<h3 class=\"wp-block-heading\">1. Hva er en Fair Squared-menskopp?<\/h3>\n\n\n\n<p>Fair Squared er et merke som spesialiserer seg p\u00e5 etiske og b\u00e6rekraftige produkter. Deres menstruasjonskopper er laget av rettferdig handlet naturgummilateks (FSC), er fri for skadelige kjemikalier og er produsert under rettferdige arbeidsforhold.<\/p>\n\n\n\n<h3 class=\"wp-block-heading\">2. Velg riktig st\u00f8rrelse:<\/h3>\n\n\n\n<p>Fair Squared Period Cups finnes i ulike st\u00f8rrelser, avhengig av alder, f\u00f8dselshistorie og menstruasjonsflyt. Det finnes vanligvis to st\u00f8rrelser: \u00e9n for lettere menstruasjon og \u00e9n for kraftigere menstruasjon. Du kan sjekke st\u00f8rrelsesanbefalingene p\u00e5 emballasjen eller p\u00e5 Fair Squareds nettside.<\/p>\n\n\n\n<h3 class=\"wp-block-heading\">3. Forberedelse:<\/h3>\n\n\n\n<p>F\u00f8r f\u00f8rste gangs bruk og etter hver menstruasjon b\u00f8r du rengj\u00f8re Fair Squared Period Cup grundig. Vask den ganske enkelt med varmt vann og mild s\u00e5pe.<\/p>\n\n\n\n<h3 class=\"wp-block-heading\">4. Innf\u00f8ring:<\/h3>\n\n\n\n<p>Vask hendene grundig f\u00f8r du setter inn menskoppen.<\/p>\n\n\n\n<p>Brett koppen for \u00e5 gj\u00f8re den mindre. Det finnes ulike brettemetoder, f.eks. C-brett eller punch-down-brett. Pr\u00f8v deg frem for \u00e5 finne ut hvilken metode som fungerer best for deg. Finn en behagelig stilling \u00e5 sette inn koppen i (st\u00e5ende, p\u00e5 huk, sittende osv.). F\u00f8r den brettede koppen forsiktig inn i skjeden, p\u00e5 samme m\u00e5te som en tampong. S\u00f8rg for at den er helt \u00e5pen for \u00e5 sikre at den sitter godt.<\/p>\n\n\n\n<h3 class=\"wp-block-heading\">5. Fjerning:<\/h3>\n\n\n\n<p>Vask hendene. Finn en behagelig stilling for \u00e5 ta ut koppen. Ta forsiktig tak i koppens bunn (stilken) og klem forsiktig for \u00e5 frigj\u00f8re vakuumet. Trekk koppen sakte ut og t\u00f8m innholdet i toalettet.<\/p>\n\n\n\n<p>Skyll koppen grundig med varmt vann.<\/p>\n\n\n\n<h3 class=\"wp-block-heading\">6 Rengj\u00f8ring og stell:<\/h3>\n\n\n\n<p>Etter hver t\u00f8mming b\u00f8r du rengj\u00f8re Fair Squared Period Cup grundig med varmt vann og mild s\u00e5pe.<\/p>\n\n\n\n<p>P\u00e5 slutten av mensen kan du ogs\u00e5 koke koppen i en gryte med kokende vann i 5 minutter.<\/p>\n\n\n\n<h3 class=\"wp-block-heading\">7. Oppbevaring:<\/h3>\n\n\n\n<p>Oppbevar den rengjorte og t\u00f8rkede koppen p\u00e5 et rent og t\u00f8rt sted. Unng\u00e5 direkte sollys.<\/p>\n\n\n\n<h3 class=\"wp-block-heading\">8. Utskiftningsintervaller:<\/h3>\n\n\n\n<p>Bytteintervallene varierer avhengig av menstruasjonsstr\u00f8mmen din. Til \u00e5 begynne med kan det v\u00e6re nyttig \u00e5 sjekke hver 4-8. time for \u00e5 se om koppen er full. Over tid vil du utvikle en bedre f\u00f8lelse for dette.<\/p>\n\n\n\n<h3 class=\"wp-block-heading\">9 Komfort og pleie:<\/h3>\n\n\n\n<p>Hvis du opplever ubehag n\u00e5r du bruker Fair Squared Period Cup, kan det skyldes at koppen ikke er plassert riktig. \u00d8v t\u00e5lmodig til du finner den rette teknikken for deg.<\/p>\n\n\n\n<h3 class=\"wp-block-heading\">10. B\u00e6rekraft:<\/h3>\n\n\n\n<p>Fair Squared Period Cups er et milj\u00f8vennlig alternativ ettersom de kan gjenbrukes. Dette reduserer det \u00f8kologiske fotavtrykket ditt betydelig.<\/p>\n\n\n\n<h3 class=\"wp-block-heading\">11. Viktige merknader: <\/h3>\n\n\n\n<p>Hvis du har helseproblemer eller er bekymret for bruken av menskopper, b\u00f8r du r\u00e5df\u00f8re deg med legen din. \u00c5 bruke Fair Squared Menskopper kan v\u00e6re et b\u00e6rekraftig og sunt alternativ til konvensjonelle menstruasjonsprodukter. Med litt \u00f8velse vil du raskt f\u00e5 taket p\u00e5 det og h\u00f8ste fordelene av denne milj\u00f8vennlige l\u00f8sningen.<\/p>\n\n\n\n<div class=\"wp-block-buttons is-layout-flex wp-block-buttons-is-layout-flex\">\n<div class=\"wp-block-button\"><a class=\"wp-block-button__link wp-element-button\" href=\"https:\/\/www.fairsquared.com\/wp-content\/uploads\/2024\/06\/Gebrauchsanweisung-Cup-NO-062024.pdf\" target=\"_blank\" rel=\"noreferrer noopener\">Download &#8220;Bruksanvisning&#8221; (.pdf)<\/a><\/div>\n<\/div>\n<\/div>\n<\/div>\n","protected":false},"excerpt":{"rendered":"<p>NO &#8211; Period Cup Bruksanvisning Gratulerer med at du har bestemt deg for \u00e5 pr\u00f8ve Fair Squared Menskopper! Disse milj\u00f8vennlige menskoppene er ikke bare bra for milj\u00f8et, men ogs\u00e5 for helsen din og budsjettet ditt. Her er en omfattende guide som hjelper deg med \u00e5 komme i gang [&hellip;]<\/p>\n","protected":false},"author":2,"featured_media":0,"parent":16907,"menu_order":1,"comment_status":"closed","ping_status":"closed","template":"","meta":{"_acf_changed":false,"footnotes":""},"class_list":["post-17095","page","type-page","status-publish","hentry"],"acf":[],"_links":{"self":[{"href":"https:\/\/www.fairsquared.com\/en\/wp-json\/wp\/v2\/pages\/17095","targetHints":{"allow":["GET"]}}],"collection":[{"href":"https:\/\/www.fairsquared.com\/en\/wp-json\/wp\/v2\/pages"}],"about":[{"href":"https:\/\/www.fairsquared.com\/en\/wp-json\/wp\/v2\/types\/page"}],"author":[{"embeddable":true,"href":"https:\/\/www.fairsquared.com\/en\/wp-json\/wp\/v2\/users\/2"}],"replies":[{"embeddable":true,"href":"https:\/\/www.fairsquared.com\/en\/wp-json\/wp\/v2\/comments?post=17095"}],"version-history":[{"count":0,"href":"https:\/\/www.fairsquared.com\/en\/wp-json\/wp\/v2\/pages\/17095\/revisions"}],"up":[{"embeddable":true,"href":"https:\/\/www.fairsquared.com\/en\/wp-json\/wp\/v2\/pages\/16907"}],"wp:attachment":[{"href":"https:\/\/www.fairsquared.com\/en\/wp-json\/wp\/v2\/media?parent=17095"}],"curies":[{"name":"wp","href":"https:\/\/api.w.org\/{rel}","templated":true}]}}