{"id":17091,"date":"2024-06-27T20:12:05","date_gmt":"2024-06-27T18:12:05","guid":{"rendered":"https:\/\/www.fairsquared.com\/?page_id=17091"},"modified":"2024-06-27T20:22:21","modified_gmt":"2024-06-27T18:22:21","slug":"it-period-cup-istruzioni-per-luso","status":"publish","type":"page","link":"https:\/\/www.fairsquared.com\/en\/periodcupguide\/it-period-cup-istruzioni-per-luso\/","title":{"rendered":"IT &#8211; Period Cup: Istruzioni per l\u2019uso"},"content":{"rendered":"\n<div class=\"wp-block-columns is-layout-flex wp-container-core-columns-is-layout-9d6595d7 wp-block-columns-is-layout-flex\">\n<div class=\"wp-block-column is-layout-flow wp-block-column-is-layout-flow\" style=\"flex-basis:33.33%\">\n<figure class=\"wp-block-image size-full\"><img loading=\"lazy\" decoding=\"async\" width=\"800\" height=\"800\" src=\"https:\/\/www.fairsquared.com\/wp-content\/uploads\/2024\/06\/Periodcup_C_Fold.jpg\" alt=\"Periodcup C Fold\" class=\"wp-image-16974\" srcset=\"https:\/\/www.fairsquared.com\/wp-content\/uploads\/2024\/06\/Periodcup_C_Fold.jpg 800w, https:\/\/www.fairsquared.com\/wp-content\/uploads\/2024\/06\/Periodcup_C_Fold-768x768.jpg 768w, https:\/\/www.fairsquared.com\/wp-content\/uploads\/2024\/06\/Periodcup_C_Fold-150x150.jpg 150w\" sizes=\"(max-width: 800px) 100vw, 800px\" \/><figcaption class=\"wp-element-caption\">C-Fold<\/figcaption><\/figure>\n\n\n\n<figure class=\"wp-block-image size-full\"><img loading=\"lazy\" decoding=\"async\" width=\"400\" height=\"400\" src=\"https:\/\/www.fairsquared.com\/wp-content\/uploads\/2024\/06\/Periodcup_S_Fold.jpg\" alt=\"Periodcup S Fold\" class=\"wp-image-16968\" srcset=\"https:\/\/www.fairsquared.com\/wp-content\/uploads\/2024\/06\/Periodcup_S_Fold.jpg 400w, https:\/\/www.fairsquared.com\/wp-content\/uploads\/2024\/06\/Periodcup_S_Fold-150x150.jpg 150w\" sizes=\"(max-width: 400px) 100vw, 400px\" \/><figcaption class=\"wp-element-caption\">S-Fold<\/figcaption><\/figure>\n\n\n\n<figure class=\"wp-block-image size-full\"><img loading=\"lazy\" decoding=\"async\" width=\"400\" height=\"400\" src=\"https:\/\/www.fairsquared.com\/wp-content\/uploads\/2024\/06\/Periodcup_S_Fold.jpg\" alt=\"Periodcup S Fold\" class=\"wp-image-16968\" srcset=\"https:\/\/www.fairsquared.com\/wp-content\/uploads\/2024\/06\/Periodcup_S_Fold.jpg 400w, https:\/\/www.fairsquared.com\/wp-content\/uploads\/2024\/06\/Periodcup_S_Fold-150x150.jpg 150w\" sizes=\"(max-width: 400px) 100vw, 400px\" \/><figcaption class=\"wp-element-caption\">Punch-Down-Fold<\/figcaption><\/figure>\n<\/div>\n\n\n\n<div class=\"wp-block-column is-layout-flow wp-block-column-is-layout-flow\" style=\"flex-basis:66.66%\">\n<h1 class=\"wp-block-heading\">IT &#8211; Period Cup<\/h1>\n\n\n\n<h2 class=\"wp-block-heading\">Istruzioni per l\u2019uso<\/h2>\n\n\n\n<div style=\"height:30px\" aria-hidden=\"true\" class=\"wp-block-spacer\"><\/div>\n\n\n\n<p class=\"has-medium-font-size\">Congratulazioni per aver deciso di provare le coppette mestruali Fair Squared! Queste coppette mestruali ecologiche non solo fanno bene all&#8217;ambiente, ma anche alla vostra salute e al vostro budget. Ecco una guida completa per aiutarvi a iniziare a usare le coppette mestruali Fair Squared:<\/p>\n\n\n\n<div style=\"height:30px\" aria-hidden=\"true\" class=\"wp-block-spacer\"><\/div>\n\n\n\n<h3 class=\"wp-block-heading\">1. cos&#8217;\u00e8 una coppetta mestruale Fair Squared?<\/h3>\n\n\n\n<p>Fair Squared \u00e8 un marchio specializzato in prodotti etici e sostenibili. Le loro coppette per il ciclo mestruale sono realizzate in lattice di gomma naturale (FSC) equamente commercializzato, sono prive di sostanze chimiche nocive e sono prodotte in condizioni di lavoro eque.<\/p>\n\n\n\n<h3 class=\"wp-block-heading\">2. scegliere la taglia giusta:<\/h3>\n\n\n\n<p>Le coppette mestruali Fair Squared sono disponibili in diverse misure a seconda della vostra et\u00e0, della vostra storia di nascita e del vostro flusso mestruale. Di solito ci sono due misure: una per i periodi pi\u00f9 leggeri e una per quelli pi\u00f9 pesanti. Potete controllare le misure consigliate sulla confezione o sul sito web di Fair Squared.<\/p>\n\n\n\n<h3 class=\"wp-block-heading\">3. preparazione:<\/h3>\n\n\n\n<p>Prima del primo utilizzo e dopo ogni mestruazione, \u00e8 necessario pulire accuratamente la coppetta Fair Squared. Basta lavarla con acqua calda e sapone neutro.<\/p>\n\n\n\n<h3 class=\"wp-block-heading\">4. inserimento:<\/h3>\n\n\n\n<p>Lavarsi accuratamente le mani prima di inserire la coppetta mestruale.<\/p>\n\n\n\n<p>Piegare la coppetta per renderla pi\u00f9 piccola. Esistono diversi metodi di piegatura, ad esempio la piega a C o la piega a punzone. Sperimentate per scoprire quale metodo funziona meglio per voi. Trovate una posizione comoda per inserire la coppetta (in piedi, accovacciata, seduta, ecc.). Inserite con cautela la coppetta piegata nella vagina, come un assorbente. Assicuratevi che sia completamente aperta per garantire una tenuta sicura.<\/p>\n\n\n\n<h3 class=\"wp-block-heading\">5. rimozione:<\/h3>\n\n\n\n<p>Lavarsi le mani. Trovare una posizione comoda per rimuovere la coppetta. Afferrare delicatamente la base della coppetta (il gambo) e stringere delicatamente per rilasciare il vuoto. Estrarre lentamente la coppetta e svuotarne il contenuto nella toilette.<\/p>\n\n\n\n<p>Sciacquare accuratamente la coppetta con acqua calda.<\/p>\n\n\n\n<h3 class=\"wp-block-heading\">6 Pulizia e cura:<\/h3>\n\n\n\n<p>Dopo ogni svuotamento, \u00e8 necessario pulire accuratamente la coppetta mestruale Fair Squared con acqua calda e sapone neutro.<\/p>\n\n\n\n<p>Al termine delle mestruazioni, si pu\u00f2 anche far bollire la coppetta in una pentola di acqua bollente per 5 minuti.<\/p>\n\n\n\n<h3 class=\"wp-block-heading\">7. conservazione:<\/h3>\n\n\n\n<p>Conservare la coppetta pulita e asciugata in un luogo pulito e asciutto. Evitare la luce diretta del sole.<\/p>\n\n\n\n<h3 class=\"wp-block-heading\">8. intervalli di sostituzione:<\/h3>\n\n\n\n<p>Gli intervalli di sostituzione variano a seconda del flusso mestruale. Inizialmente, pu\u00f2 essere utile controllare ogni 4-8 ore se la coppetta \u00e8 piena. Con il tempo, si svilupper\u00e0 una maggiore sensibilit\u00e0 in questo senso.<\/p>\n\n\n\n<h3 class=\"wp-block-heading\">9 Comfort e cura:<\/h3>\n\n\n\n<p>Se si avverte un disagio durante l&#8217;uso della coppetta mestruale Fair Squared, potrebbe essere perch\u00e9 la coppetta non \u00e8 posizionata correttamente. Esercitatevi con pazienza fino a trovare la tecnica giusta per voi.<\/p>\n\n\n\n<h3 class=\"wp-block-heading\">10. Sostenibilit\u00e0:<\/h3>\n\n\n\n<p>Le coppette mestruali Fair Squared sono un&#8217;opzione ecologica in quanto sono riutilizzabili. In questo modo si riduce notevolmente l&#8217;impronta ecologica.<\/p>\n\n\n\n<h3 class=\"wp-block-heading\">11. note importanti: <\/h3>\n\n\n\n<p>Se avete problemi di salute o dubbi sull&#8217;uso delle coppette mestruali, consultate il vostro medico. L&#8217;uso delle coppette mestruali Fair Squared pu\u00f2 essere un&#8217;alternativa sostenibile e sana ai prodotti mestruali tradizionali. Con la pratica, ci si impratichir\u00e0 rapidamente e si raccoglieranno i benefici di questa soluzione ecologica.<\/p>\n\n\n\n<div class=\"wp-block-buttons is-layout-flex wp-block-buttons-is-layout-flex\">\n<div class=\"wp-block-button\"><a class=\"wp-block-button__link wp-element-button\" href=\"https:\/\/www.fairsquared.com\/wp-content\/uploads\/2024\/06\/Gebrauchsanweisung-Cup-IT-062024.pdf\" target=\"_blank\" rel=\"noreferrer noopener\">Download &#8220;Istruzioni per l\u2019uso&#8221; (.pdf)<\/a><\/div>\n<\/div>\n<\/div>\n<\/div>\n","protected":false},"excerpt":{"rendered":"<p>IT &#8211; Period Cup Istruzioni per l\u2019uso Congratulazioni per aver deciso di provare le coppette mestruali Fair Squared! Queste coppette mestruali ecologiche non solo fanno bene all&#8217;ambiente, ma anche alla vostra salute e al vostro budget. Ecco una guida completa per aiutarvi a iniziare a usare le coppette [&hellip;]<\/p>\n","protected":false},"author":2,"featured_media":0,"parent":16907,"menu_order":1,"comment_status":"closed","ping_status":"closed","template":"","meta":{"_acf_changed":false,"footnotes":""},"class_list":["post-17091","page","type-page","status-publish","hentry"],"acf":[],"_links":{"self":[{"href":"https:\/\/www.fairsquared.com\/en\/wp-json\/wp\/v2\/pages\/17091","targetHints":{"allow":["GET"]}}],"collection":[{"href":"https:\/\/www.fairsquared.com\/en\/wp-json\/wp\/v2\/pages"}],"about":[{"href":"https:\/\/www.fairsquared.com\/en\/wp-json\/wp\/v2\/types\/page"}],"author":[{"embeddable":true,"href":"https:\/\/www.fairsquared.com\/en\/wp-json\/wp\/v2\/users\/2"}],"replies":[{"embeddable":true,"href":"https:\/\/www.fairsquared.com\/en\/wp-json\/wp\/v2\/comments?post=17091"}],"version-history":[{"count":0,"href":"https:\/\/www.fairsquared.com\/en\/wp-json\/wp\/v2\/pages\/17091\/revisions"}],"up":[{"embeddable":true,"href":"https:\/\/www.fairsquared.com\/en\/wp-json\/wp\/v2\/pages\/16907"}],"wp:attachment":[{"href":"https:\/\/www.fairsquared.com\/en\/wp-json\/wp\/v2\/media?parent=17091"}],"curies":[{"name":"wp","href":"https:\/\/api.w.org\/{rel}","templated":true}]}}