{"id":17085,"date":"2024-06-27T19:50:33","date_gmt":"2024-06-27T17:50:33","guid":{"rendered":"https:\/\/www.fairsquared.com\/?page_id=17085"},"modified":"2024-06-27T19:50:34","modified_gmt":"2024-06-27T17:50:34","slug":"fi-period-cup-kayttoohjeet","status":"publish","type":"page","link":"https:\/\/www.fairsquared.com\/en\/periodcupguide\/fi-period-cup-kayttoohjeet\/","title":{"rendered":"FI &#8211; Period Cup: K\u00e4ytt\u00f6ohjeet"},"content":{"rendered":"\n<div class=\"wp-block-columns is-layout-flex wp-container-core-columns-is-layout-9d6595d7 wp-block-columns-is-layout-flex\">\n<div class=\"wp-block-column is-layout-flow wp-block-column-is-layout-flow\" style=\"flex-basis:33.33%\">\n<figure class=\"wp-block-image size-full\"><img loading=\"lazy\" decoding=\"async\" width=\"800\" height=\"800\" src=\"https:\/\/www.fairsquared.com\/wp-content\/uploads\/2024\/06\/Periodcup_C_Fold.jpg\" alt=\"Periodcup C Fold\" class=\"wp-image-16974\" srcset=\"https:\/\/www.fairsquared.com\/wp-content\/uploads\/2024\/06\/Periodcup_C_Fold.jpg 800w, https:\/\/www.fairsquared.com\/wp-content\/uploads\/2024\/06\/Periodcup_C_Fold-768x768.jpg 768w, https:\/\/www.fairsquared.com\/wp-content\/uploads\/2024\/06\/Periodcup_C_Fold-150x150.jpg 150w\" sizes=\"(max-width: 800px) 100vw, 800px\" \/><figcaption class=\"wp-element-caption\">C-Fold<\/figcaption><\/figure>\n\n\n\n<figure class=\"wp-block-image size-full\"><img loading=\"lazy\" decoding=\"async\" width=\"400\" height=\"400\" src=\"https:\/\/www.fairsquared.com\/wp-content\/uploads\/2024\/06\/Periodcup_S_Fold.jpg\" alt=\"Periodcup S Fold\" class=\"wp-image-16968\" srcset=\"https:\/\/www.fairsquared.com\/wp-content\/uploads\/2024\/06\/Periodcup_S_Fold.jpg 400w, https:\/\/www.fairsquared.com\/wp-content\/uploads\/2024\/06\/Periodcup_S_Fold-150x150.jpg 150w\" sizes=\"(max-width: 400px) 100vw, 400px\" \/><figcaption class=\"wp-element-caption\">S-Fold<\/figcaption><\/figure>\n\n\n\n<figure class=\"wp-block-image size-full\"><img loading=\"lazy\" decoding=\"async\" width=\"400\" height=\"400\" src=\"https:\/\/www.fairsquared.com\/wp-content\/uploads\/2024\/06\/Periodcup_S_Fold.jpg\" alt=\"Periodcup S Fold\" class=\"wp-image-16968\" srcset=\"https:\/\/www.fairsquared.com\/wp-content\/uploads\/2024\/06\/Periodcup_S_Fold.jpg 400w, https:\/\/www.fairsquared.com\/wp-content\/uploads\/2024\/06\/Periodcup_S_Fold-150x150.jpg 150w\" sizes=\"(max-width: 400px) 100vw, 400px\" \/><figcaption class=\"wp-element-caption\">Punch-Down-Fold<\/figcaption><\/figure>\n<\/div>\n\n\n\n<div class=\"wp-block-column is-layout-flow wp-block-column-is-layout-flow\" style=\"flex-basis:66.66%\">\n<h1 class=\"wp-block-heading\">FI &#8211; Period Cup<\/h1>\n\n\n\n<h2 class=\"wp-block-heading\">K\u00e4ytt\u00f6ohjeet<\/h2>\n\n\n\n<div style=\"height:30px\" aria-hidden=\"true\" class=\"wp-block-spacer\"><\/div>\n\n\n\n<p class=\"has-medium-font-size\">Onnittelut p\u00e4\u00e4t\u00f6ksest\u00e4 kokeilla Fair Squared Period Cupsia! N\u00e4m\u00e4 ymp\u00e4rist\u00f6yst\u00e4v\u00e4lliset kuukautiskupit eiv\u00e4t ole hyv\u00e4ksi vain ymp\u00e4rist\u00f6lle, vaan my\u00f6s terveydellesi ja budjetillesi. T\u00e4ss\u00e4 on kattava opas, joka auttaa sinua aloittamaan ja k\u00e4ytt\u00e4m\u00e4\u00e4n Fair Squared Period Cups -kuukautiskuppeja:<\/p>\n\n\n\n<div style=\"height:30px\" aria-hidden=\"true\" class=\"wp-block-spacer\"><\/div>\n\n\n\n<h3 class=\"wp-block-heading\">1. Mik\u00e4 on Fair Squared -kuukautiskuppi?<\/h3>\n\n\n\n<p>Fair Squared on br\u00e4ndi, joka on erikoistunut eettisiin ja kest\u00e4viin tuotteisiin. Heid\u00e4n kuukautiskuppinsa on valmistettu reilusti kaupatusta luonnonkumilateksista (FSC), ne eiv\u00e4t sis\u00e4ll\u00e4 haitallisia kemikaaleja ja ne on valmistettu reilujen ty\u00f6ehtojen mukaisesti.<\/p>\n\n\n\n<h3 class=\"wp-block-heading\">2. Valitse oikea koko:<\/h3>\n\n\n\n<p>Fair Squared -kuukautiskuppeja on saatavana eri kokoja i\u00e4st\u00e4si, synnytyshistoriastasi ja kuukautisvuodostasi riippuen. Yleens\u00e4 niit\u00e4 on kahta kokoa: toinen kevyemmille kuukautisille ja toinen raskaammille kuukautisille. Voit tarkistaa kokosuositukset pakkauksesta tai Fair Squaredin verkkosivustolta.<\/p>\n\n\n\n<h3 class=\"wp-block-heading\">3. valmistelu:<\/h3>\n\n\n\n<p>Ennen ensimm\u00e4ist\u00e4 k\u00e4ytt\u00f6kertaa ja jokaisen kuukautiskierron j\u00e4lkeen Fair Squared -kuukautiskuppisi on puhdistettava huolellisesti. Pese se yksinkertaisesti l\u00e4mpim\u00e4ll\u00e4 vedell\u00e4 ja miedolla saippualla.<\/p>\n\n\n\n<h3 class=\"wp-block-heading\">4. asettaminen:<\/h3>\n\n\n\n<p>Pese k\u00e4tesi huolellisesti ennen kuukautiskupin asettamista.<\/p>\n\n\n\n<p>Taita kuppi pienemm\u00e4ksi. On olemassa erilaisia taittomenetelmi\u00e4, esim. C-taitto tai punch-down-taitto. Kokeile, mik\u00e4 menetelm\u00e4 sopii sinulle parhaiten. Etsi mukava asento kuukautiskupin asettamista varten (seisominen, kyykistyminen, istuminen jne.). Aseta taitettu kuppi varovasti em\u00e4ttimeen tamponin tapaan. Varmista, ett\u00e4 se on t\u00e4ysin auki, jotta se istuu varmasti.<\/p>\n\n\n\n<h3 class=\"wp-block-heading\">5. Poistaminen:<\/h3>\n\n\n\n<p>Pese k\u00e4det. Etsi mukava asento kupin poistamista varten. Tartu varovasti kupin pohjaan (varteen) ja purista varovasti puristaaksesi tyhji\u00f6n. Ved\u00e4 kuppi hitaasti ulos ja tyhjenn\u00e4 sen sis\u00e4lt\u00f6 WC:hen.<\/p>\n\n\n\n<p>Huuhtele kuppi huolellisesti l\u00e4mpim\u00e4ll\u00e4 vedell\u00e4.<\/p>\n\n\n\n<h3 class=\"wp-block-heading\">6. Puhdistus ja hoito:<\/h3>\n\n\n\n<p>Jokaisen tyhjennyksen j\u00e4lkeen Fair Squared Period Cup -muki on puhdistettava huolellisesti l\u00e4mpim\u00e4ll\u00e4 vedell\u00e4 ja miedolla saippualla.<\/p>\n\n\n\n<p>Kuukautisten lopussa voit my\u00f6s keitt\u00e4\u00e4 kuppia kattilassa kiehuvassa vedess\u00e4 5 minuuttia.<\/p>\n\n\n\n<h3 class=\"wp-block-heading\">7. S\u00e4ilytys:<\/h3>\n\n\n\n<p>S\u00e4ilyt\u00e4 puhdistettua ja kuivattua kuppia puhtaassa ja kuivassa paikassa. V\u00e4lt\u00e4 suoraa auringonvaloa.<\/p>\n\n\n\n<h3 class=\"wp-block-heading\">8. vaihtov\u00e4lit:<\/h3>\n\n\n\n<p>Vaihtov\u00e4lit vaihtelevat kuukautisvuodon mukaan. Aluksi voi olla hy\u00f6dyllist\u00e4 tarkistaa 4-8 tunnin v\u00e4lein, onko kuppi t\u00e4ynn\u00e4. Ajan mittaan kehit\u00e4t paremman tuntuman t\u00e4h\u00e4n.<\/p>\n\n\n\n<h3 class=\"wp-block-heading\">9. Mukavuus ja hoito:<\/h3>\n\n\n\n<p>Jos koet ep\u00e4mukavuutta k\u00e4ytt\u00e4ess\u00e4si Fair Squared -kuukautiskuppia, se voi johtua siit\u00e4, ett\u00e4 kuppia ei ole asetettu oikein. Harjoittele k\u00e4rsiv\u00e4llisesti, kunnes l\u00f6yd\u00e4t itsellesi sopivan tekniikan.<\/p>\n\n\n\n<h3 class=\"wp-block-heading\">10. Kest\u00e4vyys:<\/h3>\n\n\n\n<p>Fair Squared Period Cupit ovat ymp\u00e4rist\u00f6yst\u00e4v\u00e4llinen vaihtoehto, sill\u00e4 ne ovat uudelleenk\u00e4ytett\u00e4vi\u00e4. T\u00e4m\u00e4 pienent\u00e4\u00e4 merkitt\u00e4v\u00e4sti ekologista jalanj\u00e4lke\u00e4si.<\/p>\n\n\n\n<h3 class=\"wp-block-heading\">11. t\u00e4rke\u00e4t huomautukset: <\/h3>\n\n\n\n<p>Jos sinulla on terveysongelmia tai huolenaiheita kuukautiskuppien k\u00e4yt\u00f6n suhteen, ota yhteytt\u00e4 l\u00e4\u00e4k\u00e4riisi. Fair Squared -kuukautiskuppien k\u00e4ytt\u00f6 voi olla kest\u00e4v\u00e4 ja terveellinen vaihtoehto perinteisille kuukautistuotteille. Harjoittelun my\u00f6t\u00e4 opit nopeasti k\u00e4ytt\u00e4m\u00e4\u00e4n sit\u00e4 ja hy\u00f6dyt t\u00e4st\u00e4 ymp\u00e4rist\u00f6yst\u00e4v\u00e4llisest\u00e4 ratkaisusta.<\/p>\n\n\n\n<div class=\"wp-block-buttons is-layout-flex wp-block-buttons-is-layout-flex\">\n<div class=\"wp-block-button\"><a class=\"wp-block-button__link wp-element-button\" href=\"https:\/\/www.fairsquared.com\/wp-content\/uploads\/2024\/06\/Gebrauchsanweisung-Cup-FI-062024.pdf\" target=\"_blank\" rel=\"noreferrer noopener\">Download &#8220;K\u00e4ytt\u00f6ohjeet&#8221; (.pdf)<\/a><\/div>\n<\/div>\n<\/div>\n<\/div>\n","protected":false},"excerpt":{"rendered":"<p>FI &#8211; Period Cup K\u00e4ytt\u00f6ohjeet Onnittelut p\u00e4\u00e4t\u00f6ksest\u00e4 kokeilla Fair Squared Period Cupsia! N\u00e4m\u00e4 ymp\u00e4rist\u00f6yst\u00e4v\u00e4lliset kuukautiskupit eiv\u00e4t ole hyv\u00e4ksi vain ymp\u00e4rist\u00f6lle, vaan my\u00f6s terveydellesi ja budjetillesi. T\u00e4ss\u00e4 on kattava opas, joka auttaa sinua aloittamaan ja k\u00e4ytt\u00e4m\u00e4\u00e4n Fair Squared Period Cups -kuukautiskuppeja: 1. Mik\u00e4 on Fair Squared -kuukautiskuppi? Fair Squared [&hellip;]<\/p>\n","protected":false},"author":2,"featured_media":0,"parent":16907,"menu_order":1,"comment_status":"closed","ping_status":"closed","template":"","meta":{"_acf_changed":false,"footnotes":""},"class_list":["post-17085","page","type-page","status-publish","hentry"],"acf":[],"_links":{"self":[{"href":"https:\/\/www.fairsquared.com\/en\/wp-json\/wp\/v2\/pages\/17085","targetHints":{"allow":["GET"]}}],"collection":[{"href":"https:\/\/www.fairsquared.com\/en\/wp-json\/wp\/v2\/pages"}],"about":[{"href":"https:\/\/www.fairsquared.com\/en\/wp-json\/wp\/v2\/types\/page"}],"author":[{"embeddable":true,"href":"https:\/\/www.fairsquared.com\/en\/wp-json\/wp\/v2\/users\/2"}],"replies":[{"embeddable":true,"href":"https:\/\/www.fairsquared.com\/en\/wp-json\/wp\/v2\/comments?post=17085"}],"version-history":[{"count":0,"href":"https:\/\/www.fairsquared.com\/en\/wp-json\/wp\/v2\/pages\/17085\/revisions"}],"up":[{"embeddable":true,"href":"https:\/\/www.fairsquared.com\/en\/wp-json\/wp\/v2\/pages\/16907"}],"wp:attachment":[{"href":"https:\/\/www.fairsquared.com\/en\/wp-json\/wp\/v2\/media?parent=17085"}],"curies":[{"name":"wp","href":"https:\/\/api.w.org\/{rel}","templated":true}]}}