{"id":17083,"date":"2024-06-27T19:46:43","date_gmt":"2024-06-27T17:46:43","guid":{"rendered":"https:\/\/www.fairsquared.com\/?page_id=17083"},"modified":"2024-06-27T21:07:50","modified_gmt":"2024-06-27T19:07:50","slug":"es-taza-periodica-instrucciones-de-uso","status":"publish","type":"page","link":"https:\/\/www.fairsquared.com\/en\/periodcupguide\/es-taza-periodica-instrucciones-de-uso\/","title":{"rendered":"ES &#8211; Taza Peri\u00f3dica: Instrucciones de uso"},"content":{"rendered":"\n<div class=\"wp-block-columns is-layout-flex wp-container-core-columns-is-layout-9d6595d7 wp-block-columns-is-layout-flex\">\n<div class=\"wp-block-column is-layout-flow wp-block-column-is-layout-flow\" style=\"flex-basis:33.33%\">\n<figure class=\"wp-block-image size-full\"><img loading=\"lazy\" decoding=\"async\" width=\"800\" height=\"800\" src=\"https:\/\/www.fairsquared.com\/wp-content\/uploads\/2024\/06\/Periodcup_C_Fold.jpg\" alt=\"Periodcup C Fold\" class=\"wp-image-16974\" srcset=\"https:\/\/www.fairsquared.com\/wp-content\/uploads\/2024\/06\/Periodcup_C_Fold.jpg 800w, https:\/\/www.fairsquared.com\/wp-content\/uploads\/2024\/06\/Periodcup_C_Fold-768x768.jpg 768w, https:\/\/www.fairsquared.com\/wp-content\/uploads\/2024\/06\/Periodcup_C_Fold-150x150.jpg 150w\" sizes=\"(max-width: 800px) 100vw, 800px\" \/><figcaption class=\"wp-element-caption\">C-Fold<\/figcaption><\/figure>\n\n\n\n<figure class=\"wp-block-image size-full\"><img loading=\"lazy\" decoding=\"async\" width=\"400\" height=\"400\" src=\"https:\/\/www.fairsquared.com\/wp-content\/uploads\/2024\/06\/Periodcup_S_Fold.jpg\" alt=\"Periodcup S Fold\" class=\"wp-image-16968\" srcset=\"https:\/\/www.fairsquared.com\/wp-content\/uploads\/2024\/06\/Periodcup_S_Fold.jpg 400w, https:\/\/www.fairsquared.com\/wp-content\/uploads\/2024\/06\/Periodcup_S_Fold-150x150.jpg 150w\" sizes=\"(max-width: 400px) 100vw, 400px\" \/><figcaption class=\"wp-element-caption\">S-Fold<\/figcaption><\/figure>\n\n\n\n<figure class=\"wp-block-image size-full\"><img loading=\"lazy\" decoding=\"async\" width=\"400\" height=\"400\" src=\"https:\/\/www.fairsquared.com\/wp-content\/uploads\/2024\/06\/Periodcup_S_Fold.jpg\" alt=\"Periodcup S Fold\" class=\"wp-image-16968\" srcset=\"https:\/\/www.fairsquared.com\/wp-content\/uploads\/2024\/06\/Periodcup_S_Fold.jpg 400w, https:\/\/www.fairsquared.com\/wp-content\/uploads\/2024\/06\/Periodcup_S_Fold-150x150.jpg 150w\" sizes=\"(max-width: 400px) 100vw, 400px\" \/><figcaption class=\"wp-element-caption\">Punch-Down-Fold<\/figcaption><\/figure>\n<\/div>\n\n\n\n<div class=\"wp-block-column is-layout-flow wp-block-column-is-layout-flow\" style=\"flex-basis:66.66%\">\n<h1 class=\"wp-block-heading\">ES &#8211; Taza Peri\u00f3dica<\/h1>\n\n\n\n<h2 class=\"wp-block-heading\">Instrucciones de uso<\/h2>\n\n\n\n<div style=\"height:30px\" aria-hidden=\"true\" class=\"wp-block-spacer\"><\/div>\n\n\n\n<p class=\"has-medium-font-size\">\u00a1Enhorabuena por haber decidido probar las copas menstruales Fair Squared! Estas copas menstruales ecol\u00f3gicas no s\u00f3lo son buenas para el medio ambiente, sino tambi\u00e9n para tu salud y tu presupuesto. Aqu\u00ed tienes una gu\u00eda completa que te ayudar\u00e1 a empezar a utilizar las copas menstruales Fair Squared:<\/p>\n\n\n\n<div style=\"height:30px\" aria-hidden=\"true\" class=\"wp-block-spacer\"><\/div>\n\n\n\n<h3 class=\"wp-block-heading\">1. \u00bfqu\u00e9 es una copa menstrual Fair Squared?<\/h3>\n\n\n\n<p>Fair Squared es una marca especializada en productos \u00e9ticos y sostenibles. Sus copas menstruales est\u00e1n fabricadas con l\u00e1tex de caucho natural (FSC) de comercio justo, no contienen sustancias qu\u00edmicas nocivas y se fabrican en condiciones laborales justas.<\/p>\n\n\n\n<h3 class=\"wp-block-heading\">2. elige la talla adecuada:<\/h3>\n\n\n\n<p>Las copas menstruales Fair Squared est\u00e1n disponibles en diferentes tallas en funci\u00f3n de tu edad, tu historia de parto y tu flujo menstrual. Normalmente hay dos tallas: una para menstruaciones ligeras y otra para menstruaciones m\u00e1s abundantes. Puedes consultar las recomendaciones de tama\u00f1o en el envase o en la p\u00e1gina web de Fair Squared.<\/p>\n\n\n\n<h3 class=\"wp-block-heading\">3. preparaci\u00f3n:<\/h3>\n\n\n\n<p>Antes del primer uso y despu\u00e9s de cada menstruaci\u00f3n, debes limpiar bien tu copa menstrual Fair Squared. Basta con lavarla con agua tibia y jab\u00f3n suave.<\/p>\n\n\n\n<h3 class=\"wp-block-heading\">4. inserci\u00f3n:<\/h3>\n\n\n\n<p>L\u00e1vate bien las manos antes de insertar tu copa menstrual.<\/p>\n\n\n\n<p>Dobla la copa para hacerla m\u00e1s peque\u00f1a. Existen varios m\u00e9todos de plegado, por ejemplo, el plegado en C o el plegado perforado. Experimenta hasta encontrar el m\u00e9todo que mejor se adapte a ti. Busca una posici\u00f3n c\u00f3moda para introducir la copa (de pie, en cuclillas, sentada, etc.). Introduce con cuidado la copa plegada en la vagina, como si fuera un tamp\u00f3n. Aseg\u00farate de que est\u00e1 completamente abierta para garantizar un ajuste seguro.<\/p>\n\n\n\n<h3 class=\"wp-block-heading\">5. extracci\u00f3n:<\/h3>\n\n\n\n<p>L\u00e1vate las manos. Busca una posici\u00f3n c\u00f3moda para retirar la copa. Agarra suavemente la base de la copa (el tallo) y aprieta suavemente para liberar el vac\u00edo. Extraiga la copa lentamente y vac\u00ede su contenido en el inodoro.<\/p>\n\n\n\n<p>Enjuague bien la taza con agua tibia.<\/p>\n\n\n\n<h3 class=\"wp-block-heading\">6 Limpieza y cuidados:<\/h3>\n\n\n\n<p>Despu\u00e9s de cada vaciado, debes limpiar bien tu Copa del Periodo Fair Squared con agua tibia y jab\u00f3n suave.<\/p>\n\n\n\n<p>Al final de la menstruaci\u00f3n, tambi\u00e9n puedes hervir la copa en una olla con agua hirviendo durante 5 minutos.<\/p>\n\n\n\n<h3 class=\"wp-block-heading\">7. almacenamiento:<\/h3>\n\n\n\n<p>Guarda tu copa limpia y seca en un lugar limpio y seco. Evite la luz solar directa.<\/p>\n\n\n\n<h3 class=\"wp-block-heading\">8. intervalos de cambio:<\/h3>\n\n\n\n<p>Los intervalos de cambio var\u00edan en funci\u00f3n de tu flujo menstrual. Al principio, puede ser \u00fatil comprobar cada 4-8 horas si la copa est\u00e1 llena. Con el tiempo, desarrollar\u00e1s un mejor tacto para ello.<\/p>\n\n\n\n<h3 class=\"wp-block-heading\">9 Comodidad y cuidados:<\/h3>\n\n\n\n<p>Si experimenta molestias al utilizar la copa menstrual Fair Squared, puede deberse a que la copa no est\u00e9 colocada correctamente. Practica con paciencia hasta que encuentres la t\u00e9cnica adecuada para ti.<\/p>\n\n\n\n<h3 class=\"wp-block-heading\">10. Sostenibilidad:<\/h3>\n\n\n\n<p>Las copas menstruales Fair Squared son una opci\u00f3n respetuosa con el medio ambiente, ya que son reutilizables. Esto reduce significativamente tu huella ecol\u00f3gica.<\/p>\n\n\n\n<h3 class=\"wp-block-heading\">11. notas importantes: <\/h3>\n\n\n\n<p>Si tienes alg\u00fan problema de salud o te preocupa el uso de copas menstruales, consulta a tu m\u00e9dico. El uso de las copas menstruales Fair Squared puede ser una alternativa sostenible y saludable a los productos menstruales convencionales. Con la pr\u00e1ctica, le coger\u00e1s r\u00e1pidamente el truco y cosechar\u00e1s los beneficios de esta soluci\u00f3n ecol\u00f3gica.<\/p>\n\n\n\n<div class=\"wp-block-buttons is-layout-flex wp-block-buttons-is-layout-flex\">\n<div class=\"wp-block-button\"><a class=\"wp-block-button__link wp-element-button\" href=\"https:\/\/www.fairsquared.com\/wp-content\/uploads\/2024\/06\/Gebrauchsanweisung-Cup-ES-062024.pdf\" target=\"_blank\" rel=\"noreferrer noopener\">Download &#8220;Instrucciones de uso&#8221; (.pdf)<\/a><\/div>\n<\/div>\n<\/div>\n<\/div>\n","protected":false},"excerpt":{"rendered":"<p>ES &#8211; Taza Peri\u00f3dica Instrucciones de uso \u00a1Enhorabuena por haber decidido probar las copas menstruales Fair Squared! Estas copas menstruales ecol\u00f3gicas no s\u00f3lo son buenas para el medio ambiente, sino tambi\u00e9n para tu salud y tu presupuesto. Aqu\u00ed tienes una gu\u00eda completa que te ayudar\u00e1 a empezar a [&hellip;]<\/p>\n","protected":false},"author":2,"featured_media":0,"parent":16907,"menu_order":1,"comment_status":"closed","ping_status":"closed","template":"","meta":{"_acf_changed":false,"footnotes":""},"class_list":["post-17083","page","type-page","status-publish","hentry"],"acf":[],"_links":{"self":[{"href":"https:\/\/www.fairsquared.com\/en\/wp-json\/wp\/v2\/pages\/17083","targetHints":{"allow":["GET"]}}],"collection":[{"href":"https:\/\/www.fairsquared.com\/en\/wp-json\/wp\/v2\/pages"}],"about":[{"href":"https:\/\/www.fairsquared.com\/en\/wp-json\/wp\/v2\/types\/page"}],"author":[{"embeddable":true,"href":"https:\/\/www.fairsquared.com\/en\/wp-json\/wp\/v2\/users\/2"}],"replies":[{"embeddable":true,"href":"https:\/\/www.fairsquared.com\/en\/wp-json\/wp\/v2\/comments?post=17083"}],"version-history":[{"count":0,"href":"https:\/\/www.fairsquared.com\/en\/wp-json\/wp\/v2\/pages\/17083\/revisions"}],"up":[{"embeddable":true,"href":"https:\/\/www.fairsquared.com\/en\/wp-json\/wp\/v2\/pages\/16907"}],"wp:attachment":[{"href":"https:\/\/www.fairsquared.com\/en\/wp-json\/wp\/v2\/media?parent=17083"}],"curies":[{"name":"wp","href":"https:\/\/api.w.org\/{rel}","templated":true}]}}