{"id":17081,"date":"2024-06-27T19:43:03","date_gmt":"2024-06-27T17:43:03","guid":{"rendered":"https:\/\/www.fairsquared.com\/?page_id=17081"},"modified":"2024-06-27T21:07:07","modified_gmt":"2024-06-27T19:07:07","slug":"dk-period-cup-brugsanvisning","status":"publish","type":"page","link":"https:\/\/www.fairsquared.com\/en\/periodcupguide\/dk-period-cup-brugsanvisning\/","title":{"rendered":"DK &#8211; Period Cup: Brugsanvisning"},"content":{"rendered":"\n<div class=\"wp-block-columns is-layout-flex wp-container-core-columns-is-layout-9d6595d7 wp-block-columns-is-layout-flex\">\n<div class=\"wp-block-column is-layout-flow wp-block-column-is-layout-flow\" style=\"flex-basis:33.33%\">\n<figure class=\"wp-block-image size-full\"><img loading=\"lazy\" decoding=\"async\" width=\"800\" height=\"800\" src=\"https:\/\/www.fairsquared.com\/wp-content\/uploads\/2024\/06\/Periodcup_C_Fold.jpg\" alt=\"Periodcup C Fold\" class=\"wp-image-16974\" srcset=\"https:\/\/www.fairsquared.com\/wp-content\/uploads\/2024\/06\/Periodcup_C_Fold.jpg 800w, https:\/\/www.fairsquared.com\/wp-content\/uploads\/2024\/06\/Periodcup_C_Fold-768x768.jpg 768w, https:\/\/www.fairsquared.com\/wp-content\/uploads\/2024\/06\/Periodcup_C_Fold-150x150.jpg 150w\" sizes=\"(max-width: 800px) 100vw, 800px\" \/><figcaption class=\"wp-element-caption\">C-Fold<\/figcaption><\/figure>\n\n\n\n<figure class=\"wp-block-image size-full\"><img loading=\"lazy\" decoding=\"async\" width=\"400\" height=\"400\" src=\"https:\/\/www.fairsquared.com\/wp-content\/uploads\/2024\/06\/Periodcup_S_Fold.jpg\" alt=\"Periodcup S Fold\" class=\"wp-image-16968\" srcset=\"https:\/\/www.fairsquared.com\/wp-content\/uploads\/2024\/06\/Periodcup_S_Fold.jpg 400w, https:\/\/www.fairsquared.com\/wp-content\/uploads\/2024\/06\/Periodcup_S_Fold-150x150.jpg 150w\" sizes=\"(max-width: 400px) 100vw, 400px\" \/><figcaption class=\"wp-element-caption\">S-Fold<\/figcaption><\/figure>\n\n\n\n<figure class=\"wp-block-image size-full\"><img loading=\"lazy\" decoding=\"async\" width=\"400\" height=\"400\" src=\"https:\/\/www.fairsquared.com\/wp-content\/uploads\/2024\/06\/Periodcup_S_Fold.jpg\" alt=\"Periodcup S Fold\" class=\"wp-image-16968\" srcset=\"https:\/\/www.fairsquared.com\/wp-content\/uploads\/2024\/06\/Periodcup_S_Fold.jpg 400w, https:\/\/www.fairsquared.com\/wp-content\/uploads\/2024\/06\/Periodcup_S_Fold-150x150.jpg 150w\" sizes=\"(max-width: 400px) 100vw, 400px\" \/><figcaption class=\"wp-element-caption\">Punch-Down-Fold<\/figcaption><\/figure>\n<\/div>\n\n\n\n<div class=\"wp-block-column is-layout-flow wp-block-column-is-layout-flow\" style=\"flex-basis:66.66%\">\n<h1 class=\"wp-block-heading\">DK &#8211; Period Cup<\/h1>\n\n\n\n<h2 class=\"wp-block-heading\">Brugsanvisning<\/h2>\n\n\n\n<div style=\"height:30px\" aria-hidden=\"true\" class=\"wp-block-spacer\"><\/div>\n\n\n\n<p class=\"has-medium-font-size\">Tillykke med, at du har besluttet dig for at pr\u00f8ve Fair Squared Period Cups! Disse milj\u00f8venlige menstruationskopper er ikke kun gode for milj\u00f8et, men ogs\u00e5 for dit helbred og dit budget. Her er en omfattende guide, der hj\u00e6lper dig med at komme i gang og bruge Fair Squared Period Cups:<\/p>\n\n\n\n<div style=\"height:30px\" aria-hidden=\"true\" class=\"wp-block-spacer\"><\/div>\n\n\n\n<h3 class=\"wp-block-heading\">1. Hvad er en Fair Squared menstruationskop?<\/h3>\n\n\n\n<p>Fair Squared er et brand, der har specialiseret sig i etiske og b\u00e6redygtige produkter. Deres menstruationskopper er lavet af fairtrade naturgummilatex (FSC), er fri for skadelige kemikalier og er fremstillet under fair arbejdsforhold.<\/p>\n\n\n\n<h3 class=\"wp-block-heading\">2. V\u00e6lg den rigtige st\u00f8rrelse:<\/h3>\n\n\n\n<p>Fair Squared Period Cups f\u00e5s i forskellige st\u00f8rrelser afh\u00e6ngigt af din alder, din f\u00f8dselshistorie og dit menstruationsflow. Der er normalt to st\u00f8rrelser: en til lettere perioder og en til kraftigere perioder. Du kan tjekke st\u00f8rrelsesanbefalingerne p\u00e5 emballagen eller p\u00e5 Fair Squareds hjemmeside.<\/p>\n\n\n\n<h3 class=\"wp-block-heading\">3. Forberedelse:<\/h3>\n\n\n\n<p>F\u00f8r f\u00f8rste brug og efter hver menstruation b\u00f8r du reng\u00f8re din Fair Squared Period Cup grundigt. Du skal blot vaske den med varmt vand og mild s\u00e6be.<\/p>\n\n\n\n<h3 class=\"wp-block-heading\">4. Inds\u00e6ttelse:<\/h3>\n\n\n\n<p>Vask dine h\u00e6nder grundigt, f\u00f8r du inds\u00e6tter din menstruationskop.<\/p>\n\n\n\n<p>Fold koppen for at g\u00f8re den mindre. Der findes forskellige foldemetoder, f.eks. C-fold eller punch-down fold. Pr\u00f8v dig frem for at finde ud af, hvilken metode der fungerer bedst for dig. Find en behagelig position at inds\u00e6tte koppen i (st\u00e5ende, hugsiddende, siddende osv.). Inds\u00e6t forsigtigt den foldede kop i din vagina, ligesom en tampon. S\u00f8rg for, at den er helt \u00e5ben for at sikre en god pasform.<\/p>\n\n\n\n<h3 class=\"wp-block-heading\">5. Fjernelse:<\/h3>\n\n\n\n<p>Vask dine h\u00e6nder. Find en behagelig position til at fjerne koppen. Tag forsigtigt fat i bunden af koppen (stilken), og klem forsigtigt for at frig\u00f8re vakuummet. Tr\u00e6k koppen langsomt ud, og t\u00f8m indholdet ud i toilettet.<\/p>\n\n\n\n<p>Skyl koppen grundigt med varmt vand.<\/p>\n\n\n\n<h3 class=\"wp-block-heading\">6 Reng\u00f8ring og pleje:<\/h3>\n\n\n\n<p>Efter hver t\u00f8mning skal du reng\u00f8re din Fair Squared Period Cup grundigt med varmt vand og mild s\u00e6be.<\/p>\n\n\n\n<p>I slutningen af din menstruation kan du ogs\u00e5 koge koppen i en gryde med kogende vand i 5 minutter.<\/p>\n\n\n\n<h3 class=\"wp-block-heading\">7. Opbevaring:<\/h3>\n\n\n\n<p>Opbevar din rengjorte og t\u00f8rrede kop p\u00e5 et rent og t\u00f8rt sted. Undg\u00e5 direkte sollys.<\/p>\n\n\n\n<h3 class=\"wp-block-heading\">8. Udskiftningsintervaller:<\/h3>\n\n\n\n<p>Udskiftningsintervallerne varierer afh\u00e6ngigt af din menstruation. I begyndelsen kan det v\u00e6re nyttigt at tjekke hver 4.-8. time for at se, om koppen er fuld. Med tiden vil du udvikle en bedre fornemmelse for dette.<\/p>\n\n\n\n<h3 class=\"wp-block-heading\">9 Komfort og pleje:<\/h3>\n\n\n\n<p>Hvis du oplever ubehag, n\u00e5r du bruger din Fair Squared Period Cup, kan det skyldes, at koppen ikke er placeret korrekt. \u00d8v dig t\u00e5lmodigt, indtil du finder den rigtige teknik for dig.<\/p>\n\n\n\n<h3 class=\"wp-block-heading\">10. B\u00e6redygtighed:<\/h3>\n\n\n\n<p>Fair Squared Period Cups er en milj\u00f8venlig l\u00f8sning, da de kan genbruges. Det reducerer dit \u00f8kologiske fodaftryk betydeligt.<\/p>\n\n\n\n<h3 class=\"wp-block-heading\">11. Vigtige bem\u00e6rkninger: <\/h3>\n\n\n\n<p>Hvis du har helbredsproblemer eller er bekymret for brugen af menstruationskopper, skal du kontakte din l\u00e6ge. At bruge Fair Squared Period Cups kan v\u00e6re et b\u00e6redygtigt og sundt alternativ til konventionelle menstruationsprodukter. Med lidt \u00f8velse f\u00e5r du hurtigt styr p\u00e5 det og kan h\u00f8ste fordelene ved denne milj\u00f8venlige l\u00f8sning.<\/p>\n\n\n\n<div class=\"wp-block-buttons is-layout-flex wp-block-buttons-is-layout-flex\">\n<div class=\"wp-block-button\"><a class=\"wp-block-button__link wp-element-button\" href=\"https:\/\/www.fairsquared.com\/wp-content\/uploads\/2024\/06\/Gebrauchsanweisung-Cup-DK-062024.pdf\" target=\"_blank\" rel=\"noreferrer noopener\">Download &#8220;Brugsanvisning&#8221; (.pdf)<\/a><\/div>\n<\/div>\n<\/div>\n<\/div>\n","protected":false},"excerpt":{"rendered":"<p>DK &#8211; Period Cup Brugsanvisning Tillykke med, at du har besluttet dig for at pr\u00f8ve Fair Squared Period Cups! Disse milj\u00f8venlige menstruationskopper er ikke kun gode for milj\u00f8et, men ogs\u00e5 for dit helbred og dit budget. Her er en omfattende guide, der hj\u00e6lper dig med at komme i [&hellip;]<\/p>\n","protected":false},"author":2,"featured_media":0,"parent":16907,"menu_order":1,"comment_status":"closed","ping_status":"closed","template":"","meta":{"_acf_changed":false,"footnotes":""},"class_list":["post-17081","page","type-page","status-publish","hentry"],"acf":[],"_links":{"self":[{"href":"https:\/\/www.fairsquared.com\/en\/wp-json\/wp\/v2\/pages\/17081","targetHints":{"allow":["GET"]}}],"collection":[{"href":"https:\/\/www.fairsquared.com\/en\/wp-json\/wp\/v2\/pages"}],"about":[{"href":"https:\/\/www.fairsquared.com\/en\/wp-json\/wp\/v2\/types\/page"}],"author":[{"embeddable":true,"href":"https:\/\/www.fairsquared.com\/en\/wp-json\/wp\/v2\/users\/2"}],"replies":[{"embeddable":true,"href":"https:\/\/www.fairsquared.com\/en\/wp-json\/wp\/v2\/comments?post=17081"}],"version-history":[{"count":0,"href":"https:\/\/www.fairsquared.com\/en\/wp-json\/wp\/v2\/pages\/17081\/revisions"}],"up":[{"embeddable":true,"href":"https:\/\/www.fairsquared.com\/en\/wp-json\/wp\/v2\/pages\/16907"}],"wp:attachment":[{"href":"https:\/\/www.fairsquared.com\/en\/wp-json\/wp\/v2\/media?parent=17081"}],"curies":[{"name":"wp","href":"https:\/\/api.w.org\/{rel}","templated":true}]}}