{"id":17032,"date":"2024-06-21T18:35:17","date_gmt":"2024-06-21T16:35:17","guid":{"rendered":"https:\/\/www.fairsquared.com\/?page_id=17032"},"modified":"2024-06-27T21:09:33","modified_gmt":"2024-06-27T19:09:33","slug":"fr-period-cup-conseils-dutilisation","status":"publish","type":"page","link":"https:\/\/www.fairsquared.com\/en\/periodcupguide\/fr-period-cup-conseils-dutilisation\/","title":{"rendered":"FR &#8211; Period Cup: Conseils d\u2019utilisation"},"content":{"rendered":"\n<div class=\"wp-block-columns is-layout-flex wp-container-core-columns-is-layout-9d6595d7 wp-block-columns-is-layout-flex\">\n<div class=\"wp-block-column is-layout-flow wp-block-column-is-layout-flow\" style=\"flex-basis:33.33%\">\n<figure class=\"wp-block-image size-full\"><img loading=\"lazy\" decoding=\"async\" width=\"800\" height=\"800\" src=\"https:\/\/www.fairsquared.com\/wp-content\/uploads\/2024\/06\/Periodcup_C_Fold.jpg\" alt=\"Periodcup C Fold\" class=\"wp-image-16974\" srcset=\"https:\/\/www.fairsquared.com\/wp-content\/uploads\/2024\/06\/Periodcup_C_Fold.jpg 800w, https:\/\/www.fairsquared.com\/wp-content\/uploads\/2024\/06\/Periodcup_C_Fold-768x768.jpg 768w, https:\/\/www.fairsquared.com\/wp-content\/uploads\/2024\/06\/Periodcup_C_Fold-150x150.jpg 150w\" sizes=\"(max-width: 800px) 100vw, 800px\" \/><figcaption class=\"wp-element-caption\">C-Fold<\/figcaption><\/figure>\n\n\n\n<figure class=\"wp-block-image size-full\"><img loading=\"lazy\" decoding=\"async\" width=\"400\" height=\"400\" src=\"https:\/\/www.fairsquared.com\/wp-content\/uploads\/2024\/06\/Periodcup_S_Fold.jpg\" alt=\"Periodcup S Fold\" class=\"wp-image-16968\" srcset=\"https:\/\/www.fairsquared.com\/wp-content\/uploads\/2024\/06\/Periodcup_S_Fold.jpg 400w, https:\/\/www.fairsquared.com\/wp-content\/uploads\/2024\/06\/Periodcup_S_Fold-150x150.jpg 150w\" sizes=\"(max-width: 400px) 100vw, 400px\" \/><figcaption class=\"wp-element-caption\">S-Fold<\/figcaption><\/figure>\n\n\n\n<figure class=\"wp-block-image size-full\"><img loading=\"lazy\" decoding=\"async\" width=\"400\" height=\"400\" src=\"https:\/\/www.fairsquared.com\/wp-content\/uploads\/2024\/06\/Periodcup_S_Fold.jpg\" alt=\"Periodcup S Fold\" class=\"wp-image-16968\" srcset=\"https:\/\/www.fairsquared.com\/wp-content\/uploads\/2024\/06\/Periodcup_S_Fold.jpg 400w, https:\/\/www.fairsquared.com\/wp-content\/uploads\/2024\/06\/Periodcup_S_Fold-150x150.jpg 150w\" sizes=\"(max-width: 400px) 100vw, 400px\" \/><figcaption class=\"wp-element-caption\">Punch-Down-Fold<\/figcaption><\/figure>\n<\/div>\n\n\n\n<div class=\"wp-block-column is-layout-flow wp-block-column-is-layout-flow\" style=\"flex-basis:66.66%\">\n<h1 class=\"wp-block-heading\">FR &#8211; Period Cup<\/h1>\n\n\n\n<h2 class=\"wp-block-heading\">Conseils d\u2019utilisation<\/h2>\n\n\n\n<div style=\"height:30px\" aria-hidden=\"true\" class=\"wp-block-spacer\"><\/div>\n\n\n\n<p class=\"has-medium-font-size\">F\u00e9licitations pour avoir d\u00e9cid\u00e9 d&#8217;essayer les coupes p\u00e9riodiques Fair Squared ! Ces coupes menstruelles \u00e9cologiques ne sont pas seulement bonnes pour l&#8217;environnement, mais aussi pour ta sant\u00e9 et ton budget. Voici un guide complet pour t&#8217;aider \u00e0 d\u00e9marrer et \u00e0 utiliser les coupes p\u00e9riodiques Fair Squared :<\/p>\n\n\n\n<div style=\"height:30px\" aria-hidden=\"true\" class=\"wp-block-spacer\"><\/div>\n\n\n\n<h3 class=\"wp-block-heading\">1. qu&#8217;est-ce qu&#8217;une coupe p\u00e9riodique Fair Squared ?<\/h3>\n\n\n\n<p>Fair Squared est une marque sp\u00e9cialis\u00e9e dans les produits \u00e9thiques et durables. Leurs Period Cups sont en latex de caoutchouc naturel (FSC) issu du commerce \u00e9quitable, ne contiennent pas de produits chimiques nocifs et sont fabriqu\u00e9s dans des conditions de travail \u00e9quitables.<\/p>\n\n\n\n<h3 class=\"wp-block-heading\">2. choisir la bonne taille :<\/h3>\n\n\n\n<p>Les coupes p\u00e9riodiques Fair Squared sont disponibles en diff\u00e9rentes tailles, en fonction de ton \u00e2ge, de ton histoire de naissance et de ton flux menstruel. En g\u00e9n\u00e9ral, il y a deux tailles : une pour les jours l\u00e9gers et une pour les jours plus forts. Tu peux v\u00e9rifier les recommandations de taille sur l&#8217;emballage ou sur le site Internet de Fair Squared.<\/p>\n\n\n\n<h3 class=\"wp-block-heading\">3. pr\u00e9paration :<\/h3>\n\n\n\n<p>Avant la premi\u00e8re utilisation et apr\u00e8s chaque menstruation, tu dois nettoyer soigneusement ta coupe p\u00e9riodique Fair Squared. Il suffit de la laver \u00e0 l&#8217;eau chaude et au savon doux.<\/p>\n\n\n\n<h3 class=\"wp-block-heading\">4. l&#8217;insertion :<\/h3>\n\n\n\n<p>Lave-toi soigneusement les mains avant d&#8217;ins\u00e9rer ta coupe p\u00e9riodique.<\/p>\n\n\n\n<p>Plie la cup pour la rendre plus petite. Il existe diff\u00e9rentes m\u00e9thodes de pliage, par exemple le pli en C ou le pli &#8220;punch-down&#8221;. Exp\u00e9rimente pour trouver la m\u00e9thode qui te convient le mieux. Trouve une position confortable pour ins\u00e9rer le bonnet (debout, accroupi, assis, etc.). Introduis doucement la cup pli\u00e9e dans ton vagin, comme un tampon. Assure-toi qu&#8217;elle est compl\u00e8tement ouverte pour garantir un bon positionnement.<\/p>\n\n\n\n<h3 class=\"wp-block-heading\">5. le retrait :<\/h3>\n\n\n\n<p>Lave-toi les mains. Trouve une position confortable pour retirer la cup. Saisis d\u00e9licatement le fond de la cup (la tige) et appuie l\u00e9g\u00e8rement pour rel\u00e2cher la pression. Retire lentement la cup et vide son contenu dans les toilettes.<\/p>\n\n\n\n<p>Rince soigneusement la cup \u00e0 l&#8217;eau chaude.<\/p>\n\n\n\n<h3 class=\"wp-block-heading\">6. nettoyage et entretien :<\/h3>\n\n\n\n<p>Apr\u00e8s chaque vidange, tu dois nettoyer soigneusement ta cup Fair Squared Period \u00e0 l&#8217;eau chaude et au savon doux.<\/p>\n\n\n\n<p>\u00c0 la fin de tes r\u00e8gles, tu peux en outre faire bouillir la cup dans une casserole d&#8217;eau bouillante pendant 5 minutes.<\/p>\n\n\n\n<h3 class=\"wp-block-heading\">7) Conservation :<\/h3>\n\n\n\n<p>Conserve ta cup nettoy\u00e9e et s\u00e9ch\u00e9e dans un endroit propre et sec. \u00c9vite la lumi\u00e8re directe du soleil.<\/p>\n\n\n\n<h3 class=\"wp-block-heading\">8. intervalles de changement :<\/h3>\n\n\n\n<p>Les intervalles de changement varient en fonction de ton flux menstruel. Au d\u00e9but, il peut \u00eatre utile de v\u00e9rifier toutes les 4 \u00e0 8 heures si la cup est pleine. Avec le temps, tu d\u00e9velopperas une meilleure intuition.<\/p>\n\n\n\n<h3 class=\"wp-block-heading\">9. confort et entretien :<\/h3>\n\n\n\n<p>Si tu ressens une g\u00eane pendant l&#8217;utilisation de ta cup Fair Squared Period, c&#8217;est peut-\u00eatre parce que la cup n&#8217;est pas correctement plac\u00e9e. Entra\u00eene-toi patiemment jusqu&#8217;\u00e0 ce que tu trouves la technique qui te convient.<\/p>\n\n\n\n<h3 class=\"wp-block-heading\">10. durabilit\u00e9 :<\/h3>\n\n\n\n<p>Les coupes p\u00e9riodiques Fair Squared sont une option \u00e9cologique, car elles sont r\u00e9utilisables. Tu r\u00e9duis ainsi consid\u00e9rablement ton empreinte \u00e9cologique.<\/p>\n\n\n\n<h3 class=\"wp-block-heading\">11. conseils importants : <\/h3>\n\n\n\n<p>Si tu as des probl\u00e8mes de sant\u00e9 ou des pr\u00e9occupations concernant l&#8217;utilisation des coupes menstruelles, consulte ton m\u00e9decin. L&#8217;utilisation des coupes p\u00e9riodiques Fair Squared peut \u00eatre une alternative durable et saine aux produits menstruels traditionnels. Avec un peu de pratique, tu prendras rapidement le coup de main et profiteras des avantages de cette solution \u00e9cologique.<\/p>\n\n\n\n<div class=\"wp-block-buttons is-layout-flex wp-block-buttons-is-layout-flex\">\n<div class=\"wp-block-button\"><a class=\"wp-block-button__link wp-element-button\" href=\"https:\/\/www.fairsquared.com\/wp-content\/uploads\/2024\/06\/Gebrauchsanweisung-Cup-FR-062024.pdf\" target=\"_blank\" rel=\"noreferrer noopener\">Download &#8220;Conseils d\u2019utilisation&#8221; (.pdf)<\/a><\/div>\n<\/div>\n<\/div>\n<\/div>\n","protected":false},"excerpt":{"rendered":"<p>FR &#8211; Period Cup Conseils d\u2019utilisation F\u00e9licitations pour avoir d\u00e9cid\u00e9 d&#8217;essayer les coupes p\u00e9riodiques Fair Squared ! Ces coupes menstruelles \u00e9cologiques ne sont pas seulement bonnes pour l&#8217;environnement, mais aussi pour ta sant\u00e9 et ton budget. Voici un guide complet pour t&#8217;aider \u00e0 d\u00e9marrer et \u00e0 utiliser les [&hellip;]<\/p>\n","protected":false},"author":2,"featured_media":0,"parent":16907,"menu_order":1,"comment_status":"closed","ping_status":"closed","template":"","meta":{"_acf_changed":false,"footnotes":""},"class_list":["post-17032","page","type-page","status-publish","hentry"],"acf":[],"_links":{"self":[{"href":"https:\/\/www.fairsquared.com\/en\/wp-json\/wp\/v2\/pages\/17032","targetHints":{"allow":["GET"]}}],"collection":[{"href":"https:\/\/www.fairsquared.com\/en\/wp-json\/wp\/v2\/pages"}],"about":[{"href":"https:\/\/www.fairsquared.com\/en\/wp-json\/wp\/v2\/types\/page"}],"author":[{"embeddable":true,"href":"https:\/\/www.fairsquared.com\/en\/wp-json\/wp\/v2\/users\/2"}],"replies":[{"embeddable":true,"href":"https:\/\/www.fairsquared.com\/en\/wp-json\/wp\/v2\/comments?post=17032"}],"version-history":[{"count":0,"href":"https:\/\/www.fairsquared.com\/en\/wp-json\/wp\/v2\/pages\/17032\/revisions"}],"up":[{"embeddable":true,"href":"https:\/\/www.fairsquared.com\/en\/wp-json\/wp\/v2\/pages\/16907"}],"wp:attachment":[{"href":"https:\/\/www.fairsquared.com\/en\/wp-json\/wp\/v2\/media?parent=17032"}],"curies":[{"name":"wp","href":"https:\/\/api.w.org\/{rel}","templated":true}]}}