{"id":8465,"date":"2020-10-19T09:41:59","date_gmt":"2020-10-19T07:41:59","guid":{"rendered":"https:\/\/www.fairsquared.com\/?page_id=8465"},"modified":"2025-11-21T18:00:03","modified_gmt":"2025-11-21T17:00:03","slug":"partner-brands","status":"publish","type":"page","link":"https:\/\/www.fairsquared.com\/de\/partner\/partner-brands\/","title":{"rendered":"Partner Brands"},"content":{"rendered":"\n<div class=\"wp-block-columns is-layout-flex wp-container-core-columns-is-layout-9d6595d7 wp-block-columns-is-layout-flex\">\n<div class=\"wp-block-column is-layout-flow wp-block-column-is-layout-flow\" style=\"flex-basis:33.33%\">\n<figure class=\"wp-block-image size-large\"><img loading=\"lazy\" decoding=\"async\" width=\"384\" height=\"270\" src=\"https:\/\/www.fairsquared.com\/wp-content\/uploads\/2020\/01\/breit_Fair-Zone-logo.jpg\" alt=\"Fair Zone\" class=\"wp-image-2007\"\/><\/figure>\n<\/div>\n\n\n\n<div class=\"wp-block-column is-layout-flow wp-block-column-is-layout-flow\" style=\"flex-basis:66.66%\">\n<h2 class=\"wp-block-heading\">FAIR ZONE: fair in Haushalt und Garten<\/h2>\n\n\n\n<p>Mit&nbsp;<a href=\"https:\/\/www.fair.zone\/\">F<\/a><a rel=\"noreferrer noopener\" href=\"https:\/\/www.fair.zone\/\" target=\"_blank\">AIR ZONE<\/a> wurde der Gedanke geboren, sich im Bereich der Haushalts-, Garten- und  Freizeitartikel zu positionieren. Hintergrund war, eine Alternative zu  konventionellen Produkten, die h\u00e4ufig aus Kunststoff hergestellt werden,  anzubieten. Der Rohstoff der ersten Stunde: fair gehandelter  Naturkautschuk, der auch bei den FAIR SQUARED Produkten wie den Kondomen  oder Menstruationstassen zum Einsatz kommt. Neben Haushaltshandschuhen  und Fitnessb\u00e4ndern wurden Luftballons und Saatgutschalen entwickelt.  Schrittweise kamen weitere Artikel hinzu, die alle den Anspruch  verfolgen, fair zu Umwelt und Produzierenden zu sein. <\/p>\n<\/div>\n<\/div>\n\n\n\n<div class=\"wp-block-columns is-layout-flex wp-container-core-columns-is-layout-9d6595d7 wp-block-columns-is-layout-flex\">\n<div class=\"wp-block-column is-layout-flow wp-block-column-is-layout-flow\" style=\"flex-basis:33.33%\">\n<figure class=\"wp-block-image size-large\"><img loading=\"lazy\" decoding=\"async\" width=\"384\" height=\"270\" src=\"https:\/\/www.fairsquared.com\/wp-content\/uploads\/2020\/01\/breit_Fairmove-logo.jpg\" alt=\"Fairmove\" class=\"wp-image-2013\"\/><\/figure>\n<\/div>\n\n\n\n<div class=\"wp-block-column is-layout-flow wp-block-column-is-layout-flow\" style=\"flex-basis:66.66%\">\n<h2 class=\"wp-block-heading\">FAIRMOVE: trendige Freizeitartikel aus fairem Handel<\/h2>\n\n\n\n<p>Hobby und Freizeit, Sport und geistige Fitness \u2013 all das vereint die Marke FAIRMOVE mit ihren Produkten. Ein bisschen spirituell, ein bisschen back to the roots und ganz sicher fair zu den Produzierenden. Die neugegr\u00fcndete Lifestyle-Marke richtet sich an all jene, die zwischen Backpacking, Surfen und Achtsamkeits\u00fcbungen einen Moment f\u00fcr sich suchen.<\/p>\n<\/div>\n<\/div>\n\n\n\n<div class=\"wp-block-columns is-layout-flex wp-container-core-columns-is-layout-9d6595d7 wp-block-columns-is-layout-flex\">\n<div class=\"wp-block-column is-layout-flow wp-block-column-is-layout-flow\" style=\"flex-basis:33.33%\">\n<figure class=\"wp-block-image size-large\"><img loading=\"lazy\" decoding=\"async\" width=\"384\" height=\"270\" src=\"https:\/\/www.fairsquared.com\/wp-content\/uploads\/2020\/01\/breit_RiceCarry-logo.jpg\" alt=\"Rice &amp; Carry\" class=\"wp-image-2058\"\/><\/figure>\n<\/div>\n\n\n\n<div class=\"wp-block-column is-layout-flow wp-block-column-is-layout-flow\" style=\"flex-basis:66.66%\">\n<h2 class=\"wp-block-heading\">Rice &amp; Carry: nachhaltige Kooperation mit Sri Lanka <\/h2>\n\n\n\n<p>Eine wunderbare Kooperation f\u00fcr die gemeinsame Sache. Das beschreibt am besten, was hinter FAIR SQUARED und <a rel=\"noreferrer noopener\" aria-label=\"Rice &amp; Carry (opens in a new tab)\" href=\"http:\/\/riceandcarry.eu\" target=\"_blank\">Rice &amp; Carry<\/a> steckt. Die Geschichte beginnt im Fr\u00fchling 2019, als zwei Menschen von  FAIR SQUARED und FAIR ZONE auf Dienstreise in Sri Lanka unterwegs waren. Schnell wurde klar: Hier ist Potenzial f\u00fcr eine gemeinsame Sache. Das Ergebnis sind zahlreiche Produkte, die in Kooperation entstanden sind  und das Thema Upcycling in den Vordergr\u00fcnd r\u00fccken.  <\/p>\n<\/div>\n<\/div>\n\n\n\n<div class=\"wp-block-columns is-layout-flex wp-container-core-columns-is-layout-9d6595d7 wp-block-columns-is-layout-flex\">\n<div class=\"wp-block-column is-layout-flow wp-block-column-is-layout-flow\" style=\"flex-basis:33.33%\">\n<figure class=\"wp-block-image size-full\"><img loading=\"lazy\" decoding=\"async\" width=\"384\" height=\"384\" src=\"https:\/\/www.fairsquared.com\/wp-content\/uploads\/2023\/12\/waves_Schuh.jpg\" alt=\"\" class=\"wp-image-16693\" srcset=\"https:\/\/www.fairsquared.com\/wp-content\/uploads\/2023\/12\/waves_Schuh.jpg 384w, https:\/\/www.fairsquared.com\/wp-content\/uploads\/2023\/12\/waves_Schuh-150x150.jpg 150w\" sizes=\"(max-width: 384px) 100vw, 384px\" \/><\/figure>\n<\/div>\n\n\n\n<div class=\"wp-block-column is-layout-flow wp-block-column-is-layout-flow\" style=\"flex-basis:66.66%\">\n<h2 class=\"wp-block-heading\">WAVES: Flip-Flops made in Sri Lanka<\/h2>\n\n\n\n<p>Zwischen der perfekten Erholung am malerischen Strand Sri Lankas und dem gehobenen Leben in der Stadt \u2013 genau hier positioniert sich die Marke&nbsp;<a href=\"https:\/\/www.waves.fashion\/\" target=\"_blank\" rel=\"noreferrer noopener\">WAVES<\/a>.<\/p>\n\n\n\n<h3 class=\"wp-block-heading\">Let\u2019s do it in fair!<\/h3>\n\n\n\n<p>Weil sich die Sandalen-Klassiker mit ihrem farbenfrohen Design ganz wunderbar in unser Sortiment eingliedern, haben wir sie kurzerhand aus fair gehandeltem Naturkautschuk fertigen lassen. Das Ergebnis sind ganz unterschiedlich bunte Modelle, die wir euch gerne anbieten m\u00f6chten.<\/p>\n<\/div>\n<\/div>\n","protected":false},"excerpt":{"rendered":"<p>FAIR ZONE: fair in Haushalt und Garten Mit&nbsp;FAIR ZONE wurde der Gedanke geboren, sich im Bereich der Haushalts-, Garten- und Freizeitartikel zu positionieren. Hintergrund war, eine Alternative zu konventionellen Produkten, die h\u00e4ufig aus Kunststoff hergestellt werden, anzubieten. Der Rohstoff der ersten Stunde: fair gehandelter Naturkautschuk, der auch bei [&hellip;]<\/p>\n","protected":false},"author":8,"featured_media":0,"parent":17,"menu_order":2,"comment_status":"closed","ping_status":"closed","template":"","meta":{"_acf_changed":false,"footnotes":""},"class_list":["post-8465","page","type-page","status-publish","hentry"],"acf":[],"_links":{"self":[{"href":"https:\/\/www.fairsquared.com\/de\/wp-json\/wp\/v2\/pages\/8465","targetHints":{"allow":["GET"]}}],"collection":[{"href":"https:\/\/www.fairsquared.com\/de\/wp-json\/wp\/v2\/pages"}],"about":[{"href":"https:\/\/www.fairsquared.com\/de\/wp-json\/wp\/v2\/types\/page"}],"author":[{"embeddable":true,"href":"https:\/\/www.fairsquared.com\/de\/wp-json\/wp\/v2\/users\/8"}],"replies":[{"embeddable":true,"href":"https:\/\/www.fairsquared.com\/de\/wp-json\/wp\/v2\/comments?post=8465"}],"version-history":[{"count":1,"href":"https:\/\/www.fairsquared.com\/de\/wp-json\/wp\/v2\/pages\/8465\/revisions"}],"predecessor-version":[{"id":19223,"href":"https:\/\/www.fairsquared.com\/de\/wp-json\/wp\/v2\/pages\/8465\/revisions\/19223"}],"up":[{"embeddable":true,"href":"https:\/\/www.fairsquared.com\/de\/wp-json\/wp\/v2\/pages\/17"}],"wp:attachment":[{"href":"https:\/\/www.fairsquared.com\/de\/wp-json\/wp\/v2\/media?parent=8465"}],"curies":[{"name":"wp","href":"https:\/\/api.w.org\/{rel}","templated":true}]}}