{"id":5986,"date":"2020-02-18T18:20:04","date_gmt":"2020-02-18T17:20:04","guid":{"rendered":"https:\/\/www.fairsquared.com\/?page_id=5986"},"modified":"2025-12-01T18:50:50","modified_gmt":"2025-12-01T17:50:50","slug":"start","status":"publish","type":"page","link":"https:\/\/www.fairsquared.com\/de\/","title":{"rendered":"Start"},"content":{"rendered":"\n<h1 class=\"wp-block-heading\">erfrischend nachhaltig \u2013 FAIR SQUARED entdecken<\/h1>\n\n\n                \n                  <div class=\"cards-1\">\n                    <div class=\"row\">\n\n                    \n                      <div class=\"col-12 col-sm-6 col-md-4\">\n                        <a href=\"https:\/\/www.fairsquared.com\/de\/fair-squared\/seife\/\" class=\"item\">\n                          <div class=\"image\">\n                            <img decoding=\"async\" src=\"https:\/\/www.fairsquared.com\/wp-content\/uploads\/2025\/12\/Seife-2.jpg\" alt=\"\" \/>\n                          <\/div>\n                          <div class=\"text\">\n                            <h2>Unser Seifenmeister aus Aleppo<\/h2>\n                            <p>Mohamad meets FAIR SQUARED<\/p>\n                          <\/div>\n                          <div class=\"link\">\n                            <p>Mehr erfahren<\/p>\n                          <\/div>\n                        <\/a>\n                      <\/div>\n\n                    \n                      <div class=\"col-12 col-sm-6 col-md-4\">\n                        <a href=\"https:\/\/www.fairsquared.com\/de\/produkte\/kondome\/\" class=\"item\">\n                          <div class=\"image\">\n                            <img decoding=\"async\" src=\"https:\/\/www.fairsquared.com\/wp-content\/uploads\/2025\/12\/Startseite-1.jpg\" alt=\"\" \/>\n                          <\/div>\n                          <div class=\"text\">\n                            <h2>Alles Gummi<\/h2>\n                            <p>Neue Kondomssorten aus fair gehandeltem Naturkautschuk. 100% Vegan<\/p>\n                          <\/div>\n                          <div class=\"link\">\n                            <p>Mehr erfahren<\/p>\n                          <\/div>\n                        <\/a>\n                      <\/div>\n\n                    \n                      <div class=\"col-12 col-sm-6 col-md-4\">\n                        <a href=\"https:\/\/www.fairsquared.com\/de\/fair-squared\/zerowaste\/\" class=\"item\">\n                          <div class=\"image\">\n                            <img decoding=\"async\" src=\"https:\/\/www.fairsquared.com\/wp-content\/uploads\/2020\/02\/start-zero-waste-kreislauf.jpg\" alt=\"Zero Waste Kreislauf\" \/>\n                          <\/div>\n                          <div class=\"text\">\n                            <h2>Zero-Waste-Naturkosmetik<\/h2>\n                            <p>Lasst uns M\u00fcll FAIRmeiden<\/p>\n                          <\/div>\n                          <div class=\"link\">\n                            <p>Mehr erfahren<\/p>\n                          <\/div>\n                        <\/a>\n                      <\/div>\n\n                    \n                    <\/div>\n                  <\/div>\n\n                \n\n\n<div style=\"height:54px\" aria-hidden=\"true\" class=\"wp-block-spacer\"><\/div>\n\n\n\n<h3 class=\"wp-block-heading\">FAIR ZU MENSCH, UMWELT UND NATUR<\/h3>\n\n\n\n<p>Vereint in der Leidenschaft f\u00fcr fairen Handel und Nachhaltigkeit, orientieren wir uns an den 17 Zielen f\u00fcr nachhaltige Entwicklung, den sogenannten Sustainable Development Goals (SDGs), die von den Vereinten Nationen 2015 festgelegt wurden. Besonders am Herzen liegen uns hierbei das Ende von Armut und Hungersnot, Zugang zu sauberem Wasser und Sanit\u00e4reinrichtungen, zu guter Gesundheitsversorgung und hochwertiger Bildung, die Gleichberechtigung aller Geschlechter, F\u00f6rderung erneuerbarer Energien, Entwicklung hin zu verantwortungsvollem Konsum, Klimaschutz sowie der Schutz von Leben unter Wasser und an Land. Dies setzen wir durch die Zusammenarbeit mit unseren Siegelpartnern und die damit einhergehende fortlaufende unabh\u00e4ngige Pr\u00fcfung unserer Standards um: Das Fairtrade Siegel sichert einen fairen Preis f\u00fcr unsere Produzierenden sowie einen Mehrpreis, der f\u00fcr Entwicklungshilfe, also zur Verbesserung der Lebensbedingungen, verwendet werden muss. Da Naturkautschuk allerdings nicht unter die Fairtrade-Rohstoffe f\u00e4llt, sind wir au\u00dferdem Gr\u00fcndungsmitglied des Fair Rubber e.V. , der die Prinzipien des fairen Handels auf \u201eGummi\u201c anwendet. Somit sind auch unsere Kondome und Menstruationstassen aus zertifiziert fairem Handel. The Vegan Society garantiert mit ihrem Siegel, dass unsere Produkte ausnahmslos frei von tierischen Inhaltsstoffen sind. FAIR SQUARED ist eine sichere Wahl f\u00fcr vegan lebende und &#8211; da der Gro\u00dfteil unserer Produkte ebenso halal-zertifiziert ist &#8211; auch f\u00fcr muslimische Menschen.<\/p>\n\n\n\n<p><\/p>\n\n\n\n<h4 class=\"wp-block-heading\">WIR SETZEN AUF DIE KRAFT DER NATUR<\/h4>\n\n\n\n<p>Wir setzen auf die Kraft der Natur. Unsere gesamte FAIR SQUARED Kosmetik wird als Naturkosmetik hergestellt. Dies bedeutet, dass unsere Produkte ausschlie\u00dflich aus nat\u00fcrlichen Inhaltsstoffen hergestellt werden. Alle Produkte sind frei von gentechnisch ver\u00e4nderten Stoffen sowie Mikroplastik, Palm\u00f6l, Mineral\u00f6len, Petrochemikalien, synthetischen Duftstoffen und k\u00fcnstlichen Konservierungsstoffen. Die Rezepturen der FAIR SQUARED Produkte werden hausintern entwickelt und st\u00e4ndig \u00fcberwacht.<\/p>\n\n\n\n<p><\/p>\n\n\n\n<h4 class=\"wp-block-heading\">KUNSTSTOFF AD\u00c9 \u2013 THE FUTURE IS ZERO WASTE<\/h4>\n\n\n\n<p>Einhergehend mit den SDGs zu Klimaschutz haben auch wir das gro\u00dfe Problem der Kunststoff-Verpackungen erkannt und dementsprechend gehandelt. Nur 9 Prozent des weltweit anfallenden Plastikm\u00fclls werden recycelt, 12 Prozent verbrannt und der Gro\u00dfteil von 79 Prozent deponiert oder in der Umwelt entsorgt. Im Jahr 2050 k\u00f6nnte somit mehr Plastik im Meer schwimmen als Fische. Dieser Entwicklung m\u00f6chten wir unbedingt entgegensteuern und haben deshalb unser gesamtes Sortiment von allem unn\u00f6tigen Kunststoff befreit und seit April 2020 auf Glas umgestellt. Mit der Einf\u00fchrung unseres Zero-Waste-Mehrwegsystems leisten wir einen zus\u00e4tzlichen Beitrag und verl\u00e4ngern die Nutzungsdauer von Verpackungen von durchschnittlich 6 Monaten auf mehrere Jahre!<\/p>\n\n\n\n<p>Faire Handelsbeziehungen, \u00f6kologische Verantwortung und ein konsequentes Nein zu Kinderarbeit und Tierversuchen geh\u00f6ren nat\u00fcrlich ebenso zu unseren Grunds\u00e4tzen. Was f\u00fcr uns noch zu FAIR SQUARED geh\u00f6rt? Ein multikulturelles, engagiertes Team mit dem Anspruch, die Welt ein kleines bisschen besser zu machen. Diskriminierung auf jeglicher Ebene (u.a. Sexismus, Rassismus, Queerfeindlichkeit, Ableismus) hat bei uns keinen Platz und wir stellen uns klar dagegen.<\/p>\n\n\n\n<p><\/p>\n","protected":false},"excerpt":{"rendered":"<p>erfrischend nachhaltig \u2013 FAIR SQUARED entdecken FAIR ZU MENSCH, UMWELT UND NATUR Vereint in der Leidenschaft f\u00fcr fairen Handel und Nachhaltigkeit, orientieren wir uns an den 17 Zielen f\u00fcr nachhaltige Entwicklung, den sogenannten Sustainable Development Goals (SDGs), die von den Vereinten Nationen 2015 festgelegt wurden. Besonders am Herzen [&hellip;]<\/p>\n","protected":false},"author":2,"featured_media":0,"parent":0,"menu_order":1,"comment_status":"closed","ping_status":"closed","template":"","meta":{"_acf_changed":false,"footnotes":""},"class_list":["post-5986","page","type-page","status-publish","hentry"],"acf":[],"_links":{"self":[{"href":"https:\/\/www.fairsquared.com\/de\/wp-json\/wp\/v2\/pages\/5986","targetHints":{"allow":["GET"]}}],"collection":[{"href":"https:\/\/www.fairsquared.com\/de\/wp-json\/wp\/v2\/pages"}],"about":[{"href":"https:\/\/www.fairsquared.com\/de\/wp-json\/wp\/v2\/types\/page"}],"author":[{"embeddable":true,"href":"https:\/\/www.fairsquared.com\/de\/wp-json\/wp\/v2\/users\/2"}],"replies":[{"embeddable":true,"href":"https:\/\/www.fairsquared.com\/de\/wp-json\/wp\/v2\/comments?post=5986"}],"version-history":[{"count":13,"href":"https:\/\/www.fairsquared.com\/de\/wp-json\/wp\/v2\/pages\/5986\/revisions"}],"predecessor-version":[{"id":19621,"href":"https:\/\/www.fairsquared.com\/de\/wp-json\/wp\/v2\/pages\/5986\/revisions\/19621"}],"wp:attachment":[{"href":"https:\/\/www.fairsquared.com\/de\/wp-json\/wp\/v2\/media?parent=5986"}],"curies":[{"name":"wp","href":"https:\/\/api.w.org\/{rel}","templated":true}]}}