{"id":49,"date":"2020-01-20T09:13:01","date_gmt":"2020-01-20T08:13:01","guid":{"rendered":"https:\/\/www.fairsquared.com\/?page_id=49"},"modified":"2025-12-05T17:48:56","modified_gmt":"2025-12-05T16:48:56","slug":"katalog","status":"publish","type":"page","link":"https:\/\/www.fairsquared.com\/de\/katalog\/","title":{"rendered":"Katalog"},"content":{"rendered":"\n<h2 class=\"wp-block-heading\">FAIR SQUARED Katalog: fair in jeder Lebenslage<\/h2>\n\n\n\n<p>Wie bereits in den letzten Jahren m\u00f6chten wir dich einladen, unser umfangreiches Sortiment in Ruhe zu durchst\u00f6bern. Das Ziel \u201efair in jeder Lebenslage\u201c r\u00fcckt n\u00e4her. Was mit Fairtrade-zertifizierter Naturkosmetik begann, hat schnell weitere Formen angenommen \u2013 aber sieh selbst!<\/p>\n\n\n\n<h2 class=\"wp-block-heading\">Neue faire Produkte f\u00fcr eine bessere Welt<\/h2>\n\n\n\n<p>Unser aktueller Katalog b\u00fcndelt all jenes, was es in unser aktuelles Sortiment geschafft hat. Um unn\u00f6tige Ressourcen zu sparen, haben wir uns entschieden, diesen in digitaler Form zur Verf\u00fcgung zu stellen. Durch einen Klick auf die untenstehende Datei kannst du die PDF bequem herunterladen und jederzeit darauf zur\u00fcckgreifen. <\/p>\n\n\n\n<p>Hier sind die FAIR SQUARED Kataloge. Druckfrisch, und dabei doch digital zum bequemen Download. <\/p>\n\n\n              \n                <div class=\"cards-1 v2\">\n                  <div class=\"row\">\n\n                    \n                      <div class=\"col-12 col-sm-6 col-md-3\">\n\n                        \n                        <a href=\"https:\/\/www.fairsquared.com\/wp-content\/uploads\/2025\/12\/FAIR-SQUARED-Katalog-2026-DE.pdf\" class=\"item\" target=\"_blank\">\n                          <div class=\"image\">\n                            <img decoding=\"async\" src=\"https:\/\/www.fairsquared.com\/wp-content\/uploads\/2025\/11\/Deckblatt-2026-DE.jpg\" alt=\"\" \/>\n                          <\/div>\n                          <div class=\"text\">\n                            <h2>Aktualisierter Katalog 2026<\/h2>\n                            <p>Naturkosmetik und Hygieneprodukte von FAIR SQUARED<\/p>\n                          <\/div>\n                          <div class=\"link\">\n                            <p>Herunterladen<\/p>\n                          <\/div>\n                        <\/a>\n\n                        \n                      <\/div>\n\n                    \n                      <div class=\"col-12 col-sm-6 col-md-3\">\n\n                        \n                        <a href=\"https:\/\/www.fairsquared.com\/wp-content\/uploads\/2025\/11\/2026-FSQ-BEAUTYBAR-Katalog-DE-2.pdf\" class=\"item\" target=\"_blank\">\n                          <div class=\"image\">\n                            <img decoding=\"async\" src=\"https:\/\/www.fairsquared.com\/wp-content\/uploads\/2023\/10\/Beauty-Bar-DE.jpg\" alt=\"\" \/>\n                          <\/div>\n                          <div class=\"text\">\n                            <h2>Aktualisierter Katalog 2026<\/h2>\n                            <p>Beauty Bar: Fair-Trade-Naturkosmetik im hygienischen Mehrwegsystem<\/p>\n                          <\/div>\n                          <div class=\"link\">\n                            <p>Herunterladen<\/p>\n                          <\/div>\n                        <\/a>\n\n                        \n                      <\/div>\n\n                    \n                      <div class=\"col-12 col-sm-6 col-md-3\">\n\n                        \n                        <a href=\"https:\/\/www.fairsquared.com\/wp-content\/uploads\/2025\/11\/2026-FAIRMOVE-Katalog-DE.pdf\" class=\"item\" target=\"_blank\">\n                          <div class=\"image\">\n                            <img decoding=\"async\" src=\"https:\/\/www.fairsquared.com\/wp-content\/uploads\/2023\/10\/Fair-Move-1.jpg\" alt=\"\" \/>\n                          <\/div>\n                          <div class=\"text\">\n                            <h2>Aktualisierter Katalog 2026<\/h2>\n                            <p>Yoga, Sport und Fitness von FAIRMOVE<\/p>\n                          <\/div>\n                          <div class=\"link\">\n                            <p>Herunterladen<\/p>\n                          <\/div>\n                        <\/a>\n\n                        \n                      <\/div>\n\n                    \n                      <div class=\"col-12 col-sm-6 col-md-3\">\n\n                        \n                        <a href=\"https:\/\/www.fairsquared.com\/wp-content\/uploads\/2025\/11\/FAIR-ZONE-Katalog-2026-DE.pdf\" class=\"item\" target=\"_blank\">\n                          <div class=\"image\">\n                            <img decoding=\"async\" src=\"https:\/\/www.fairsquared.com\/wp-content\/uploads\/2023\/11\/FAIR-ZONE-DE.jpg\" alt=\"\" \/>\n                          <\/div>\n                          <div class=\"text\">\n                            <h2>Aktualisierter Katalog 2026<\/h2>\n                            <p>Garten, Home und Lifestyle von FAIR ZONE<\/p>\n                          <\/div>\n                          <div class=\"link\">\n                            <p>Herunterladen<\/p>\n                          <\/div>\n                        <\/a>\n\n                        \n                      <\/div>\n\n                    \n                      <div class=\"col-12 col-sm-6 col-md-3\">\n\n                        \n                        <a href=\"https:\/\/www.fairsquared.com\/wp-content\/uploads\/2025\/12\/2026-WAVES-Katalog-DE.pdf\" class=\"item\" target=\"_blank\">\n                          <div class=\"image\">\n                            <img decoding=\"async\" src=\"https:\/\/www.fairsquared.com\/wp-content\/uploads\/2025\/12\/Katalogblatt-WAVES-DE.jpg\" alt=\"\" \/>\n                          <\/div>\n                          <div class=\"text\">\n                            <h2>Aktualisierter Katalog 2026<\/h2>\n                            <p>WAVES: Nachhaltige Flip Flops aus fair gehandeltem Naturkautschuk.<\/p>\n                          <\/div>\n                          <div class=\"link\">\n                            <p>Herunterladen<\/p>\n                          <\/div>\n                        <\/a>\n\n                        \n                      <\/div>\n\n                    \n                      <div class=\"col-12 col-sm-6 col-md-3\">\n\n                        \n                        <a href=\"https:\/\/www.fairsquared.com\/wp-content\/uploads\/2023\/10\/2024-Katalog-P.Cup-DE.pdf\" class=\"item\" target=\"_blank\">\n                          <div class=\"image\">\n                            <img decoding=\"async\" src=\"https:\/\/www.fairsquared.com\/wp-content\/uploads\/2023\/10\/Katalog-Period-Cup.jpg\" alt=\"\" \/>\n                          <\/div>\n                          <div class=\"text\">\n                            <h2>Period Cup<\/h2>\n                            <p>Infos, Handhabung, Gebrauchsanweisung der Fair Squared Period Cup<\/p>\n                          <\/div>\n                          <div class=\"link\">\n                            <p>Herunterladen<\/p>\n                          <\/div>\n                        <\/a>\n\n                        \n                      <\/div>\n\n                    \n                      <div class=\"col-12 col-sm-6 col-md-3\">\n\n                        \n                        <a href=\"https:\/\/www.fairsquared.com\/wp-content\/uploads\/2025\/12\/2026-PL-Salesfolder-Fitnessbaender-DE-Gothe.pdf\" class=\"item\" target=\"_blank\">\n                          <div class=\"image\">\n                            <img decoding=\"async\" src=\"https:\/\/www.fairsquared.com\/wp-content\/uploads\/2025\/12\/Katalogblatt-Werbefittness-DE.jpg\" alt=\"\" \/>\n                          <\/div>\n                          <div class=\"text\">\n                            <h2>Fitnessb\u00e4nder als Werbemittel<\/h2>\n                            <p>Fitnessb\u00e4nder individuell f\u00fcr Sie mit Ihren Logo hergestellt<\/p>\n                          <\/div>\n                          <div class=\"link\">\n                            <p>Herunterladen<\/p>\n                          <\/div>\n                        <\/a>\n\n                        \n                      <\/div>\n\n                    \n                      <div class=\"col-12 col-sm-6 col-md-3\">\n\n                        \n                        <a href=\"https:\/\/www.fairsquared.com\/wp-content\/uploads\/2025\/12\/2026-PL-Salesfolder-Kondome-DE.pdf\" class=\"item\" target=\"_blank\">\n                          <div class=\"image\">\n                            <img decoding=\"async\" src=\"https:\/\/www.fairsquared.com\/wp-content\/uploads\/2025\/12\/Katalogblatt-Condomedias-DE.jpg\" alt=\"\" \/>\n                          <\/div>\n                          <div class=\"text\">\n                            <h2>Kondome als Werbemittel<\/h2>\n                            <p>Kondome individuell f\u00fcr Sie mit Ihren Logo hergestellt<\/p>\n                          <\/div>\n                          <div class=\"link\">\n                            <p>Herunterladen<\/p>\n                          <\/div>\n                        <\/a>\n\n                        \n                      <\/div>\n\n                    \n                  <\/div>\n                <\/div>\n\n              \n\n\n<p><strong>Wenn Du Fragen zum Sortiment hast, schreib uns eine Mail an i&#110;&#x66;&#x6f;&#x40;f&#97;&#x69;&#x72;&#x73;q&#117;&#x61;&#x72;&#x65;d&#46;&#x63;&#x6f;&#x6d;. Wir sind gerne f\u00fcr Dich da<\/strong>!<\/p>\n","protected":false},"excerpt":{"rendered":"<p>FAIR SQUARED Katalog: fair in jeder Lebenslage Wie bereits in den letzten Jahren m\u00f6chten wir dich einladen, unser umfangreiches Sortiment in Ruhe zu durchst\u00f6bern. Das Ziel \u201efair in jeder Lebenslage\u201c r\u00fcckt n\u00e4her. Was mit Fairtrade-zertifizierter Naturkosmetik begann, hat schnell weitere Formen angenommen \u2013 aber sieh selbst! Neue faire [&hellip;]<\/p>\n","protected":false},"author":5,"featured_media":0,"parent":0,"menu_order":102,"comment_status":"closed","ping_status":"closed","template":"","meta":{"_acf_changed":false,"footnotes":""},"class_list":["post-49","page","type-page","status-publish","hentry"],"acf":[],"_links":{"self":[{"href":"https:\/\/www.fairsquared.com\/de\/wp-json\/wp\/v2\/pages\/49","targetHints":{"allow":["GET"]}}],"collection":[{"href":"https:\/\/www.fairsquared.com\/de\/wp-json\/wp\/v2\/pages"}],"about":[{"href":"https:\/\/www.fairsquared.com\/de\/wp-json\/wp\/v2\/types\/page"}],"author":[{"embeddable":true,"href":"https:\/\/www.fairsquared.com\/de\/wp-json\/wp\/v2\/users\/5"}],"replies":[{"embeddable":true,"href":"https:\/\/www.fairsquared.com\/de\/wp-json\/wp\/v2\/comments?post=49"}],"version-history":[{"count":10,"href":"https:\/\/www.fairsquared.com\/de\/wp-json\/wp\/v2\/pages\/49\/revisions"}],"predecessor-version":[{"id":19759,"href":"https:\/\/www.fairsquared.com\/de\/wp-json\/wp\/v2\/pages\/49\/revisions\/19759"}],"wp:attachment":[{"href":"https:\/\/www.fairsquared.com\/de\/wp-json\/wp\/v2\/media?parent=49"}],"curies":[{"name":"wp","href":"https:\/\/api.w.org\/{rel}","templated":true}]}}