{"id":47,"date":"2020-01-20T09:02:22","date_gmt":"2020-01-20T08:02:22","guid":{"rendered":"https:\/\/www.fairsquared.com\/?page_id=47"},"modified":"2025-11-11T22:13:41","modified_gmt":"2025-11-11T21:13:41","slug":"friends","status":"publish","type":"page","link":"https:\/\/www.fairsquared.com\/de\/partner\/friends\/","title":{"rendered":"Friends"},"content":{"rendered":"\n<div style=\"height:50px\" aria-hidden=\"true\" class=\"wp-block-spacer\"><\/div>\n\n\n\n<h1 class=\"wp-block-heading\">Gemeinsam f\u00fcr die FAIR\u00e4nderung: unsere Freunde<\/h1>\n\n\n\n<div style=\"height:50px\" aria-hidden=\"true\" class=\"wp-block-spacer\"><\/div>\n\n\n              \n\n\n<div class=\"wp-block-columns is-layout-flex wp-container-core-columns-is-layout-9d6595d7 wp-block-columns-is-layout-flex\">\n<div class=\"wp-block-column is-layout-flow wp-block-column-is-layout-flow\" style=\"flex-basis:33.33%\">\n<div style=\"height:20px\" aria-hidden=\"true\" class=\"wp-block-spacer\"><\/div>\n\n\n\n<figure class=\"wp-block-image size-large\"><img loading=\"lazy\" decoding=\"async\" width=\"384\" height=\"270\" src=\"https:\/\/www.fairsquared.com\/wp-content\/uploads\/2021\/02\/fair2me.jpg\" alt=\"\" class=\"wp-image-13213\"\/><\/figure>\n<\/div>\n\n\n\n<div class=\"wp-block-column is-layout-flow wp-block-column-is-layout-flow\" style=\"flex-basis:66.66%\">\n<h2 class=\"wp-block-heading\">fair2.me: dein fairer Onlineshop<\/h2>\n\n\n\n<p>Hier versammelt sich alles, was gr\u00fcn, nachhaltig und fair ist. F\u00fcr jeden Lebensbereich. F\u00fcr Anbaupartner*innen und dich. Damit du bald nur noch faire Produkte benutzen kannst, scheuen wir keine Kosten und M\u00fchen in unserer kreativen Ideenschmiede. Das Ergebnis findest du in unserem Fair-Trade-Onlineshop <a href=\"http:\/\/www.fair2.me\/\">f<\/a><a href=\"http:\/\/www.fair2.me\/\" target=\"_blank\" rel=\"noreferrer noopener\" aria-label=\"air2.me (opens in a new tab)\">air2.me<\/a>!<\/p>\n<\/div>\n<\/div>\n\n\n\n<div class=\"wp-block-columns is-layout-flex wp-container-core-columns-is-layout-9d6595d7 wp-block-columns-is-layout-flex\">\n<div class=\"wp-block-column is-layout-flow wp-block-column-is-layout-flow\" style=\"flex-basis:33.33%\">\n<figure class=\"wp-block-image size-large\"><img loading=\"lazy\" decoding=\"async\" width=\"384\" height=\"270\" src=\"https:\/\/www.fairsquared.com\/wp-content\/uploads\/2020\/11\/wlab.jpg\" alt=\"\" class=\"wp-image-8780\"\/><\/figure>\n<\/div>\n\n\n\n<div class=\"wp-block-column is-layout-flow wp-block-column-is-layout-flow\" style=\"flex-basis:66.66%\">\n<h2 class=\"wp-block-heading\">WLAB \u2013 that&#8217;s where upcycling takes place!<\/h2>\n\n\n\n<p>Was Rice &amp; Carry aus Reiss\u00e4cken macht, geschieht bei <a aria-label=\"WLAB (Waste Less Arugam Bay) (opens in a new tab)\" href=\"https:\/\/www.wastelessabay.com\/\" target=\"_blank\" rel=\"noreferrer noopener\">WLAB (Waste Less Arugam Bay)<\/a> aus eingesammelten PET-Flaschen bzw. den Deckeln. In Handarbeit entstehen hier kleine Upcycling-Meisterwerke, die dem Einwegkunststoff den Kampf angesagt haben. F\u00fcr die Rice &amp; Carry Kollektion werden bei WLAB zerschredderte Deckel zu Schnallen und Schl\u00fcsselanh\u00e4ngern gepresst. <\/p>\n<\/div>\n<\/div>\n\n\n\n<div class=\"wp-block-columns is-layout-flex wp-container-core-columns-is-layout-9d6595d7 wp-block-columns-is-layout-flex\">\n<div class=\"wp-block-column is-layout-flow wp-block-column-is-layout-flow\" style=\"flex-basis:33.33%\">\n<figure class=\"wp-block-image size-large\"><img loading=\"lazy\" decoding=\"async\" width=\"384\" height=\"270\" src=\"https:\/\/www.fairsquared.com\/wp-content\/uploads\/2020\/11\/aidshilfe.jpg\" alt=\"\" class=\"wp-image-8808\"\/><\/figure>\n<\/div>\n\n\n\n<div class=\"wp-block-column is-layout-flow wp-block-column-is-layout-flow\" style=\"flex-basis:66.66%\">\n<h2 class=\"wp-block-heading\"><strong>Deutsche Aidshilfe e.V.<\/strong><\/h2>\n\n\n\n<p>Die <a href=\"https:\/\/www.aidshilfe.de\/\">Deutsche Aidshilfe<\/a> vertritt die Interessen von Menschen mit&nbsp;HIV\/Aids in der \u00d6ffentlichkeit sowie gegen\u00fcber Politik, Wissenschaft und medizinischer Forschung und kl\u00e4rt \u00fcber&nbsp;HIV\/Aids und andere sexuell \u00fcbertragbare Infektionen auf. FAIR SQUARED spendet regelm\u00e4\u00dfig vegane Kondome aus fair gehandeltem Naturkautschuk an die Organisationen, um diese wichtige Arbeit zu unterst\u00fctzen.<\/p>\n<\/div>\n<\/div>\n\n\n\n<div class=\"wp-block-columns is-layout-flex wp-container-core-columns-is-layout-9d6595d7 wp-block-columns-is-layout-flex\">\n<div class=\"wp-block-column is-layout-flow wp-block-column-is-layout-flow\" style=\"flex-basis:33.33%\">\n<figure class=\"wp-block-image size-large\"><img loading=\"lazy\" decoding=\"async\" width=\"384\" height=\"270\" src=\"https:\/\/www.fairsquared.com\/wp-content\/uploads\/2020\/11\/dietafel.jpg\" alt=\"\" class=\"wp-image-8744\"\/><\/figure>\n<\/div>\n\n\n\n<div class=\"wp-block-column is-layout-flow wp-block-column-is-layout-flow\" style=\"flex-basis:66.66%\">\n<h2 class=\"wp-block-heading\">Tafel Deutschland<\/h2>\n\n\n\n<p>Die mehr als 940 gemeinn\u00fctzigen <a href=\"https:\/\/www.tafel.de\/\">Tafeln in Deutschland<\/a> sammeln \u00fcbersch\u00fcssige Lebensmittel und verteilen sie an bed\u00fcrftige Menschen; und wenn Spenden von FAIR SQUARED dabei sind, dann auch Kosmetikartikel. Viele Tafeln machen dar\u00fcber hinaus noch mehr: Entsprechend dem Bedarf und den M\u00f6glichkeiten vor Ort bieten sie ihren Kund*innen Kleidung, Haushaltswaren, M\u00f6bel sowie zus\u00e4tzliche Leistungen an \u2013 vom Bringdienst \u00fcber einen warmen Mittagstisch bis zur Kinderbetreuung.<\/p>\n<\/div>\n<\/div>\n\n\n\n<div class=\"wp-block-columns is-layout-flex wp-container-core-columns-is-layout-9d6595d7 wp-block-columns-is-layout-flex\">\n<div class=\"wp-block-column is-layout-flow wp-block-column-is-layout-flow\" style=\"flex-basis:33.33%\">\n<figure class=\"wp-block-image size-large\"><img loading=\"lazy\" decoding=\"async\" width=\"384\" height=\"270\" src=\"https:\/\/www.fairsquared.com\/wp-content\/uploads\/2020\/11\/amnesty.jpg\" alt=\"\" class=\"wp-image-8741\"\/><\/figure>\n<\/div>\n\n\n\n<div class=\"wp-block-column is-layout-flow wp-block-column-is-layout-flow\" style=\"flex-basis:66.66%\">\n<h2 class=\"wp-block-heading\">Amnesty International<\/h2>\n\n\n\n<p><a href=\"https:\/\/www.amnesty.de\/\">Amnesty International<\/a> ist die weltweit gr\u00f6\u00dfte Bewegung, die sich f\u00fcr die Menschenrechte einsetzt. Amnesty ist unabh\u00e4ngig von Regierungen, Parteien, Ideologien, Wirtschaftsinteressen und Religionen. Besonders gef\u00e4hrdet sind Menschen, die sich f\u00fcr ihre Rechte einsetzen, wie zum Beispiel Anw\u00e4ltinnen und Anw\u00e4lte, Journalistinnen und Journalisten, Umweltaktivistinnen und Umweltaktivisten sowie andere kritische Stimmen. Diese Freundschaft besteht bereits seit den Anf\u00e4ngen der <a href=\"https:\/\/www.fairsquared.com\/de\/fair-squared\/historie\/\">FAIR SQUARED Historie<\/a> und auch heute produziert FAIR SQUARED Werbemittel f\u00fcr die Organisation.<\/p>\n<\/div>\n<\/div>\n\n\n\n<div class=\"wp-block-columns is-layout-flex wp-container-core-columns-is-layout-9d6595d7 wp-block-columns-is-layout-flex\">\n<div class=\"wp-block-column is-layout-flow wp-block-column-is-layout-flow\" style=\"flex-basis:33.33%\">\n<figure class=\"wp-block-image size-large\"><img loading=\"lazy\" decoding=\"async\" width=\"384\" height=\"270\" src=\"https:\/\/www.fairsquared.com\/wp-content\/uploads\/2020\/11\/Unverpackt.jpg\" alt=\"\" class=\"wp-image-8777\"\/><\/figure>\n<\/div>\n\n\n\n<div class=\"wp-block-column is-layout-flow wp-block-column-is-layout-flow\" style=\"flex-basis:66.66%\">\n<h2 class=\"wp-block-heading\">Unverpackt e.V.<\/h2>\n\n\n\n<p>Der <a href=\"https:\/\/unverpackt-verband.de\/\">Berufsverband der Unverpackt-L\u00e4den<\/a> vertritt und f\u00f6rdert die ideellen, rechtlichen, wirtschaftlichen, arbeitsmarkt- sowie sozialpolitischen Interessen seiner Mitglieder. Dabei setzt sich der Verband f\u00fcr konstruktives, faires und gemeinwohlorientiertes Wirtschaften und den gleichzeitigen Schutz der nat\u00fcrlichen Lebensgrundlagen von Menschen, Tieren und Pflanzen ein. FAIR SQUARED ist seit Ende 2020 offizielles F\u00f6rdermitglied.<\/p>\n\n\n\n<blockquote class=\"wp-block-quote is-layout-flow wp-block-quote-is-layout-flow\">\n<p><\/p>\n<\/blockquote>\n<\/div>\n<\/div>\n\n\n\n<p><\/p>\n","protected":false},"excerpt":{"rendered":"<p>Gemeinsam f\u00fcr die FAIR\u00e4nderung: unsere Freunde fair2.me: dein fairer Onlineshop Hier versammelt sich alles, was gr\u00fcn, nachhaltig und fair ist. F\u00fcr jeden Lebensbereich. F\u00fcr Anbaupartner*innen und dich. Damit du bald nur noch faire Produkte benutzen kannst, scheuen wir keine Kosten und M\u00fchen in unserer kreativen Ideenschmiede. Das Ergebnis [&hellip;]<\/p>\n","protected":false},"author":5,"featured_media":0,"parent":17,"menu_order":3,"comment_status":"closed","ping_status":"closed","template":"page-noheroimage.php","meta":{"_acf_changed":false,"footnotes":""},"class_list":["post-47","page","type-page","status-publish","hentry"],"acf":[],"_links":{"self":[{"href":"https:\/\/www.fairsquared.com\/de\/wp-json\/wp\/v2\/pages\/47","targetHints":{"allow":["GET"]}}],"collection":[{"href":"https:\/\/www.fairsquared.com\/de\/wp-json\/wp\/v2\/pages"}],"about":[{"href":"https:\/\/www.fairsquared.com\/de\/wp-json\/wp\/v2\/types\/page"}],"author":[{"embeddable":true,"href":"https:\/\/www.fairsquared.com\/de\/wp-json\/wp\/v2\/users\/5"}],"replies":[{"embeddable":true,"href":"https:\/\/www.fairsquared.com\/de\/wp-json\/wp\/v2\/comments?post=47"}],"version-history":[{"count":2,"href":"https:\/\/www.fairsquared.com\/de\/wp-json\/wp\/v2\/pages\/47\/revisions"}],"predecessor-version":[{"id":18965,"href":"https:\/\/www.fairsquared.com\/de\/wp-json\/wp\/v2\/pages\/47\/revisions\/18965"}],"up":[{"embeddable":true,"href":"https:\/\/www.fairsquared.com\/de\/wp-json\/wp\/v2\/pages\/17"}],"wp:attachment":[{"href":"https:\/\/www.fairsquared.com\/de\/wp-json\/wp\/v2\/media?parent=47"}],"curies":[{"name":"wp","href":"https:\/\/api.w.org\/{rel}","templated":true}]}}