{"id":45,"date":"2020-01-20T09:02:06","date_gmt":"2020-01-20T08:02:06","guid":{"rendered":"https:\/\/www.fairsquared.com\/?page_id=45"},"modified":"2025-11-21T17:59:18","modified_gmt":"2025-11-21T16:59:18","slug":"zertifikate","status":"publish","type":"page","link":"https:\/\/www.fairsquared.com\/de\/partner\/zertifikate\/","title":{"rendered":"Transparenz"},"content":{"rendered":"\n<div style=\"height:50px\" aria-hidden=\"true\" class=\"wp-block-spacer\"><\/div>\n\n\n\n<h1 class=\"wp-block-heading has-text-align-left\">Einige unserer Zertifikate und Siegelpartner<\/h1>\n\n\n\n<div style=\"height:50px\" aria-hidden=\"true\" class=\"wp-block-spacer\"><\/div>\n\n\n\n<div class=\"wp-block-columns is-layout-flex wp-container-core-columns-is-layout-9d6595d7 wp-block-columns-is-layout-flex\">\n<div class=\"wp-block-column is-layout-flow wp-block-column-is-layout-flow\" style=\"flex-basis:33.33%\">\n<figure class=\"wp-block-image size-large\"><img loading=\"lazy\" decoding=\"async\" width=\"384\" height=\"270\" src=\"https:\/\/www.fairsquared.com\/wp-content\/uploads\/2020\/02\/Flo-Jogo-kl.jpg\" alt=\"\" class=\"wp-image-2210\"\/><\/figure>\n<\/div>\n\n\n\n<div class=\"wp-block-column is-layout-flow wp-block-column-is-layout-flow\" style=\"flex-basis:66.66%\">\n<h2 class=\"wp-block-heading\">Fairtrade (FLO)<\/h2>\n\n\n\n<p>Die Fair Trade Labelling Organisation, Fairtrade\nInternational, kurz FLO, ist der Dachverband der nationalen\nFairtrade-Organisationen. Der Verband wurde 1997 in Bonn gegr\u00fcndet, mit dem\nZiel die vielen verschiedenen Labels und Standards des Fairen Handels zu\nvereinen. FLO besteht aus zwei Zweigen:<\/p>\n\n\n\n<ul class=\"wp-block-list\">\n<li>FLO e. V. entwickelt die Bedingungen und Prinzipien, die erf\u00fcllt werden m\u00fcssen, um eine Fairtrade-Zertifizierung zu erhalten.<\/li>\n\n\n\n<li>FLOCERT (FLO Certification) kontrolliert die Einhaltung dieser Prinzipien. Dies ist wichtig, um sicherzustellen, dass auch wirklich \u201efair\u201c drin ist, wo \u201efair\u201c draufsteht.<\/li>\n<\/ul>\n\n\n\n<p>Das internationale Fairtrade-System besteht heute aus drei Produzentennetzwerken, 25 nationalen Fairtrade-Organisationen, FLO e. V. und FLOCERT. Die Fairtrade-Organisationen vergeben im jeweiligen Land die G\u00fctesiegel. In Deutschland ist das zum Beispiel der TransFair e. V., in der Schweiz die Max Havelaar Stiftung und in \u00d6sterreich Fairtrade \u00d6sterreich. Die Produzentennetzwerke repr\u00e4sentieren die vielen verschiedenen Produzentengruppen in Lateinamerika, Afrika und Asien (CLAC: Coordinadora Latinoamericana y del Caribe de Comercio Justo, AFN: African Fairtrade Network und NAP: Network of Asian Producers).<\/p>\n\n\n\n<p>Das Fairtrade-Siegel von FLO ist nach Einsch\u00e4tzung des Forums Fairer Handel das bekannteste und eines der strengsten G\u00fctezeichen des Fairen Handels. Zertifiziert werden fair erzeugte Produkte oder Produkte mit fair erzeugten Inhaltsstoffen wie zum Beispiel Kaffee, Bananen, Baumwolle, Kosmetik, Schmuck, aber auch Gold.<\/p>\n\n\n\n<h3 class=\"wp-block-heading\"><strong>Hoher\nBekanntheitsgrad<\/strong><\/h3>\n\n\n\n<p>In Europa hat das Fairtrade-Siegel in der Bev\u00f6lkerung einen Bekanntheitsgrad von bis zu 90 %. Zudem empfinden insgesamt 95 % von diesen das Siegel als glaubw\u00fcrdig.<\/p>\n<\/div>\n<\/div>\n\n\n\n<div class=\"wp-block-columns is-layout-flex wp-container-core-columns-is-layout-9d6595d7 wp-block-columns-is-layout-flex\">\n<div class=\"wp-block-column is-layout-flow wp-block-column-is-layout-flow\"><\/div>\n<\/div>\n\n\n\n<div class=\"wp-block-columns is-layout-flex wp-container-core-columns-is-layout-9d6595d7 wp-block-columns-is-layout-flex\">\n<div class=\"wp-block-column is-layout-flow wp-block-column-is-layout-flow\" style=\"flex-basis:33.33%\">\n<figure class=\"wp-block-image size-large\"><img loading=\"lazy\" decoding=\"async\" width=\"384\" height=\"270\" src=\"https:\/\/www.fairsquared.com\/wp-content\/uploads\/2020\/02\/veganl_logo_kl.jpg\" alt=\"\" class=\"wp-image-2222\"\/><\/figure>\n<\/div>\n\n\n\n<div class=\"wp-block-column is-layout-flow wp-block-column-is-layout-flow\" style=\"flex-basis:66.66%\">\n<h2 class=\"wp-block-heading\">The Vegan Society<\/h2>\n\n\n\n<p>Das Siegel des internationalen Vereins der \u201eThe Vegan Society\u201c mit Sitz in Birmingham findet man global nicht nur auf Kosmetikprodukten, sondern auch auf Lebensmitteln, Kleidung, Reinigungsprodukten und anderen Produkten. Es garantiert, dass keinerlei tierische Substanzen enthalten sind. FAIR SQUARED Produkte sind von der englischen Vegan Society zertifiziert und entsprechen ihren Standards. Hier ein Auszug der Standards:<\/p>\n\n\n\n<ul class=\"wp-block-list\">\n<li><strong> Tierische Inhaltsstoffe:<\/strong> Der Hersteller und\/oder Produzent des zertifizierten Produktes darf keine Tierprodukte oder tierischen Nebenprodukte in seinem Produkt oder bei der Herstellung des Produktes verwenden. <\/li>\n\n\n\n<li><strong> Tierversuche:<\/strong> Die Entwicklung und\/oder die Herstellung des Produktes darf keine Tierversuche miteinbeziehen oder miteinbezogen haben. Weder im eigenen Namen des Unternehmens noch in dem von anderen Parteien, die das Unternehmen kontrollieren.<\/li>\n\n\n\n<li> <strong>Genetisch ver\u00e4nderte Organismen:<\/strong> Die Entwicklung und\/oder die Herstellung von genetisch ver\u00e4nderten Organismen darf keine Gene von Tieren oder von Tieren stammende Substanzen miteinbeziehen oder miteinbezogen haben. Produkte, dessen Gene ver\u00e4ndert wurden, m\u00fcssen als diese gekennzeichnet werden. <\/li>\n<\/ul>\n<\/div>\n<\/div>\n\n\n\n<div class=\"wp-block-columns is-layout-flex wp-container-core-columns-is-layout-9d6595d7 wp-block-columns-is-layout-flex\">\n<div class=\"wp-block-column is-layout-flow wp-block-column-is-layout-flow\" style=\"flex-basis:33.33%\">\n<figure class=\"wp-block-image size-large\"><img loading=\"lazy\" decoding=\"async\" width=\"384\" height=\"270\" src=\"https:\/\/www.fairsquared.com\/wp-content\/uploads\/2020\/02\/fair-rubber.jpg\" alt=\"\" class=\"wp-image-2207\"\/><\/figure>\n<\/div>\n\n\n\n<div class=\"wp-block-column is-layout-flow wp-block-column-is-layout-flow\" style=\"flex-basis:66.66%\">\n<h2 class=\"wp-block-heading\">Fair Rubber e. V.<\/h2>\n\n\n\n<p>Nicht alle Rohstoffe, die FAIR SQUARED verarbeitet, werden\nvon der Fair Label Organisation e.V (FLO) erfasst. Daf\u00fcr gibt es einfach zu\nviele nat\u00fcrliche Rohstoffe. Einer dieser Rohstoffe ist Naturkautschuk (fl\u00fcssig:\nLatex), besser bekannt als Gummi. Er wird gewonnen aus dem Saft des tropischen\nBaumes \u201eHevea Brasiliensis\u201c. Der Verein Fair Rubber e.V. hat sich zum Ziel\ngesetzt, \u201eeinen Beitrag zur Verbesserung der Arbeits- und Lebensbedingungen der\nPrim\u00e4rerzeuger von Gummi zu leisten, indem er die Prinzipien des Fairen Handels\nauf den Handel mit Gummiprodukten anwendet.\u201c So steht es in der Satzung. Aber\nwas hei\u00dft das?<\/p>\n\n\n\n<h3 class=\"wp-block-heading\">Fairer Handel ist gut f\u00fcr die Produzent*innen<\/h3>\n\n\n\n<p>Fair Rubber ist gut f\u00fcr die Menschen. Gerade die\nPrim\u00e4rproduzenten von nat\u00fcrlichem Kautschuk, also die Gummizapfer, die\nPlantagenarbeiter und die Kleinbauern, sollen die M\u00f6glichkeit haben, am Fairen\nHandel teilzunehmen. Doch die niedrigen Preise machen es ihnen unm\u00f6glich, sich\nund ihren Familien mit ihrer Arbeit ein ausk\u00f6mmliches Leben zu erm\u00f6glichen.<\/p>\n\n\n\n<h3 class=\"wp-block-heading\">Fair-Trade-Pr\u00e4mie zur Verbesserung der Lebensbedingungen vor Ort<\/h3>\n\n\n\n<p>Hier setzt der Fair Rubber an: Durch das Zahlen einer\nFair-Trade-Pr\u00e4mie von 0,50 \u20ac pro kg Kautschuk Trockenmasse (Dry Rubber Content,\nDRC) wird so weit wie m\u00f6glich sichergestellt, dass auch bei niedrigen\nWeltmarktpreisen ihre Produktionskosten gedeckt sind. Dar\u00fcber hinaus bleibt\ndank der Fair-Trade-Pr\u00e4mie ein kleiner Spielraum f\u00fcr Ma\u00dfnahmen zur Verbesserung\nihrer Arbeits- und Lebensbedingungen. \u00dcber die Verwendung dieser Pr\u00e4mie wird\nwie bei FLO entschieden: \u00dcber den Vorstand der Kleinbauernvereinigung, oder bei\nPlantagen von einem Gremium, das aus ausgew\u00e4hlten Belegschaftsvertretern und\nDelegierten des Managements besteht.<\/p>\n\n\n\n<p>Die FAIR SQUARED Produkte, die vom Fair Rubber e. V. zertifiziert wurden, sind unter anderem Kondome und Period Cups.<\/p>\n<\/div>\n<\/div>\n\n\n\n<div class=\"wp-block-columns is-layout-flex wp-container-core-columns-is-layout-9d6595d7 wp-block-columns-is-layout-flex\">\n<div class=\"wp-block-column is-layout-flow wp-block-column-is-layout-flow\" style=\"flex-basis:33.33%\">\n<figure class=\"wp-block-image size-large\"><img loading=\"lazy\" decoding=\"async\" width=\"384\" height=\"270\" src=\"https:\/\/www.fairsquared.com\/wp-content\/uploads\/2020\/02\/frc-logo.jpg\" alt=\"\" class=\"wp-image-2213\"\/><\/figure>\n<\/div>\n\n\n\n<div class=\"wp-block-column is-layout-flow wp-block-column-is-layout-flow\" style=\"flex-basis:66.66%\">\n<h2 class=\"wp-block-heading\">FSC\u00ae (Forest Stewardship Council\u00ae) <\/h2>\n\n\n\n<p>Der FSC\u00ae (Forest Stewardship Council\u00ae) setzt sich f\u00fcr die F\u00f6rderung einer umweltfreundlichen, sozialf\u00f6rderlichen und \u00f6konomisch tragf\u00e4higen Bewirtschaftung von W\u00e4ldern ein, sodass diese im Sinne der sozialen, \u00f6konomischen und \u00f6kologischen Bed\u00fcrfnisse heutiger und zuk\u00fcnftiger Generationen genutzt werden und langfristig erhalten bleiben. Das Label sichert, dass entlang der gesamten Wertsch\u00f6pfungskette nur FSC\u00ae -zertifizierte und kontrollierte Materialien verwendet werden.<\/p>\n\n\n\n<h3 class=\"wp-block-heading\">Zertifizierte Materialien entlang der Wertsch\u00f6pfungskette<\/h3>\n\n\n\n<p>F\u00fcr die Herstellung von FSC\u00ae -zertifizierten Produkten k\u00f6nnen die folgenden Materialien eingesetzt werden: FSC\u00ae -zertifizierte Mengen, kontrollierte Holzherk\u00fcnfte oder Recyclingmaterial. Je nach FSC\u00ae -Labeltyp ist erkenntlich, ob das Produkt nur aus FSC-zertifizierter Waldwirtschaft stammt (FSC\u00ae 100 %), ausschlie\u00dflich Recyclingmaterial (FSC\u00ae recycled) eingesetzt wurde oder eine Mischung aus zertifizierten und kontrollierten Materialien (FSC\u00ae Mix) verwendet wurde.<\/p>\n<\/div>\n<\/div>\n\n\n\n<div class=\"wp-block-columns is-layout-flex wp-container-core-columns-is-layout-9d6595d7 wp-block-columns-is-layout-flex\">\n<div class=\"wp-block-column is-layout-flow wp-block-column-is-layout-flow\" style=\"flex-basis:33.33%\"><\/div>\n\n\n\n<div class=\"wp-block-column is-layout-flow wp-block-column-is-layout-flow\" style=\"flex-basis:66.66%\"><\/div>\n<\/div>\n\n\n\n<div class=\"wp-block-columns is-layout-flex wp-container-core-columns-is-layout-9d6595d7 wp-block-columns-is-layout-flex\">\n<div class=\"wp-block-column is-layout-flow wp-block-column-is-layout-flow\" style=\"flex-basis:33.33%\">\n<figure class=\"wp-block-image size-large\"><img loading=\"lazy\" decoding=\"async\" width=\"384\" height=\"270\" src=\"https:\/\/www.fairsquared.com\/wp-content\/uploads\/2020\/02\/halal.jpg\" alt=\"\" class=\"wp-image-3090\"\/><\/figure>\n<\/div>\n\n\n\n<div class=\"wp-block-column is-layout-flow wp-block-column-is-layout-flow\" style=\"flex-basis:66.66%\">\n<h2 class=\"wp-block-heading\">Halal<\/h2>\n\n\n\n<p>Halal wird aus dem Arabischen mit \u201eerlaubt\u201c oder \u201ezul\u00e4ssig\u201c \u00fcbersetzt. Einem Moslem sind das Essen von Schweinefleisch, dessen Nebenprodukten und Blut sowie der Genuss von berauschenden Getr\u00e4nken (Alkohol) verboten. Aber auch Tiere, die nicht regelgerecht geschlachtet wurden, d\u00fcrfen Moslems nicht verzehren.<br> Der Mensch nimmt N\u00e4hrstoffe nicht nur \u00fcber den Mund, sondern in Form von Kosmetika auch \u00fcber die Haut auf. F\u00fcr Moslems ist es darum notwendig, dass bei  der Herstellung von Kosmetik auf die \u201everbotenen\u201c Rohstoffe verzichtet wird und die Produktionsst\u00e4tte und Ger\u00e4te nicht durch sie kontaminiert wurden.<\/p>\n\n\n\n<p><strong>FAIR SQUARED ist einer der wenigen Anbieter in Europa, der Halal-Kosmetik herstellt.<\/strong><\/p>\n\n\n\n<p><strong>Was bedeutet das konkret?<\/strong><\/p>\n\n\n\n<ul class=\"wp-block-list\">\n<li> Es d\u00fcrfen nur nachweisbar halal-konforme Inhaltsstoffe in dem zertifizierten Produkt verwendet werden.  <\/li>\n\n\n\n<li>Halal-konforme Rohstoffe d\u00fcrfen nicht mit nichtkonformen Rohstoffen vermischt werden.<\/li>\n\n\n\n<li>Halal-konforme Halbfertigwaren d\u00fcrfen nicht mit nichtkonformen Halbfertigwaren vermischt werden.<\/li>\n\n\n\n<li>Weder im Rohstofflager noch bei der Herstellung darf eine Kreuzkontamination stattfinden.<\/li>\n\n\n\n<li>Halal-konforme Fertigprodukte d\u00fcrfen nicht mit nichtkonformen Fertigprodukten vermischt werden.<\/li>\n\n\n\n<li>Reinigungsmittel und sonstige Hilfsstoffe d\u00fcrfen den halal-Status nicht gef\u00e4hrden.<\/li>\n\n\n\n<li>Alle Produkte m\u00fcssen r\u00fcckverfolgbar sein.<\/li>\n<\/ul>\n\n\n\n<p><\/p>\n\n\n\n<p><\/p>\n<\/div>\n<\/div>\n\n\n\n<div class=\"wp-block-columns is-layout-flex wp-container-core-columns-is-layout-9d6595d7 wp-block-columns-is-layout-flex\">\n<div class=\"wp-block-column is-layout-flow wp-block-column-is-layout-flow\" style=\"flex-basis:33.33%\">\n<figure class=\"wp-block-image size-large\"><img loading=\"lazy\" decoding=\"async\" width=\"384\" height=\"270\" src=\"https:\/\/www.fairsquared.com\/wp-content\/uploads\/2020\/02\/PeTA.jpg\" alt=\"PeTA Zertifikat\" class=\"wp-image-3327\"\/><\/figure>\n<\/div>\n\n\n\n<div class=\"wp-block-column is-layout-flow wp-block-column-is-layout-flow\" style=\"flex-basis:66.66%\">\n<h2 class=\"wp-block-heading\">PeTA Cruelty-free<\/h2>\n\n\n\n<p>PeTA (People for the ethical Treatment of Animals) ist die gr\u00f6\u00dfte Tierrechtsorganisation weltweit und k\u00e4mpft heute unter anderem gegen Massentierhaltung, Tierversuche oder Pelztierhaltung. Sie listet alle Marken auf, die schriftlich zugesichert haben, dass keine Tierversuche durchgef\u00fchrt oder in Auftrag gegeben werden. <\/p>\n\n\n\n<p>PeTA nimmt ausschlie\u00dflich Firmen mit den besten Richtlinien gegen Tierversuche in die Positiv-Liste auf. Dies sind Unternehmen, deren Firmenpolitik klar Stellung gegen Tierversuche bezieht und die so dabei helfen, Tierversuche zu vermeiden und in Zukunft vollst\u00e4ndig abzuschaffen.<\/p>\n\n\n\n<h3 class=\"wp-block-heading\">Fairness und Tierwohl bei Kosmetik<\/h3>\n\n\n\n<p>F\u00fcr FAIR SQUARED waren diese Kriterien nicht schwer zu\nerf\u00fcllen, denn wir setzen uns von Beginn an aktiv f\u00fcr den Tierschutz ein. FAIR\nSQUARED hat gegen\u00fcber PeTA erkl\u00e4rt, dass weder zurzeit, noch zuk\u00fcnftig\nTierversuche durchgef\u00fchrt oder in Auftrag gegeben werden. FAIR SQUARED Produkte\nenthalten keinerlei Inhaltsstoffe tierischen Ursprungs, wie zum Beispiel\ntierische Haut, Fell, Fleisch, K\u00f6rperteile, Honig, Bienenwachs, Seide sowie\nderen Nebenprodukte.<\/p>\n\n\n\n<p>Die FAIR SQUARED GmbH und ihre Produkte wurden von PeTA\ngepr\u00fcft und d\u00fcrfen daher mit dem PeTA-Logo werben.<\/p>\n<\/div>\n<\/div>\n","protected":false},"excerpt":{"rendered":"<p>Einige unserer Zertifikate und Siegelpartner Fairtrade (FLO) Die Fair Trade Labelling Organisation, Fairtrade International, kurz FLO, ist der Dachverband der nationalen Fairtrade-Organisationen. Der Verband wurde 1997 in Bonn gegr\u00fcndet, mit dem Ziel die vielen verschiedenen Labels und Standards des Fairen Handels zu vereinen. FLO besteht aus zwei Zweigen: [&hellip;]<\/p>\n","protected":false},"author":5,"featured_media":0,"parent":17,"menu_order":1,"comment_status":"closed","ping_status":"closed","template":"page-noheroimage.php","meta":{"_acf_changed":false,"footnotes":""},"class_list":["post-45","page","type-page","status-publish","hentry"],"acf":[],"_links":{"self":[{"href":"https:\/\/www.fairsquared.com\/de\/wp-json\/wp\/v2\/pages\/45","targetHints":{"allow":["GET"]}}],"collection":[{"href":"https:\/\/www.fairsquared.com\/de\/wp-json\/wp\/v2\/pages"}],"about":[{"href":"https:\/\/www.fairsquared.com\/de\/wp-json\/wp\/v2\/types\/page"}],"author":[{"embeddable":true,"href":"https:\/\/www.fairsquared.com\/de\/wp-json\/wp\/v2\/users\/5"}],"replies":[{"embeddable":true,"href":"https:\/\/www.fairsquared.com\/de\/wp-json\/wp\/v2\/comments?post=45"}],"version-history":[{"count":2,"href":"https:\/\/www.fairsquared.com\/de\/wp-json\/wp\/v2\/pages\/45\/revisions"}],"predecessor-version":[{"id":18961,"href":"https:\/\/www.fairsquared.com\/de\/wp-json\/wp\/v2\/pages\/45\/revisions\/18961"}],"up":[{"embeddable":true,"href":"https:\/\/www.fairsquared.com\/de\/wp-json\/wp\/v2\/pages\/17"}],"wp:attachment":[{"href":"https:\/\/www.fairsquared.com\/de\/wp-json\/wp\/v2\/media?parent=45"}],"curies":[{"name":"wp","href":"https:\/\/api.w.org\/{rel}","templated":true}]}}