{"id":3994,"date":"2020-02-06T19:37:40","date_gmt":"2020-02-06T18:37:40","guid":{"rendered":"https:\/\/www.fairsquared.com\/?page_id=3994"},"modified":"2025-11-28T18:48:14","modified_gmt":"2025-11-28T17:48:14","slug":"zero-waste","status":"publish","type":"page","link":"https:\/\/www.fairsquared.com\/de\/fair-squared\/faq\/zero-waste\/","title":{"rendered":"Zero Waste"},"content":{"rendered":"\n<h1 class=\"wp-block-heading\">FAQ zum Thema Zero Waste<\/h1>\n\n\n\n<h2 class=\"wp-block-heading\">Wie schicke ich die Gl\u00e4ser an euch zur\u00fcck?<\/h2>\n\n\n\n<p>Wenn du Gl\u00e4schen gesammelt hast, um sie uns zu schicken,\nschau nur, dass du sie vorher kurz durchsp\u00fclst und sie unbeschadet bei uns\nankommen. Dazu kannst du einfach etwas Zeitungspapier in den Karton geben,\nsodass die Gl\u00e4ser vor groben St\u00f6\u00dfen gesch\u00fctzt sind.<\/p>\n\n\n\n<p>Bitte nutze die folgende Anschrift f\u00fcr dein P\u00e4ckchen:<\/p>\n\n\n\n<p><em>\u200bFAIR SQUARED GmbH<br>Hermann-Heinrich-Gossen-Str. 4 <br>50858 K\u00f6ln <\/em><\/p>\n\n\n\n<h2 class=\"wp-block-heading\">Erstattet ihr mir die Portokosten f\u00fcr den R\u00fcckversand?<\/h2>\n\n\n\n<p>Nein, aber wir haben uns einen anderen Weg \u00fcberlegt: Als Anreiz f\u00fcr die Retoure schenken wir dir einen 10-\u20ac-Gutschein f\u00fcr deinen n\u00e4chsten Einkauf in unserem Shop fair2.me. Wenn du uns also mindestens 10 Gl\u00e4schen, Flaschen oder Metalldosen (Gesamtanzahl) zuschickst, senden wir dir gerne einen Einkaufsgutschein. Hinterlass nur unbedingt deine E-Mailadresse im Paket.<\/p>\n\n\n\n<h2 class=\"wp-block-heading\">Nehmt ihr auch besch\u00e4digte Gl\u00e4ser zur\u00fcck?<\/h2>\n\n\n\n<p>Weil wir diese nicht wiederverwenden k\u00f6nnen, m\u00f6chten wir euch bitten, besch\u00e4digte Beh\u00e4ltnisse nicht an uns zur\u00fcckzuschicken. Werft sie einfach in die daf\u00fcr vorgesehenen Glascontainer.<\/p>\n\n\n\n<h2 class=\"wp-block-heading\">Soll ich die Gl\u00e4ser mit Etiketten an euch zur\u00fcckschicken?<\/h2>\n\n\n\n<p>Du brauchst f\u00fcr den R\u00fcckversand nicht extra die Etiketten von den Gl\u00e4schen l\u00f6sen. Vielmehr m\u00f6chten wir dich darum bitten, sie dranzulassen, da wir sie professionell recyceln lassen.<\/p>\n\n\n\n<h2 class=\"wp-block-heading\">Ich m\u00f6chte euch die Zero-Waste-Gl\u00e4schen zur\u00fcckschicken. Wie erhalte ich den Gutschein?<\/h2>\n\n\n\n<p>Als kleines Dankesch\u00f6n f\u00fcr deine Sammelaktion bedanken wir uns ab einer Einsendung von 10 Gl\u00e4sern bei dir mit einem 10-\u20ac-Gutschein f\u00fcr fair2.me. Bitte leg hierf\u00fcr einfach deine E-Mail-Adresse mit ins P\u00e4ckchen, sodass wir dir den Gutschein zuschicken k\u00f6nnen.<\/p>\n\n\n\n<h2 class=\"wp-block-heading\">Was passiert mit der Einlage im Deckel?<\/h2>\n\n\n\n<p>Aus hygienischen Gr\u00fcnden haben wir momentan noch vereinzelt sogenannte EPE-beschichtete Einleger in den Deckeln. Da sich Papier daf\u00fcr nicht eignet, k\u00f6nnen wir dies leider nicht benutzen. Allerdings werden sie bei der Wiederbef\u00fcllung gegen ein nachhaltigeres Material ausgetauscht. Die EPE-Einleger sammeln wir und f\u00fchren sie einem neuen Zweck zu. Und: Seit Herbst 2019 werden auch Deckel mit plastikfreien Gummieinlagen versehen, die wir \u00fcber faire Handelswege beziehen.<\/p>\n\n\n\n<h2 class=\"wp-block-heading\">Kann ich davon ausgehen, dass die Gl\u00e4ser bei der Wiederverwendung auch hygienisch sauber sind?<\/h2>\n\n\n\n<p>Nat\u00fcrlich kannst du das. Wir haben einen erfahrenen Dienstleister an der Seite, der uns zusichert, dass die Gl\u00e4schen in einen hygienisch einwandfreien Zustand versetzt werden bevor sie wiederbef\u00fcllt werden. Das ist dabei genauso wichtig wie beispielsweise bei der erneuten Bef\u00fcllung von Mehrwegflaschen f\u00fcr Getr\u00e4nke.<\/p>\n\n\n\n<h2 class=\"wp-block-heading\">Ist es sinnvoll, dass ihr Glas nutzt, wo doch die Herstellung sehr viel Energie ben\u00f6tigt?<\/h2>\n\n\n\n<p>Eine berechtigte Frage. Zum Gl\u00fcck gibt es zahlreiche Studien, die durchgef\u00fchrt wurden, um das Resultat eines Glasbeh\u00e4lters in Relation zu seinem Energieaufwand zu bewerten. Unter anderem hat sich das Umweltbundesamt mit dem Thema besch\u00e4ftigt (Publikation <em>Pr\u00fcfung und Aktualisierung der \u00d6kobilanzen f\u00fcr Getr\u00e4nkeverpackungen<\/em>, Februar 2016). Noch viel sch\u00f6ner, weil konkreter, ist jedoch das Ergebnis, zu dem ClimatePartner 2019 kam: Wird der Mehrweggedanke verfolgt, sparen zur\u00fcckgebrachte und wiederverwendete Glasbeh\u00e4lter mehr als die H\u00e4lfte der Treibhausgasemissionen von Einweg-Glasbeh\u00e4ltern ein. Fazit: Glas ist nur dann wirklich sinnvoll, wenn es in einem Kreislaufsystem eingesetzt wird. Und das ist auch genau unser Ansatz.<\/p>\n","protected":false},"excerpt":{"rendered":"<p>FAQ zum Thema Zero Waste Wie schicke ich die Gl\u00e4ser an euch zur\u00fcck? Wenn du Gl\u00e4schen gesammelt hast, um sie uns zu schicken, schau nur, dass du sie vorher kurz durchsp\u00fclst und sie unbeschadet bei uns ankommen. Dazu kannst du einfach etwas Zeitungspapier in den Karton geben, sodass [&hellip;]<\/p>\n","protected":false},"author":5,"featured_media":0,"parent":41,"menu_order":0,"comment_status":"closed","ping_status":"closed","template":"","meta":{"_acf_changed":false,"footnotes":""},"class_list":["post-3994","page","type-page","status-publish","hentry"],"acf":[],"_links":{"self":[{"href":"https:\/\/www.fairsquared.com\/de\/wp-json\/wp\/v2\/pages\/3994","targetHints":{"allow":["GET"]}}],"collection":[{"href":"https:\/\/www.fairsquared.com\/de\/wp-json\/wp\/v2\/pages"}],"about":[{"href":"https:\/\/www.fairsquared.com\/de\/wp-json\/wp\/v2\/types\/page"}],"author":[{"embeddable":true,"href":"https:\/\/www.fairsquared.com\/de\/wp-json\/wp\/v2\/users\/5"}],"replies":[{"embeddable":true,"href":"https:\/\/www.fairsquared.com\/de\/wp-json\/wp\/v2\/comments?post=3994"}],"version-history":[{"count":1,"href":"https:\/\/www.fairsquared.com\/de\/wp-json\/wp\/v2\/pages\/3994\/revisions"}],"predecessor-version":[{"id":19300,"href":"https:\/\/www.fairsquared.com\/de\/wp-json\/wp\/v2\/pages\/3994\/revisions\/19300"}],"up":[{"embeddable":true,"href":"https:\/\/www.fairsquared.com\/de\/wp-json\/wp\/v2\/pages\/41"}],"wp:attachment":[{"href":"https:\/\/www.fairsquared.com\/de\/wp-json\/wp\/v2\/media?parent=3994"}],"curies":[{"name":"wp","href":"https:\/\/api.w.org\/{rel}","templated":true}]}}