{"id":3992,"date":"2020-02-06T19:37:14","date_gmt":"2020-02-06T18:37:14","guid":{"rendered":"https:\/\/www.fairsquared.com\/?page_id=3992"},"modified":"2024-01-26T08:32:13","modified_gmt":"2024-01-26T07:32:13","slug":"vegan","status":"publish","type":"page","link":"https:\/\/www.fairsquared.com\/de\/fair-squared\/faq\/vegan\/","title":{"rendered":"Vegan"},"content":{"rendered":"\n<h1 class=\"wp-block-heading\">FAQ zum Thema Vegan<\/h1>\n\n\n\n<h3 class=\"wp-block-heading\"><strong>Was kann an Kosmetik nicht vegan sein und was bedeutet das \u00fcberhaupt?<\/strong><\/h3>\n\n\n\n<p>Als vegan gekennzeichnete Kosmetik enth\u00e4lt keine Inhaltsstoffe, die von oder aus Tieren produziert werden. In vielen Kosmetikartikeln wird beispielsweise der rote Farbstoff Karmin verwendet, f\u00fcr den schwangere L\u00e4use get\u00f6tet werden. Auch Rohstoffe aus toten Wirbeltieren, unter anderem Emu\u00f6l, Nerz\u00f6l, Collagen, finden oft Verwendung in Kosmetika, teilweise auch in Naturkosmetik.<br>Der Begriff vegan ist allerdings nicht gesch\u00fctzt und kann prinzipiell von jedem Hersteller verwendet werden. Unsere Produkte sind daher alle von der Vegan Society als garantiert vegan ausgezeichnet. <\/p>\n\n\n\n<hr class=\"wp-block-separator has-css-opacity\"\/>\n\n\n\n<h3 class=\"wp-block-heading\"><strong>Warum sind FAIR SQUARED Produkte vegan, auch keine Milch oder Honig?<\/strong><\/h3>\n\n\n\n<p>Wir bei FAIR SQUARED wollen nicht nur fair zu unseren Produzent:innen und der Umwelt sein, sondern auch zu den mit uns auf dieser Erde lebenden Tieren. Dazu geh\u00f6rt f\u00fcr uns selbstverst\u00e4ndlich sie nicht als \u201eInhaltsstoffe\u201c zu sehen oder sie daf\u00fcr zu benutzen. Dazu geh\u00f6rt der Verzicht auf Honig und Milch in unseren Produkten, auch wenn diese bei einigen Kosmetikhersteller:innen als beliebte \u201eInhaltststoffe\u201c gelten. F\u00fcr Milch m\u00fcssen weibliche K\u00fche regelm\u00e4\u00dfig K\u00e4lber geb\u00e4ren \u2013 so wie alle S\u00e4ugetiere eben Muttermilch f\u00fcr ihre Nachkommen produzieren -, die ihnen dann meist kurz nach der Geburt weggenommen werden, da sie f\u00fcr die Milchindustrie \u201eAbfallprodukte\u201c darstellen. Dagegen positionieren wir uns klar. Und auch Honig hat die Problematik, dass er eigentlich als Nahrung f\u00fcr die Bienenlarven gedacht ist. Die Wegnahme des Honigs erfordert das F\u00fcttern eines Zuckerersatzes, der das Bienenvolk allgemein anf\u00e4lliger f\u00fcr Krankheiten macht. Teilweise werden den Bienenk\u00f6niginnen auch die Fl\u00fcgel gest\u00fctzt, um eine Flucht des Volkes zu verhindern. Hinzu kommt, dass bei jeder Honigernte viele Tiere ums Leben kommen, da sie durch die mechanischen Vorg\u00e4nge schlichtweg zerdr\u00fcckt werden.<\/p>\n\n\n\n<hr class=\"wp-block-separator has-css-opacity\"\/>\n","protected":false},"excerpt":{"rendered":"<p>FAQ zum Thema Vegan Was kann an Kosmetik nicht vegan sein und was bedeutet das \u00fcberhaupt? Als vegan gekennzeichnete Kosmetik enth\u00e4lt keine Inhaltsstoffe, die von oder aus Tieren produziert werden. In vielen Kosmetikartikeln wird beispielsweise der rote Farbstoff Karmin verwendet, f\u00fcr den schwangere L\u00e4use get\u00f6tet werden. Auch Rohstoffe [&hellip;]<\/p>\n","protected":false},"author":5,"featured_media":0,"parent":41,"menu_order":0,"comment_status":"closed","ping_status":"closed","template":"","meta":{"_acf_changed":false,"footnotes":""},"class_list":["post-3992","page","type-page","status-publish","hentry"],"acf":[],"_links":{"self":[{"href":"https:\/\/www.fairsquared.com\/de\/wp-json\/wp\/v2\/pages\/3992","targetHints":{"allow":["GET"]}}],"collection":[{"href":"https:\/\/www.fairsquared.com\/de\/wp-json\/wp\/v2\/pages"}],"about":[{"href":"https:\/\/www.fairsquared.com\/de\/wp-json\/wp\/v2\/types\/page"}],"author":[{"embeddable":true,"href":"https:\/\/www.fairsquared.com\/de\/wp-json\/wp\/v2\/users\/5"}],"replies":[{"embeddable":true,"href":"https:\/\/www.fairsquared.com\/de\/wp-json\/wp\/v2\/comments?post=3992"}],"version-history":[{"count":0,"href":"https:\/\/www.fairsquared.com\/de\/wp-json\/wp\/v2\/pages\/3992\/revisions"}],"up":[{"embeddable":true,"href":"https:\/\/www.fairsquared.com\/de\/wp-json\/wp\/v2\/pages\/41"}],"wp:attachment":[{"href":"https:\/\/www.fairsquared.com\/de\/wp-json\/wp\/v2\/media?parent=3992"}],"curies":[{"name":"wp","href":"https:\/\/api.w.org\/{rel}","templated":true}]}}