{"id":3990,"date":"2020-02-06T19:36:39","date_gmt":"2020-02-06T18:36:39","guid":{"rendered":"https:\/\/www.fairsquared.com\/?page_id=3990"},"modified":"2025-11-28T18:41:30","modified_gmt":"2025-11-28T17:41:30","slug":"unsere-produkte","status":"publish","type":"page","link":"https:\/\/www.fairsquared.com\/de\/fair-squared\/faq\/unsere-produkte\/","title":{"rendered":"Unsere Produkte"},"content":{"rendered":"\n<h1 class=\"wp-block-heading\">FAQ zu unseren Produkten<\/h1>\n\n\n\n<h3 class=\"wp-block-heading\"><strong>Wo werden die FAIR SQUARED Produkte hergestellt?<\/strong><\/h3>\n\n\n\n<p>Unsere Produkte werden in Deutschland hergestellt. Davon ausgenommen sind unsere Produkte aus fair gehandeltem Naturkautschuk oder Baumwolle, die direkt vor Ort in Sri Lanka, Indien und Thailand hergestellt werden (bspw. Kondome oder Menstruationstassen).<\/p>\n\n\n\n<hr class=\"wp-block-separator has-css-opacity\"\/>\n\n\n\n<h3 class=\"wp-block-heading\"><strong>Wie wende ich eure Produkte richtig an? Wo finde ich n\u00fctzliche Tipps und Hilfen?<\/strong><\/h3>\n\n\n\n<p>Die meisten Produkte sind selbsterkl\u00e4rend, andere haben Anleitungshinweise auf der Verpackung. F\u00fcr speziellere Kategorien \/ Produkte haben wir eigene Ratgeber erstellt, die <a href=\"https:\/\/www.fairsquared.com\/de\/fair-squared\/fair-squared-ratgeber\/\">hier<\/a> als PDFs heruntergeladen werden k\u00f6nnen und allerlei hilfreiche Infos enthalten.<\/p>\n\n\n\n<hr class=\"wp-block-separator has-css-opacity\"\/>\n\n\n\n<h3 class=\"wp-block-heading\"><strong>Enthalten FAIR SQUARED Produkte Palm\u00f6l oder Mikroplastik?<\/strong><\/h3>\n\n\n\n<p>Wir verwenden in keinem unserer Produkte Palm\u00f6l. Auch weisen wir unsere Lieferanten ausdr\u00fccklich an, f\u00fcr unsere Produkte weder Palm\u00f6l noch Palm\u00f6lderivate zu verwenden oder einzukaufen. Dies beinhaltet auch eine Nachhaltigkeitskomponente, ebenso bei der <a href=\"https:\/\/www.fairtrade-deutschland.de\/was-ist-fairtrade\/fairtrade-standards\" data-type=\"URL\" data-id=\"https:\/\/www.fairtrade-deutschland.de\/was-ist-fairtrade\/fairtrade-standards\">Fairtrade-Zertifizierung<\/a>. FAIR SQUARED verzichtet komplett in allen Produkten auf die Verwendung von Mikroplastik.<\/p>\n\n\n\n<hr class=\"wp-block-separator has-css-opacity\"\/>\n\n\n\n<h3 class=\"wp-block-heading\"><strong>Warum haben Produkte nie einen Fairtrade-Anteil von 100 %?<\/strong><\/h3>\n\n\n\n<p>Auf der R\u00fcckseite unserer Verpackungen geben wir jeweils den Anteil an Inhaltsstoffen aus Fairtrade-Quellen an und es f\u00e4llt eventuell auf, dass dieser nie 100 % betr\u00e4gt. Zun\u00e4chst einmal m\u00f6chten wir betonen, dass wir jeden Inhaltsstoff Fairtrade beziehen, wenn dies m\u00f6glich ist. Nur ist das eben nicht immer der Fall. Ein gutes Beispiel ist Wasser: es kommt in der Rohstoffliste von Fairtrade International schlichtweg nicht vor und kann nicht zertifiziert werden.<\/p>\n\n\n\n<hr class=\"wp-block-separator has-css-opacity\"\/>\n\n\n\n<h3 class=\"wp-block-heading\"><strong>Mir kommen manche Preise etwas hoch vor im Vergleich zu konventioneller Kosmetik, woran liegt das?<\/strong><\/h3>\n\n\n\n<p>Viele unserer Produkte werden in Handarbeit und relativ geringen St\u00fcckzahlen hergestellt, das wirkt sich nat\u00fcrlich auch auf den Produktpreis aus. Dazu kommt, dass wir allen Beteiligten faire Entlohnung garantieren und uns klar gegen Preisdumping positionieren. Aufgrund unserer hohen Qualit\u00e4t sind die Produkte au\u00dferdem oft um einiges ergiebiger als konventionelle Kosmetika und m\u00fcssen daher seltener nachgekauft werden.<br>\u00dcbrigens: Jedes Jahr \u00fcberpr\u00fcfen wir unsere Preislisten und wenn m\u00f6glich geben wir eventuelle Rabatte direkt an unsere Kundschaft weiter; damit auch diese unser Sortiment jederzeit zu fairen Preisen angeboten bekommt.  <\/p>\n","protected":false},"excerpt":{"rendered":"<p>FAQ zu unseren Produkten Wo werden die FAIR SQUARED Produkte hergestellt? Unsere Produkte werden in Deutschland hergestellt. Davon ausgenommen sind unsere Produkte aus fair gehandeltem Naturkautschuk oder Baumwolle, die direkt vor Ort in Sri Lanka, Indien und Thailand hergestellt werden (bspw. Kondome oder Menstruationstassen). Wie wende ich eure [&hellip;]<\/p>\n","protected":false},"author":5,"featured_media":0,"parent":41,"menu_order":0,"comment_status":"closed","ping_status":"closed","template":"","meta":{"_acf_changed":false,"footnotes":""},"class_list":["post-3990","page","type-page","status-publish","hentry"],"acf":[],"_links":{"self":[{"href":"https:\/\/www.fairsquared.com\/de\/wp-json\/wp\/v2\/pages\/3990","targetHints":{"allow":["GET"]}}],"collection":[{"href":"https:\/\/www.fairsquared.com\/de\/wp-json\/wp\/v2\/pages"}],"about":[{"href":"https:\/\/www.fairsquared.com\/de\/wp-json\/wp\/v2\/types\/page"}],"author":[{"embeddable":true,"href":"https:\/\/www.fairsquared.com\/de\/wp-json\/wp\/v2\/users\/5"}],"replies":[{"embeddable":true,"href":"https:\/\/www.fairsquared.com\/de\/wp-json\/wp\/v2\/comments?post=3990"}],"version-history":[{"count":1,"href":"https:\/\/www.fairsquared.com\/de\/wp-json\/wp\/v2\/pages\/3990\/revisions"}],"predecessor-version":[{"id":19296,"href":"https:\/\/www.fairsquared.com\/de\/wp-json\/wp\/v2\/pages\/3990\/revisions\/19296"}],"up":[{"embeddable":true,"href":"https:\/\/www.fairsquared.com\/de\/wp-json\/wp\/v2\/pages\/41"}],"wp:attachment":[{"href":"https:\/\/www.fairsquared.com\/de\/wp-json\/wp\/v2\/media?parent=3990"}],"curies":[{"name":"wp","href":"https:\/\/api.w.org\/{rel}","templated":true}]}}