{"id":3987,"date":"2020-02-06T19:36:03","date_gmt":"2020-02-06T18:36:03","guid":{"rendered":"https:\/\/www.fairsquared.com\/?page_id=3987"},"modified":"2025-11-28T18:38:58","modified_gmt":"2025-11-28T17:38:58","slug":"naturkosmetik","status":"publish","type":"page","link":"https:\/\/www.fairsquared.com\/de\/fair-squared\/faq\/naturkosmetik\/","title":{"rendered":"Naturkosmetik"},"content":{"rendered":"\n<h1 class=\"wp-block-heading\">FAQ zum Thema Naturkosmetik<\/h1>\n\n\n\n<h3 class=\"wp-block-heading\"><strong>Was macht Kosmetik zu Naturkosmetik?<\/strong><\/h3>\n\n\n\n<p>Dies bedeutet, dass die Produkte zu 100 % aus nat\u00fcrlichen, naturnahen und naturidentischen Stoffen (Pigmente, Mineralien und \u2013 wenn unbedingt notwendig \u2013 Naturschutzmittel) hergestellt werden. Alle Produkte sind frei von gentechnisch ver\u00e4nderten Stoffen sowie Mineral\u00f6len, Petrochemikalien, synthetischen Duftstoffen und k\u00fcnstlichen Konservierungsstoffen. <\/p>\n\n\n\n<hr class=\"wp-block-separator has-css-opacity\"\/>\n\n\n\n<h3 class=\"wp-block-heading\"><strong>Ist Naturkosmetik gleich Bio-Kosmetik?<\/strong><\/h3>\n\n\n\n<p>Per se nicht. Unsere Kosmetika enthalten allerdings nur vereinzelt Inhaltsstoffe, die nicht bio-zertifiziert sind.<\/p>\n\n\n\n<p><\/p>\n","protected":false},"excerpt":{"rendered":"<p>FAQ zum Thema Naturkosmetik Was macht Kosmetik zu Naturkosmetik? Dies bedeutet, dass die Produkte zu 100 % aus nat\u00fcrlichen, naturnahen und naturidentischen Stoffen (Pigmente, Mineralien und \u2013 wenn unbedingt notwendig \u2013 Naturschutzmittel) hergestellt werden. Alle Produkte sind frei von gentechnisch ver\u00e4nderten Stoffen sowie Mineral\u00f6len, Petrochemikalien, synthetischen Duftstoffen und [&hellip;]<\/p>\n","protected":false},"author":5,"featured_media":0,"parent":41,"menu_order":0,"comment_status":"closed","ping_status":"closed","template":"","meta":{"_acf_changed":false,"footnotes":""},"class_list":["post-3987","page","type-page","status-publish","hentry"],"acf":[],"_links":{"self":[{"href":"https:\/\/www.fairsquared.com\/de\/wp-json\/wp\/v2\/pages\/3987","targetHints":{"allow":["GET"]}}],"collection":[{"href":"https:\/\/www.fairsquared.com\/de\/wp-json\/wp\/v2\/pages"}],"about":[{"href":"https:\/\/www.fairsquared.com\/de\/wp-json\/wp\/v2\/types\/page"}],"author":[{"embeddable":true,"href":"https:\/\/www.fairsquared.com\/de\/wp-json\/wp\/v2\/users\/5"}],"replies":[{"embeddable":true,"href":"https:\/\/www.fairsquared.com\/de\/wp-json\/wp\/v2\/comments?post=3987"}],"version-history":[{"count":1,"href":"https:\/\/www.fairsquared.com\/de\/wp-json\/wp\/v2\/pages\/3987\/revisions"}],"predecessor-version":[{"id":19293,"href":"https:\/\/www.fairsquared.com\/de\/wp-json\/wp\/v2\/pages\/3987\/revisions\/19293"}],"up":[{"embeddable":true,"href":"https:\/\/www.fairsquared.com\/de\/wp-json\/wp\/v2\/pages\/41"}],"wp:attachment":[{"href":"https:\/\/www.fairsquared.com\/de\/wp-json\/wp\/v2\/media?parent=3987"}],"curies":[{"name":"wp","href":"https:\/\/api.w.org\/{rel}","templated":true}]}}