{"id":3982,"date":"2020-02-06T19:19:15","date_gmt":"2020-02-06T18:19:15","guid":{"rendered":"https:\/\/www.fairsquared.com\/?page_id=3982"},"modified":"2020-02-10T10:25:01","modified_gmt":"2020-02-10T09:25:01","slug":"fairer-handel","status":"publish","type":"page","link":"https:\/\/www.fairsquared.com\/de\/fair-squared\/faq\/fairer-handel\/","title":{"rendered":"Fairer Handel"},"content":{"rendered":"\n<h1 class=\"wp-block-heading\">FAQ zum Thema Fairer Handel<\/h1>\n\n\n\n<h2 class=\"wp-block-heading\">\u201eFair\u201c \u2013 ein vielbenutztes Wort \u2013 was steckt dahinter?<\/h2>\n\n\n\n<p>In Zusammenhang mit dem Fairen Handel haben sich inzwischen\nunterschiedliche Begriffe eingeb\u00fcrgert:<\/p>\n\n\n\n<p>\u201efairer Handel\u201c: unter fairem Handel versteht man in der Regel\ndas gerechte Verhalten beim Warenaustausch. Hierzu geh\u00f6ren Themen wie\nArbeiterrechte, Z\u00f6lle, Subventionen und vor allem auch der gerechte Umgang mit\nden Gesch\u00e4ftspartnern und Produzenten.<\/p>\n\n\n\n<p>\u201eFairer Handel\u201c: mit diesem Begriff wird die gesamte\nFairhandelsbewegung erfasst, auch die Organisationen und Unternehmen\u201a die ein\nanderes faires Siegel tragen (au\u00dfer FLO gibt es noch andere\nZertifizierungsstellen) und auch solche, die zwar keine Zertifizierung haben,\ndie Prinzipien des fairen Handels aber einhalten. Wichtig ist, dass sie die\nessentiellen Kriterien des Fairen Handels erf\u00fcllen, wie zum Beispiel die\nVer\u00e4nderung des konventionellen Welthandels und die Unterst\u00fctzung der\nProduzenten.<\/p>\n\n\n\n<p>\u201eFairtrade\u201c: steht f\u00fcr die Aktivit\u00e4ten der Organisation\nFairtrade International (FLO), nationaler Fairtrade-Organisationen,\nFairtrade-Marketingorganisationen und der Fairtrade-Produzentennetzwerke.\nFairtrade ist ein System, das Produkte und H\u00e4ndler identifiziert und\nzertifiziert, die den Fairtrade-Standards von FLO (Fairtrade International)\nentsprechen.<\/p>\n\n\n\n<h2 class=\"wp-block-heading\">Was bedeutet Fairtrade?<\/h2>\n\n\n\n<p>Im Mittelpunkt von Fairtrade stehen die Menschen im S\u00fcden.\nEs werden gezielt Kleinbauern und Arbeiter in den Entwicklungsl\u00e4ndern gef\u00f6rdert\nund ihre Position auf dem Weltmarkt verbessert. Nur Produkte, die den\nAnforderungen der internationalen Fairtrade-Standards entsprechen, d\u00fcrfen das\nFairtrade-Siegel tragen. Wichtige Bestandteile der Standards sind zum Beispiel:<\/p>\n\n\n\n<ul class=\"wp-block-list\"><li>ArbeiterInnen, Pfl\u00fcckerInnen und ProduzentInnen erhalten einen garantierten Mindestlohn.      Au\u00dferdem wird ihnen dabei geholfen, ihre Lebens- und Arbeitsbedingungen nachhaltig zu verbessern.<\/li><li>Die  Produzenten und Produzentinnen haben die Garantie, ihre Produkte zu fairen Preisen verkaufen zu k\u00f6nnen.<\/li><li>Die Fairtrade-Preise m\u00fcssen mindestens die Produktionskosten und das Existenzminimum abdecken.<\/li><li>Gesundheitssch\u00e4dliche Praktiken, Zwangsarbeit, Diskriminierung und ausbeuterische Kinderarbeit sind verboten.<\/li><li>Die Produzentengruppen erhalten eine Fairtrade-Pr\u00e4mie, durch welche sie soziale Projekte wie Brunnenbau, Schulbildung, medizinische Versorgung etc. finanzieren und durchf\u00fchren k\u00f6nnen.<\/li><li>Durch langfristige Handelsbeziehungen wird den Produzenten die Zukunftsplanung      erleichtert.<\/li><li>Fairtrade-Produzenten werden bei der Umstellung auf \u00f6kologische Landwirtschaft unterst\u00fctzt und es wird ein Aufpreis f\u00fcr biologisch angebaute Produkte bezahlt. Umweltstandards schr\u00e4nken den Gebrauch von Pestiziden und Chemikalien ein und verbieten gentechnisch ver\u00e4nderte Saaten.<\/li><li>Durch Dialog, Transparenz und gegenseitigen Respekt f\u00f6rdert der Faire Handel mehr Gleichheit im internationalen Handel.<\/li><li>Konsumenten und Konsumentinnen leisten mit ihrem Einkauf einen pers\u00f6nlichen Beitrag      zur Entwicklungshilfe und damit zur \u00dcberwindung der Armut.<\/li><\/ul>\n\n\n\n<p>Ziel ist es, den Konsum verantwortlich zu gestalten und so\ndie Armut im S\u00fcden abzubauen. Fairtrade steht f\u00fcr ethisches Handeln,\nNachhaltigkeit und Transparenz \u2013 und baut so eine Br\u00fccke zwischen Produzenten\nund Verbrauchern. Menschen, die Fairtrade-Produkte kaufen, leisten durch ihren\nEinkauf einen konkreten Beitrag dazu, das Leben von Bauernfamilien nachhaltig\nzu verbessern. Zurzeit profitieren 1,3 Millionen Kleinbauern und Arbeiter in\n\u00fcber 70 L\u00e4ndern vom Fairen Handel.<\/p>\n\n\n\n<h2 class=\"wp-block-heading\">Warum enthalten einige Produkte den Hinweis, sie seien \u201efair gehandelt\u201c, tragen jedoch nicht das Fairtrade-Siegel?<\/h2>\n\n\n\n<p>Einige Organisationen engagieren sich seit vielen Jahren f\u00fcr\nden Fairen Handel. Viele dieser Organisationen gr\u00fcndeten sich lange bevor die\nFairtrade-Zertifizierung \u00fcberhaupt ins Leben gerufen wurde. Zum Teil bieten\ndiese Unternehmen oder Organisationen auch Produkte an, f\u00fcr die es keine\nFairtrade-Standards gibt \u2013 wie zum Beispiel Kunsthandwerk.<\/p>\n\n\n\n<p>Fairer Handel oder \u201efair gehandelt\u201c ist kein gesch\u00fctzter Begriff. Bei Produkten, die den Anspruch erheben, fair gehandelt zu sein, ist es wichtig, genau nachzufragen, worauf sich dieser Anspruch gr\u00fcndet.<\/p>\n\n\n\n<h2 class=\"wp-block-heading\">Was ist die Fair Label Organisation?<\/h2>\n\n\n\n<p>Die Fairtrade International, kurz FLO, ist der Dachverband\nder nationalen Fairtrade-Organisationen. Der Verband wurde 1997 in Bonn\ngegr\u00fcndet, mit dem Ziel die vielen verschiedenen Labels und Standards des\nFairen Handels zu vereinen. FLO besteht aus zwei Zweigen:<\/p>\n\n\n\n<ul class=\"wp-block-list\"><li>FLO e.V. entwickelt die Bedingungen und Prinzipien, die erf\u00fcllt werden m\u00fcssen, um eine Fairtrade-Zertifizierung zu erhalten.<\/li><li>FLOCERT (FLO Certification) kontrolliert die Einhaltung dieser Prinzipien. Dies ist wichtig um sicherzustellen, dass auch wirklich \u201efair\u201c drin ist, wo \u201efair\u201c draufsteht.<\/li><\/ul>\n\n\n\n<p>Das internationale Fairtrade-System besteht heute aus drei\nProduzentennetzwerken, 25 nationalen Fairtrade-Organisationen, FLO e.V. und\nFLOCERT. Die Fairtrade-Organisationen vergeben im jeweiligen Land die\nG\u00fctesiegel. In Deutschland ist das zum Beispiel der TransFair e.V., in der\nSchweiz die Max Havelaar Stiftung und in \u00d6sterreich Fairtrade \u00d6sterreich. Die Produzentennetzwerke\nrepr\u00e4sentieren die vielen verschiedenen Produzentengruppen in Lateinamerika,\nAfrika und Asien (CLAC: Coordinadora Latinoamericana y del Caribe de Comercio\nJusto, AFN: African Fairtrade Network und NAP: Network of Asian Producers).<\/p>\n\n\n\n<p>Das Fairtrade-Siegel von FLO ist nach Einsch\u00e4tzung des deutschen Forums Fairer Handel das bekannteste und eines der strengsten G\u00fctezeichen des Fairen Handels. Zertifiziert werden fair erzeugte Produkte oder Produkte mit fair erzeugten Inhaltsstoffen wie zum Beispiel Kaffee, Bananen, Baumwolle und Kosmetik sowie Schmuck, aber auch Holz und Gold.<\/p>\n\n\n\n<h2 class=\"wp-block-heading\">Was macht Fairtrade genau?<\/h2>\n\n\n\n<p>Fairtrade International ist eine\nNichtregierungsorganisation. Sie ist f\u00fcr die Entwicklung der\nFairtrade-Standards und die Betreuung der Produzentengruppen verantwortlich.\nFairtrade International ist der Dachverband der nationalen\nFairtrade-Organisationen (unter anderem von TransFair) und der\nProduzenten-Netzwerke.<\/p>\n\n\n\n<p>Die Fairtrade-Standards gelten f\u00fcr alle\nFairtrade-Produzenten und -Arbeiter. Auch die H\u00e4ndler und Unternehmen, die ihre\nProdukte mit dem Fairtrade-Siegel auszeichnen, m\u00fcssen sich an die\nFairtrade-Standards halten. Genauso die anderen Akteure der Lieferketten: wie\nzum Beispiel Importeure, Exporteure und Lizenznehmer.<\/p>\n\n\n\n<p>Fairtrade International unterst\u00fctzt die Produzenten dabei, die Voraussetzungen zu erf\u00fcllen, die Fairtrade-Zertifizierung zu bekommen und schafft f\u00fcr die Bauern-Kooperativen neue Marktchancen. Dabei arbeitet Fairtrade International mit sogenannten \u201eLiaison Officers\u201c zusammen, die vor Ort bei den Produzenten sitzen. Sie unterst\u00fctzen die Produzenten mit Schulungen, Beratungen zur Zertifizierung und dem Kontakt zu H\u00e4ndlern.<\/p>\n\n\n\n<h2 class=\"wp-block-heading\">Was sind Fairtrade-Standards?<\/h2>\n\n\n\n<p>\u00d6konomie, \u00d6kologie und Soziales sind die drei S\u00e4ulen der\nFairtrade-Standards. Sie bilden die Spielregeln des Fairen Handels. Alle\nProduzenten und H\u00e4ndler m\u00fcssen sich an die Standards halten \u2013 nur dann d\u00fcrfen\nihre Produkte mit dem Fairtrade-Siegel ausgezeichnet werden.<\/p>\n\n\n\n<p>Die Standards werden daf\u00fcr entwickelt, das Leben von Kleinbauern sowie Besch\u00e4ftigten auf Plantagen, die in den \u00e4rmsten L\u00e4ndern der Welt leben, nachhaltig zu verbessern. Die Entwicklung der Standards erfolgt durch die Abteilung f\u00fcr Standards von Fairtrade International. Sie werden gemeinsam mit Produzenten, H\u00e4ndlern und Experten entwickelt. Die Fairtrade-Standards bestehen aus Kernanforderungen (\u201eCore indicators\u201c) und sogenannten Entwicklungs-Indikatoren (\u201eDevelopment indicators\u201c). Die Kernanforderungen m\u00fcssen von jeder Produzenten-Gruppe erf\u00fcllt werden, um die Fairtrade-Zertifizierung zu erhalten. Nach der ersten Zertifizierung m\u00fcssen die Produzenten zudem die Entwicklungs-Anforderungen erf\u00fcllen. Diese sind umfangreicher und haben unter anderem das Ziel, die Organisation und die Arbeitsbedingungen der Produzenten zu verbessern, aber auch langfristig wirkende Ma\u00dfnahmen zum Schutz der Umwelt umzusetzen.<\/p>\n\n\n\n<h2 class=\"wp-block-heading\">Was ist alles an FAIR SQUARED Produkten Fairtrade?<\/h2>\n\n\n\n<p>Alle Inhaltstoffe eines Produkts, die es als\nFairtrade-Variante gibt, m\u00fcssen auch als Fairtrade-zertifizierte Zutat in das\nProdukt. Das bedeutet bei Kosmetik-Produkten, dass, wenn es z. B. das f\u00fcr\nKosmetik zu verwendende wertvolle Aprikosenkern\u00f6l irgendwo auf der Welt von\neinem Fairtrade Produzenten gibt, es auch eingesetzt werden muss. Es gibt\nallerdings kosmetische Inhaltsstoffe, die bis heute nicht fair hergestellt\nwerden k\u00f6nnen und darum nicht in den Fairtrade-Prozentwert einflie\u00dfen, der auf\njedem Produkt deklariert wird.<\/p>\n\n\n\n<p>Bei Produkten, die auf der Haut als \u201eLeave-On Produkte\u201c\neinziehen, muss der Fairtrade-Anteil bei mindestens 5 % liegen. Bei Produkten,\ndie man abw\u00e4scht (zum Beispiel Seifen als \u201eRinse-Off Produkte\u201c) liegt er\nmindestens bei 2 %. Das sieht erstmal nicht besonders \u201efair\u201c aus.<\/p>\n\n\n\n<p>Aber: Niemals fair gehandelt wird z. B. der Inhaltsstoff Wasser sein, der bei vielen Kosmetika bis zu 90 % Anteil ausmacht. Auf allen Fairtrade-Kosmetika wird grunds\u00e4tzlich der Fairtrade-Anteil mit Wasser (Nassgewicht) ausgelobt. W\u00fcrde man ihn herausrechnen, w\u00e4re der prozentuale Trockenanteil nat\u00fcrlich viel h\u00f6her. Schade, aber so sind die Fairtrade-Regularien. Ohne Wasser haben FAIR SQUARED Kosmetika einen durchschnittlichen Fairtrade-Anteil von \u00fcber 35 %. Die anderen Prozente machen nat\u00fcrliche Inhaltsstoffe aus, die man f\u00fcr eine gute Kosmetik braucht und die (noch) nicht als Fairtrade-Rohstoffe produziert werden. Wir bleiben dran, denn unser Ziel ist der h\u00f6chstm\u00f6gliche Fairtrade-Anteil ohne Qualit\u00e4tsverlust.<\/p>\n\n\n\n<h2 class=\"wp-block-heading\">Wie werden Fairtrade-Produzenten und -H\u00e4ndler kontrolliert?<\/h2>\n\n\n\n<p>Nachdem die Produzentenorganisationen die\nFairtrade-Zertifizierung erhalten haben, werden sie in einem j\u00e4hrlichen\nRhythmus kontrolliert. Alle drei Jahre muss das Fairtrade-Zertifikat erneuert\nwerden, das mit einer besonders umfangreichen Pr\u00fcfung verbunden ist.<\/p>\n\n\n\n<p>Die Zertifizierungsgesellschaft FLOCERT \u00fcberpr\u00fcft vor Ort,\nob bei Produzenten und H\u00e4ndlern die Fairtrade-Standards eingehalten und die\nsozialen, \u00f6konomischen und \u00f6kologischen Standards erf\u00fcllt werden. Sie\nkontrolliert auch, dass die Produzentenorganisationen den festgelegten\nMindestpreis und die Fairtrade-Pr\u00e4mie ausgezahlt bekommen.<\/p>\n\n\n\n<p>FLOCERT ist das unabh\u00e4ngige Zertifizierungsunternehmen von Fairtrade International. Das Unternehmen zertifiziert Produzenten und H\u00e4ndler in \u00fcber 115 L\u00e4ndern nach den Fairtrade-Standards. Dabei sind Inspektorinnen und Inspektoren in regelm\u00e4\u00dfigen Abst\u00e4nden vor Ort und \u00fcberpr\u00fcfen, ob die Fairtrade-Standards eingehalten werden.<\/p>\n\n\n\n<h2 class=\"wp-block-heading\">Kommt das Geld auch bei den Produzenten an?<\/h2>\n\n\n\n<p>Zun\u00e4chst bezieht FAIR SQUARED alle im fairen Handel\nverf\u00fcgbaren Inhaltsstoffe von Fairtrade-Produzenten, die von der Fair Label\nOrganisation (FLO) regelm\u00e4\u00dfig \u00fcberwacht werden. Dabei wird nicht nur ein\nMindestpreis bezahlt, sondern auch eine zus\u00e4tzliche Pr\u00e4mie, die den Arbeitern\nund deren Familien hilft, ihre Lebensbedingungen zu verbessern.<\/p>\n\n\n\n<p>Die externe \u00dcberwachung durch Fairtrade (FLO) ist f\u00fcr alle\nBeteiligten wichtig, damit der Verbraucher sicher sein kann, dass die\nFairtrade-Gelder auch wirklich vollst\u00e4ndig bei den Betroffenen ankommen. Denn\nTrittbrettfahrer (auch \u201eFairwasher\u201c genannt) gibt es leider auch, bei denen mit\n\u201eFair Trade\u201c oder \u201efair gehandelt\u201c geworben wird, aber leider kein\n\u00fcberpr\u00fcfbares Fairtrade in den Produkten drin ist. Vertrauen schafft hier das\noffizielle Fairtrade-Siegel.<\/p>\n\n\n\n<p>Dar\u00fcber hinaus besuchen wir unsere Produzenten-Partner pers\u00f6nlich und sind nach jeder Reise immer wieder tief beeindruckt, wie sehr Fairtrade die Lebensumst\u00e4nde ver\u00e4ndern kann.<\/p>\n\n\n\n<h2 class=\"wp-block-heading\">Ist fairer Handel wirklich fair?<\/h2>\n\n\n\n<p>Da es unterschiedliche Fair-Trade-Siegelinitiativen gibt und der faire Handel grunds\u00e4tzlich auch von sehr dynamischen weltpolitischen Gegebenheiten laufend beeinflusst wird, bleibt es nicht aus, dass Konsumenten sich fragen, ob fairer Handel wirklich fair ist. Hier eine aktuelle Sammlung der h\u00e4ufigsten Gedanken \/ Kritikpunkte. Es gibt dazu nicht weniger umfassende passende Antworten. Gerne verweisen wir hier erg\u00e4nzend auf die Web Seiten von FLO \/ Max Havelaar<\/p>\n\n\n\n<ul class=\"wp-block-list\"><li>Die Zertifizierungskosten f\u00fcr Produzenten sind zu hoch, welche auch anfallen, obwohl noch kein Abnehmer da ist. Profiteur ist der Zertifizierer, der h\u00e4ufig noch eigene neue Siegel erfindet. Unsere Antwort: Im Fairtrade-System gibt es f\u00fcr finanziell schwache Produzenten \/ Kooperativen einen Fond, der diese Finanzierungsl\u00fccke schlie\u00dfen kann und die Zertifizierungen erm\u00f6glicht.<\/li><li> Die Fairtrade-Lizenzgeb\u00fchr wird auf den Endpreis eines Produktes prozentual bemessen (Kosmetik zum Beispiel 3 %), ohne dass der Fairtrade-Anteil ber\u00fccksichtigt wird. Unsere Antwort: Das ist richtig, aber bei Kosmetik ist dies zum Beispiel zum Vorteil des gesamten Systems, denn die meisten Kosmetika bestehen aus ca. 80 % Wasser, welches nicht Fairtrade beschafft werden kann.<\/li><li> Die Bauern erhalten nur einen Bruchteil des Fairtrade-Aufpreises. Unsere Antwort: Nat\u00fcrlich kann man sich dar\u00fcber beschweren, dass der Handel in Europa bis zu 40 % bis 60 % Netto-Marge f\u00fcr seine Distributionsfunktion verlangt. Dem Fairtrade-Bauern ist es aber egal, denn er m\u00f6chte m\u00f6glichst viele seiner Rohstoffe absetzen. Und dazu braucht er viele H\u00e4ndler in Europa. Der H\u00e4ndler in Europa, sofern kein gut organisierter Filialist, hat es aber auch nicht leicht, denn wenn man seine externen Kosten zusammenrechnet, dann bleibt in der Regel auch recht wenig vom Umsatz \u00fcbrig. Darum ist auch hier der gelebte faire Gedanke wichtig.<\/li><li> Fairwasher k\u00f6nnen nur ein Produkt zertifizieren, anstatt eine ganze Produktion oder Serie. Unsere Antwort: Stimmt, aber Verbraucher entscheiden am Ende selbst, ob sie diesem oder jenem Anbieter vertrauen.<\/li><li> Es gibt auch Wanderarbeiter, die nicht vom Fairtrade-Mindestlohn profitieren k\u00f6nnen. Unsere Antwort: Ja, da ist eine L\u00fccke im Fairtrade-System, an der gearbeitet wird. Bei den FAIR SQUARED Partnerunternehmen trifft es nach unserem heutigen Wissen nicht zu.<\/li><\/ul>\n\n\n\n<p><\/p>\n","protected":false},"excerpt":{"rendered":"<p>FAQ zum Thema Fairer Handel \u201eFair\u201c \u2013 ein vielbenutztes Wort \u2013 was steckt dahinter? In Zusammenhang mit dem Fairen Handel haben sich inzwischen unterschiedliche Begriffe eingeb\u00fcrgert: \u201efairer Handel\u201c: unter fairem Handel versteht man in der Regel das gerechte Verhalten beim Warenaustausch. Hierzu geh\u00f6ren Themen wie Arbeiterrechte, Z\u00f6lle, Subventionen [&hellip;]<\/p>\n","protected":false},"author":5,"featured_media":0,"parent":41,"menu_order":0,"comment_status":"closed","ping_status":"closed","template":"","meta":{"_acf_changed":false,"footnotes":""},"class_list":["post-3982","page","type-page","status-publish","hentry"],"acf":[],"_links":{"self":[{"href":"https:\/\/www.fairsquared.com\/de\/wp-json\/wp\/v2\/pages\/3982","targetHints":{"allow":["GET"]}}],"collection":[{"href":"https:\/\/www.fairsquared.com\/de\/wp-json\/wp\/v2\/pages"}],"about":[{"href":"https:\/\/www.fairsquared.com\/de\/wp-json\/wp\/v2\/types\/page"}],"author":[{"embeddable":true,"href":"https:\/\/www.fairsquared.com\/de\/wp-json\/wp\/v2\/users\/5"}],"replies":[{"embeddable":true,"href":"https:\/\/www.fairsquared.com\/de\/wp-json\/wp\/v2\/comments?post=3982"}],"version-history":[{"count":0,"href":"https:\/\/www.fairsquared.com\/de\/wp-json\/wp\/v2\/pages\/3982\/revisions"}],"up":[{"embeddable":true,"href":"https:\/\/www.fairsquared.com\/de\/wp-json\/wp\/v2\/pages\/41"}],"wp:attachment":[{"href":"https:\/\/www.fairsquared.com\/de\/wp-json\/wp\/v2\/media?parent=3982"}],"curies":[{"name":"wp","href":"https:\/\/api.w.org\/{rel}","templated":true}]}}