{"id":39,"date":"2020-01-20T09:00:55","date_gmt":"2020-01-20T08:00:55","guid":{"rendered":"https:\/\/www.fairsquared.com\/?page_id=39"},"modified":"2025-11-21T17:56:08","modified_gmt":"2025-11-21T16:56:08","slug":"seife","status":"publish","type":"page","link":"https:\/\/www.fairsquared.com\/de\/fair-squared\/seife\/","title":{"rendered":"Seifenproduktion"},"content":{"rendered":"\n<div class=\"wp-block-columns is-layout-flex wp-container-core-columns-is-layout-9d6595d7 wp-block-columns-is-layout-flex\">\n<div class=\"wp-block-column is-layout-flow wp-block-column-is-layout-flow\" style=\"flex-basis:33.33%\">\n<figure class=\"wp-block-image size-large\"><img loading=\"lazy\" decoding=\"async\" width=\"384\" height=\"384\" src=\"https:\/\/www.fairsquared.com\/wp-content\/uploads\/2020\/02\/Kairo.jpg\" alt=\"\" class=\"wp-image-2435\" srcset=\"https:\/\/www.fairsquared.com\/wp-content\/uploads\/2020\/02\/Kairo.jpg 384w, https:\/\/www.fairsquared.com\/wp-content\/uploads\/2020\/02\/Kairo-150x150.jpg 150w\" sizes=\"(max-width: 384px) 100vw, 384px\" \/><figcaption>&#8222;Seifenmeister&#8220; Mohamad Khiro aus Aleppo<\/figcaption><\/figure>\n\n\n\n<figure class=\"wp-block-image size-large\"><img loading=\"lazy\" decoding=\"async\" width=\"384\" height=\"384\" src=\"https:\/\/www.fairsquared.com\/wp-content\/uploads\/2020\/02\/haarseife-stueck-1.jpg\" alt=\"Haarseife, Stueck\" class=\"wp-image-2303\" srcset=\"https:\/\/www.fairsquared.com\/wp-content\/uploads\/2020\/02\/haarseife-stueck-1.jpg 384w, https:\/\/www.fairsquared.com\/wp-content\/uploads\/2020\/02\/haarseife-stueck-1-150x150.jpg 150w\" sizes=\"(max-width: 384px) 100vw, 384px\" \/><\/figure>\n\n\n\n<figure class=\"wp-block-image size-large\"><img loading=\"lazy\" decoding=\"async\" width=\"384\" height=\"384\" src=\"https:\/\/www.fairsquared.com\/wp-content\/uploads\/2020\/02\/aleppostueck.jpg\" alt=\"Aleppo Soap, Block\" class=\"wp-image-2243\" srcset=\"https:\/\/www.fairsquared.com\/wp-content\/uploads\/2020\/02\/aleppostueck.jpg 384w, https:\/\/www.fairsquared.com\/wp-content\/uploads\/2020\/02\/aleppostueck-150x150.jpg 150w\" sizes=\"(max-width: 384px) 100vw, 384px\" \/><\/figure>\n<\/div>\n\n\n\n<div class=\"wp-block-column is-layout-flow wp-block-column-is-layout-flow\" style=\"flex-basis:66.66%\">\n<h1 class=\"wp-block-heading\">Mohamad und die FAIR SQUARED Seifen <\/h1>\n\n\n\n<p>Besser h\u00e4tte es uns nicht treffen k\u00f6nnen \u2013 davon sind wir \u00fcberzeugt! Als wir uns Ende 2018 dazu entschieden, unser Sortiment um handgemachte Seifen aus fair gehandelten Rohstoffen zu erweitern, kam es zu einer dieser schicksalhaften Begegnungen. Denn zu diesem Zeitpunkt hatten wir bereits erste Prototypen unserer Naturseifen hergestellt und waren dabei, detaillierter in die Planung einzusteigen. Wer soll in Zukunft unsere Produktion besetzen, welche Seifenarten sollen das FAIR SQUARED Sortiment erg\u00e4nzen und wie k\u00f6nnen wir das alles m\u00f6glichst nachhaltig und fair gestalten? Diese und \u00e4hnliche Fragen besch\u00e4ftigten uns, als wir eine schicksalhafte Reaktion auf unsere Ausschreibung erhielten, die uns neugierig machte. <\/p>\n\n\n\n<h2 class=\"wp-block-heading\"> DER K\u00d6LNER \u201eALEPPO-MANN\u201c MELDET SICH BEI UNS  <\/h2>\n\n\n\n<p> Ein netter Mensch aus K\u00f6ln wandte sich an uns, dessen Lebenslauf uns sofort in den Bann zog. Mohamad Khiro, der seit ein paar Jahren gemeinsam mit seiner Frau und den sechs Kindern in einem s\u00fcdlichen Stadtteil K\u00f6lns wohnte, bewarb sich. Als wir ihn zu uns einluden, erz\u00e4hlte er uns seine Geschichte, die wir euch nicht vorenthalten m\u00f6chten.  <\/p>\n\n\n\n<h2 class=\"wp-block-heading\"> KRIEGSGEBIET SYRIEN: HERKUNFT DER WELTBER\u00dcHMTEN ALEPPOSEIFE <\/h2>\n\n\n\n<p> Die syrische Stadt Aleppo, aus der Familie Khiro kommt, ist weltweit bekannt f\u00fcr ihre Naturseifenproduktion. Nicht wenige Menschen verbinden daher Aleppo automatisch mit handgemachter Seife. Jedoch ist die Geschichte der Stadt auch unweigerlich mit den B\u00fcrgerkriegsereignissen der letzten Jahre verkn\u00fcpft. Wie viele andere Menschen haben auch Mohamad und seine Familie dies hautnah zu sp\u00fcren bekommen bevor sie sich letztendlich auf den Weg \u00fcber die Zwischenstation Libanon nach Deutschland aufmachten.<\/p>\n\n\n\n<h2 class=\"wp-block-heading\">  VON ALEPPO AUF NACH K\u00d6LN  <\/h2>\n\n\n\n<p>  Auch wenn es etwas klischeebehaftet klingen mag, handelt es sich hierbei um eine wahre Geschichte: In seiner Heimat Aleppo hat Mohamad \u00fcber viele Jahre ein gut florierendes Unternehmen betrieben, das am Ende mit 15 Angestellten Seifen und Reinigungsmittel herstellte und vertrieb. Doch als sich die Ereignisse nach 2011 zunehmend versch\u00e4rften, kam es dazu, dass seine Firma und das Zuhause der Familie vollkommen zerst\u00f6rt wurden. Der Gedanke, das Land zu verlassen, verfestigte sich. \u00dcber einen anderthalb Jahre andauernden Zwischenstopp im Libanon f\u00fchrte sein Weg schlie\u00dflich im Dezember 2013 nach Deutschland. In unserer direkten Nachbarschaft, der Domstadt K\u00f6ln, leben die Khiros nun seit 2015. Was Mohamad betrifft, hat ihn das Thema Seife nie wirklich losgelassen. So gr\u00fcndete er 2017 ein Kleingewerbe, um sich wieder der Alepposeifen-Produktion widmen zu k\u00f6nnen. Aber das war nur der Anfang \u2026  <\/p>\n\n\n\n<h2 class=\"wp-block-heading\"> SO F\u00dcHRTE EINS ZUM ANDEREN  <\/h2>\n\n\n\n<p>  Seit Anfang 2019 ist Mohamad nun fester Bestandteil unseres Teams. Wir h\u00e4tten es ehrlich gesagt selbst kaum glauben k\u00f6nnen, w\u00e4re er nicht pers\u00f6nlich zum richtigen Zeitpunkt bei uns erschienen. Bei FAIR SQUARED kann Mohamad genau das wieder tun, was er in Syrien viele Jahre mit gro\u00dfem Engagement tat. Gleichzeitig sind wir als Team total gl\u00fccklich dar\u00fcber, dass er zu uns gesto\u00dfen ist.  <\/p>\n\n\n\n<h2 class=\"wp-block-heading\">  UND WAS MACHT MOHAMAD JETZT GENAU BEI UNS?  <\/h2>\n\n\n\n<p> In traditioneller Handwerkskunst fertig Mohamad \u2013 den wir liebevoll \u201eAleppo Man\u201c nennen \u2013 die ber\u00fchmte syrische Kernseife, die keine Parf\u00fcmstoffe, k\u00fcnstlichen Aromen oder Farb- sowie Konservierungsstoffe enth\u00e4lt. Und da er sie f\u00fcr uns als Fairtrade-Unternehmen produziert, nutzen wir selbstverst\u00e4ndlich ausschlie\u00dflich Fairtrade-Oliven\u00f6l und hochwertiges Lorbeer\u00f6l aus biologischem Anbau.  <\/p>\n\n\n\n<h2 class=\"wp-block-heading\"> HANDGEMACHTE FAIRTRADE-SEIFEN AUS DEM RHEINLAND  <\/h2>\n\n\n\n<p>  Neben der traditionellen syrischen Naturseife produziert Mohamad f\u00fcr uns auch noch andere Arten fester Seifen, u. a. die FAIR SQUARED K\u00f6lschseife mit Bio-Bier der Brauerei Heller. Diese ist als Haarseife erdacht und wirkt je nach Zusammenstellung besonders pflegend f\u00fcr die unterschiedlichen Haar- und Kopfhauttypen. Die zugrundeliegende Idee unserer Bierseifen ist, dass bereits in vergangenen Zeiten das hopfenhaltige Getr\u00e4nk aufgrund seines hohen Gehalts an Mineralstoffen und Spurenelementen als Hausmittel zur Haut- und Haarpflege genutzt wurde. Ihm werden wahre Wunderwirkungen nachgesagt. Ganz so wundervoll wie der Gedanke an unsere pers\u00f6nliche F\u00fcgung.  <\/p>\n<\/div>\n<\/div>\n\n\n\n<h2 class=\"wp-block-heading\"> <\/h2>\n\n\n\n<p> <\/p>\n\n\n\n<p> <\/p>\n\n\n\n<p><\/p>\n","protected":false},"excerpt":{"rendered":"<p>Mohamad und die FAIR SQUARED Seifen Besser h\u00e4tte es uns nicht treffen k\u00f6nnen \u2013 davon sind wir \u00fcberzeugt! Als wir uns Ende 2018 dazu entschieden, unser Sortiment um handgemachte Seifen aus fair gehandelten Rohstoffen zu erweitern, kam es zu einer dieser schicksalhaften Begegnungen. Denn zu diesem Zeitpunkt hatten [&hellip;]<\/p>\n","protected":false},"author":5,"featured_media":0,"parent":11,"menu_order":12,"comment_status":"closed","ping_status":"closed","template":"","meta":{"_acf_changed":false,"footnotes":""},"class_list":["post-39","page","type-page","status-publish","hentry"],"acf":[],"_links":{"self":[{"href":"https:\/\/www.fairsquared.com\/de\/wp-json\/wp\/v2\/pages\/39","targetHints":{"allow":["GET"]}}],"collection":[{"href":"https:\/\/www.fairsquared.com\/de\/wp-json\/wp\/v2\/pages"}],"about":[{"href":"https:\/\/www.fairsquared.com\/de\/wp-json\/wp\/v2\/types\/page"}],"author":[{"embeddable":true,"href":"https:\/\/www.fairsquared.com\/de\/wp-json\/wp\/v2\/users\/5"}],"replies":[{"embeddable":true,"href":"https:\/\/www.fairsquared.com\/de\/wp-json\/wp\/v2\/comments?post=39"}],"version-history":[{"count":1,"href":"https:\/\/www.fairsquared.com\/de\/wp-json\/wp\/v2\/pages\/39\/revisions"}],"predecessor-version":[{"id":19221,"href":"https:\/\/www.fairsquared.com\/de\/wp-json\/wp\/v2\/pages\/39\/revisions\/19221"}],"up":[{"embeddable":true,"href":"https:\/\/www.fairsquared.com\/de\/wp-json\/wp\/v2\/pages\/11"}],"wp:attachment":[{"href":"https:\/\/www.fairsquared.com\/de\/wp-json\/wp\/v2\/media?parent=39"}],"curies":[{"name":"wp","href":"https:\/\/api.w.org\/{rel}","templated":true}]}}