{"id":37,"date":"2020-01-20T09:00:29","date_gmt":"2020-01-20T08:00:29","guid":{"rendered":"https:\/\/www.fairsquared.com\/?page_id=37"},"modified":"2025-11-21T17:48:37","modified_gmt":"2025-11-21T16:48:37","slug":"prinzipien","status":"publish","type":"page","link":"https:\/\/www.fairsquared.com\/de\/fair-squared\/prinzipien\/","title":{"rendered":"Prinzipien"},"content":{"rendered":"\n<div class=\"wp-block-columns is-layout-flex wp-container-core-columns-is-layout-9d6595d7 wp-block-columns-is-layout-flex\">\n<div class=\"wp-block-column is-layout-flow wp-block-column-is-layout-flow\" style=\"flex-basis:33.33%\">\n<figure class=\"wp-block-image size-large\"><img loading=\"lazy\" decoding=\"async\" width=\"384\" height=\"270\" src=\"https:\/\/www.fairsquared.com\/wp-content\/uploads\/2020\/02\/FSQ_claim.jpg\" alt=\"FAIR SQUARED It's in your hands\" class=\"wp-image-2393\"\/><\/figure>\n<\/div>\n\n\n\n<div class=\"wp-block-column is-layout-flow wp-block-column-is-layout-flow\" style=\"flex-basis:66.66%\">\n<h1 class=\"wp-block-heading\">Daf\u00fcr steht FAIR SQUARED<\/h1>\n\n\n\n<p>FAIR SQUARED ist eine in Deutschland registrierte GmbH mit Sitz in K\u00f6ln. Die Anteile der Firma sind in Familienbesitz und weder ein Konzern noch Finanzinvestor ist an der FAIR SQUARED direkt oder indirekt beteiligt. Unsere Verwaltung und Lager befinden sich in K\u00f6ln-Marsdorf auf einer angemieteten Fl\u00e4che von 700 qm\u00b2. Weitere Lagerkapazit\u00e4t wird uns extern von unserem Logistikdienstleister flexibel zur Verf\u00fcgung gestellt.<\/p>\n\n\n\n<h2 class=\"wp-block-heading\">Transparenz, hohe Sozial- und Umweltstandards<\/h2>\n\n\n\n<p>Unsere gesch\u00e4ftlichen Prinzipien basieren auf Transparenz, Sozial- und Umweltvertr\u00e4glichkeit, Tierschutz und Solidarit\u00e4t mit den Menschen in benachteiligten Regionen dieser Erde. Damit die Schritte, die wir gehen, f\u00fcr jede Person nachvollziehbar sind, haben wir uns bereits fr\u00fch mit international angesehenen Siegelinitiativen zusammengetan, die unsere Arbeitsschritte und Lieferketten regelm\u00e4\u00dfig \u00fcberpr\u00fcfen. Lies an dieser Stelle, mit welchen <a href=\"http:\/\/fairsquared.com\/de\/partner\/zertifikate\/\">Siegelpartnern<\/a> FAIR SQUARED zusammenarbeit.<\/p>\n\n\n\n<h2 class=\"wp-block-heading\">Gleichberechtigte Partner, langfristige Vertr\u00e4ge<\/h2>\n\n\n\n<p>Die internationalen exklusiven Vertriebspartner der FAIR SQUARED sind ebenso selbstst\u00e4ndige Familienunternehmen, die mit Naturkost, Naturkosmetik oder \u00f6kologisch wertvollen Produkten handeln. Die FAIR SQUARED Produktionspartner sind wirtschaftlich nicht von der FAIR SQUARED GmbH abh\u00e4ngig. Wir verhandeln auf Augenh\u00f6he, behandeln unsere Partner mit Respekt und stehen mit ihnen in einem ehrlichen Dialog. Dies resultiert in langfristigen Vertr\u00e4gen, die mehr Gerechtigkeit im internationalen Handel umsetzen. <\/p>\n\n\n\n<h2 class=\"wp-block-heading\">Eigene Rezepturen und hoher kreativer Output<\/h2>\n\n\n\n<p>Die Rezepturen der Produkte befinden sich im Eigentum der Firma. Halbj\u00e4hrlich entwickelt FAIR SQUARED 5-8 Neuheiten, die im Februar und September jeden Jahres vorgestellt werden. Die Marke FAIR SQUARED ist in vielen L\u00e4ndern dieser Erde ein eingetragenes Warenzeichen. <\/p>\n\n\n\n<p><\/p>\n<\/div>\n<\/div>\n","protected":false},"excerpt":{"rendered":"<p>Daf\u00fcr steht FAIR SQUARED FAIR SQUARED ist eine in Deutschland registrierte GmbH mit Sitz in K\u00f6ln. Die Anteile der Firma sind in Familienbesitz und weder ein Konzern noch Finanzinvestor ist an der FAIR SQUARED direkt oder indirekt beteiligt. Unsere Verwaltung und Lager befinden sich in K\u00f6ln-Marsdorf auf einer [&hellip;]<\/p>\n","protected":false},"author":2,"featured_media":0,"parent":11,"menu_order":10,"comment_status":"closed","ping_status":"closed","template":"","meta":{"_acf_changed":false,"footnotes":""},"class_list":["post-37","page","type-page","status-publish","hentry"],"acf":[],"_links":{"self":[{"href":"https:\/\/www.fairsquared.com\/de\/wp-json\/wp\/v2\/pages\/37","targetHints":{"allow":["GET"]}}],"collection":[{"href":"https:\/\/www.fairsquared.com\/de\/wp-json\/wp\/v2\/pages"}],"about":[{"href":"https:\/\/www.fairsquared.com\/de\/wp-json\/wp\/v2\/types\/page"}],"author":[{"embeddable":true,"href":"https:\/\/www.fairsquared.com\/de\/wp-json\/wp\/v2\/users\/2"}],"replies":[{"embeddable":true,"href":"https:\/\/www.fairsquared.com\/de\/wp-json\/wp\/v2\/comments?post=37"}],"version-history":[{"count":1,"href":"https:\/\/www.fairsquared.com\/de\/wp-json\/wp\/v2\/pages\/37\/revisions"}],"predecessor-version":[{"id":19219,"href":"https:\/\/www.fairsquared.com\/de\/wp-json\/wp\/v2\/pages\/37\/revisions\/19219"}],"up":[{"embeddable":true,"href":"https:\/\/www.fairsquared.com\/de\/wp-json\/wp\/v2\/pages\/11"}],"wp:attachment":[{"href":"https:\/\/www.fairsquared.com\/de\/wp-json\/wp\/v2\/media?parent=37"}],"curies":[{"name":"wp","href":"https:\/\/api.w.org\/{rel}","templated":true}]}}