{"id":33,"date":"2020-01-20T08:59:55","date_gmt":"2020-01-20T07:59:55","guid":{"rendered":"https:\/\/www.fairsquared.com\/?page_id=33"},"modified":"2024-01-24T19:23:08","modified_gmt":"2024-01-24T18:23:08","slug":"ueber-uns","status":"publish","type":"page","link":"https:\/\/www.fairsquared.com\/de\/fair-squared\/ueber-uns\/","title":{"rendered":"\u00dcber uns"},"content":{"rendered":"\n<div class=\"wp-block-columns is-layout-flex wp-container-core-columns-is-layout-9d6595d7 wp-block-columns-is-layout-flex\">\n<div class=\"wp-block-column is-layout-flow wp-block-column-is-layout-flow\" style=\"flex-basis:33.33%\">\n<figure class=\"wp-block-image size-large\"><img loading=\"lazy\" decoding=\"async\" width=\"384\" height=\"384\" src=\"https:\/\/www.fairsquared.com\/wp-content\/uploads\/2020\/02\/Oliver_Gothe.jpg\" alt=\"Oliver Gothe\" class=\"wp-image-2387\" srcset=\"https:\/\/www.fairsquared.com\/wp-content\/uploads\/2020\/02\/Oliver_Gothe.jpg 384w, https:\/\/www.fairsquared.com\/wp-content\/uploads\/2020\/02\/Oliver_Gothe-150x150.jpg 150w\" sizes=\"(max-width: 384px) 100vw, 384px\" \/><\/figure>\n<\/div>\n\n\n\n<div class=\"wp-block-column is-layout-flow wp-block-column-is-layout-flow\" style=\"flex-basis:66.66%\">\n<h1 class=\"wp-block-heading\">Wieso eigentlich FAIR SQUARED? Was hinter dem Namen steckt.<\/h1>\n\n\n\n<p>Eine Frage, die wir nicht selten gestellt bekommen, ist die nach unserem Namen. H\u00e4ufig stolpert auch der eine oder die andere \u00fcber ihn. Und das, obwohl wir bei der Gr\u00fcndung damals dachten, es w\u00e4re intuitiv und logisch. Aber wie jeder wei\u00df, kann man sich bei sowas schnell vertun. \ud83d\ude09 Nun ja, \u00fcbersetzt bedeutet FAIR SQUARED schlichtweg FAIR<sup>2<\/sup>, also FAIR zum Quadrat. Es gibt mittlerweile mehrere Ideen, die alle zum definierten Ziel passen, n\u00e4mlich: Wir m\u00f6chten das Bestm\u00f6gliche f\u00fcr unsere Partner*innen \u00fcberall auf der Welt erreichen. Und weil wir nach einigen Jahren wissen, dass Fair Trade wirklich wirkt, tragen wir nach wie vor das Fair im Namen mit Stolz. Genauso wie damals bei der Gr\u00fcndung, haben wir die Internationalit\u00e4t unserer Marke beibehalten und setzen uns f\u00fcr l\u00fcckenlose Transparenz und kreative Ideen ein.<\/p>\n\n\n\n<h2 class=\"wp-block-heading\">Fair im Team \u2013 das sind wir <\/h2>\n\n\n\n<p> Faire Handelsbeziehungen, \u00f6kologische Verantwortung und ein konsequentes Nein zu Kinderarbeit und Tierversuchen \u2013 Fairness findet f\u00fcr uns auf allen Ebenen statt. Was f\u00fcr uns noch zu FAIR SQUARED geh\u00f6rt? Ein multikulturelles, engagiertes Team mit dem Anspruch, die Welt ein kleines bisschen besser zu machen. So b\u00fcndeln wir nicht nur diese, sondern weitere ganz wundervolle F\u00e4higkeiten in einem Unternehmen und sind stolz darauf, dass sich so charmante Menschen wie unsere Mitarbeiter*innen gemeinsam f\u00fcr die gute Sache einsetzen. <\/p>\n<\/div>\n<\/div>\n\n\n\n<h2 class=\"wp-block-heading\"><\/h2>\n\n\n\n<p><\/p>\n","protected":false},"excerpt":{"rendered":"<p>Wieso eigentlich FAIR SQUARED? Was hinter dem Namen steckt. Eine Frage, die wir nicht selten gestellt bekommen, ist die nach unserem Namen. H\u00e4ufig stolpert auch der eine oder die andere \u00fcber ihn. Und das, obwohl wir bei der Gr\u00fcndung damals dachten, es w\u00e4re intuitiv und logisch. Aber wie [&hellip;]<\/p>\n","protected":false},"author":2,"featured_media":0,"parent":11,"menu_order":1,"comment_status":"closed","ping_status":"closed","template":"","meta":{"_acf_changed":false,"footnotes":""},"class_list":["post-33","page","type-page","status-publish","hentry"],"acf":[],"_links":{"self":[{"href":"https:\/\/www.fairsquared.com\/de\/wp-json\/wp\/v2\/pages\/33","targetHints":{"allow":["GET"]}}],"collection":[{"href":"https:\/\/www.fairsquared.com\/de\/wp-json\/wp\/v2\/pages"}],"about":[{"href":"https:\/\/www.fairsquared.com\/de\/wp-json\/wp\/v2\/types\/page"}],"author":[{"embeddable":true,"href":"https:\/\/www.fairsquared.com\/de\/wp-json\/wp\/v2\/users\/2"}],"replies":[{"embeddable":true,"href":"https:\/\/www.fairsquared.com\/de\/wp-json\/wp\/v2\/comments?post=33"}],"version-history":[{"count":0,"href":"https:\/\/www.fairsquared.com\/de\/wp-json\/wp\/v2\/pages\/33\/revisions"}],"up":[{"embeddable":true,"href":"https:\/\/www.fairsquared.com\/de\/wp-json\/wp\/v2\/pages\/11"}],"wp:attachment":[{"href":"https:\/\/www.fairsquared.com\/de\/wp-json\/wp\/v2\/media?parent=33"}],"curies":[{"name":"wp","href":"https:\/\/api.w.org\/{rel}","templated":true}]}}