{"id":27,"date":"2020-01-20T08:57:11","date_gmt":"2020-01-20T07:57:11","guid":{"rendered":"https:\/\/www.fairsquared.com\/?page_id=27"},"modified":"2025-03-07T19:22:35","modified_gmt":"2025-03-07T18:22:35","slug":"kontakt","status":"publish","type":"page","link":"https:\/\/www.fairsquared.com\/de\/kontakt\/","title":{"rendered":"Kontakt"},"content":{"rendered":"\n<div class=\"wp-block-columns is-layout-flex wp-container-core-columns-is-layout-9d6595d7 wp-block-columns-is-layout-flex\">\n<div class=\"wp-block-column is-layout-flow wp-block-column-is-layout-flow\" style=\"flex-basis:33.33%\"><\/div>\n\n\n\n<div class=\"wp-block-column is-layout-flow wp-block-column-is-layout-flow\" style=\"flex-basis:66.66%\">\n<h1 class=\"wp-block-heading\">Wir stehen f\u00fcr deine Fragen zur Verf\u00fcgung.<\/h1>\n\n\n\n<p>Du bist Pressevertreter*in und h\u00e4ttest gerne Informationen zu unseren Produkten? Du bist H\u00e4ndler*in und m\u00f6chtest FAIR SQUARED in dein Sortiment aufnehmen? Oder hast du einfach nur eine Frage?<\/p>\n\n\n\n<div class=\"wp-block-buttons is-layout-flex wp-block-buttons-is-layout-flex\">\n<div class=\"wp-block-button\"><a class=\"wp-block-button__link wp-element-button\" href=\"&#x6d;&#x61;&#105;lt&#x6f;&#x3a;&#105;&#110;f&#x6f;&#x40;&#102;&#97;i&#x72;&#x73;&#x71;&#117;ar&#x65;&#x64;&#46;&#99;o&#x6d;\">Kontaktiere uns<\/a><\/div>\n<\/div>\n\n\n\n<div style=\"height:40px\" aria-hidden=\"true\" class=\"wp-block-spacer\"><\/div>\n\n\n\n<p>E-Mail: <a href=\"ma&#105;&#108;&#116;&#111;&#x3a;&#x69;&#x6e;&#x66;&#x6f;&#64;f&#97;&#105;&#114;&#115;&#x71;&#x75;&#x61;&#x72;&#x65;d&#46;&#99;&#111;&#109;\">&#x69;&#x6e;&#x66;&#111;&#64;fa&#x69;&#x72;&#x73;&#113;&#117;ar&#x65;&#x64;&#x2e;&#99;&#111;m<\/a><br>Telefon: <a href=\"tel:+4922349296600\">+49 (0) 2234 \u2013 9296600<\/a><br>Fax: +49 (0) 2234 \u2013 9296690<\/p>\n\n\n\n<p><strong>Wir freuen uns auf deine Kontaktaufnahme!<\/strong><\/p>\n<\/div>\n<\/div>\n","protected":false},"excerpt":{"rendered":"<p>Wir stehen f\u00fcr deine Fragen zur Verf\u00fcgung. Du bist Pressevertreter*in und h\u00e4ttest gerne Informationen zu unseren Produkten? Du bist H\u00e4ndler*in und m\u00f6chtest FAIR SQUARED in dein Sortiment aufnehmen? Oder hast du einfach nur eine Frage? E-Mail: &#x69;n&#x66;o&#x40;&#102;&#x61;&#105;r&#x73;q&#x75;&#97;&#x72;&#101;&#x64;&#46;c&#x6f;mTelefon: +49 (0) 2234 \u2013 9296600Fax: +49 (0) 2234 \u2013 9296690 Wir [&hellip;]<\/p>\n","protected":false},"author":5,"featured_media":0,"parent":0,"menu_order":12,"comment_status":"closed","ping_status":"closed","template":"","meta":{"_acf_changed":false,"footnotes":""},"class_list":["post-27","page","type-page","status-publish","hentry"],"acf":[],"_links":{"self":[{"href":"https:\/\/www.fairsquared.com\/de\/wp-json\/wp\/v2\/pages\/27","targetHints":{"allow":["GET"]}}],"collection":[{"href":"https:\/\/www.fairsquared.com\/de\/wp-json\/wp\/v2\/pages"}],"about":[{"href":"https:\/\/www.fairsquared.com\/de\/wp-json\/wp\/v2\/types\/page"}],"author":[{"embeddable":true,"href":"https:\/\/www.fairsquared.com\/de\/wp-json\/wp\/v2\/users\/5"}],"replies":[{"embeddable":true,"href":"https:\/\/www.fairsquared.com\/de\/wp-json\/wp\/v2\/comments?post=27"}],"version-history":[{"count":0,"href":"https:\/\/www.fairsquared.com\/de\/wp-json\/wp\/v2\/pages\/27\/revisions"}],"wp:attachment":[{"href":"https:\/\/www.fairsquared.com\/de\/wp-json\/wp\/v2\/media?parent=27"}],"curies":[{"name":"wp","href":"https:\/\/api.w.org\/{rel}","templated":true}]}}