{"id":19,"date":"2020-01-20T08:56:16","date_gmt":"2020-01-20T07:56:16","guid":{"rendered":"https:\/\/www.fairsquared.com\/?page_id=19"},"modified":"2025-11-21T17:35:51","modified_gmt":"2025-11-21T16:35:51","slug":"shop","status":"publish","type":"page","link":"https:\/\/www.fairsquared.com\/de\/shop\/","title":{"rendered":"Shop"},"content":{"rendered":"\n<div style=\"height:50px\" aria-hidden=\"true\" class=\"wp-block-spacer\"><\/div>\n\n\n\n<p class=\"has-medium-font-size\"><strong>Yes, we are open!<\/strong><\/p>\n\n\n\n<div style=\"height:50px\" aria-hidden=\"true\" class=\"wp-block-spacer\"><\/div>\n\n\n\n<div class=\"wp-block-columns is-layout-flex wp-container-core-columns-is-layout-9d6595d7 wp-block-columns-is-layout-flex\">\n<div class=\"wp-block-column is-layout-flow wp-block-column-is-layout-flow\" style=\"flex-basis:33.33%\">\n<figure class=\"wp-block-image size-large\"><img loading=\"lazy\" decoding=\"async\" width=\"384\" height=\"497\" src=\"https:\/\/www.fairsquared.com\/wp-content\/uploads\/2020\/02\/open.jpg\" alt=\"yes, we are open\" class=\"wp-image-3711\"\/><\/figure>\n<\/div>\n\n\n\n<div class=\"wp-block-column is-layout-flow wp-block-column-is-layout-flow\" style=\"flex-basis:66.66%\">\n<h1 class=\"wp-block-heading\"><strong>Unsere FAIR SQUARED Shops f\u00fcr deine Bestellung<\/strong><\/h1>\n\n\n\n<p>An dieser Stelle m\u00f6chten wir dir die Chance geben, unsere FAIR SQUARED Produkte auch direkt zu kaufen \u2013 entweder als H\u00e4ndler*in oder f\u00fcr dich selbst. In beiden F\u00e4llen bieten wir einen Onlineshop, eine Menge nachhaltiger Produkte und einen rundum durchdachten Kundenservice. F\u00fcr unsere B2B-Kund*innen haben wir ein paar zus\u00e4tzliche <a href=\"https:\/\/www.fairsquared.com\/de\/handel\/\">H\u00e4ndler-Infos<\/a> hinterlegt.<\/p>\n\n\n\n<div style=\"height:30px\" aria-hidden=\"true\" class=\"wp-block-spacer\"><\/div>\n\n\n\n<p><strong>Besuch einfach direkt den entsprechenden Shop f\u00fcr deine Bestellung:<\/strong><\/p>\n\n\n\n<div style=\"height:15px\" aria-hidden=\"true\" class=\"wp-block-spacer\"><\/div>\n\n\n\n<h2 class=\"wp-block-heading\">Du bist Endverbraucher*in<\/h2>\n\n\n\n<div class=\"wp-block-buttons is-layout-flex wp-block-buttons-is-layout-flex\">\n<div class=\"wp-block-button\"><a class=\"wp-block-button__link wp-element-button\" href=\"https:\/\/fair2.me\/\" target=\"_blank\" rel=\"noreferrer noopener\">Shop fair2.me<\/a><\/div>\n<\/div>\n\n\n\n<div style=\"height:45px\" aria-hidden=\"true\" class=\"wp-block-spacer\"><\/div>\n\n\n\n<h2 class=\"wp-block-heading\">Du bist H\u00e4ndler*in<\/h2>\n\n\n\n<div class=\"wp-block-buttons is-layout-flex wp-block-buttons-is-layout-flex\">\n<div class=\"wp-block-button\"><a class=\"wp-block-button__link wp-element-button\" href=\"https:\/\/shop.fairsquared.info\/\" target=\"_blank\" rel=\"noreferrer noopener\">Shop fairsquared.info<\/a><\/div>\n<\/div>\n\n\n\n<div style=\"height:60px\" aria-hidden=\"true\" class=\"wp-block-spacer\"><\/div>\n\n\n\n<p><\/p>\n<\/div>\n<\/div>\n\n\n\n<div class=\"wp-block-columns is-layout-flex wp-container-core-columns-is-layout-9d6595d7 wp-block-columns-is-layout-flex\">\n<div class=\"wp-block-column is-layout-flow wp-block-column-is-layout-flow\" style=\"flex-basis:33.33%\">\n<figure class=\"wp-block-image size-large\"><img loading=\"lazy\" decoding=\"async\" width=\"384\" height=\"384\" src=\"https:\/\/www.fairsquared.com\/wp-content\/uploads\/2021\/04\/spender.jpg\" alt=\"Creme-Spender\" class=\"wp-image-13561\" srcset=\"https:\/\/www.fairsquared.com\/wp-content\/uploads\/2021\/04\/spender.jpg 384w, https:\/\/www.fairsquared.com\/wp-content\/uploads\/2021\/04\/spender-150x150.jpg 150w\" sizes=\"(max-width: 384px) 100vw, 384px\" \/><\/figure>\n<\/div>\n\n\n\n<div class=\"wp-block-column is-layout-flow wp-block-column-is-layout-flow\" style=\"flex-basis:66.66%\">\n<h1 class=\"wp-block-heading\">Die FAIR SQUARED Beauty Bar in Deiner N\u00e4he<\/h1>\n\n\n\n<p>Mit diesem neuen Service f\u00fcr Dich sind wir gerade an den Start gegangen.  Die Beauty-Bar-Standorte pflegen wir z\u00fcgig ein, so dass sicherlich auch bald ganz in Deiner N\u00e4he eine FAIR SQUARED Beauty Bar zu finden ist.<\/p>\n\n\n\n<div style=\"height:50px\" aria-hidden=\"true\" class=\"wp-block-spacer\"><\/div>\n\n\n\n<div class=\"wp-block-buttons is-layout-flex wp-block-buttons-is-layout-flex\">\n<div class=\"wp-block-button\"><a class=\"wp-block-button__link wp-element-button\" href=\"https:\/\/www.fairsquared.com\/de\/shop\/shop-locator\/\">SHOP LOCATOR<\/a><\/div>\n<\/div>\n<\/div>\n<\/div>\n\n\n\n<p>Wenn du dar\u00fcber hinaus noch R\u00fcckfragen hast, <a href=\"https:\/\/www.fairsquared.com\/de\/kontakt\/\" data-type=\"page\" data-id=\"27\">melde dich bei uns<\/a>. Wir helfen dir gerne weiter.<\/p>\n\n\n\n<div style=\"height:50px\" aria-hidden=\"true\" class=\"wp-block-spacer\"><\/div>\n\n\n\n<h2 class=\"wp-block-heading\">FAIR SQUARED H\u00e4ndler-Infos<\/h2>\n\n\n\n<div style=\"height:50px\" aria-hidden=\"true\" class=\"wp-block-spacer\"><\/div>\n\n\n\n<div class=\"wp-block-columns is-layout-flex wp-container-core-columns-is-layout-9d6595d7 wp-block-columns-is-layout-flex\">\n<div class=\"wp-block-column is-layout-flow wp-block-column-is-layout-flow\" style=\"flex-basis:33.33%\">\n<figure class=\"wp-block-image size-large\"><img loading=\"lazy\" decoding=\"async\" width=\"384\" height=\"497\" src=\"https:\/\/www.fairsquared.com\/wp-content\/uploads\/2020\/02\/B2B-1.jpg\" alt=\"Handel - B2B\" class=\"wp-image-3708\"\/><\/figure>\n<\/div>\n\n\n\n<div class=\"wp-block-column is-layout-flow wp-block-column-is-layout-flow\" style=\"flex-basis:66.66%\">\n<h2 class=\"wp-block-heading\"> FAIR SQUARED auch in deinem Gesch\u00e4ft?<\/h2>\n\n\n\n<p>Du bist daran interessiert, FAIR SQUARED Produkte deinen Kund*innen anzubieten? Am einfachsten ist es, diese \u00fcber unseren B2B-Webshop zu bestellen. Dort haben wir f\u00fcr dich alle Neuheiten, deine Einkaufskonditionen und POS-Materialien hinterlegt. <\/p>\n\n\n\n<div style=\"height:50px\" aria-hidden=\"true\" class=\"wp-block-spacer\"><\/div>\n\n\n\n<h2 class=\"wp-block-heading\"> Unser B2B-Shop im Netz<\/h2>\n\n\n\n<p>Bitte gehe dazu auf&nbsp;shop.fairsquared.info&nbsp;und melde dich erstmalig unter \u201eAnmelden\u201c oben rechts an, wir schalten dich innerhalb von 24 Stunden frei und senden dir eine Best\u00e4tigungs-E-Mail.<br>Wenn du erst einmal einen Katalog anfordern m\u00f6chten, schreib uns \u00fcber das Kontaktformular eine E-Mail. Als digitale&nbsp;Katalog-Version&nbsp;kannst du ihn sogar direkt runterladen. <\/p>\n\n\n\n<div class=\"wp-block-button is-style-outline aligncenter is-style-outline--1\"><a class=\"wp-block-button__link wp-element-button\" href=\"https:\/\/shop.fairsquared.info\/\">FAIR SQUARED B2B-Shop<\/a><\/div>\n\n\n\n<div style=\"height:20px\" aria-hidden=\"true\" class=\"wp-block-spacer\"><\/div>\n\n\n\n<div class=\"wp-block-button is-style-outline aligncenter is-style-outline--2\"><a class=\"wp-block-button__link wp-element-button\" href=\"https:\/\/www.fairsquared.com\/de\/katalog\/\">Hier geht&#8217;s zum Katalog<\/a><\/div>\n\n\n\n<div style=\"height:80px\" aria-hidden=\"true\" class=\"wp-block-spacer\"><\/div>\n\n\n\n<h2 class=\"wp-block-heading\">FAIR SQUARED international<\/h2>\n\n\n\n<p>In vielen europ\u00e4ischen L\u00e4ndern gibt es mittlerweile unsere Produkte. Wenn du als H\u00e4nder*in zum internationalen Team von FAIR SQUARED geh\u00f6ren m\u00f6chtest, meld dich bei uns. Gerne unterst\u00fctzen wir dich auf Wunsch auch mit geeigneten Marketingmaterialien f\u00fcr deinen gelungenen Auftritt.<\/p>\n\n\n\n<p>Wir w\u00fcrden uns freuen, wenn du uns als Lieferant w\u00e4hlst und FAIR SQUARED Produkte deinen Kund*innen verf\u00fcgbar machst. <\/p>\n\n\n\n<div style=\"height:50px\" aria-hidden=\"true\" class=\"wp-block-spacer\"><\/div>\n\n\n\n<h2 class=\"wp-block-heading\">Let&#8217;s go zero waste!<\/h2>\n\n\n\n<p>Du bist bereits einer unseren gl\u00fccklichen Kund*innen und nimmst am Zero-Waste-System teil, hast aber noch R\u00fcckfragen? Die h\u00e4ufigsten davon beantworten wir in unserem&nbsp;<a rel=\"noreferrer noopener\" aria-label=\" (opens in a new tab)\" href=\"https:\/\/www.fairsquared.com\/de\/fair-squared\/faq\/zero-waste\/\" target=\"_blank\">FAQ-Bereich<\/a>. Falls eine unbeantwortet bleibt, melde dich gerne per E-Mail oder Anruf bei uns.<\/p>\n\n\n\n<div style=\"height:50px\" aria-hidden=\"true\" class=\"wp-block-spacer\"><\/div>\n\n\n\n<h2 class=\"wp-block-heading\">FAIR SQUARED Retourenschein zum Download<\/h2>\n\n\n\n<p>Wenn du uns deine gesammelten Gl\u00e4schen zur\u00fcckschicken m\u00f6chten, lege uns das ausgef\u00fcllte&nbsp;Retouren-Formular&nbsp;gemeinsam mit den Gef\u00e4\u00dfen in die Sendung. Das gesamte FAIR SQUARED Team sagt \u201eVielen Dank\u201c! <\/p>\n\n\n\n<div class=\"wp-block-button is-style-outline aligncenter is-style-outline--3\"><a class=\"wp-block-button__link wp-element-button\" href=\"https:\/\/www.fairsquared.com\/wp-content\/uploads\/2025\/02\/2025-FSQ-BEAUTYBAR-Ruecknahmeschein-DE.pdf\">Retouren-Formular<\/a><\/div>\n<\/div>\n<\/div>\n","protected":false},"excerpt":{"rendered":"<p>Yes, we are open! Unsere FAIR SQUARED Shops f\u00fcr deine Bestellung An dieser Stelle m\u00f6chten wir dir die Chance geben, unsere FAIR SQUARED Produkte auch direkt zu kaufen \u2013 entweder als H\u00e4ndler*in oder f\u00fcr dich selbst. In beiden F\u00e4llen bieten wir einen Onlineshop, eine Menge nachhaltiger Produkte und [&hellip;]<\/p>\n","protected":false},"author":2,"featured_media":0,"parent":0,"menu_order":6,"comment_status":"closed","ping_status":"closed","template":"page-noheroimage.php","meta":{"_acf_changed":false,"footnotes":""},"class_list":["post-19","page","type-page","status-publish","hentry"],"acf":[],"_links":{"self":[{"href":"https:\/\/www.fairsquared.com\/de\/wp-json\/wp\/v2\/pages\/19","targetHints":{"allow":["GET"]}}],"collection":[{"href":"https:\/\/www.fairsquared.com\/de\/wp-json\/wp\/v2\/pages"}],"about":[{"href":"https:\/\/www.fairsquared.com\/de\/wp-json\/wp\/v2\/types\/page"}],"author":[{"embeddable":true,"href":"https:\/\/www.fairsquared.com\/de\/wp-json\/wp\/v2\/users\/2"}],"replies":[{"embeddable":true,"href":"https:\/\/www.fairsquared.com\/de\/wp-json\/wp\/v2\/comments?post=19"}],"version-history":[{"count":2,"href":"https:\/\/www.fairsquared.com\/de\/wp-json\/wp\/v2\/pages\/19\/revisions"}],"predecessor-version":[{"id":19211,"href":"https:\/\/www.fairsquared.com\/de\/wp-json\/wp\/v2\/pages\/19\/revisions\/19211"}],"wp:attachment":[{"href":"https:\/\/www.fairsquared.com\/de\/wp-json\/wp\/v2\/media?parent=19"}],"curies":[{"name":"wp","href":"https:\/\/api.w.org\/{rel}","templated":true}]}}