{"id":18742,"date":"2025-06-06T22:40:24","date_gmt":"2025-06-06T20:40:24","guid":{"rendered":"https:\/\/www.fairsquared.com\/?page_id=18742"},"modified":"2025-11-21T18:04:51","modified_gmt":"2025-11-21T17:04:51","slug":"affiliate-programm-von-fair-squared","status":"publish","type":"page","link":"https:\/\/www.fairsquared.com\/de\/partner\/affiliate-programm-von-fair-squared\/","title":{"rendered":"Affiliate Programm von Fair Squared"},"content":{"rendered":"\n<p>Als unser <strong>Affiliate-Partner<\/strong>\u00a0erh\u00e4ltst du deinen eigenen, pers\u00f6nlichen <strong>Gutscheincode<\/strong>, den du mit deiner Community teilen kannst. Deine Follower profitieren von einem exklusiven <strong>Rabatt<\/strong>\u00a0auf alle Eink\u00e4ufe in unserem Onlineshop \u2013 und du erh\u00e4ltst im Gegenzug eine <strong>Provision f\u00fcr jede erfolgreiche Bestellung<\/strong>.<\/p>\n\n\n\n<p><strong>Deine Vorteile als Partner:<\/strong><\/p>\n\n\n\n<ul class=\"wp-block-list\">\n<li><strong>Attraktive Provision<\/strong>\u00a0f\u00fcr jede Bestellung mit deinem Code (nach Vereinbarung vom Umsatz)<\/li>\n\n\n\n<li><strong>Einfaches Tracking<\/strong>: Jede Bestellung mit deinem Gutscheincode wird dir eindeutig zugewiesen<\/li>\n\n\n\n<li><strong>Keine technischen H\u00fcrden<\/strong>: Du brauchst nur den Code zu teilen<\/li>\n\n\n\n<li><strong>Flexible Auszahlung<\/strong>: Monatlich oder nach Vereinbarung<\/li>\n\n\n\n<li><strong>Langfristige Zusammenarbeit<\/strong>&nbsp;m\u00f6glich<\/li>\n<\/ul>\n\n\n\n<p><strong><br>Abrechnung &amp; Transparenz<\/strong><\/p>\n\n\n\n<p>Wir werten monatlich aus, wie oft dein Code verwendet wurde und wie viel Umsatz dadurch generiert wurde. Du erh\u00e4ltst eine \u00dcbersicht und deine Provision wird p\u00fcnktlich entsprechend unserer Vereinbarung ausgezahlt.<\/p>\n\n\n\n<p>Wenn du Fragen hast oder direkt starten m\u00f6chtest, melde dich einfach unter &#x69;&#x6e;&#102;o&#x40;&#x66;&#x61;&#105;r&#x73;&#x71;&#x75;&#97;r&#x65;&#x64;&#x2e;&#99;o&#x6d; \u2013 wir freuen uns auf die Zusammenarbeit!<\/p>\n","protected":false},"excerpt":{"rendered":"<p>Als unser Affiliate-Partner\u00a0erh\u00e4ltst du deinen eigenen, pers\u00f6nlichen Gutscheincode, den du mit deiner Community teilen kannst. Deine Follower profitieren von einem exklusiven Rabatt\u00a0auf alle Eink\u00e4ufe in unserem Onlineshop \u2013 und du erh\u00e4ltst im Gegenzug eine Provision f\u00fcr jede erfolgreiche Bestellung. Deine Vorteile als Partner: Abrechnung &amp; Transparenz Wir werten [&hellip;]<\/p>\n","protected":false},"author":8,"featured_media":0,"parent":17,"menu_order":4,"comment_status":"closed","ping_status":"closed","template":"","meta":{"_acf_changed":false,"footnotes":""},"class_list":["post-18742","page","type-page","status-publish","hentry"],"acf":[],"_links":{"self":[{"href":"https:\/\/www.fairsquared.com\/de\/wp-json\/wp\/v2\/pages\/18742","targetHints":{"allow":["GET"]}}],"collection":[{"href":"https:\/\/www.fairsquared.com\/de\/wp-json\/wp\/v2\/pages"}],"about":[{"href":"https:\/\/www.fairsquared.com\/de\/wp-json\/wp\/v2\/types\/page"}],"author":[{"embeddable":true,"href":"https:\/\/www.fairsquared.com\/de\/wp-json\/wp\/v2\/users\/8"}],"replies":[{"embeddable":true,"href":"https:\/\/www.fairsquared.com\/de\/wp-json\/wp\/v2\/comments?post=18742"}],"version-history":[{"count":1,"href":"https:\/\/www.fairsquared.com\/de\/wp-json\/wp\/v2\/pages\/18742\/revisions"}],"predecessor-version":[{"id":19225,"href":"https:\/\/www.fairsquared.com\/de\/wp-json\/wp\/v2\/pages\/18742\/revisions\/19225"}],"up":[{"embeddable":true,"href":"https:\/\/www.fairsquared.com\/de\/wp-json\/wp\/v2\/pages\/17"}],"wp:attachment":[{"href":"https:\/\/www.fairsquared.com\/de\/wp-json\/wp\/v2\/media?parent=18742"}],"curies":[{"name":"wp","href":"https:\/\/api.w.org\/{rel}","templated":true}]}}