{"id":17,"date":"2020-01-20T08:56:04","date_gmt":"2020-01-20T07:56:04","guid":{"rendered":"https:\/\/www.fairsquared.com\/?page_id=17"},"modified":"2025-11-21T18:10:19","modified_gmt":"2025-11-21T17:10:19","slug":"partner","status":"publish","type":"page","link":"https:\/\/www.fairsquared.com\/de\/partner\/","title":{"rendered":"Partner"},"content":{"rendered":"\n<div style=\"height:50px\" aria-hidden=\"true\" class=\"wp-block-spacer\"><\/div>\n\n\n\n<h1 class=\"wp-block-heading\">Gemeinsam etwas FAIR\u00e4ndern: unsere Partner<\/h1>\n\n\n\n<p>All das, was FAIR SQUARED heute ausmacht, ist wesentlich davon gepr\u00e4gt, dass wir auf langfristige Partnerschaften zur\u00fcckgreifen k\u00f6nnen, die uns in unserer Arbeit unterst\u00fctzen. Ob Siegelpartner*innen, Rohstofflieferant*innen in fernen L\u00e4ndern oder Gleichgesinnte und Projekte, die wir unterst\u00fctzen \u2013 FAIR SQUARED lebt von der nachhaltigen Zusammenarbeit. Daher m\u00f6chten wir dir an dieser Stelle etwas mehr dazu erz\u00e4hlen und herzlich Danke sagen.<\/p>\n\n\n\n<div style=\"height:50px\" aria-hidden=\"true\" class=\"wp-block-spacer\"><\/div>\n\n\n              \n                <div class=\"cards-2\">\n                  <div class=\"row\">\n\n                    \n                      <div class=\"col-12 col-sm-6 col-md-4\">\n                        <a href=\"https:\/\/www.fairsquared.com\/de\/partner\/zertifikate\/\" class=\"item\">\n                          <div class=\"image\">\n                            <img decoding=\"async\" src=\"https:\/\/www.fairsquared.com\/wp-content\/uploads\/2020\/01\/breit_FLO-logo.jpg\" alt=\"Fairtrade Siegel\" \/>\n                          <\/div>\n                          <div class=\"text\">\n                            <h2>Zertifikate<\/h2>\n                            <p>Zeugnisse unserer Arbeit<\/p>\n                          <\/div>\n                          <div class=\"link\">\n                            <p class=\"btn btn-primary\">Entdecken<\/p>\n                          <\/div>\n                        <\/a>\n                      <\/div>\n\n                    \n                      <div class=\"col-12 col-sm-6 col-md-4\">\n                        <a href=\"https:\/\/www.fairsquared.com\/de\/partner\/partner-brands\/\" class=\"item\">\n                          <div class=\"image\">\n                            <img decoding=\"async\" src=\"https:\/\/www.fairsquared.com\/wp-content\/uploads\/2020\/01\/breit_Fairmove-logo.jpg\" alt=\"Fairmove\" \/>\n                          <\/div>\n                          <div class=\"text\">\n                            <h2>Partner Brands<\/h2>\n                            <p>Das solltest du dir nicht entgehen lassen<\/p>\n                          <\/div>\n                          <div class=\"link\">\n                            <p class=\"btn btn-primary\">Entdecken<\/p>\n                          <\/div>\n                        <\/a>\n                      <\/div>\n\n                    \n                      <div class=\"col-12 col-sm-6 col-md-4\">\n                        <a href=\"https:\/\/www.fairsquared.com\/de\/partner\/friends\/\" class=\"item\">\n                          <div class=\"image\">\n                            <img decoding=\"async\" src=\"https:\/\/www.fairsquared.com\/wp-content\/uploads\/2020\/11\/herz.jpg\" alt=\"\" \/>\n                          <\/div>\n                          <div class=\"text\">\n                            <h2>Friends<\/h2>\n                            <p><\/p>\n                          <\/div>\n                          <div class=\"link\">\n                            <p class=\"btn btn-primary\">Entdecken<\/p>\n                          <\/div>\n                        <\/a>\n                      <\/div>\n\n                    \n                      <div class=\"col-12 col-sm-6 col-md-4\">\n                        <a href=\"https:\/\/www.fairsquared.com\/de\/partner\/affiliate-programm-von-fair-squared\/\" class=\"item\">\n                          <div class=\"image\">\n                            <img decoding=\"async\" src=\"https:\/\/www.fairsquared.com\/wp-content\/uploads\/2025\/06\/FSQ-Affiliate-Partnership-2.png\" alt=\"\" \/>\n                          <\/div>\n                          <div class=\"text\">\n                            <h2>Affiliate Programm von Fair Squared<\/h2>\n                            <p><\/p>\n                          <\/div>\n                          <div class=\"link\">\n                            <p class=\"btn btn-primary\">Entdecken<\/p>\n                          <\/div>\n                        <\/a>\n                      <\/div>\n\n                    \n                  <\/div>\n                <\/div>\n\n              ","protected":false},"excerpt":{"rendered":"<p>Gemeinsam etwas FAIR\u00e4ndern: unsere Partner All das, was FAIR SQUARED heute ausmacht, ist wesentlich davon gepr\u00e4gt, dass wir auf langfristige Partnerschaften zur\u00fcckgreifen k\u00f6nnen, die uns in unserer Arbeit unterst\u00fctzen. Ob Siegelpartner*innen, Rohstofflieferant*innen in fernen L\u00e4ndern oder Gleichgesinnte und Projekte, die wir unterst\u00fctzen \u2013 FAIR SQUARED lebt von der [&hellip;]<\/p>\n","protected":false},"author":2,"featured_media":0,"parent":0,"menu_order":5,"comment_status":"closed","ping_status":"closed","template":"","meta":{"_acf_changed":false,"footnotes":""},"class_list":["post-17","page","type-page","status-publish","hentry"],"acf":[],"_links":{"self":[{"href":"https:\/\/www.fairsquared.com\/de\/wp-json\/wp\/v2\/pages\/17","targetHints":{"allow":["GET"]}}],"collection":[{"href":"https:\/\/www.fairsquared.com\/de\/wp-json\/wp\/v2\/pages"}],"about":[{"href":"https:\/\/www.fairsquared.com\/de\/wp-json\/wp\/v2\/types\/page"}],"author":[{"embeddable":true,"href":"https:\/\/www.fairsquared.com\/de\/wp-json\/wp\/v2\/users\/2"}],"replies":[{"embeddable":true,"href":"https:\/\/www.fairsquared.com\/de\/wp-json\/wp\/v2\/comments?post=17"}],"version-history":[{"count":1,"href":"https:\/\/www.fairsquared.com\/de\/wp-json\/wp\/v2\/pages\/17\/revisions"}],"predecessor-version":[{"id":19227,"href":"https:\/\/www.fairsquared.com\/de\/wp-json\/wp\/v2\/pages\/17\/revisions\/19227"}],"wp:attachment":[{"href":"https:\/\/www.fairsquared.com\/de\/wp-json\/wp\/v2\/media?parent=17"}],"curies":[{"name":"wp","href":"https:\/\/api.w.org\/{rel}","templated":true}]}}