{"id":15,"date":"2020-01-20T08:55:55","date_gmt":"2020-01-20T07:55:55","guid":{"rendered":"https:\/\/www.fairsquared.com\/?page_id=15"},"modified":"2025-11-21T17:45:24","modified_gmt":"2025-11-21T16:45:24","slug":"zerowaste","status":"publish","type":"page","link":"https:\/\/www.fairsquared.com\/de\/fair-squared\/zerowaste\/","title":{"rendered":"Zero Waste"},"content":{"rendered":"\n<p>  <\/p>\n\n\n\n<div class=\"wp-block-columns is-layout-flex wp-container-core-columns-is-layout-9d6595d7 wp-block-columns-is-layout-flex\">\n<div class=\"wp-block-column is-layout-flow wp-block-column-is-layout-flow\" style=\"flex-basis:33.33%\">\n<figure class=\"wp-block-embed-youtube wp-block-embed is-type-video is-provider-youtube wp-embed-aspect-4-3 wp-has-aspect-ratio\"><div class=\"wp-block-embed__wrapper\">\n <div class=\"brlbs-cmpnt-container brlbs-cmpnt-content-blocker brlbs-cmpnt-with-individual-styles\" data-borlabs-cookie-content-blocker-id=\"youtube-content-blocker\" data-borlabs-cookie-content=\"PGlmcmFtZSB0aXRsZT0iRGVyIEZBSVIgU1FVQVJFRCBaZXJvIFdhc3RlIEtyZWlzbGF1ZiIgd2lkdGg9IjUwMCIgaGVpZ2h0PSIzNzUiIHNyYz0iaHR0cHM6Ly93d3cueW91dHViZS1ub2Nvb2tpZS5jb20vZW1iZWQvckgtRzhGUmVnUkU\/ZmVhdHVyZT1vZW1iZWQiIGZyYW1lYm9yZGVyPSIwIiBhbGxvdz0iYWNjZWxlcm9tZXRlcjsgYXV0b3BsYXk7IGNsaXBib2FyZC13cml0ZTsgZW5jcnlwdGVkLW1lZGlhOyBneXJvc2NvcGU7IHBpY3R1cmUtaW4tcGljdHVyZTsgd2ViLXNoYXJlIiByZWZlcnJlcnBvbGljeT0ic3RyaWN0LW9yaWdpbi13aGVuLWNyb3NzLW9yaWdpbiIgYWxsb3dmdWxsc2NyZWVuPjwvaWZyYW1lPg==\"><div class=\"brlbs-cmpnt-cb-preset-c brlbs-cmpnt-cb-youtube\"> <div class=\"brlbs-cmpnt-cb-thumbnail\" style=\"background-image: url('https:\/\/www.fairsquared.com\/wp-content\/uploads\/borlabs-cookie\/1\/yt_rH-G8FRegRE_hqdefault.jpg')\"><\/div> <div class=\"brlbs-cmpnt-cb-main\"> <div class=\"brlbs-cmpnt-cb-play-button\"><\/div> <div class=\"brlbs-cmpnt-cb-content\"> <p class=\"brlbs-cmpnt-cb-description\">Sie sehen gerade einen Platzhalterinhalt von <strong>YouTube<\/strong>. Um auf den eigentlichen Inhalt zuzugreifen, klicken Sie auf die Schaltfl\u00e4che unten. Bitte beachten Sie, dass dabei Daten an Drittanbieter weitergegeben werden.<\/p> <a class=\"brlbs-cmpnt-cb-provider-toggle\" href=\"#\" data-borlabs-cookie-show-provider-information role=\"button\">Mehr Informationen<\/a> <\/div> <div class=\"brlbs-cmpnt-cb-buttons\"> <a class=\"brlbs-cmpnt-cb-btn\" href=\"#\" data-borlabs-cookie-unblock role=\"button\">Inhalt entsperren<\/a> <a class=\"brlbs-cmpnt-cb-btn\" href=\"#\" data-borlabs-cookie-accept-service role=\"button\" style=\"display: inherit\">Erforderlichen Service akzeptieren und Inhalte entsperren<\/a> <\/div> <\/div> <\/div><\/div>\n<\/div><\/figure>\n<\/div>\n\n\n\n<div class=\"wp-block-column is-layout-flow wp-block-column-is-layout-flow\" style=\"flex-basis:66.66%\">\n<h1 class=\"wp-block-heading\"> Zero Waste in der Naturkosmetik <\/h1>\n\n\n\n<p> Zero Waste und Kosmetik \u2013 passt das zusammen? Und was verbirgt sich eigentlich hinter dieser Bewegung? In unserem <a href=\"https:\/\/www.fairsquared.com\/de\/zero-waste-und-fair-squared\/\">Journal <\/a>m\u00f6chten wir all jenen erkl\u00e4ren, die neugierig sind, wie es dazu kam, dass wir uns als Naturkosmetikhersteller in der Pflicht sahen, etwas am weltweiten M\u00fcllaufkommen zu \u00e4ndern. Und wie es m\u00f6glich ist, mit dem Rohstoff Glas ein sinnvolles System aufzubauen. An dieser Stelle m\u00f6chten wir dir zeigen, wie es ganz einfach ist, Teil der Zero-Waste-Bewegung zu werden. Entscheide dich f\u00fcr Naturkosmetik im Mehrwegsystem!  <\/p>\n\n\n\n<h2 class=\"wp-block-heading\"> Zero-Waste-Kreislauf \u2013 so funktioniert\u2019s! <\/h2>\n\n\n\n<p> Unsere FAIR SQUARED Kosmetik kommt ab sofort in schicken Mehrweg-Gl\u00e4sern und -Flaschen \u2013 f\u00fcr noch mehr Nachhaltigkeit im Badezimmer. Aber wie funktioniert das System? <\/p>\n<\/div>\n<\/div>\n\n\n\n<ol class=\"wp-block-list\"><li><strong>Die Gl\u00e4ser werden von uns bef\u00fcllt und in den Verkauf gebracht.<\/strong>&nbsp;Ihr findet die unterschiedlichen Pflegeprodukte beispielsweise in Biol\u00e4den, Reformh\u00e4usern und Weltl\u00e4den sowie Apotheken, aber auch in immer mehr Unverpacktl\u00e4den. Wer hier nicht f\u00fcndig wird oder gerne im Netz einkauft: Ab in unseren&nbsp;<a href=\"http:\/\/www.fair2.me\/\">Onlineshop<\/a>! <\/li><li><strong>Wenn die Gl\u00e4ser leer sind, nehmen wir diese zur\u00fcck.<\/strong>&nbsp;Diese k\u00f6nnt ihr hierf\u00fcr direkt beim H\u00e4ndler zur\u00fcckgeben oder uns ab einer Menge von 10 St\u00fcck (unabh\u00e4ngig vom Gef\u00e4\u00df \u2013 Glastiegel, Glasflasche oder Metalldose) zur\u00fcckschicken. Wir m\u00f6chten euch nur bitten, diese einmal kurz durchzusp\u00fclen bevor ihr sie auf die Reise schickt. Als Dank schenken wir euch einen 10-\u20ac-Gutschein f\u00fcr euren n\u00e4chsten Einkauf bei fair2.me. F\u00fcr H\u00e4ndler*innen, die am Zero-Waste-System teilnehmen, haben wir uns einen anderen Weg \u00fcberlegt, die <a href=\"https:\/\/shop.fairsquared.info\/de\/infos\/zero-waste\">Infos<\/a> hierzu haben wir f\u00fcr euch ebenfalls zusammengefasst. <\/li><li><strong>Die leeren Beh\u00e4lter wandern nun in die Reinigung.<\/strong>&nbsp;Hierf\u00fcr haben wir einen Partner an unserer Seite, der die Gl\u00e4schen von letzten Cremer\u00fcckst\u00e4nden befreit und sie nach geltenden Hygienevorschriften vorbereitet. <\/li><li><strong>Nun k\u00f6nnen sie wieder mit den beliebten FAIR SQUARED Produkten bef\u00fcllt werden. <\/strong>Weil wir uns f\u00fcr ein Mehrwegsystem entschieden haben, landen die gereinigten Gl\u00e4ser nun erneut in der Bef\u00fcllung. Wenn die Deckel&nbsp;und Einleger aus Gummi unbesch\u00e4digt sind, k\u00f6nnen wir diese auch erneut verwenden. Das spart uns und der Umwelt wertvolle Ressourcen. <\/li><li> <strong>Die Zero-Waste-Produkte kommen erneut in den Verkauf.<\/strong>&nbsp;Wenn jedes Beh\u00e4ltnis mit dem entsprechenden Produkt aufgef\u00fcllt wurde, findet dieses wieder den Weg in den Verkauf, um neue Konsument*innen gl\u00fccklich zu machen.   <\/li><\/ol>\n\n\n              \n\n\n<p>Du hast noch Fragen zum Thema, die unbeantwortet geblieben sind? In unserem <a href=\"https:\/\/www.fairsquared.com\/de\/fair-squared\/faq\/zero-waste\/\">FAQ<\/a> haben wir ein paar Antworten zu den h\u00e4ufigsten Fragen zu unserem Zero-Waste-System zusammengefasst. Oder lade dir hier die kleine Zero-Waste-Sortimentsbrosch\u00fcre <a href=\"https:\/\/www.fairsquared.com\/de\/fair-squared\/fair-squared-ratgeber\/\">&#8222;M\u00fcll <em>fair<\/em>meiden&#8220;<\/a> herunter.<\/p>\n","protected":false},"excerpt":{"rendered":"<p>Zero Waste in der Naturkosmetik Zero Waste und Kosmetik \u2013 passt das zusammen? Und was verbirgt sich eigentlich hinter dieser Bewegung? In unserem Journal m\u00f6chten wir all jenen erkl\u00e4ren, die neugierig sind, wie es dazu kam, dass wir uns als Naturkosmetikhersteller in der Pflicht sahen, etwas am weltweiten [&hellip;]<\/p>\n","protected":false},"author":2,"featured_media":0,"parent":11,"menu_order":3,"comment_status":"closed","ping_status":"closed","template":"","meta":{"_acf_changed":false,"footnotes":""},"class_list":["post-15","page","type-page","status-publish","hentry"],"acf":[],"_links":{"self":[{"href":"https:\/\/www.fairsquared.com\/de\/wp-json\/wp\/v2\/pages\/15","targetHints":{"allow":["GET"]}}],"collection":[{"href":"https:\/\/www.fairsquared.com\/de\/wp-json\/wp\/v2\/pages"}],"about":[{"href":"https:\/\/www.fairsquared.com\/de\/wp-json\/wp\/v2\/types\/page"}],"author":[{"embeddable":true,"href":"https:\/\/www.fairsquared.com\/de\/wp-json\/wp\/v2\/users\/2"}],"replies":[{"embeddable":true,"href":"https:\/\/www.fairsquared.com\/de\/wp-json\/wp\/v2\/comments?post=15"}],"version-history":[{"count":1,"href":"https:\/\/www.fairsquared.com\/de\/wp-json\/wp\/v2\/pages\/15\/revisions"}],"predecessor-version":[{"id":19217,"href":"https:\/\/www.fairsquared.com\/de\/wp-json\/wp\/v2\/pages\/15\/revisions\/19217"}],"up":[{"embeddable":true,"href":"https:\/\/www.fairsquared.com\/de\/wp-json\/wp\/v2\/pages\/11"}],"wp:attachment":[{"href":"https:\/\/www.fairsquared.com\/de\/wp-json\/wp\/v2\/media?parent=15"}],"curies":[{"name":"wp","href":"https:\/\/api.w.org\/{rel}","templated":true}]}}